{"id":147752,"date":"2023-06-02T14:37:03","date_gmt":"2023-06-02T11:37:03","guid":{"rendered":"https:\/\/medclinics.com\/lasik-laser-keratomileusis-2\/"},"modified":"2025-01-02T16:23:19","modified_gmt":"2025-01-02T13:23:19","slug":"lasik-laser-keratomileusis-2","status":"publish","type":"page","link":"https:\/\/medclinics.com\/fr\/lasik-laser-keratomileusis-2\/","title":{"rendered":"LASIK (Laser Keratomileusis)"},"content":{"rendered":"\n<h2 class=\"wp-block-heading\">Si vous cherchez un moyen de tout voir clairement, le LASIK (Laser Keratomileusis) peut \u00eatre la solution id\u00e9ale.<\/h2>\n\n<p>Cette proc\u00e9dure ne dure que 10 \u00e0 15 minutes. Dans un premier temps, \u00e0 l&rsquo;aide d&rsquo;un microk\u00e9ratome m\u00e9canique sp\u00e9cial, la couche superficielle de la corn\u00e9e, une sorte de volet corn\u00e9en, est s\u00e9par\u00e9e, puis le laser excimer agit sur les couches internes de la corn\u00e9e, dont il modifie la forme. <\/p>\n\n<p>\u00c0 chaque impulsion, il enl\u00e8ve une couche d&rsquo;environ 1\/500 de l&rsquo;\u00e9paisseur d&rsquo;un cheveu humain &#8211; une telle pr\u00e9cision vous permet d&rsquo;obtenir un r\u00e9sultat de correction parfait. \u00c0 la fin de l&rsquo;intervention, le volet corn\u00e9en est mis en place et se referme de mani\u00e8re fiable, en prenant la courbure souhait\u00e9e. <\/p>\n\n<p>Avantages de la m\u00e9thode : avant l&rsquo;invention de cette technique, la correction au laser \u00e9tait effectu\u00e9e sans s\u00e9paration de lambeaux, l&rsquo;\u00e9vaporation des tissus \u00e9tant r\u00e9alis\u00e9e \u00e0 partir de la couche externe de la corn\u00e9e. Le processus de gu\u00e9rison apr\u00e8s de telles proc\u00e9dures \u00e9tait assez long et douloureux. <\/p>\n\n<p>Avantages de la correction au laser <a href=\"https:\/\/tr.wikipedia.org\/wiki\/LASIK\" target=\"_blank\" rel=\"noreferrer noopener\">LASIK<\/a>: les r\u00e9sultats sont parfaitement pr\u00e9visibles et stables, la p\u00e9riode de r\u00e9adaptation est courte, la proc\u00e9dure est presque indolore, la g\u00eane pendant la p\u00e9riode de r\u00e9cup\u00e9ration est minime. La correction au laser selon la technique LASIK a \u00e9t\u00e9 r\u00e9alis\u00e9e pour la premi\u00e8re fois en 1989 et reste \u00e0 ce jour la plus populaire dans le monde entier.<\/p>\n\n<h3 class=\"wp-block-heading\">Tout ce que vous devez savoir sur le <a href=\"https:\/\/medclinics.com\/fr\/laser-pour-les-yeux\/\" target=\"_blank\" rel=\"noreferrer noopener\">laser pour les yeux<\/a>, y compris les soins et le processus de gu\u00e9rison, ou <a href=\"#requestform\">contactez-nous<\/a>!<\/h3>\n\n<figure class=\"wp-block-image size-full\"><img fetchpriority=\"high\" decoding=\"async\" width=\"960\" height=\"540\" src=\"https:\/\/medclinics.com\/wp-content\/uploads\/2023\/07\/lasik-laser-keratomileusis-near-me.jpg\" alt=\"LASIK (Laser Keratomileusis) pr&#xE8;s de chez moi Istanbul Turquie\" class=\"wp-image-98346\" srcset=\"https:\/\/medclinics.com\/wp-content\/uploads\/2023\/07\/lasik-laser-keratomileusis-near-me.jpg 960w, https:\/\/medclinics.com\/wp-content\/uploads\/2023\/07\/lasik-laser-keratomileusis-near-me-500x281.jpg 500w, https:\/\/medclinics.com\/wp-content\/uploads\/2023\/07\/lasik-laser-keratomileusis-near-me-768x432.jpg 768w, https:\/\/medclinics.com\/wp-content\/uploads\/2023\/07\/lasik-laser-keratomileusis-near-me-24x14.jpg 24w, https:\/\/medclinics.com\/wp-content\/uploads\/2023\/07\/lasik-laser-keratomileusis-near-me-36x20.jpg 36w, https:\/\/medclinics.com\/wp-content\/uploads\/2023\/07\/lasik-laser-keratomileusis-near-me-48x27.jpg 48w\" sizes=\"(max-width: 960px) 100vw, 960px\" \/><\/figure>\n\n<h2 class=\"wp-block-heading\">FAQ  <\/h2>\n<div id=\"rank-math-faq\" class=\"rank-math-block\">\n<div class=\"rank-math-list \">\n<div id=\"faq-question-1685715802101\" class=\"rank-math-list-item\">\n<h3 class=\"rank-math-question \">Qu&rsquo;est-ce que la chirurgie oculaire LASIK ?<\/h3>\n<div class=\"rank-math-answer \">\n\n<p>La k\u00e9ratomileusie in situ assist\u00e9e par laser est une proc\u00e9dure chirurgicale utilis\u00e9e pour corriger les probl\u00e8mes de vision tels que la myopie, l&rsquo;hyperm\u00e9tropie et l&rsquo;astigmatisme. Elle consiste \u00e0 utiliser un laser pour remodeler la corn\u00e9e, la surface claire de l&rsquo;\u0153il, afin d&rsquo;am\u00e9liorer la fa\u00e7on dont la lumi\u00e8re p\u00e9n\u00e8tre dans l&rsquo;\u0153il et se concentre sur la r\u00e9tine.<\/p>\n\n<\/div>\n<\/div>\n<div id=\"faq-question-1685715800769\" class=\"rank-math-list-item\">\n<h3 class=\"rank-math-question \">Comment se d\u00e9roule une op\u00e9ration LASIK ?<\/h3>\n<div class=\"rank-math-answer \">\n\n<p>L&rsquo;op\u00e9ration LASIK consiste \u00e0 endormir l&rsquo;\u0153il avec des gouttes, \u00e0 cr\u00e9er un mince volet corn\u00e9en, \u00e0 utiliser un laser pour remodeler la corn\u00e9e et \u00e0 repositionner le volet. La proc\u00e9dure dure g\u00e9n\u00e9ralement 10 \u00e0 15 minutes par \u0153il.<\/p>\n\n<\/div>\n<\/div>\n<div id=\"faq-question-1685715644895\" class=\"rank-math-list-item\">\n<h3 class=\"rank-math-question \">Les op\u00e9rations au laser sont-elles s\u00fbres ?<\/h3>\n<div class=\"rank-math-answer \">\n\n<p>La chirurgie LASIK est g\u00e9n\u00e9ralement consid\u00e9r\u00e9e comme s\u00fbre et pr\u00e9sente un taux de r\u00e9ussite \u00e9lev\u00e9.<\/p>\n\n<\/div>\n<\/div>\n<div id=\"faq-question-1685715705877\" class=\"rank-math-list-item\">\n<h3 class=\"rank-math-question \">La chirurgie LASIK vaut-elle la peine d&rsquo;\u00eatre risqu\u00e9e ?<\/h3>\n<div class=\"rank-math-answer \">\n\n<p>Oui, le risque peut en valoir la peine pour les personnes qui ont bien discut\u00e9 de la proc\u00e9dure avec leur ophtalmologiste. Ils doivent comprendre les risques potentiels encourus et souhaiter vivement r\u00e9duire ou \u00e9liminer leur d\u00e9pendance \u00e0 l&rsquo;\u00e9gard des lunettes ou des lentilles de contact.<\/p>\n\n<\/div>\n<\/div>\n<\/div>\n<\/div>\n<p><\/p>\n\n<h3 class=\"wp-block-heading\">Contactez-nous d\u00e8s maintenant si vous avez des questions !<\/h3>\n","protected":false},"excerpt":{"rendered":"<p>Si vous cherchez un moyen de tout voir clairement, le LASIK (Laser Keratomileusis) peut \u00eatre la solution id\u00e9ale. Cette proc\u00e9dure [&hellip;]<\/p>\n","protected":false},"author":4,"featured_media":93684,"parent":0,"menu_order":0,"comment_status":"closed","ping_status":"closed","template":"","meta":{"site-sidebar-layout":"default","site-content-layout":"","ast-site-content-layout":"default","site-content-style":"default","site-sidebar-style":"default","ast-global-header-display":"","ast-banner-title-visibility":"","ast-main-header-display":"","ast-hfb-above-header-display":"","ast-hfb-below-header-display":"","ast-hfb-mobile-header-display":"","site-post-title":"","ast-breadcrumbs-content":"","ast-featured-img":"","footer-sml-layout":"","ast-disable-related-posts":"","theme-transparent-header-meta":"","adv-header-id-meta":"","stick-header-meta":"","header-above-stick-meta":"","header-main-stick-meta":"","header-below-stick-meta":"","astra-migrate-meta-layouts":"default","ast-page-background-enabled":"default","ast-page-background-meta":{"desktop":{"background-color":"var(--ast-global-color-4)","background-image":"","background-repeat":"repeat","background-position":"center center","background-size":"auto","background-attachment":"scroll","background-type":"","background-media":"","overlay-type":"","overlay-color":"","overlay-opacity":"","overlay-gradient":""},"tablet":{"background-color":"","background-image":"","background-repeat":"repeat","background-position":"center center","background-size":"auto","background-attachment":"scroll","background-type":"","background-media":"","overlay-type":"","overlay-color":"","overlay-opacity":"","overlay-gradient":""},"mobile":{"background-color":"","background-image":"","background-repeat":"repeat","background-position":"center center","background-size":"auto","background-attachment":"scroll","background-type":"","background-media":"","overlay-type":"","overlay-color":"","overlay-opacity":"","overlay-gradient":""}},"ast-content-background-meta":{"desktop":{"background-color":"var(--ast-global-color-5)","background-image":"","background-repeat":"repeat","background-position":"center center","background-size":"auto","background-attachment":"scroll","background-type":"","background-media":"","overlay-type":"","overlay-color":"","overlay-opacity":"","overlay-gradient":""},"tablet":{"background-color":"var(--ast-global-color-5)","background-image":"","background-repeat":"repeat","background-position":"center center","background-size":"auto","background-attachment":"scroll","background-type":"","background-media":"","overlay-type":"","overlay-color":"","overlay-opacity":"","overlay-gradient":""},"mobile":{"background-color":"var(--ast-global-color-5)","background-image":"","background-repeat":"repeat","background-position":"center center","background-size":"auto","background-attachment":"scroll","background-type":"","background-media":"","overlay-type":"","overlay-color":"","overlay-opacity":"","overlay-gradient":""}},"footnotes":""},"class_list":["post-147752","page","type-page","status-publish","has-post-thumbnail","hentry"],"_links":{"self":[{"href":"https:\/\/medclinics.com\/fr\/wp-json\/wp\/v2\/pages\/147752","targetHints":{"allow":["GET"]}}],"collection":[{"href":"https:\/\/medclinics.com\/fr\/wp-json\/wp\/v2\/pages"}],"about":[{"href":"https:\/\/medclinics.com\/fr\/wp-json\/wp\/v2\/types\/page"}],"author":[{"embeddable":true,"href":"https:\/\/medclinics.com\/fr\/wp-json\/wp\/v2\/users\/4"}],"replies":[{"embeddable":true,"href":"https:\/\/medclinics.com\/fr\/wp-json\/wp\/v2\/comments?post=147752"}],"version-history":[{"count":0,"href":"https:\/\/medclinics.com\/fr\/wp-json\/wp\/v2\/pages\/147752\/revisions"}],"wp:featuredmedia":[{"embeddable":true,"href":"https:\/\/medclinics.com\/fr\/wp-json\/wp\/v2\/media\/93684"}],"wp:attachment":[{"href":"https:\/\/medclinics.com\/fr\/wp-json\/wp\/v2\/media?parent=147752"}],"curies":[{"name":"wp","href":"https:\/\/api.w.org\/{rel}","templated":true}]}}