{"id":147750,"date":"2023-06-02T19:46:39","date_gmt":"2023-06-02T16:46:39","guid":{"rendered":"https:\/\/medclinics.com\/prk-keratectomie-photorefractive\/"},"modified":"2025-01-02T19:28:05","modified_gmt":"2025-01-02T16:28:05","slug":"prk-keratectomie-photorefractive","status":"publish","type":"page","link":"https:\/\/medclinics.com\/fr\/prk-keratectomie-photorefractive\/","title":{"rendered":"PRK (k\u00e9ratectomie photor\u00e9fractive)"},"content":{"rendered":"\n<h2 class=\"wp-block-heading\">Si la vision claire de chaque d\u00e9tail vous manque, la k\u00e9ratectomie photor\u00e9fractive (PRK) est ce qu&rsquo;il vous faut.<\/h2>\n\n<p>La correction de la vision est r\u00e9alis\u00e9e sans s\u00e9paration du volet corn\u00e9en, sur les couches externes de la corn\u00e9e. Le processus de gu\u00e9rison du tissu corn\u00e9en apr\u00e8s cette proc\u00e9dure est assez douloureux. Le patient est contraint d&rsquo;utiliser des gouttes oculaires pendant une longue p\u00e9riode et de porter des lentilles de contact protectrices sp\u00e9ciales. <\/p>\n\n<p>Avantages de la m\u00e9thode &#8211; \u00e0 l&rsquo;heure actuelle, ces interventions ne sont pratiqu\u00e9es que pour des raisons m\u00e9dicales. La correction laser effectu\u00e9e selon la m\u00e9thode <a href=\"https:\/\/en.wikipedia.org\/wiki\/Photorefractive_keratectomy\" target=\"_blank\" rel=\"noreferrer noopener\">PRK<\/a> permet de restaurer les fonctions visuelles chez les patients dont la corn\u00e9e est fine, c&rsquo;est-\u00e0-dire ceux qui sont contre-indiqu\u00e9s pour la proc\u00e9dure LASIK.<\/p>\n\n<figure class=\"wp-block-image size-full\"><img fetchpriority=\"high\" decoding=\"async\" width=\"780\" height=\"488\" src=\"https:\/\/medclinics.com\/wp-content\/uploads\/2024\/04\/PRK-Photorefractive-Keratectomy-surgenst.jpg\" alt=\"PRK-Photorefractive-Keratectomy-surgenst\" class=\"wp-image-161198\" srcset=\"https:\/\/medclinics.com\/wp-content\/uploads\/2024\/04\/PRK-Photorefractive-Keratectomy-surgenst.jpg 780w, https:\/\/medclinics.com\/wp-content\/uploads\/2024\/04\/PRK-Photorefractive-Keratectomy-surgenst-300x188.jpg 300w, https:\/\/medclinics.com\/wp-content\/uploads\/2024\/04\/PRK-Photorefractive-Keratectomy-surgenst-768x480.jpg 768w\" sizes=\"(max-width: 780px) 100vw, 780px\" \/><\/figure>\n\n<h3 class=\"wp-block-heading\">Tout ce que vous devez savoir sur le <a href=\"https:\/\/medclinics.com\/fr\/laser-pour-les-yeux\/\" target=\"_blank\" rel=\"noreferrer noopener\">laser pour les yeux<\/a>, y compris le processus de suivi ou plus, <a href=\"#requestform\">contactez-nous<\/a>!<\/h3>\n\n<h2 class=\"wp-block-heading\">FAQ  <\/h2>\n<div id=\"rank-math-faq\" class=\"rank-math-block\">\n<div class=\"rank-math-list \">\n<div id=\"faq-question-1685734209848\" class=\"rank-math-list-item\">\n<h3 class=\"rank-math-question \">Qu&rsquo;est-ce que la chirurgie oculaire PRK ?<\/h3>\n<div class=\"rank-math-answer \">\n\n<p>Il s&rsquo;agit d&rsquo;un type de chirurgie oculaire au laser utilis\u00e9 pour corriger les erreurs de r\u00e9fraction de l&rsquo;\u0153il, telles que la myopie, l&rsquo;hyperm\u00e9tropie et l&rsquo;astigmatisme.<\/p>\n\n<\/div>\n<\/div>\n<div id=\"faq-question-1685734270289\" class=\"rank-math-list-item\">\n<h3 class=\"rank-math-question \">La chirurgie PRK est-elle meilleure que la chirurgie LASIK ?<\/h3>\n<div class=\"rank-math-answer \">\n\n<p>\u00c0 long terme, elle est beaucoup plus efficace et plus s\u00fbre que le LASIK. Mais chaque condition doit \u00eatre prise en compte en fonction des besoins du patient.<\/p>\n\n<\/div>\n<\/div>\n<div id=\"faq-question-1685734363172\" class=\"rank-math-list-item\">\n<h3 class=\"rank-math-question \">La chirurgie oculaire PRK est-elle douloureuse ?<\/h3>\n<div class=\"rank-math-answer \">\n\n<p>Au cours de cette intervention, l&rsquo;\u0153il est endormi \u00e0 l&rsquo;aide de gouttes anesth\u00e9siantes, de sorte que vous ne devriez pas ressentir de douleur pendant l&rsquo;intervention. Cependant, la p\u00e9riode de convalescence peut entra\u00eener une certaine g\u00eane. Bien s\u00fbr, cela varie d&rsquo;un patient \u00e0 l&rsquo;autre. Certaines personnes d\u00e9crivent le r\u00e9tablissement comme inconfortable, d&rsquo;autres ne ressentent qu&rsquo;une douleur minime.<\/p>\n\n<\/div>\n<\/div>\n<\/div>\n<\/div>\n<p><\/p>\n\n<h3 class=\"wp-block-heading\">Contactez-nous d\u00e8s maintenant si vous avez des questions !<\/h3>\n","protected":false},"excerpt":{"rendered":"<p>Si la vision claire de chaque d\u00e9tail vous manque, la k\u00e9ratectomie photor\u00e9fractive (PRK) est ce qu&rsquo;il vous faut. La correction [&hellip;]<\/p>\n","protected":false},"author":4,"featured_media":93865,"parent":0,"menu_order":0,"comment_status":"closed","ping_status":"closed","template":"","meta":{"site-sidebar-layout":"default","site-content-layout":"","ast-site-content-layout":"default","site-content-style":"default","site-sidebar-style":"default","ast-global-header-display":"","ast-banner-title-visibility":"","ast-main-header-display":"","ast-hfb-above-header-display":"","ast-hfb-below-header-display":"","ast-hfb-mobile-header-display":"","site-post-title":"","ast-breadcrumbs-content":"","ast-featured-img":"","footer-sml-layout":"","ast-disable-related-posts":"","theme-transparent-header-meta":"","adv-header-id-meta":"","stick-header-meta":"","header-above-stick-meta":"","header-main-stick-meta":"","header-below-stick-meta":"","astra-migrate-meta-layouts":"default","ast-page-background-enabled":"default","ast-page-background-meta":{"desktop":{"background-color":"var(--ast-global-color-4)","background-image":"","background-repeat":"repeat","background-position":"center center","background-size":"auto","background-attachment":"scroll","background-type":"","background-media":"","overlay-type":"","overlay-color":"","overlay-opacity":"","overlay-gradient":""},"tablet":{"background-color":"","background-image":"","background-repeat":"repeat","background-position":"center center","background-size":"auto","background-attachment":"scroll","background-type":"","background-media":"","overlay-type":"","overlay-color":"","overlay-opacity":"","overlay-gradient":""},"mobile":{"background-color":"","background-image":"","background-repeat":"repeat","background-position":"center center","background-size":"auto","background-attachment":"scroll","background-type":"","background-media":"","overlay-type":"","overlay-color":"","overlay-opacity":"","overlay-gradient":""}},"ast-content-background-meta":{"desktop":{"background-color":"var(--ast-global-color-5)","background-image":"","background-repeat":"repeat","background-position":"center center","background-size":"auto","background-attachment":"scroll","background-type":"","background-media":"","overlay-type":"","overlay-color":"","overlay-opacity":"","overlay-gradient":""},"tablet":{"background-color":"var(--ast-global-color-5)","background-image":"","background-repeat":"repeat","background-position":"center center","background-size":"auto","background-attachment":"scroll","background-type":"","background-media":"","overlay-type":"","overlay-color":"","overlay-opacity":"","overlay-gradient":""},"mobile":{"background-color":"var(--ast-global-color-5)","background-image":"","background-repeat":"repeat","background-position":"center center","background-size":"auto","background-attachment":"scroll","background-type":"","background-media":"","overlay-type":"","overlay-color":"","overlay-opacity":"","overlay-gradient":""}},"footnotes":""},"class_list":["post-147750","page","type-page","status-publish","has-post-thumbnail","hentry"],"_links":{"self":[{"href":"https:\/\/medclinics.com\/fr\/wp-json\/wp\/v2\/pages\/147750","targetHints":{"allow":["GET"]}}],"collection":[{"href":"https:\/\/medclinics.com\/fr\/wp-json\/wp\/v2\/pages"}],"about":[{"href":"https:\/\/medclinics.com\/fr\/wp-json\/wp\/v2\/types\/page"}],"author":[{"embeddable":true,"href":"https:\/\/medclinics.com\/fr\/wp-json\/wp\/v2\/users\/4"}],"replies":[{"embeddable":true,"href":"https:\/\/medclinics.com\/fr\/wp-json\/wp\/v2\/comments?post=147750"}],"version-history":[{"count":0,"href":"https:\/\/medclinics.com\/fr\/wp-json\/wp\/v2\/pages\/147750\/revisions"}],"wp:featuredmedia":[{"embeddable":true,"href":"https:\/\/medclinics.com\/fr\/wp-json\/wp\/v2\/media\/93865"}],"wp:attachment":[{"href":"https:\/\/medclinics.com\/fr\/wp-json\/wp\/v2\/media?parent=147750"}],"curies":[{"name":"wp","href":"https:\/\/api.w.org\/{rel}","templated":true}]}}