{"id":147748,"date":"2023-06-02T14:52:35","date_gmt":"2023-06-02T11:52:35","guid":{"rendered":"https:\/\/medclinics.com\/femto-lasik-correction-par-laser-femelle\/"},"modified":"2025-01-02T15:25:51","modified_gmt":"2025-01-02T12:25:51","slug":"femto-lasik-correction-par-laser-femelle","status":"publish","type":"page","link":"https:\/\/medclinics.com\/fr\/femto-lasik-correction-par-laser-femelle\/","title":{"rendered":"Femto LASIK (correction par laser femelle)"},"content":{"rendered":"\n<h2 class=\"wp-block-heading\">Si vous \u00eates \u00e0 la recherche d&rsquo;un moyen d&rsquo;obtenir une vue cristalline, Femto LASIK (correction par laser femelle) peut \u00eatre la solution id\u00e9ale.<\/h2>\n\n<p>Le principe d&rsquo;intervention est le m\u00eame que pour la correction <a href=\"https:\/\/en.wikipedia.org\/wiki\/LASIK\" target=\"_blank\" rel=\"noreferrer noopener\">LASIK<\/a>, l&rsquo;effet porte sur les couches internes de la corn\u00e9e. La diff\u00e9rence r\u00e9side dans le fait que le volet corn\u00e9en est form\u00e9 \u00e0 l&rsquo;aide d&rsquo;un rayon laser femtoseconde et non d&rsquo;un microk\u00e9ratome m\u00e9canique. <\/p>\n\n<p>Autrement, cette technique est appel\u00e9e \u00ab\u00a0LASIK tout laser\u00a0\u00bb (\u00ab\u00a0All Laser LASIK\u00a0\u00bb). Avantages de la m\u00e9thode : l&rsquo;utilisation d&rsquo;un laser femtoseconde lors de la correction de la vue au laser rend la proc\u00e9dure aussi douce et pratiquement sans contact que possible, et r\u00e9duit la p\u00e9riode de r\u00e9cup\u00e9ration. <\/p>\n\n<p>Avec l&rsquo;av\u00e8nement de cette technologie, il est devenu possible d&rsquo;effectuer une correction de la vue au laser pour des patients pr\u00e9sentant de telles caract\u00e9ristiques structurelles de la corn\u00e9e, qui constituaient auparavant une contre-indication \u00e0 la proc\u00e9dure. <\/p>\n\n<p>La pr\u00e9cision sans pr\u00e9c\u00e9dent du laser femtoseconde permet d&rsquo;obtenir des performances maximales non seulement au niveau de l&rsquo;acuit\u00e9 visuelle, mais aussi au niveau de param\u00e8tres tels que la luminosit\u00e9, le contraste et la vision cr\u00e9pusculaire.<\/p>\n\n<h3 class=\"wp-block-heading\">Tout ce que vous devez savoir sur la <a href=\"https:\/\/medclinics.com\/fr\/laser-pour-les-yeux\/\" target=\"_blank\" rel=\"noreferrer noopener\">chirurgie des yeux<\/a>, y compris le prix, les soins et le processus de gu\u00e9rison, ou <a href=\"#requestform\">contactez-nous<\/a>!<\/h3>\n\n<figure class=\"wp-block-image size-full\"><img fetchpriority=\"high\" decoding=\"async\" width=\"960\" height=\"540\" src=\"https:\/\/medclinics.com\/wp-content\/uploads\/2023\/07\/Femto-lasik-femto-laser-correction-near-me.jpg\" alt=\"Femto LASIK \/ Correction Femto-Laser pr&#xE8;s de chez moi Istanbul\" class=\"wp-image-98337\" srcset=\"https:\/\/medclinics.com\/wp-content\/uploads\/2023\/07\/Femto-lasik-femto-laser-correction-near-me.jpg 960w, https:\/\/medclinics.com\/wp-content\/uploads\/2023\/07\/Femto-lasik-femto-laser-correction-near-me-500x281.jpg 500w, https:\/\/medclinics.com\/wp-content\/uploads\/2023\/07\/Femto-lasik-femto-laser-correction-near-me-768x432.jpg 768w, https:\/\/medclinics.com\/wp-content\/uploads\/2023\/07\/Femto-lasik-femto-laser-correction-near-me-24x14.jpg 24w, https:\/\/medclinics.com\/wp-content\/uploads\/2023\/07\/Femto-lasik-femto-laser-correction-near-me-36x20.jpg 36w, https:\/\/medclinics.com\/wp-content\/uploads\/2023\/07\/Femto-lasik-femto-laser-correction-near-me-48x27.jpg 48w\" sizes=\"(max-width: 960px) 100vw, 960px\" \/><\/figure>\n\n<h2 class=\"wp-block-heading\">FAQ  <\/h2>\n<div id=\"rank-math-faq\" class=\"rank-math-block\">\n<div class=\"rank-math-list \">\n<div id=\"faq-question-1685717054935\" class=\"rank-math-list-item\">\n<h3 class=\"rank-math-question \">Femto LASIK est-il s\u00fbr ?<\/h3>\n<div class=\"rank-math-answer \">\n\n<p>Comme le LASIK traditionnel, le Femto-LASIK est g\u00e9n\u00e9ralement consid\u00e9r\u00e9 comme s\u00fbr et pr\u00e9sente un taux de r\u00e9ussite \u00e9lev\u00e9.<\/p>\n\n<\/div>\n<\/div>\n<div id=\"faq-question-1685717099962\" class=\"rank-math-list-item\">\n<h3 class=\"rank-math-question \">Qu&rsquo;est-ce que le Femto LASIK ?<\/h3>\n<div class=\"rank-math-answer \">\n\n<p>Le Femto-LASIK est un type de chirurgie r\u00e9fractive des yeux utilis\u00e9 pour corriger des probl\u00e8mes de vision courants tels que la myopie, l&rsquo;hyperm\u00e9tropie et l&rsquo;astigmatisme. Il s&rsquo;agit d&rsquo;une technique plus avanc\u00e9e que la chirurgie LASIK traditionnelle.<\/p>\n\n<\/div>\n<\/div>\n<div id=\"faq-question-1685717123905\" class=\"rank-math-list-item\">\n<h3 class=\"rank-math-question \">Est-ce que Femto LASIK ?<\/h3>\n<div class=\"rank-math-answer \">\n\n<p>La chirurgie FemtoLASIK n&rsquo;est g\u00e9n\u00e9ralement pas douloureuse gr\u00e2ce \u00e0 l&rsquo;utilisation de l&rsquo;anesth\u00e9sie et de gouttes ophtalmiques anesth\u00e9siantes.<\/p>\n\n<\/div>\n<\/div>\n<\/div>\n<\/div>\n<p><\/p>\n\n<h3 class=\"wp-block-heading\">Contactez-nous d\u00e8s maintenant si vous avez des questions !<\/h3>\n","protected":false},"excerpt":{"rendered":"<p>Si vous \u00eates \u00e0 la recherche d&rsquo;un moyen d&rsquo;obtenir une vue cristalline, Femto LASIK (correction par laser femelle) peut \u00eatre [&hellip;]<\/p>\n","protected":false},"author":4,"featured_media":93703,"parent":0,"menu_order":0,"comment_status":"closed","ping_status":"closed","template":"","meta":{"site-sidebar-layout":"default","site-content-layout":"","ast-site-content-layout":"default","site-content-style":"default","site-sidebar-style":"default","ast-global-header-display":"","ast-banner-title-visibility":"","ast-main-header-display":"","ast-hfb-above-header-display":"","ast-hfb-below-header-display":"","ast-hfb-mobile-header-display":"","site-post-title":"","ast-breadcrumbs-content":"","ast-featured-img":"","footer-sml-layout":"","ast-disable-related-posts":"","theme-transparent-header-meta":"","adv-header-id-meta":"","stick-header-meta":"","header-above-stick-meta":"","header-main-stick-meta":"","header-below-stick-meta":"","astra-migrate-meta-layouts":"default","ast-page-background-enabled":"default","ast-page-background-meta":{"desktop":{"background-color":"var(--ast-global-color-4)","background-image":"","background-repeat":"repeat","background-position":"center center","background-size":"auto","background-attachment":"scroll","background-type":"","background-media":"","overlay-type":"","overlay-color":"","overlay-opacity":"","overlay-gradient":""},"tablet":{"background-color":"","background-image":"","background-repeat":"repeat","background-position":"center center","background-size":"auto","background-attachment":"scroll","background-type":"","background-media":"","overlay-type":"","overlay-color":"","overlay-opacity":"","overlay-gradient":""},"mobile":{"background-color":"","background-image":"","background-repeat":"repeat","background-position":"center center","background-size":"auto","background-attachment":"scroll","background-type":"","background-media":"","overlay-type":"","overlay-color":"","overlay-opacity":"","overlay-gradient":""}},"ast-content-background-meta":{"desktop":{"background-color":"var(--ast-global-color-5)","background-image":"","background-repeat":"repeat","background-position":"center center","background-size":"auto","background-attachment":"scroll","background-type":"","background-media":"","overlay-type":"","overlay-color":"","overlay-opacity":"","overlay-gradient":""},"tablet":{"background-color":"var(--ast-global-color-5)","background-image":"","background-repeat":"repeat","background-position":"center center","background-size":"auto","background-attachment":"scroll","background-type":"","background-media":"","overlay-type":"","overlay-color":"","overlay-opacity":"","overlay-gradient":""},"mobile":{"background-color":"var(--ast-global-color-5)","background-image":"","background-repeat":"repeat","background-position":"center center","background-size":"auto","background-attachment":"scroll","background-type":"","background-media":"","overlay-type":"","overlay-color":"","overlay-opacity":"","overlay-gradient":""}},"footnotes":""},"class_list":["post-147748","page","type-page","status-publish","has-post-thumbnail","hentry"],"_links":{"self":[{"href":"https:\/\/medclinics.com\/fr\/wp-json\/wp\/v2\/pages\/147748","targetHints":{"allow":["GET"]}}],"collection":[{"href":"https:\/\/medclinics.com\/fr\/wp-json\/wp\/v2\/pages"}],"about":[{"href":"https:\/\/medclinics.com\/fr\/wp-json\/wp\/v2\/types\/page"}],"author":[{"embeddable":true,"href":"https:\/\/medclinics.com\/fr\/wp-json\/wp\/v2\/users\/4"}],"replies":[{"embeddable":true,"href":"https:\/\/medclinics.com\/fr\/wp-json\/wp\/v2\/comments?post=147748"}],"version-history":[{"count":0,"href":"https:\/\/medclinics.com\/fr\/wp-json\/wp\/v2\/pages\/147748\/revisions"}],"wp:featuredmedia":[{"embeddable":true,"href":"https:\/\/medclinics.com\/fr\/wp-json\/wp\/v2\/media\/93703"}],"wp:attachment":[{"href":"https:\/\/medclinics.com\/fr\/wp-json\/wp\/v2\/media?parent=147748"}],"curies":[{"name":"wp","href":"https:\/\/api.w.org\/{rel}","templated":true}]}}