{"id":147722,"date":"2023-06-02T20:06:43","date_gmt":"2023-06-02T17:06:43","guid":{"rendered":"https:\/\/medclinics.com\/lasek-laser-epithelial-keratomileusis-2\/"},"modified":"2025-01-02T16:23:19","modified_gmt":"2025-01-02T13:23:19","slug":"lasek-laser-epithelial-keratomileusis-2","status":"publish","type":"page","link":"https:\/\/medclinics.com\/fr\/lasek-laser-epithelial-keratomileusis-2\/","title":{"rendered":"LASEK (Laser epithelial keratomileusis)"},"content":{"rendered":"\n<h2 class=\"wp-block-heading\">Si la vue libre de tout ce qui nous entoure vous manque, le LASEK (Laser epithelial keratomileusis) peut \u00eatre la meilleure solution.<\/h2>\n\n<p>Au cours de cette proc\u00e9dure, l&rsquo;\u00e9pith\u00e9lium est s\u00e9par\u00e9 et soulev\u00e9 \u00e0 l&rsquo;aide d&rsquo;une solution sp\u00e9ciale, agissant comme un volet corn\u00e9en. Des l\u00e9sions des terminaisons nerveuses de la couche \u00e9pith\u00e9liale ne sont pas exclues, ce qui peut entra\u00eener des douleurs dans la p\u00e9riode postop\u00e9ratoire. <\/p>\n\n<p>Pendant la p\u00e9riode de convalescence (4-5 jours apr\u00e8s l&rsquo;intervention), le patient porte une lentille de contact protectrice sp\u00e9ciale. Avantages de la m\u00e9thode : \u00e0 l&rsquo;heure actuelle, la correction de la vue par cette m\u00e9thode n&rsquo;est effectu\u00e9e que pour des raisons m\u00e9dicales. <\/p>\n\n<p>Avec l&rsquo;aide du LASEK, les patients qui pr\u00e9sentent des contre-indications \u00e0 la correction par la m\u00e9thode <a href=\"https:\/\/en.wikipedia.org\/wiki\/LASIK\" target=\"_blank\" rel=\"noreferrer noopener\">LASIK<\/a> &#8211; une \u00e9paisseur trop faible de la corn\u00e9e ou certaines caract\u00e9ristiques de la forme de cette lentille naturelle du syst\u00e8me optique de l&rsquo;\u0153il &#8211; ont la possibilit\u00e9 d&rsquo;obtenir une bonne vision.<\/p>\n\n<h3 class=\"wp-block-heading\">Tout ce que vous devez savoir sur le <a href=\"https:\/\/medclinics.com\/fr\/laser-pour-les-yeux\/\" target=\"_blank\" rel=\"noreferrer noopener\">laser pour les yeux<\/a>, y compris le prix, les soins et le processus de gu\u00e9rison, <a href=\"#requestform\">contactez-nous<\/a> maintenant !<\/h3>\n\n<figure class=\"wp-block-image size-full\"><img fetchpriority=\"high\" decoding=\"async\" width=\"960\" height=\"540\" src=\"https:\/\/medclinics.com\/wp-content\/uploads\/2023\/07\/lasek-near-me-laser-epithelial-keratomileusis.jpg\" alt=\"LASEK pr&#xE8;s de chez moi (Laser epithelial keratomileusis) Istanbul Turquie\" class=\"wp-image-98313\" srcset=\"https:\/\/medclinics.com\/wp-content\/uploads\/2023\/07\/lasek-near-me-laser-epithelial-keratomileusis.jpg 960w, https:\/\/medclinics.com\/wp-content\/uploads\/2023\/07\/lasek-near-me-laser-epithelial-keratomileusis-500x281.jpg 500w, https:\/\/medclinics.com\/wp-content\/uploads\/2023\/07\/lasek-near-me-laser-epithelial-keratomileusis-768x432.jpg 768w, https:\/\/medclinics.com\/wp-content\/uploads\/2023\/07\/lasek-near-me-laser-epithelial-keratomileusis-24x14.jpg 24w, https:\/\/medclinics.com\/wp-content\/uploads\/2023\/07\/lasek-near-me-laser-epithelial-keratomileusis-36x20.jpg 36w, https:\/\/medclinics.com\/wp-content\/uploads\/2023\/07\/lasek-near-me-laser-epithelial-keratomileusis-48x27.jpg 48w\" sizes=\"(max-width: 960px) 100vw, 960px\" \/><\/figure>\n\n<h2 class=\"wp-block-heading\">FAQ  <\/h2>\n<div id=\"rank-math-faq\" class=\"rank-math-block\">\n<div class=\"rank-math-list \">\n<div id=\"faq-question-1685735557560\" class=\"rank-math-list-item\">\n<h3 class=\"rank-math-question \">Le LASEK est-il permanent ?<\/h3>\n<div class=\"rank-math-answer \">\n\n<p>Il est consid\u00e9r\u00e9 comme une solution permanente aux probl\u00e8mes de vision.<\/p>\n\n<\/div>\n<\/div>\n<div id=\"faq-question-1685735616679\" class=\"rank-math-list-item\">\n<h3 class=\"rank-math-question \">Quelle est la meilleure solution : LASEK ou LASIK ?<\/h3>\n<div class=\"rank-math-answer \">\n\n<p>Un chirurgien ophtalmologiste expert doit proc\u00e9der \u00e0 une \u00e9valuation approfondie avant de recommander le LASEK ou le LASIK. Pour vous proposer le meilleur plan d&rsquo;action, ils \u00e9valueront votre mode de vie, vos pr\u00e9f\u00e9rences personnelles et la sant\u00e9 de votre corn\u00e9e et de vos yeux.<\/p>\n\n<\/div>\n<\/div>\n<div id=\"faq-question-1685735670107\" class=\"rank-math-list-item\">\n<h3 class=\"rank-math-question \">Le LASEK est-il moins cher que le LASIK ?<\/h3>\n<div class=\"rank-math-answer \">\n\n<p>En g\u00e9n\u00e9ral, le co\u00fbt du LASEK et du LASIK est souvent similaire.<\/p>\n\n<\/div>\n<\/div>\n<div id=\"faq-question-1685735692863\" class=\"rank-math-list-item\">\n<h3 class=\"rank-math-question \">Combien de temps dure le LASIK ?<\/h3>\n<div class=\"rank-math-answer \">\n\n<p>La k\u00e9ratomileusie in situ assist\u00e9e par laser est consid\u00e9r\u00e9e comme une proc\u00e9dure permanente de correction de la vue. Les modifications apport\u00e9es \u00e0 la corn\u00e9e au cours de cette op\u00e9ration sont cens\u00e9es \u00eatre durables. Il permet une vision claire sans avoir besoin de lunettes ou de lentilles de contact.<\/p>\n\n<\/div>\n<\/div>\n<\/div>\n<\/div>\n<p><\/p>\n\n<h3 class=\"wp-block-heading\">Contactez-nous d\u00e8s maintenant si vous avez des questions !<\/h3>\n","protected":false},"excerpt":{"rendered":"<p>Si la vue libre de tout ce qui nous entoure vous manque, le LASEK (Laser epithelial keratomileusis) peut \u00eatre la [&hellip;]<\/p>\n","protected":false},"author":4,"featured_media":93881,"parent":0,"menu_order":0,"comment_status":"closed","ping_status":"closed","template":"","meta":{"site-sidebar-layout":"default","site-content-layout":"","ast-site-content-layout":"default","site-content-style":"default","site-sidebar-style":"default","ast-global-header-display":"","ast-banner-title-visibility":"","ast-main-header-display":"","ast-hfb-above-header-display":"","ast-hfb-below-header-display":"","ast-hfb-mobile-header-display":"","site-post-title":"","ast-breadcrumbs-content":"","ast-featured-img":"","footer-sml-layout":"","ast-disable-related-posts":"","theme-transparent-header-meta":"","adv-header-id-meta":"","stick-header-meta":"","header-above-stick-meta":"","header-main-stick-meta":"","header-below-stick-meta":"","astra-migrate-meta-layouts":"default","ast-page-background-enabled":"default","ast-page-background-meta":{"desktop":{"background-color":"var(--ast-global-color-4)","background-image":"","background-repeat":"repeat","background-position":"center center","background-size":"auto","background-attachment":"scroll","background-type":"","background-media":"","overlay-type":"","overlay-color":"","overlay-opacity":"","overlay-gradient":""},"tablet":{"background-color":"","background-image":"","background-repeat":"repeat","background-position":"center center","background-size":"auto","background-attachment":"scroll","background-type":"","background-media":"","overlay-type":"","overlay-color":"","overlay-opacity":"","overlay-gradient":""},"mobile":{"background-color":"","background-image":"","background-repeat":"repeat","background-position":"center center","background-size":"auto","background-attachment":"scroll","background-type":"","background-media":"","overlay-type":"","overlay-color":"","overlay-opacity":"","overlay-gradient":""}},"ast-content-background-meta":{"desktop":{"background-color":"var(--ast-global-color-5)","background-image":"","background-repeat":"repeat","background-position":"center center","background-size":"auto","background-attachment":"scroll","background-type":"","background-media":"","overlay-type":"","overlay-color":"","overlay-opacity":"","overlay-gradient":""},"tablet":{"background-color":"var(--ast-global-color-5)","background-image":"","background-repeat":"repeat","background-position":"center center","background-size":"auto","background-attachment":"scroll","background-type":"","background-media":"","overlay-type":"","overlay-color":"","overlay-opacity":"","overlay-gradient":""},"mobile":{"background-color":"var(--ast-global-color-5)","background-image":"","background-repeat":"repeat","background-position":"center center","background-size":"auto","background-attachment":"scroll","background-type":"","background-media":"","overlay-type":"","overlay-color":"","overlay-opacity":"","overlay-gradient":""}},"footnotes":""},"class_list":["post-147722","page","type-page","status-publish","has-post-thumbnail","hentry"],"_links":{"self":[{"href":"https:\/\/medclinics.com\/fr\/wp-json\/wp\/v2\/pages\/147722","targetHints":{"allow":["GET"]}}],"collection":[{"href":"https:\/\/medclinics.com\/fr\/wp-json\/wp\/v2\/pages"}],"about":[{"href":"https:\/\/medclinics.com\/fr\/wp-json\/wp\/v2\/types\/page"}],"author":[{"embeddable":true,"href":"https:\/\/medclinics.com\/fr\/wp-json\/wp\/v2\/users\/4"}],"replies":[{"embeddable":true,"href":"https:\/\/medclinics.com\/fr\/wp-json\/wp\/v2\/comments?post=147722"}],"version-history":[{"count":0,"href":"https:\/\/medclinics.com\/fr\/wp-json\/wp\/v2\/pages\/147722\/revisions"}],"wp:featuredmedia":[{"embeddable":true,"href":"https:\/\/medclinics.com\/fr\/wp-json\/wp\/v2\/media\/93881"}],"wp:attachment":[{"href":"https:\/\/medclinics.com\/fr\/wp-json\/wp\/v2\/media?parent=147722"}],"curies":[{"name":"wp","href":"https:\/\/api.w.org\/{rel}","templated":true}]}}