{"id":147708,"date":"2023-06-02T20:33:17","date_gmt":"2023-06-02T17:33:17","guid":{"rendered":"https:\/\/medclinics.com\/relex-smile-small-incision-lenticule-extraction-2\/"},"modified":"2025-01-02T19:28:08","modified_gmt":"2025-01-02T16:28:08","slug":"relex-smile-small-incision-lenticule-extraction-2","status":"publish","type":"page","link":"https:\/\/medclinics.com\/fr\/relex-smile-small-incision-lenticule-extraction-2\/","title":{"rendered":"ReLEx SMILE (Small Incision Lenticule Extraction)"},"content":{"rendered":"\n<h2 class=\"wp-block-heading\">Si vous recherchez un traitement qui vous permette de voir tous les d\u00e9tails sans utiliser de lentilles, ReLEx SMILE (Small Incision Lenticule Extraction) est exactement ce qu&rsquo;il vous faut.<\/h2>\n\n<p>Dans la proc\u00e9dure <a href=\"https:\/\/en.wikipedia.org\/wiki\/Small_incision_lenticule_extraction\" target=\"_blank\" data-type=\"URL\" data-id=\"https:\/\/en.wikipedia.org\/wiki\/Small_incision_lenticule_extraction\" rel=\"noreferrer noopener\">SMILE<\/a>, le chirurgien utilise un laser femtoseconde pour cr\u00e9er un petit morceau de tissu en forme de lentille (lenticule) \u00e0 l&rsquo;int\u00e9rieur de la corn\u00e9e.  <\/p>\n\n<p>Ensuite, avec le m\u00eame laser, une petite incision en forme d&rsquo;arc est pratiqu\u00e9e \u00e0 la surface de la corn\u00e9e. Le chirurgien extrait le lenticule par cette incision et le jette. <\/p>\n\n<p>Avantages de la m\u00e9thode : cette op\u00e9ration est indiqu\u00e9e m\u00eame pour ceux qui ne peuvent pas faire de LASIK, les patients souffrant du syndrome de l&rsquo;\u0153il sec. La taille d&rsquo;une seule incision est de 2 \u00e0 4 mm. <\/p>\n\n<p>La dur\u00e9e d&rsquo;utilisation du laser est de 25 secondes et le temps de r\u00e9cup\u00e9ration apr\u00e8s l&rsquo;op\u00e9ration est de 24 heures.<\/p>\n\n<h3 class=\"wp-block-heading\"><a href=\"https:\/\/medclinics.com\/wp-admin\/post.php?post=93896&amp;action=edit#requestform\">Contactez-nous<\/a> pour tout savoir sur le <a href=\"https:\/\/medclinics.com\/fr\/laser-pour-les-yeux\/\" target=\"_blank\" rel=\"noreferrer noopener\">laser oculaire<\/a>!<\/h3>\n\n<figure class=\"wp-block-image size-full\"><img fetchpriority=\"high\" decoding=\"async\" width=\"960\" height=\"540\" src=\"https:\/\/medclinics.com\/wp-content\/uploads\/2023\/07\/relex-smile-small-incision-lenticule-extraction.jpg\" alt=\"ReLEx SMILE \/ Extraction de lenticules par petite incision pr&#xE8;s de chez moi Istanbul Turquie\" class=\"wp-image-98305\" srcset=\"https:\/\/medclinics.com\/wp-content\/uploads\/2023\/07\/relex-smile-small-incision-lenticule-extraction.jpg 960w, https:\/\/medclinics.com\/wp-content\/uploads\/2023\/07\/relex-smile-small-incision-lenticule-extraction-500x281.jpg 500w, https:\/\/medclinics.com\/wp-content\/uploads\/2023\/07\/relex-smile-small-incision-lenticule-extraction-768x432.jpg 768w, https:\/\/medclinics.com\/wp-content\/uploads\/2023\/07\/relex-smile-small-incision-lenticule-extraction-24x14.jpg 24w, https:\/\/medclinics.com\/wp-content\/uploads\/2023\/07\/relex-smile-small-incision-lenticule-extraction-36x20.jpg 36w, https:\/\/medclinics.com\/wp-content\/uploads\/2023\/07\/relex-smile-small-incision-lenticule-extraction-48x27.jpg 48w\" sizes=\"(max-width: 960px) 100vw, 960px\" \/><\/figure>\n\n<h3 class=\"wp-block-heading\">FAQ<\/h3>\n<div id=\"rank-math-faq\" class=\"rank-math-block\">\n<div class=\"rank-math-list \">\n<div id=\"faq-question-1685737109630\" class=\"rank-math-list-item\">\n<h3 class=\"rank-math-question \">Qu&rsquo;est-ce que l&rsquo;extraction de lenticules par petite incision ?<\/h3>\n<div class=\"rank-math-answer \">\n\n<p>SMILE est un type de chirurgie r\u00e9fractive qui corrige la myopie et l&rsquo;astigmatisme. Il s&rsquo;agit d&rsquo;une alternative aux proc\u00e9dures telles que le LASIK et la PRK.<\/p>\n\n<\/div>\n<\/div>\n<div id=\"faq-question-1685737199515\" class=\"rank-math-list-item\">\n<h3 class=\"rank-math-question \">Combien de temps faut-il pour que l&rsquo;incision SMILE gu\u00e9risse ?<\/h3>\n<div class=\"rank-math-answer \">\n\n<p>La proc\u00e9dure SMILE (Small Incision Lenticule Extraction) prend g\u00e9n\u00e9ralement 3 \u00e0 5 jours pour gu\u00e9rir compl\u00e8tement. Pendant cette p\u00e9riode, la couche externe de la corn\u00e9e (\u00e9pith\u00e9lium) se r\u00e9g\u00e9n\u00e8re et toute g\u00eane ou sensibilit\u00e9 s&rsquo;estompe progressivement. La plupart des patients constatent une am\u00e9lioration significative de leur vision d\u00e8s la premi\u00e8re semaine, avec une am\u00e9lioration continue de la vision au cours des semaines suivantes. La corn\u00e9e se stabilise en quelques mois et des rendez-vous de suivi r\u00e9guliers permettent de contr\u00f4ler le processus de gu\u00e9rison.<\/p>\n\n<\/div>\n<\/div>\n<div id=\"faq-question-1685737200559\" class=\"rank-math-list-item\">\n<h3 class=\"rank-math-question \">La chirurgie SMILE peut-elle mal tourner ?<\/h3>\n<div class=\"rank-math-answer \">\n\n<p>Comme toute intervention chirurgicale, la chirurgie SMILE peut pr\u00e9senter des risques et des complications, mais ceux-ci sont rares. Pour minimiser les risques, il est important de choisir un chirurgien exp\u00e9riment\u00e9.<\/p>\n\n<\/div>\n<\/div>\n<div id=\"faq-question-1685737202194\" class=\"rank-math-list-item\">\n<h3 class=\"rank-math-question \">L&rsquo;extraction de lenticules par petite incision est-elle s\u00fbre ?<\/h3>\n<div class=\"rank-math-answer \">\n\n<p>Oui, l&rsquo;extraction de lenticules par petite incision (SMILE) est g\u00e9n\u00e9ralement consid\u00e9r\u00e9e comme s\u00fbre.<\/p>\n\n<\/div>\n<\/div>\n<\/div>\n<\/div>\n<p><\/p>\n\n<h3 class=\"wp-block-heading\">Contactez-nous d\u00e8s maintenant si vous avez des questions !<\/h3>\n","protected":false},"excerpt":{"rendered":"<p>Si vous recherchez un traitement qui vous permette de voir tous les d\u00e9tails sans utiliser de lentilles, ReLEx SMILE (Small [&hellip;]<\/p>\n","protected":false},"author":4,"featured_media":93897,"parent":0,"menu_order":0,"comment_status":"closed","ping_status":"closed","template":"","meta":{"site-sidebar-layout":"default","site-content-layout":"","ast-site-content-layout":"default","site-content-style":"default","site-sidebar-style":"default","ast-global-header-display":"","ast-banner-title-visibility":"","ast-main-header-display":"","ast-hfb-above-header-display":"","ast-hfb-below-header-display":"","ast-hfb-mobile-header-display":"","site-post-title":"","ast-breadcrumbs-content":"","ast-featured-img":"","footer-sml-layout":"","ast-disable-related-posts":"","theme-transparent-header-meta":"","adv-header-id-meta":"","stick-header-meta":"","header-above-stick-meta":"","header-main-stick-meta":"","header-below-stick-meta":"","astra-migrate-meta-layouts":"default","ast-page-background-enabled":"default","ast-page-background-meta":{"desktop":{"background-color":"var(--ast-global-color-4)","background-image":"","background-repeat":"repeat","background-position":"center center","background-size":"auto","background-attachment":"scroll","background-type":"","background-media":"","overlay-type":"","overlay-color":"","overlay-opacity":"","overlay-gradient":""},"tablet":{"background-color":"","background-image":"","background-repeat":"repeat","background-position":"center center","background-size":"auto","background-attachment":"scroll","background-type":"","background-media":"","overlay-type":"","overlay-color":"","overlay-opacity":"","overlay-gradient":""},"mobile":{"background-color":"","background-image":"","background-repeat":"repeat","background-position":"center center","background-size":"auto","background-attachment":"scroll","background-type":"","background-media":"","overlay-type":"","overlay-color":"","overlay-opacity":"","overlay-gradient":""}},"ast-content-background-meta":{"desktop":{"background-color":"var(--ast-global-color-5)","background-image":"","background-repeat":"repeat","background-position":"center center","background-size":"auto","background-attachment":"scroll","background-type":"","background-media":"","overlay-type":"","overlay-color":"","overlay-opacity":"","overlay-gradient":""},"tablet":{"background-color":"var(--ast-global-color-5)","background-image":"","background-repeat":"repeat","background-position":"center center","background-size":"auto","background-attachment":"scroll","background-type":"","background-media":"","overlay-type":"","overlay-color":"","overlay-opacity":"","overlay-gradient":""},"mobile":{"background-color":"var(--ast-global-color-5)","background-image":"","background-repeat":"repeat","background-position":"center center","background-size":"auto","background-attachment":"scroll","background-type":"","background-media":"","overlay-type":"","overlay-color":"","overlay-opacity":"","overlay-gradient":""}},"footnotes":""},"class_list":["post-147708","page","type-page","status-publish","has-post-thumbnail","hentry"],"_links":{"self":[{"href":"https:\/\/medclinics.com\/fr\/wp-json\/wp\/v2\/pages\/147708","targetHints":{"allow":["GET"]}}],"collection":[{"href":"https:\/\/medclinics.com\/fr\/wp-json\/wp\/v2\/pages"}],"about":[{"href":"https:\/\/medclinics.com\/fr\/wp-json\/wp\/v2\/types\/page"}],"author":[{"embeddable":true,"href":"https:\/\/medclinics.com\/fr\/wp-json\/wp\/v2\/users\/4"}],"replies":[{"embeddable":true,"href":"https:\/\/medclinics.com\/fr\/wp-json\/wp\/v2\/comments?post=147708"}],"version-history":[{"count":0,"href":"https:\/\/medclinics.com\/fr\/wp-json\/wp\/v2\/pages\/147708\/revisions"}],"wp:featuredmedia":[{"embeddable":true,"href":"https:\/\/medclinics.com\/fr\/wp-json\/wp\/v2\/media\/93897"}],"wp:attachment":[{"href":"https:\/\/medclinics.com\/fr\/wp-json\/wp\/v2\/media?parent=147708"}],"curies":[{"name":"wp","href":"https:\/\/api.w.org\/{rel}","templated":true}]}}