{"id":147610,"date":"2023-06-15T13:38:42","date_gmt":"2023-06-15T10:38:42","guid":{"rendered":"https:\/\/medclinics.com\/eau-thermale\/"},"modified":"2025-01-03T01:45:03","modified_gmt":"2025-01-02T22:45:03","slug":"eau-thermale","status":"publish","type":"page","link":"https:\/\/medclinics.com\/fr\/eau-thermale\/","title":{"rendered":"Eau thermale"},"content":{"rendered":"\n<h2 class=\"wp-block-heading\">Si vous cherchez un moyen de vous soigner en vous relaxant, les eaux thermales peuvent \u00eatre la meilleure option pour vous. La th\u00e9rapie par l&rsquo;eau est un miracle incroyable.<\/h2>\n\n<p>L&rsquo;eau thermale est obtenue \u00e0 partir de <a href=\"https:\/\/en.wikipedia.org\/wiki\/Hot_spring\" target=\"_blank\" rel=\"noreferrer noopener\">sources chaudes<\/a>. La qualit\u00e9 m\u00e9dicinale de cette eau provient de sa teneur en min\u00e9raux et de sa chaleur, qui pr\u00e9sentent tous deux de nombreux avantages pour la sant\u00e9.<\/p>\n\n<p>Des soins de la peau au syst\u00e8me digestif, les eaux thermales ont des effets b\u00e9n\u00e9fiques tr\u00e8s importants pour l&rsquo;homme. Il contribue \u00e0 augmenter la circulation sanguine. Le corps humain devient ainsi plus sain et plus fort. L&rsquo;eau thermale aide \u00e0 nourrir la peau gr\u00e2ce \u00e0 ses ingr\u00e9dients.<\/p>\n\n<p>Il pr\u00e9vient la d\u00e9shydratation et la fissuration de la peau en l&rsquo;hydratant. Il peut r\u00e9duire les niveaux de d\u00e9pression et de stress. Aide \u00e0 pr\u00e9venir les maladies respiratoires. Il peut traiter les troubles orthop\u00e9diques et les rhumatismes. Il peut prot\u00e9ger contre les maladies r\u00e9nales. Contribue \u00e0 minimiser les probl\u00e8mes gyn\u00e9cologiques.<\/p>\n\n<p>Il contient deux min\u00e9raux, le s\u00e9l\u00e9nium et le magn\u00e9sium. Ces min\u00e9raux sont particuli\u00e8rement b\u00e9n\u00e9fiques pour les maladies rhumatismales et les affections cutan\u00e9es telles que l&rsquo;ecz\u00e9ma et le psoriasis.<\/p>\n\n<h3 class=\"wp-block-heading\">Tout ce que vous devez savoir sur les <a href=\"https:\/\/medclinics.com\/fr\/spa-thermal-2\/\" target=\"_blank\" rel=\"noreferrer noopener\">cures thermales<\/a>, y compris le prix, les soins et le processus de gu\u00e9rison, ou <a href=\"#requestform\">contactez-nous<\/a>!<\/h3>\n\n<figure class=\"wp-block-image size-full\"><img fetchpriority=\"high\" decoding=\"async\" width=\"960\" height=\"540\" src=\"https:\/\/medclinics.com\/wp-content\/uploads\/2023\/07\/thermal-water-in-turkey-1.jpg\" alt=\"L'eau thermale en Turquie\" class=\"wp-image-97206\" srcset=\"https:\/\/medclinics.com\/wp-content\/uploads\/2023\/07\/thermal-water-in-turkey-1.jpg 960w, https:\/\/medclinics.com\/wp-content\/uploads\/2023\/07\/thermal-water-in-turkey-1-500x281.jpg 500w, https:\/\/medclinics.com\/wp-content\/uploads\/2023\/07\/thermal-water-in-turkey-1-768x432.jpg 768w, https:\/\/medclinics.com\/wp-content\/uploads\/2023\/07\/thermal-water-in-turkey-1-24x14.jpg 24w, https:\/\/medclinics.com\/wp-content\/uploads\/2023\/07\/thermal-water-in-turkey-1-36x20.jpg 36w, https:\/\/medclinics.com\/wp-content\/uploads\/2023\/07\/thermal-water-in-turkey-1-48x27.jpg 48w\" sizes=\"(max-width: 960px) 100vw, 960px\" \/><\/figure>\n\n<h2 class=\"wp-block-heading\">FAQ<\/h2>\n<div id=\"rank-math-faq\" class=\"rank-math-block\">\n<div class=\"rank-math-list \">\n<div id=\"faq-question-1686835280726\" class=\"rank-math-list-item\">\n<h3 class=\"rank-math-question \">Qu&rsquo;est-ce que l&rsquo;eau thermale ?<\/h3>\n<div class=\"rank-math-answer \">\n\n<p>Il s&rsquo;agit d&rsquo;une eau naturellement chauff\u00e9e. Il contient des min\u00e9raux b\u00e9n\u00e9fiques. Il a des effets th\u00e9rapeutiques sur la peau, favorise la circulation, la relaxation et la d\u00e9sintoxication. Il est couramment utilis\u00e9 dans les traitements de bien-\u00eatre pour ses propri\u00e9t\u00e9s curatives.<\/p>\n\n<\/div>\n<\/div>\n<div id=\"faq-question-1686835275317\" class=\"rank-math-list-item\">\n<h3 class=\"rank-math-question \">Comment fonctionne l&rsquo;eau thermale ?<\/h3>\n<div class=\"rank-math-answer \">\n\n<p>Il fonctionne en combinant la chaleur naturelle des sources souterraines avec sa composition min\u00e9rale unique. Lorsqu&rsquo;ils sont absorb\u00e9s par la peau, les min\u00e9raux apportent des bienfaits th\u00e9rapeutiques tels que l&rsquo;am\u00e9lioration de la sant\u00e9 de la peau, la promotion de la circulation et la relaxation. La chaleur contribue \u00e9galement \u00e0 d\u00e9tendre les muscles, \u00e0 d\u00e9sintoxiquer le corps et \u00e0 r\u00e9duire le stress. Ses propri\u00e9t\u00e9s curatives en font un choix populaire pour divers traitements de bien-\u00eatre.<\/p>\n\n<\/div>\n<\/div>\n<div id=\"faq-question-1686835343147\" class=\"rank-math-list-item\">\n<h3 class=\"rank-math-question \">L&rsquo;eau thermale en vaut-elle la peine ?<\/h3>\n<div class=\"rank-math-answer \">\n\n<p>Oui, cela peut en valoir la peine pour les personnes qui appr\u00e9cient ses bienfaits th\u00e9rapeutiques, qui aiment l&rsquo;exp\u00e9rience et qui la trouvent b\u00e9n\u00e9fique pour leur bien-\u00eatre.<\/p>\n\n<\/div>\n<\/div>\n<div id=\"faq-question-1686835344580\" class=\"rank-math-list-item\">\n<h3 class=\"rank-math-question \">L&rsquo;eau thermale est-elle bonne pour la peau ?<\/h3>\n<div class=\"rank-math-answer \">\n\n<p>Oui, c&rsquo;est bon pour la peau. Il contient des min\u00e9raux et des oligo-\u00e9l\u00e9ments. Ces \u00e9l\u00e9ments peuvent apporter divers avantages. La composition min\u00e9rale sp\u00e9cifique peut varier en fonction de la source. Toutefois, les min\u00e9raux courants pr\u00e9sents dans l&rsquo;eau thermale, tels que le calcium, le magn\u00e9sium, le soufre et la silice, ont \u00e9t\u00e9 associ\u00e9s \u00e0 des bienfaits pour la sant\u00e9 de la peau.<\/p>\n\n<\/div>\n<\/div>\n<div id=\"faq-question-1686835345514\" class=\"rank-math-list-item\">\n<h3 class=\"rank-math-question \">L&rsquo;eau thermale est-elle bonne pour l&rsquo;ecz\u00e9ma ?<\/h3>\n<div class=\"rank-math-answer \">\n\n<p>Oui, il peut \u00eatre b\u00e9n\u00e9fique pour les personnes souffrant d&rsquo;ecz\u00e9ma. Sa teneur en min\u00e9raux et ses propri\u00e9t\u00e9s apaisantes peuvent aider \u00e0 soulager les sympt\u00f4mes associ\u00e9s \u00e0 l&rsquo;ecz\u00e9ma, tels que la s\u00e9cheresse, les rougeurs et les d\u00e9mangeaisons.<\/p>\n\n<\/div>\n<\/div>\n<\/div>\n<\/div>\n<p>\u00a0<\/p>\n\n<h3 class=\"wp-block-heading\">Contactez-nous d\u00e8s maintenant si vous avez des questions !<\/h3>\n","protected":false},"excerpt":{"rendered":"<p>Si vous cherchez un moyen de vous soigner en vous relaxant, les eaux thermales peuvent \u00eatre la meilleure option pour [&hellip;]<\/p>\n","protected":false},"author":4,"featured_media":95063,"parent":0,"menu_order":0,"comment_status":"closed","ping_status":"closed","template":"","meta":{"site-sidebar-layout":"default","site-content-layout":"","ast-site-content-layout":"default","site-content-style":"default","site-sidebar-style":"default","ast-global-header-display":"","ast-banner-title-visibility":"","ast-main-header-display":"","ast-hfb-above-header-display":"","ast-hfb-below-header-display":"","ast-hfb-mobile-header-display":"","site-post-title":"","ast-breadcrumbs-content":"","ast-featured-img":"","footer-sml-layout":"","ast-disable-related-posts":"","theme-transparent-header-meta":"","adv-header-id-meta":"","stick-header-meta":"","header-above-stick-meta":"","header-main-stick-meta":"","header-below-stick-meta":"","astra-migrate-meta-layouts":"default","ast-page-background-enabled":"default","ast-page-background-meta":{"desktop":{"background-color":"var(--ast-global-color-4)","background-image":"","background-repeat":"repeat","background-position":"center center","background-size":"auto","background-attachment":"scroll","background-type":"","background-media":"","overlay-type":"","overlay-color":"","overlay-opacity":"","overlay-gradient":""},"tablet":{"background-color":"","background-image":"","background-repeat":"repeat","background-position":"center center","background-size":"auto","background-attachment":"scroll","background-type":"","background-media":"","overlay-type":"","overlay-color":"","overlay-opacity":"","overlay-gradient":""},"mobile":{"background-color":"","background-image":"","background-repeat":"repeat","background-position":"center center","background-size":"auto","background-attachment":"scroll","background-type":"","background-media":"","overlay-type":"","overlay-color":"","overlay-opacity":"","overlay-gradient":""}},"ast-content-background-meta":{"desktop":{"background-color":"var(--ast-global-color-5)","background-image":"","background-repeat":"repeat","background-position":"center center","background-size":"auto","background-attachment":"scroll","background-type":"","background-media":"","overlay-type":"","overlay-color":"","overlay-opacity":"","overlay-gradient":""},"tablet":{"background-color":"var(--ast-global-color-5)","background-image":"","background-repeat":"repeat","background-position":"center center","background-size":"auto","background-attachment":"scroll","background-type":"","background-media":"","overlay-type":"","overlay-color":"","overlay-opacity":"","overlay-gradient":""},"mobile":{"background-color":"var(--ast-global-color-5)","background-image":"","background-repeat":"repeat","background-position":"center center","background-size":"auto","background-attachment":"scroll","background-type":"","background-media":"","overlay-type":"","overlay-color":"","overlay-opacity":"","overlay-gradient":""}},"footnotes":""},"class_list":["post-147610","page","type-page","status-publish","has-post-thumbnail","hentry"],"_links":{"self":[{"href":"https:\/\/medclinics.com\/fr\/wp-json\/wp\/v2\/pages\/147610","targetHints":{"allow":["GET"]}}],"collection":[{"href":"https:\/\/medclinics.com\/fr\/wp-json\/wp\/v2\/pages"}],"about":[{"href":"https:\/\/medclinics.com\/fr\/wp-json\/wp\/v2\/types\/page"}],"author":[{"embeddable":true,"href":"https:\/\/medclinics.com\/fr\/wp-json\/wp\/v2\/users\/4"}],"replies":[{"embeddable":true,"href":"https:\/\/medclinics.com\/fr\/wp-json\/wp\/v2\/comments?post=147610"}],"version-history":[{"count":0,"href":"https:\/\/medclinics.com\/fr\/wp-json\/wp\/v2\/pages\/147610\/revisions"}],"wp:featuredmedia":[{"embeddable":true,"href":"https:\/\/medclinics.com\/fr\/wp-json\/wp\/v2\/media\/95063"}],"wp:attachment":[{"href":"https:\/\/medclinics.com\/fr\/wp-json\/wp\/v2\/media?parent=147610"}],"curies":[{"name":"wp","href":"https:\/\/api.w.org\/{rel}","templated":true}]}}