{"id":147588,"date":"2023-06-19T09:46:57","date_gmt":"2023-06-19T06:46:57","guid":{"rendered":"https:\/\/medclinics.com\/traitement-du-vitiligo\/"},"modified":"2024-04-01T12:16:49","modified_gmt":"2024-04-01T09:16:49","slug":"traitement-du-vitiligo","status":"publish","type":"page","link":"https:\/\/medclinics.com\/fr\/traitement-du-vitiligo\/","title":{"rendered":"Traitement du vitiligo"},"content":{"rendered":"\n<h2 class=\"wp-block-heading\">Dites adieu aux troubles pigmentaires et bonjour \u00e0 votre nouvelle vie gr\u00e2ce au traitement du vitiligo !<\/h2>\n\n<p>Le vitiligo est une maladie de la peau dont la cause est inconnue et qui se caract\u00e9rise par l&rsquo;apparition de zones blanches dues \u00e0 une perte de pigments dans la peau. Elle peut se manifester sur n&rsquo;importe quelle partie du corps, mais le plus souvent sur le visage, les l\u00e8vres, les mains, les bras, les jambes et les zones g\u00e9nitales.  <\/p>\n\n<p>La cause du vitiligo n&rsquo;est pas enti\u00e8rement comprise, mais on pense qu&rsquo;elle implique une combinaison de facteurs g\u00e9n\u00e9tiques, auto-immuns et environnementaux. Elle n&rsquo;est pas contagieuse et ne pr\u00e9sente aucun risque direct pour la sant\u00e9, mais peut avoir des effets psychologiques et \u00e9motionnels importants sur les individus, notamment en raison des changements visibles de leur apparence.<\/p>\n\n<p>Le vitiligo peut survenir \u00e0 tout \u00e2ge, mais il commence g\u00e9n\u00e9ralement pendant l&rsquo;enfance ou le d\u00e9but de l&rsquo;\u00e2ge adulte. Bien que le signe principal du vitiligo soit la pr\u00e9sence de taches blanches, certaines personnes atteintes de vitiligo peuvent ressentir des d\u00e9mangeaisons, une s\u00e9cheresse ou des coups de soleil dans les zones touch\u00e9es.<\/p>\n\n<p>Bien qu&rsquo;il n&rsquo;existe actuellement aucun traitement curatif du vitiligo, plusieurs options th\u00e9rapeutiques sont disponibles pour g\u00e9rer la maladie et am\u00e9liorer son aspect cosm\u00e9tique. Il peut s&rsquo;agir de m\u00e9dicaments topiques, de phototh\u00e9rapie, de proc\u00e9dures chirurgicales et de techniques de camouflage.<\/p>\n\n<h3 class=\"wp-block-heading\">Tout ce que vous devez savoir sur la <a href=\"https:\/\/medclinics.com\/fr\/dermatologie\/\" target=\"_blank\" rel=\"noreferrer noopener\">dermatologie<\/a>, y compris les soins et le processus de gu\u00e9rison, ou <a href=\"#requestform\">contactez-nous<\/a>!<\/h3>\n\n<figure class=\"wp-block-image size-full\"><img fetchpriority=\"high\" decoding=\"async\" width=\"960\" height=\"540\" src=\"https:\/\/medclinics.com\/wp-content\/uploads\/2023\/07\/vitiligo-treatment-near-me.jpg\" alt=\"Traitement du vitiligo &#xE0; Istanbul en Turquie\" class=\"wp-image-97266\" srcset=\"https:\/\/medclinics.com\/wp-content\/uploads\/2023\/07\/vitiligo-treatment-near-me.jpg 960w, https:\/\/medclinics.com\/wp-content\/uploads\/2023\/07\/vitiligo-treatment-near-me-500x281.jpg 500w, https:\/\/medclinics.com\/wp-content\/uploads\/2023\/07\/vitiligo-treatment-near-me-768x432.jpg 768w, https:\/\/medclinics.com\/wp-content\/uploads\/2023\/07\/vitiligo-treatment-near-me-24x14.jpg 24w, https:\/\/medclinics.com\/wp-content\/uploads\/2023\/07\/vitiligo-treatment-near-me-36x20.jpg 36w, https:\/\/medclinics.com\/wp-content\/uploads\/2023\/07\/vitiligo-treatment-near-me-48x27.jpg 48w\" sizes=\"(max-width: 960px) 100vw, 960px\" \/><\/figure>\n\n<h2 class=\"wp-block-heading\">FAQ<\/h2>\n<div id=\"rank-math-faq\" class=\"rank-math-block\">\n<div class=\"rank-math-list \">\n<div id=\"faq-question-1687167318311\" class=\"rank-math-list-item\">\n<h3 class=\"rank-math-question \">Qu&rsquo;est-ce que le vitiligo ?<\/h3>\n<div class=\"rank-math-answer \">\n\n<p>Le vitiligo est une affection cutan\u00e9e de longue dur\u00e9e caract\u00e9ris\u00e9e par l&rsquo;apparition de taches blanches sur la peau. Elle survient lorsque les m\u00e9lanocytes, les cellules responsables de la production de m\u00e9lanine, sont d\u00e9truits ou cessent de fonctionner.<\/p>\n\n<\/div>\n<\/div>\n<div id=\"faq-question-1687167288940\" class=\"rank-math-list-item\">\n<h3 class=\"rank-math-question \">Qu&rsquo;est-ce que la m\u00e9lanine ?<\/h3>\n<div class=\"rank-math-answer \">\n\n<p>La couleur de la peau humaine est constitu\u00e9e d&rsquo;un pigment brun appel\u00e9 m\u00e9lanine. Les personnes \u00e0 la peau p\u00e2le produisent tr\u00e8s peu de m\u00e9lanine, tandis que les personnes \u00e0 la peau plus fonc\u00e9e en produisent davantage. Il existe donc deux types de pigmentation.  <br \/>Lorsque votre corps produit trop de m\u00e9lanine, votre peau s&rsquo;assombrit. La grossesse, la maladie d&rsquo;Addison et l&rsquo;exposition au soleil sont quelques-uns des facteurs qui rendent la peau plus fonc\u00e9e. En revanche, lorsque le corps produit trop peu de m\u00e9lanine, la peau devient plus claire, avec des zones plus claires que la couleur normale de la peau.<\/p>\n\n<\/div>\n<\/div>\n<div id=\"faq-question-1687167320190\" class=\"rank-math-list-item\">\n<h3 class=\"rank-math-question \">Combien de personnes dans le monde sont atteintes de vitiligo ?<\/h3>\n<div class=\"rank-math-answer \">\n\n<p>Il s&rsquo;agit d&rsquo;une maladie qui touche 1 % de la population mondiale et qui affecte toutes les races de mani\u00e8re \u00e9gale, sans distinction de sexe.<\/p>\n\n<\/div>\n<\/div>\n<div id=\"faq-question-1687167321156\" class=\"rank-math-list-item\">\n<h3 class=\"rank-math-question \">Pourquoi le traitement du vitiligo est-il moins cher \u00e0 Istanbul &#8211; Turquie ?<\/h3>\n<div class=\"rank-math-answer \">\n\n<p>En Turquie, les salaires et le co\u00fbt de la vie sont moins \u00e9lev\u00e9s qu&rsquo;en Europe et le gouvernement subventionne le secteur de la sant\u00e9. Par cons\u00e9quent, le traitement du vitiligo en Turquie peut \u00eatre effectu\u00e9 \u00e0 un co\u00fbt beaucoup plus bas sans sacrifier la qualit\u00e9 et les normes.<\/p>\n\n<\/div>\n<\/div>\n<div id=\"faq-question-1687167395826\" class=\"rank-math-list-item\">\n<h3 class=\"rank-math-question \">Quels sont les avantages du traitement du vitiligo \u00e0 Istanbul ?  <\/h3>\n<div class=\"rank-math-answer \">\n\n<p>Vous \u00e9conomisez de l&rsquo;argent et des frais, vous b\u00e9n\u00e9ficiez de la qualit\u00e9 internationale et vous \u00e9vitez les longs d\u00e9lais d&rsquo;attente. En Turquie, vous obtenez un rendez-vous pour votre traitement contre le vitiligo dans les plus brefs d\u00e9lais, alors qu&rsquo;en Allemagne, vous devez attendre des semaines. La courte dur\u00e9e du vol depuis l&rsquo;Europe est un autre avantage.  <\/p>\n\n<\/div>\n<\/div>\n<div id=\"faq-question-1687167397272\" class=\"rank-math-list-item\">\n<h3 class=\"rank-math-question \">Le traitement du vitiligo \u00e0 Istanbul est-il sans danger ?<\/h3>\n<div class=\"rank-math-answer \">\n\n<p>Avec plus de 1,5 million de touristes m\u00e9dicaux par an, la Turquie est l&rsquo;un des trois leaders mondiaux du tourisme de sant\u00e9. Le syst\u00e8me de sant\u00e9 en Turquie est strictement contr\u00f4l\u00e9 et r\u00e9glement\u00e9 afin de garantir la meilleure qualit\u00e9 et le plus haut niveau de traitement. Des m\u00e9decins exp\u00e9riment\u00e9s et une \u00e9quipe professionnelle s&rsquo;occupent des patients de mani\u00e8re professionnelle et comp\u00e9tente. Votre traitement contre le vitiligo sera effectu\u00e9 par un dermatologue professionnel utilisant des marques internationales. Le traitement du vitiligo \u00e0 Istanbul est donc sans danger.<\/p>\n\n<\/div>\n<\/div>\n<div id=\"faq-question-1687167397943\" class=\"rank-math-list-item\">\n<h3 class=\"rank-math-question \">Comment le vitiligo appara\u00eet-il ?<\/h3>\n<div class=\"rank-math-answer \">\n\n<p>Le premier et le plus courant des sympt\u00f4mes du vitiligo est le blanchiment soudain d&rsquo;une certaine zone de la peau. Dans certains cas, une petite tache blanche peut se d\u00e9velopper au fil du temps et atteindre une taille qui couvre une partie importante de la peau.<\/p>\n\n<\/div>\n<\/div>\n<div id=\"faq-question-1687167452939\" class=\"rank-math-list-item\">\n<h3 class=\"rank-math-question \">Le vitiligo est-il une maladie organique interne ? Est-elle contagieuse ?<\/h3>\n<div class=\"rank-math-answer \">\n\n<p>Le vitiligo n&rsquo;est pas caus\u00e9 par une maladie d&rsquo;un organe interne, de sorte que l&rsquo;\u00e9tat de sant\u00e9 g\u00e9n\u00e9ral de nombreux patients est bon. Le vitiligo n&rsquo;est pas contagieux.<\/p>\n\n<\/div>\n<\/div>\n<div id=\"faq-question-1687167453659\" class=\"rank-math-list-item\">\n<h3 class=\"rank-math-question \">Le vitiligo est-il une maladie avec traitement ?<\/h3>\n<div class=\"rank-math-answer \">\n\n<p>Le vitiligo est une maladie qui peut \u00eatre trait\u00e9e, mais comme la cause exacte du vitiligo est inconnue, les r\u00e9sultats du traitement peuvent varier d&rsquo;une personne \u00e0 l&rsquo;autre. Il existe diff\u00e9rentes options de traitement ; certaines d&rsquo;entre elles prennent au moins trois mois. Le choix du traitement doit \u00eatre d\u00e9cid\u00e9 avec un dermatologue.<\/p>\n\n<\/div>\n<\/div>\n<div id=\"faq-question-1687167471518\" class=\"rank-math-list-item\">\n<h3 class=\"rank-math-question \">Existe-t-il des cr\u00e8mes qui peuvent traiter le vitiligo ?<\/h3>\n<div class=\"rank-math-answer \">\n\n<p>Les traitements de premi\u00e8re intention du vitiligo consistent en l&rsquo;application de cr\u00e8mes topiques. Il existe \u00e9galement des cr\u00e8mes anti-vitiligo \u00e0 base de plantes contenant des substances antioxydantes. N&rsquo;appliquez aucun traitement non approuv\u00e9 par le minist\u00e8re de la sant\u00e9, m\u00eame s&rsquo;il s&rsquo;agit d&rsquo;un traitement \u00e0 base de plantes (pilule ou cr\u00e8me).<\/p>\n\n<\/div>\n<\/div>\n<div id=\"faq-question-1687167472296\" class=\"rank-math-list-item\">\n<h3 class=\"rank-math-question \">Comment se d\u00e9roule le traitement Puva Vitiligo ?<\/h3>\n<div class=\"rank-math-answer \">\n\n<p>La puvath\u00e9rapie est utilis\u00e9e avec des appareils \u00e0 lumi\u00e8re ultraviolette contr\u00f4l\u00e9e. Le traitement Puva g\u00e9n\u00e9ral se fait dans une cabine ferm\u00e9e comme un solarium. Avant la proc\u00e9dure, le patient re\u00e7oit un m\u00e9dicament photosensibilisant. Le rayon Puva active les cellules qui donnent la couleur \u00e0 la peau, \u00e0 savoir les m\u00e9lanocytes, dans les tissus qui ont perdu leur couleur, et favorise la migration des cellules qui donnent la couleur aux zones atteintes de vitiligo.  <\/p>\n\n<\/div>\n<\/div>\n<div id=\"faq-question-1687167546382\" class=\"rank-math-list-item\">\n<h3 class=\"rank-math-question \">Existe-t-il un traitement chirurgical du vitiligo ?<\/h3>\n<div class=\"rank-math-answer \">\n\n<p>Il existe un traitement chirurgical du vitiligo. La m\u00e9thode dite de la greffe au poin\u00e7on permet de recolorer la zone d\u00e9color\u00e9e en pla\u00e7ant de la peau pr\u00e9lev\u00e9e sur une autre partie du corps dans les zones o\u00f9 la peau a perdu sa couleur.<\/p>\n\n<\/div>\n<\/div>\n<div id=\"faq-question-1687167554938\" class=\"rank-math-list-item\">\n<h3 class=\"rank-math-question \">Qu&rsquo;est-ce que le traitement de d\u00e9pigmentation ?<\/h3>\n<div class=\"rank-math-answer \">\n\n<p>Cette m\u00e9thode permet de blanchir l&rsquo;ensemble du corps et d&rsquo;uniformiser la couleur de la peau. Apr\u00e8s cette proc\u00e9dure, la perte de couleur de la peau est permanente et les patients doivent toujours \u00eatre tr\u00e8s bien prot\u00e9g\u00e9s du soleil. Le chanteur mondialement connu Michael Jackson a utilis\u00e9 le traitement de d\u00e9pigmentation.<\/p>\n\n<\/div>\n<\/div>\n<div id=\"faq-question-1687167587882\" class=\"rank-math-list-item\">\n<h3 class=\"rank-math-question \">Puis-je combiner mon traitement contre le vitiligo avec une visite touristique ?<\/h3>\n<div class=\"rank-math-answer \">\n\n<p>Bien entendu, vous pouvez et devez m\u00eame joindre l&rsquo;utile \u00e0 l&rsquo;agr\u00e9able ! Le traitement du vitiligo ne prend pas beaucoup de temps. Vous venez de faire une petite pause dans votre circuit de d\u00e9couverte d&rsquo;Istanbul. Apr\u00e8s le traitement, vous pouvez poursuivre vos visites touristiques en toute tranquillit\u00e9.<\/p>\n\n<\/div>\n<\/div>\n<div id=\"faq-question-1687167588662\" class=\"rank-math-list-item\">\n<h3 class=\"rank-math-question \">\u00c0 quoi les patients atteints de vitiligo doivent-ils faire attention ?<\/h3>\n<div class=\"rank-math-answer \">\n\n<p>Les patients atteints de vitiligo doivent se prot\u00e9ger des traumatismes cutan\u00e9s tels que le frottement, les massages brusques, les coups de soleil, \u00eatre bien prot\u00e9g\u00e9s du soleil et r\u00e9duire le stress afin que la diff\u00e9rence de couleur entre la peau normale et la peau atteinte de vitiligo ne soit pas \u00e9vidente.<br \/>En outre, les experts recommandent aux personnes vivant dans des r\u00e9gions ensoleill\u00e9es de prendre des quantit\u00e9s suffisantes de vitamines A, B et E. La consommation de ces vitamines permet aux patients atteints de vitiligo d&rsquo;\u00eatre prot\u00e9g\u00e9s des rayons du soleil. Il est recommand\u00e9 de consommer beaucoup de groupes d&rsquo;aliments contenant ces vitamines.<\/p>\n\n<\/div>\n<\/div>\n<div id=\"faq-question-1687167623470\" class=\"rank-math-list-item\">\n<h3 class=\"rank-math-question \">Puis-je contacter mon m\u00e9decin une fois rentr\u00e9 chez moi ?<\/h3>\n<div class=\"rank-math-answer \">\n\n<p>Bien entendu, une fois de retour chez vous, vous pouvez prendre contact avec votre m\u00e9decin, qui sera pr\u00eat \u00e0 r\u00e9pondre \u00e0 toutes vos questions.  <\/p>\n\n<\/div>\n<\/div>\n<\/div>\n<\/div>\n<p>\u00a0<\/p>\n\n<h3 class=\"wp-block-heading\">Contactez-nous d\u00e8s maintenant si vous avez des questions !<\/h3>\n","protected":false},"excerpt":{"rendered":"<p>Dites adieu aux troubles pigmentaires et bonjour \u00e0 votre nouvelle vie gr\u00e2ce au traitement du vitiligo ! Le vitiligo est [&hellip;]<\/p>\n","protected":false},"author":4,"featured_media":95330,"parent":0,"menu_order":0,"comment_status":"closed","ping_status":"closed","template":"","meta":{"site-sidebar-layout":"default","site-content-layout":"","ast-site-content-layout":"default","site-content-style":"default","site-sidebar-style":"default","ast-global-header-display":"","ast-banner-title-visibility":"","ast-main-header-display":"","ast-hfb-above-header-display":"","ast-hfb-below-header-display":"","ast-hfb-mobile-header-display":"","site-post-title":"","ast-breadcrumbs-content":"","ast-featured-img":"","footer-sml-layout":"","ast-disable-related-posts":"","theme-transparent-header-meta":"","adv-header-id-meta":"","stick-header-meta":"","header-above-stick-meta":"","header-main-stick-meta":"","header-below-stick-meta":"","astra-migrate-meta-layouts":"default","ast-page-background-enabled":"default","ast-page-background-meta":{"desktop":{"background-color":"var(--ast-global-color-4)","background-image":"","background-repeat":"repeat","background-position":"center center","background-size":"auto","background-attachment":"scroll","background-type":"","background-media":"","overlay-type":"","overlay-color":"","overlay-opacity":"","overlay-gradient":""},"tablet":{"background-color":"","background-image":"","background-repeat":"repeat","background-position":"center center","background-size":"auto","background-attachment":"scroll","background-type":"","background-media":"","overlay-type":"","overlay-color":"","overlay-opacity":"","overlay-gradient":""},"mobile":{"background-color":"","background-image":"","background-repeat":"repeat","background-position":"center center","background-size":"auto","background-attachment":"scroll","background-type":"","background-media":"","overlay-type":"","overlay-color":"","overlay-opacity":"","overlay-gradient":""}},"ast-content-background-meta":{"desktop":{"background-color":"var(--ast-global-color-5)","background-image":"","background-repeat":"repeat","background-position":"center center","background-size":"auto","background-attachment":"scroll","background-type":"","background-media":"","overlay-type":"","overlay-color":"","overlay-opacity":"","overlay-gradient":""},"tablet":{"background-color":"var(--ast-global-color-5)","background-image":"","background-repeat":"repeat","background-position":"center center","background-size":"auto","background-attachment":"scroll","background-type":"","background-media":"","overlay-type":"","overlay-color":"","overlay-opacity":"","overlay-gradient":""},"mobile":{"background-color":"var(--ast-global-color-5)","background-image":"","background-repeat":"repeat","background-position":"center center","background-size":"auto","background-attachment":"scroll","background-type":"","background-media":"","overlay-type":"","overlay-color":"","overlay-opacity":"","overlay-gradient":""}},"footnotes":""},"class_list":["post-147588","page","type-page","status-publish","has-post-thumbnail","hentry"],"_links":{"self":[{"href":"https:\/\/medclinics.com\/fr\/wp-json\/wp\/v2\/pages\/147588","targetHints":{"allow":["GET"]}}],"collection":[{"href":"https:\/\/medclinics.com\/fr\/wp-json\/wp\/v2\/pages"}],"about":[{"href":"https:\/\/medclinics.com\/fr\/wp-json\/wp\/v2\/types\/page"}],"author":[{"embeddable":true,"href":"https:\/\/medclinics.com\/fr\/wp-json\/wp\/v2\/users\/4"}],"replies":[{"embeddable":true,"href":"https:\/\/medclinics.com\/fr\/wp-json\/wp\/v2\/comments?post=147588"}],"version-history":[{"count":0,"href":"https:\/\/medclinics.com\/fr\/wp-json\/wp\/v2\/pages\/147588\/revisions"}],"wp:featuredmedia":[{"embeddable":true,"href":"https:\/\/medclinics.com\/fr\/wp-json\/wp\/v2\/media\/95330"}],"wp:attachment":[{"href":"https:\/\/medclinics.com\/fr\/wp-json\/wp\/v2\/media?parent=147588"}],"curies":[{"name":"wp","href":"https:\/\/api.w.org\/{rel}","templated":true}]}}