{"id":147574,"date":"2023-06-20T12:15:06","date_gmt":"2023-06-20T09:15:06","guid":{"rendered":"https:\/\/medclinics.com\/sla-sclerose-laterale-amyotrophique\/"},"modified":"2024-12-29T01:17:03","modified_gmt":"2024-12-28T22:17:03","slug":"sla-sclerose-laterale-amyotrophique","status":"publish","type":"page","link":"https:\/\/medclinics.com\/fr\/sla-sclerose-laterale-amyotrophique\/","title":{"rendered":"SLA (scl\u00e9rose lat\u00e9rale amyotrophique)"},"content":{"rendered":"\n<h2 class=\"wp-block-heading\">Avec MedClinics, vous \u00eates entre de bonnes mains. Il s&rsquo;agit de notre ligne directrice pour le traitement de la SLA.<\/h2>\n\n<p>Elle est \u00e9galement connue sous le nom de <a href=\"https:\/\/en.wikipedia.org\/wiki\/ALS\" target=\"_blank\" rel=\"noreferrer noopener\">maladie de Lou Gehrig<\/a> et porte le nom du c\u00e9l\u00e8bre joueur de baseball qui a \u00e9t\u00e9 diagnostiqu\u00e9 avec la maladie. Il s&rsquo;agit d&rsquo;une maladie neurod\u00e9g\u00e9n\u00e9rative progressive qui affecte les cellules nerveuses du cerveau et de la moelle \u00e9pini\u00e8re.<\/p>\n\n<p>Elle affecte principalement les neurones moteurs responsables du contr\u00f4le des mouvements musculaires volontaires. Au fur et \u00e0 mesure que la maladie progresse, ces neurones moteurs d\u00e9g\u00e9n\u00e8rent et meurent, entra\u00eenant une faiblesse musculaire, une perte de coordination et, finalement, une paralysie. Elle peut affecter divers aspects des fonctions physiques d&rsquo;une personne, notamment la parole, la d\u00e9glutition et la respiration.<\/p>\n\n<p>La cause exacte n&rsquo;est pas encore totalement comprise, mais elle implique des combinaisons de facteurs g\u00e9n\u00e9tiques et environnementaux. La plupart des cas sont sporadiques. Cela signifie qu&rsquo;elles surviennent sans ant\u00e9c\u00e9dents familiaux connus. Cependant, environ 5 \u00e0 10 % des cas sont g\u00e9n\u00e9tiques et sont caus\u00e9s par des mutations g\u00e9n\u00e9tiques sp\u00e9cifiques.<\/p>\n\n<p>Il n&rsquo;existe actuellement aucun traitement curatif et la maladie a un taux de progression variable. Le traitement le plus r\u00e9cent de la SLA est ax\u00e9 sur la prise en charge des sympt\u00f4mes, les soins de soutien et l&rsquo;am\u00e9lioration de la qualit\u00e9 de vie du patient. Une approche multidisciplinaire aborde diff\u00e9rents aspects et fournit des soins complets aux patients. En tant que MedClinics, nous sommes l\u00e0 pour trouver les meilleurs neurologues et cliniques \u00e0 des prix abordables !<\/p>\n\n<h3 class=\"wp-block-heading\">Tout ce que vous devez savoir sur la <a href=\"https:\/\/medclinics.com\/fr\/neurologie\/\" target=\"_blank\" rel=\"noreferrer noopener\">neurologie<\/a>, y compris les sympt\u00f4mes, les traitements et plus encore, ou <a href=\"#requestform\">contactez-nous<\/a>!<\/h3>\n\n<h2 class=\"wp-block-heading\">FAQ<\/h2>\n<div id=\"rank-math-faq\" class=\"rank-math-block\">\n<div class=\"rank-math-list \">\n<div id=\"faq-question-1687261537162\" class=\"rank-math-list-item\">\n<h3 class=\"rank-math-question \">Qu&rsquo;est-ce que la SLA ?<\/h3>\n<div class=\"rank-math-answer \">\n\n<p>Il s&rsquo;agit d&rsquo;une maladie d\u00e9g\u00e9n\u00e9rative qui affecte les cellules nerveuses du cerveau et de la moelle \u00e9pini\u00e8re. Elle provoque la d\u00e9t\u00e9rioration progressive des neurones moteurs, entra\u00eenant une faiblesse musculaire, une raideur et finalement une paralysie.<\/p>\n\n<\/div>\n<\/div>\n<div id=\"faq-question-1687261459654\" class=\"rank-math-list-item\">\n<h3 class=\"rank-math-question \">Comment diagnostiquer la SLA ?<\/h3>\n<div class=\"rank-math-answer \">\n\n<p>Elle est diagnostiqu\u00e9e par une combinaison d&rsquo;ant\u00e9c\u00e9dents m\u00e9dicaux, d&rsquo;examens physiques et de tests tels que l&rsquo;\u00e9lectromyographie (EMG), l&rsquo;\u00e9tude de la conduction nerveuse (NCS), des examens d&rsquo;imagerie, des analyses de sang et d&rsquo;urine et, dans certains cas, une ponction lombaire. Ce processus vise \u00e0 exclure les autres causes possibles des sympt\u00f4mes et \u00e0 identifier les signes caract\u00e9ristiques.<\/p>\n\n<\/div>\n<\/div>\n<div id=\"faq-question-1687261537969\" class=\"rank-math-list-item\">\n<h3 class=\"rank-math-question \">Peut-on gu\u00e9rir la SLA ?<\/h3>\n<div class=\"rank-math-answer \">\n\n<p>Actuellement, il n&rsquo;existe pas de traitement connu de la scl\u00e9rose lat\u00e9rale amyotrophique. Il existe des traitements pour g\u00e9rer les sympt\u00f4mes, ralentir la progression de la maladie et am\u00e9liorer la qualit\u00e9 de vie.<\/p>\n\n<\/div>\n<\/div>\n<div id=\"faq-question-1687261538995\" class=\"rank-math-list-item\">\n<h3 class=\"rank-math-question \">Peut-on pr\u00e9venir la SLA ?<\/h3>\n<div class=\"rank-math-answer \">\n\n<p>Il n&rsquo;existe actuellement aucun moyen connu de pr\u00e9venir le d\u00e9veloppement de la scl\u00e9rose lat\u00e9rale amyotrophique. La cause exacte n&rsquo;est pas encore enti\u00e8rement comprise et est consid\u00e9r\u00e9e comme une combinaison de facteurs g\u00e9n\u00e9tiques et environnementaux. Bien que nous ne puissions pas emp\u00eacher l&rsquo;apparition de la maladie, il existe des mesures que les individus peuvent prendre pour pr\u00e9server leur sant\u00e9 et leur bien-\u00eatre en g\u00e9n\u00e9ral, notamment en adoptant une alimentation saine et en \u00e9vitant les toxines de l&rsquo;environnement.<\/p>\n\n<\/div>\n<\/div>\n<div id=\"faq-question-1687261539994\" class=\"rank-math-list-item\">\n<h3 class=\"rank-math-question \">Les sympt\u00f4mes de la SLA peuvent-ils appara\u00eetre et dispara\u00eetre ?<\/h3>\n<div class=\"rank-math-answer \">\n\n<p>Non, les sympt\u00f4mes n&rsquo;apparaissent et ne disparaissent g\u00e9n\u00e9ralement pas. Elles ont tendance \u00e0 s&rsquo;aggraver progressivement avec le temps.<\/p>\n\n<\/div>\n<\/div>\n<div id=\"faq-question-1687261541811\" class=\"rank-math-list-item\">\n<h3 class=\"rank-math-question \">Quelles sont les personnes les plus expos\u00e9es au risque de SLA ?<\/h3>\n<div class=\"rank-math-answer \">\n\n<p>Les facteurs de risque comprennent l&rsquo;\u00e2ge (g\u00e9n\u00e9ralement entre 40 et 70 ans), le sexe (l\u00e9g\u00e8rement plus fr\u00e9quent chez les hommes), les ant\u00e9c\u00e9dents familiaux de la maladie, certaines mutations g\u00e9n\u00e9tiques et les expositions environnementales potentielles.<\/p>\n\n<\/div>\n<\/div>\n<div id=\"faq-question-1687261540642\" class=\"rank-math-list-item\">\n<h3 class=\"rank-math-question \">Pourquoi la SLA est-elle plus fr\u00e9quente chez les hommes ?<\/h3>\n<div class=\"rank-math-answer \">\n\n<p>La raison pour laquelle la scl\u00e9rose lat\u00e9rale amyotrophique est plus fr\u00e9quente chez les hommes que chez les femmes n&rsquo;est pas enti\u00e8rement comprise. Cependant, plusieurs facteurs peuvent contribuer \u00e0 cette diff\u00e9rence entre les sexes, tels que les diff\u00e9rences hormonales, les facteurs g\u00e9n\u00e9tiques, le mode de vie et les facteurs environnementaux.<\/p>\n\n<\/div>\n<\/div>\n<div id=\"faq-question-1687261543612\" class=\"rank-math-list-item\">\n<h3 class=\"rank-math-question \">La SLA peut-elle \u00eatre h\u00e9r\u00e9ditaire ?<\/h3>\n<div class=\"rank-math-answer \">\n\n<p>Oui, un faible pourcentage des cas de scl\u00e9rose lat\u00e9rale amyotrophique est h\u00e9r\u00e9ditaire. Ce type de scl\u00e9rose est connu sous le nom de scl\u00e9rose lat\u00e9rale amyotrophique familiale. Environ 5 \u00e0 10 % des cas sont familiaux, la majorit\u00e9 \u00e9tant sporadique (non h\u00e9r\u00e9ditaire).<\/p>\n\n<\/div>\n<\/div>\n<div id=\"faq-question-1687261546092\" class=\"rank-math-list-item\">\n<h3 class=\"rank-math-question \">Comment savoir si la SLA est h\u00e9r\u00e9ditaire ?<\/h3>\n<div class=\"rank-math-answer \">\n\n<p>Pour d\u00e9terminer s&rsquo;il s&rsquo;agit d&rsquo;une maladie h\u00e9r\u00e9ditaire, des ant\u00e9c\u00e9dents familiaux importants, un \u00e2ge d&rsquo;apparition pr\u00e9coce et la pr\u00e9sence d&rsquo;une mutation g\u00e9n\u00e9tique connue li\u00e9e \u00e0 la SLA sont des indications. Les tests g\u00e9n\u00e9tiques peuvent fournir des informations plus pr\u00e9cises.<\/p>\n\n<\/div>\n<\/div>\n<div id=\"faq-question-1687261544528\" class=\"rank-math-list-item\">\n<h3 class=\"rank-math-question \">La SLA peut-elle provoquer des crises d&rsquo;\u00e9pilepsie ?<\/h3>\n<div class=\"rank-math-answer \">\n\n<p>Les crises d&rsquo;\u00e9pilepsie ne sont pas un sympt\u00f4me courant de la scl\u00e9rose lat\u00e9rale amyotrophique. Elle affecte principalement les neurones moteurs responsables du contr\u00f4le des mouvements musculaires volontaires. Cela entra\u00eene une faiblesse musculaire, une raideur et, \u00e0 terme, une paralysie.<\/p>\n\n<\/div>\n<\/div>\n<\/div>\n<\/div>\n<p>\u00a0<\/p>\n\n<h3 class=\"wp-block-heading\">Contactez-nous d\u00e8s maintenant si vous avez des questions !<\/h3>\n","protected":false},"excerpt":{"rendered":"<p>Avec MedClinics, vous \u00eates entre de bonnes mains. Il s&rsquo;agit de notre ligne directrice pour le traitement de la SLA. [&hellip;]<\/p>\n","protected":false},"author":4,"featured_media":95522,"parent":0,"menu_order":0,"comment_status":"closed","ping_status":"closed","template":"","meta":{"site-sidebar-layout":"default","site-content-layout":"","ast-site-content-layout":"default","site-content-style":"default","site-sidebar-style":"default","ast-global-header-display":"","ast-banner-title-visibility":"","ast-main-header-display":"","ast-hfb-above-header-display":"","ast-hfb-below-header-display":"","ast-hfb-mobile-header-display":"","site-post-title":"","ast-breadcrumbs-content":"","ast-featured-img":"","footer-sml-layout":"","ast-disable-related-posts":"","theme-transparent-header-meta":"","adv-header-id-meta":"","stick-header-meta":"","header-above-stick-meta":"","header-main-stick-meta":"","header-below-stick-meta":"","astra-migrate-meta-layouts":"default","ast-page-background-enabled":"default","ast-page-background-meta":{"desktop":{"background-color":"var(--ast-global-color-4)","background-image":"","background-repeat":"repeat","background-position":"center center","background-size":"auto","background-attachment":"scroll","background-type":"","background-media":"","overlay-type":"","overlay-color":"","overlay-opacity":"","overlay-gradient":""},"tablet":{"background-color":"","background-image":"","background-repeat":"repeat","background-position":"center center","background-size":"auto","background-attachment":"scroll","background-type":"","background-media":"","overlay-type":"","overlay-color":"","overlay-opacity":"","overlay-gradient":""},"mobile":{"background-color":"","background-image":"","background-repeat":"repeat","background-position":"center center","background-size":"auto","background-attachment":"scroll","background-type":"","background-media":"","overlay-type":"","overlay-color":"","overlay-opacity":"","overlay-gradient":""}},"ast-content-background-meta":{"desktop":{"background-color":"var(--ast-global-color-5)","background-image":"","background-repeat":"repeat","background-position":"center center","background-size":"auto","background-attachment":"scroll","background-type":"","background-media":"","overlay-type":"","overlay-color":"","overlay-opacity":"","overlay-gradient":""},"tablet":{"background-color":"var(--ast-global-color-5)","background-image":"","background-repeat":"repeat","background-position":"center center","background-size":"auto","background-attachment":"scroll","background-type":"","background-media":"","overlay-type":"","overlay-color":"","overlay-opacity":"","overlay-gradient":""},"mobile":{"background-color":"var(--ast-global-color-5)","background-image":"","background-repeat":"repeat","background-position":"center center","background-size":"auto","background-attachment":"scroll","background-type":"","background-media":"","overlay-type":"","overlay-color":"","overlay-opacity":"","overlay-gradient":""}},"footnotes":""},"class_list":["post-147574","page","type-page","status-publish","has-post-thumbnail","hentry"],"_links":{"self":[{"href":"https:\/\/medclinics.com\/fr\/wp-json\/wp\/v2\/pages\/147574","targetHints":{"allow":["GET"]}}],"collection":[{"href":"https:\/\/medclinics.com\/fr\/wp-json\/wp\/v2\/pages"}],"about":[{"href":"https:\/\/medclinics.com\/fr\/wp-json\/wp\/v2\/types\/page"}],"author":[{"embeddable":true,"href":"https:\/\/medclinics.com\/fr\/wp-json\/wp\/v2\/users\/4"}],"replies":[{"embeddable":true,"href":"https:\/\/medclinics.com\/fr\/wp-json\/wp\/v2\/comments?post=147574"}],"version-history":[{"count":0,"href":"https:\/\/medclinics.com\/fr\/wp-json\/wp\/v2\/pages\/147574\/revisions"}],"wp:featuredmedia":[{"embeddable":true,"href":"https:\/\/medclinics.com\/fr\/wp-json\/wp\/v2\/media\/95522"}],"wp:attachment":[{"href":"https:\/\/medclinics.com\/fr\/wp-json\/wp\/v2\/media?parent=147574"}],"curies":[{"name":"wp","href":"https:\/\/api.w.org\/{rel}","templated":true}]}}