{"id":147554,"date":"2023-06-20T11:33:00","date_gmt":"2023-06-20T08:33:00","guid":{"rendered":"https:\/\/medclinics.com\/sclerose-en-plaques-sep\/"},"modified":"2025-01-02T16:59:41","modified_gmt":"2025-01-02T13:59:41","slug":"sclerose-en-plaques-sep","status":"publish","type":"page","link":"https:\/\/medclinics.com\/fr\/sclerose-en-plaques-sep\/","title":{"rendered":"Scl\u00e9rose en plaques (SEP)"},"content":{"rendered":"\n<h2 class=\"wp-block-heading\">Il s&rsquo;agit de notre ligne directrice sur la scl\u00e9rose en plaques. Vous \u00eates au bon endroit pour votre traitement !  <\/h2>\n\n<p>Il s&rsquo;agit d&rsquo;un trouble neurologique chronique affectant le syst\u00e8me nerveux central, notamment le cerveau et la moelle \u00e9pini\u00e8re. Elle survient lorsque le syst\u00e8me immunitaire s&rsquo;attaque par erreur \u00e0 la gaine protectrice des fibres nerveuses appel\u00e9e my\u00e9line. Cela provoque une inflammation et des dommages. Cela perturbe le flux normal des impulsions \u00e9lectriques le long des nerfs, ce qui provoque des sympt\u00f4mes.<\/p>\n\n<p>La cause exacte est inconnue, mais elle implique des combinaisons de facteurs g\u00e9n\u00e9tiques et environnementaux. La <a href=\"https:\/\/en.wikipedia.org\/wiki\/Multiple_sclerosis\" target=\"_blank\" rel=\"noreferrer noopener\">SEP<\/a> peut toucher des personnes de tout \u00e2ge, mais elle est le plus souvent diagnostiqu\u00e9e chez les jeunes adultes.<\/p>\n\n<p>Les sympt\u00f4mes peuvent varier consid\u00e9rablement et comprennent la fatigue, la difficult\u00e9 \u00e0 marcher, la faiblesse ou la raideur musculaire, les probl\u00e8mes de coordination et d&rsquo;\u00e9quilibre, les troubles sensoriels, les changements cognitifs et les troubles \u00e9motionnels. L&rsquo;\u00e9volution est tr\u00e8s variable, certains individus pr\u00e9sentant des sympt\u00f4mes l\u00e9gers tandis que d&rsquo;autres souffrent d&rsquo;un handicap plus grave.<\/p>\n\n<p>Il n&rsquo;existe actuellement aucun rem\u00e8de, mais des traitements et des th\u00e9rapies sont disponibles pour g\u00e9rer les sympt\u00f4mes, ralentir la progression de la maladie et am\u00e9liorer la qualit\u00e9 de vie. Il peut s&rsquo;agir de m\u00e9dicaments destin\u00e9s \u00e0 r\u00e9duire l&rsquo;inflammation, \u00e0 g\u00e9rer les sympt\u00f4mes et \u00e0 modifier l&rsquo;\u00e9volution de la maladie, ainsi que de th\u00e9rapies de r\u00e9adaptation, de changements de mode de vie et de services de soutien. L&rsquo;approche th\u00e9rapeutique est individualis\u00e9e en fonction des besoins et des circonstances propres \u00e0 chaque personne.<\/p>\n\n<p>En tant que MedClinics, nous sommes l\u00e0 pour trouver le meilleur pays pour le traitement de la scl\u00e9rose en plaques. Vous pouvez nous contacter !<\/p>\n\n<h3 class=\"wp-block-heading\">Tout ce que vous devez savoir sur la <a href=\"https:\/\/medclinics.com\/fr\/neurologie\/\" target=\"_blank\" rel=\"noreferrer noopener\">neurologie<\/a>, y compris les options de traitement et le processus de gu\u00e9rison, ou <a href=\"#requestform\">contactez-nous<\/a>!<\/h3>\n\n<h2 class=\"wp-block-heading\">FAQ<\/h2>\n<div id=\"rank-math-faq\" class=\"rank-math-block\">\n<div class=\"rank-math-list \">\n<div id=\"faq-question-1687259361877\" class=\"rank-math-list-item\">\n<h3 class=\"rank-math-question \">Qu&rsquo;est-ce que la scl\u00e9rose en plaques ?<\/h3>\n<div class=\"rank-math-answer \">\n\n<p>Il s&rsquo;agit d&rsquo;une maladie auto-immune chronique affectant le syst\u00e8me nerveux central. Elle provoque une inflammation et une d\u00e9t\u00e9rioration de l&rsquo;enveloppe protectrice des fibres nerveuses, perturbant ainsi la communication normale entre le cerveau et le reste du corps.<\/p>\n\n<\/div>\n<\/div>\n<div id=\"faq-question-1687259487908\" class=\"rank-math-list-item\">\n<h3 class=\"rank-math-question \">Quels sont les sympt\u00f4mes de la SEP ?<\/h3>\n<div class=\"rank-math-answer \">\n\n<p>Fatigue<br \/>Faiblesse musculaire<br \/>Difficult\u00e9s de coordination et d&rsquo;\u00e9quilibre<br \/>Changements sensoriels (engourdissements, picotements ou fourmillements)<br \/>Probl\u00e8mes de vision (vision floue, vision double ou perte de vision)<br \/>Changements cognitifs (probl\u00e8mes de m\u00e9moire, difficult\u00e9s de concentration et d&rsquo;attention)<br \/>Changements \u00e9motionnels (sautes d&rsquo;humeur, d\u00e9pression, anxi\u00e9t\u00e9)<br \/>Dysfonctionnement de l&rsquo;intestin et de la vessie<br \/>Difficult\u00e9s d&rsquo;\u00e9locution<br \/>Dysfonctionnement sexuel<br \/>Douleur (maux de t\u00eate, douleurs faciales ou autres types de douleurs chroniques)<br \/>Sensations de picotement ou de br\u00fblure<br \/>Sensibilit\u00e9 \u00e0 la chaleur (exacerbation des sympt\u00f4mes en cas d&rsquo;exposition \u00e0 la chaleur)<br \/>\u00c9tourdissements ou vertiges<br \/>Tremblements ou mouvements musculaires involontaires<br \/>Difficult\u00e9s de d\u00e9glutition<br \/>D\u00e9mangeaisons ou sensations de picotement<br \/>Faiblesse ou fatigue dans les jambes<br \/>Difficult\u00e9s de motricit\u00e9 fine (\u00e9crire, boutonner une chemise, etc.)<br \/>Syndrome des jambes sans repos<\/p>\n\n<\/div>\n<\/div>\n<div id=\"faq-question-1687259574352\" class=\"rank-math-list-item\">\n<h3 class=\"rank-math-question \">La scl\u00e9rose en plaques est-elle dangereuse ?<\/h3>\n<div class=\"rank-math-answer \">\n\n<p>La scl\u00e9rose en plaques (SEP) est une maladie chronique qui peut avoir des r\u00e9percussions plus ou moins importantes sur la sant\u00e9 et le fonctionnement quotidien d&rsquo;un individu. Bien que la scl\u00e9rose en plaques ne soit pas consid\u00e9r\u00e9e comme une maladie mortelle en soi, elle peut n\u00e9anmoins entra\u00eener des difficult\u00e9s et des complications importantes susceptibles d&rsquo;affecter la qualit\u00e9 de vie d&rsquo;une personne.<\/p>\n\n<\/div>\n<\/div>\n<div id=\"faq-question-1687259680015\" class=\"rank-math-list-item\">\n<h3 class=\"rank-math-question \">Comment la scl\u00e9rose en plaques se d\u00e9clare-t-elle ?<\/h3>\n<div class=\"rank-math-answer \">\n\n<p>La cause exacte de la scl\u00e9rose en plaques (SEP) n&rsquo;est pas encore totalement comprise. On pense qu&rsquo;il s&rsquo;agit d&rsquo;une combinaison de facteurs g\u00e9n\u00e9tiques, environnementaux et immunologiques. L&rsquo;apparition de la SEP peut varier d&rsquo;un individu \u00e0 l&rsquo;autre et commence g\u00e9n\u00e9ralement au d\u00e9but de l&rsquo;\u00e2ge adulte, entre 20 et 40 ans.<\/p>\n\n<\/div>\n<\/div>\n<div id=\"faq-question-1687259752594\" class=\"rank-math-list-item\">\n<h3 class=\"rank-math-question \">La SEP est-elle contagieuse ?<\/h3>\n<div class=\"rank-math-answer \">\n\n<p>Non, la scl\u00e9rose en plaques (SEP) n&rsquo;est pas contagieuse. Il ne peut pas se transmettre d&rsquo;une personne \u00e0 l&rsquo;autre par le biais d&rsquo;un contact, tel que le toucher physique ou le partage d&rsquo;effets personnels.<\/p>\n\n<\/div>\n<\/div>\n<div id=\"faq-question-1687259882091\" class=\"rank-math-list-item\">\n<h3 class=\"rank-math-question \">Comment la scl\u00e9rose en plaques est-elle diagnostiqu\u00e9e ?<\/h3>\n<div class=\"rank-math-answer \">\n\n<p>La scl\u00e9rose en plaques (SEP) est diagnostiqu\u00e9e par une combinaison d&rsquo;ant\u00e9c\u00e9dents m\u00e9dicaux, d&rsquo;examens neurologiques, d&rsquo;imagerie par r\u00e9sonance magn\u00e9tique (IRM) et parfois d&rsquo;analyses du liquide c\u00e9phalorachidien (LCR). Ces tests permettent d&rsquo;identifier les anomalies caract\u00e9ristiques du syst\u00e8me nerveux central qui sont indicatives de la SEP.<\/p>\n\n<\/div>\n<\/div>\n<div id=\"faq-question-1687259882794\" class=\"rank-math-list-item\">\n<h3 class=\"rank-math-question \">La SEP peut-elle vous tuer ?<\/h3>\n<div class=\"rank-math-answer \">\n\n<p>La scl\u00e9rose en plaques (SEP) n&rsquo;est pas consid\u00e9r\u00e9e comme une maladie directement mortelle. Cependant, elle peut entra\u00eener des complications qui augmentent le risque de d\u00e9c\u00e8s. Cependant, avec des soins m\u00e9dicaux et une prise en charge appropri\u00e9s, de nombreuses personnes atteintes de SEP peuvent mener une vie \u00e9panouie.<\/p>\n\n<\/div>\n<\/div>\n<div id=\"faq-question-1687259885117\" class=\"rank-math-list-item\">\n<h3 class=\"rank-math-question \">Comment pr\u00e9venir la scl\u00e9rose en plaques ?<\/h3>\n<div class=\"rank-math-answer \">\n\n<p>Il n&rsquo;existe aucun moyen connu de pr\u00e9venir la scl\u00e9rose en plaques (SEP), car sa cause exacte n&rsquo;est pas claire. Toutefois, le maintien d&rsquo;un mode de vie sain et l&rsquo;absence de tabagisme peuvent contribuer \u00e0 r\u00e9duire le risque ou \u00e0 retarder l&rsquo;apparition de la maladie.<\/p>\n\n<\/div>\n<\/div>\n<div id=\"faq-question-1687259886326\" class=\"rank-math-list-item\">\n<h3 class=\"rank-math-question \">Quelles sont les personnes les plus expos\u00e9es au risque de scl\u00e9rose en plaques ?<\/h3>\n<div class=\"rank-math-answer \">\n\n<p>Certains facteurs peuvent augmenter le risque de d\u00e9velopper une scl\u00e9rose en plaques (SEP), comme le fait d&rsquo;\u00eatre une femme, d&rsquo;avoir des ant\u00e9c\u00e9dents familiaux de SEP, de vivre dans certaines r\u00e9gions g\u00e9ographiques et d&rsquo;\u00eatre d&rsquo;origine nord-europ\u00e9enne. Cependant, la scl\u00e9rose en plaques peut toucher des personnes de tout \u00e2ge, sexe ou origine ethnique et la cause exacte de la maladie n&rsquo;est pas encore \u00e9lucid\u00e9e.<\/p>\n\n<\/div>\n<\/div>\n<div id=\"faq-question-1687259893143\" class=\"rank-math-list-item\">\n<h3 class=\"rank-math-question \">Qu&rsquo;est-ce qui d\u00e9clenche la SEP ?<\/h3>\n<div class=\"rank-math-answer \">\n\n<p>Les causes exactes de la scl\u00e9rose en plaques (SEP) sont inconnues, mais on pense qu&rsquo;elles sont dues \u00e0 une combinaison de facteurs g\u00e9n\u00e9tiques et environnementaux. Des facteurs tels que la r\u00e9ponse auto-immune, la pr\u00e9disposition g\u00e9n\u00e9tique et les influences environnementales telles que les infections virales et la carence en vitamine D ont \u00e9t\u00e9 sugg\u00e9r\u00e9s comme des facteurs potentiels contribuant \u00e0 la scl\u00e9rose en plaques. Toutefois, des recherches suppl\u00e9mentaires sont n\u00e9cessaires pour comprendre pleinement les d\u00e9clencheurs de la maladie.<\/p>\n\n<\/div>\n<\/div>\n<\/div>\n<\/div>\n<p>\u00a0<\/p>\n\n<h3 class=\"wp-block-heading\">Contactez-nous d\u00e8s maintenant si vous avez des questions !<\/h3>\n","protected":false},"excerpt":{"rendered":"<p>Il s&rsquo;agit de notre ligne directrice sur la scl\u00e9rose en plaques. Vous \u00eates au bon endroit pour votre traitement ! [&hellip;]<\/p>\n","protected":false},"author":4,"featured_media":95501,"parent":0,"menu_order":0,"comment_status":"closed","ping_status":"closed","template":"","meta":{"site-sidebar-layout":"default","site-content-layout":"","ast-site-content-layout":"default","site-content-style":"default","site-sidebar-style":"default","ast-global-header-display":"","ast-banner-title-visibility":"","ast-main-header-display":"","ast-hfb-above-header-display":"","ast-hfb-below-header-display":"","ast-hfb-mobile-header-display":"","site-post-title":"","ast-breadcrumbs-content":"","ast-featured-img":"","footer-sml-layout":"","ast-disable-related-posts":"","theme-transparent-header-meta":"","adv-header-id-meta":"","stick-header-meta":"","header-above-stick-meta":"","header-main-stick-meta":"","header-below-stick-meta":"","astra-migrate-meta-layouts":"default","ast-page-background-enabled":"default","ast-page-background-meta":{"desktop":{"background-color":"var(--ast-global-color-4)","background-image":"","background-repeat":"repeat","background-position":"center center","background-size":"auto","background-attachment":"scroll","background-type":"","background-media":"","overlay-type":"","overlay-color":"","overlay-opacity":"","overlay-gradient":""},"tablet":{"background-color":"","background-image":"","background-repeat":"repeat","background-position":"center center","background-size":"auto","background-attachment":"scroll","background-type":"","background-media":"","overlay-type":"","overlay-color":"","overlay-opacity":"","overlay-gradient":""},"mobile":{"background-color":"","background-image":"","background-repeat":"repeat","background-position":"center center","background-size":"auto","background-attachment":"scroll","background-type":"","background-media":"","overlay-type":"","overlay-color":"","overlay-opacity":"","overlay-gradient":""}},"ast-content-background-meta":{"desktop":{"background-color":"var(--ast-global-color-5)","background-image":"","background-repeat":"repeat","background-position":"center center","background-size":"auto","background-attachment":"scroll","background-type":"","background-media":"","overlay-type":"","overlay-color":"","overlay-opacity":"","overlay-gradient":""},"tablet":{"background-color":"var(--ast-global-color-5)","background-image":"","background-repeat":"repeat","background-position":"center center","background-size":"auto","background-attachment":"scroll","background-type":"","background-media":"","overlay-type":"","overlay-color":"","overlay-opacity":"","overlay-gradient":""},"mobile":{"background-color":"var(--ast-global-color-5)","background-image":"","background-repeat":"repeat","background-position":"center center","background-size":"auto","background-attachment":"scroll","background-type":"","background-media":"","overlay-type":"","overlay-color":"","overlay-opacity":"","overlay-gradient":""}},"footnotes":""},"class_list":["post-147554","page","type-page","status-publish","has-post-thumbnail","hentry"],"_links":{"self":[{"href":"https:\/\/medclinics.com\/fr\/wp-json\/wp\/v2\/pages\/147554","targetHints":{"allow":["GET"]}}],"collection":[{"href":"https:\/\/medclinics.com\/fr\/wp-json\/wp\/v2\/pages"}],"about":[{"href":"https:\/\/medclinics.com\/fr\/wp-json\/wp\/v2\/types\/page"}],"author":[{"embeddable":true,"href":"https:\/\/medclinics.com\/fr\/wp-json\/wp\/v2\/users\/4"}],"replies":[{"embeddable":true,"href":"https:\/\/medclinics.com\/fr\/wp-json\/wp\/v2\/comments?post=147554"}],"version-history":[{"count":0,"href":"https:\/\/medclinics.com\/fr\/wp-json\/wp\/v2\/pages\/147554\/revisions"}],"wp:featuredmedia":[{"embeddable":true,"href":"https:\/\/medclinics.com\/fr\/wp-json\/wp\/v2\/media\/95501"}],"wp:attachment":[{"href":"https:\/\/medclinics.com\/fr\/wp-json\/wp\/v2\/media?parent=147554"}],"curies":[{"name":"wp","href":"https:\/\/api.w.org\/{rel}","templated":true}]}}