{"id":147528,"date":"2023-06-19T13:56:25","date_gmt":"2023-06-19T10:56:25","guid":{"rendered":"https:\/\/medclinics.com\/psoriasis-2\/"},"modified":"2025-01-02T19:28:08","modified_gmt":"2025-01-02T16:28:08","slug":"psoriasis-2","status":"publish","type":"page","link":"https:\/\/medclinics.com\/fr\/psoriasis-2\/","title":{"rendered":"Psoriasis"},"content":{"rendered":"\n<h2 class=\"wp-block-heading\">Si vous pensez \u00eatre atteint de psoriasis ou si vous pr\u00e9sentez des sympt\u00f4mes cutan\u00e9s connexes, voici l&rsquo;occasion d&rsquo;obtenir un diagnostic correct et un plan de traitement appropri\u00e9 !<\/h2>\n\n<p>Il s&rsquo;agit d&rsquo;une affection cutan\u00e9e auto-immune chronique qui affecte le cycle de vie des cellules de la peau. Normalement, les cellules de la peau se d\u00e9veloppent en profondeur et remontent \u00e0 la surface au bout de quelques semaines. Dans cette maladie, cependant, ce processus est consid\u00e9rablement acc\u00e9l\u00e9r\u00e9, ce qui entra\u00eene une accumulation rapide de cellules \u00e0 la surface de la peau.<\/p>\n\n<p>La cause exacte n&rsquo;est pas enti\u00e8rement comprise, mais on pense qu&rsquo;elle implique une combinaison de facteurs g\u00e9n\u00e9tiques et environnementaux. Elle n&rsquo;est pas contagieuse. Cela signifie qu&rsquo;il ne peut pas se propager d&rsquo;une personne \u00e0 l&rsquo;autre.<\/p>\n\n<p>La forme la plus courante est le <a href=\"https:\/\/en.wikipedia.org\/wiki\/Psoriasis\" target=\"_blank\" rel=\"noreferrer noopener\">psoriasis<\/a> en plaques, qui se caract\u00e9rise par des plaques de peau rouge couvertes de squames argent\u00e9es. Ces plaques peuvent appara\u00eetre n&rsquo;importe o\u00f9 sur le corps, mais on les trouve g\u00e9n\u00e9ralement sur le cuir chevelu, les coudes, les genoux et le bas du dos. Les autres types de psoriasis sont le psoriasis en gouttes (petites l\u00e9sions ressemblant \u00e0 des taches), le psoriasis invers\u00e9 (affectant les plis cutan\u00e9s), le psoriasis pustuleux (rempli de pus) et le psoriasis \u00e9rythrodermique (inflammation g\u00e9n\u00e9ralis\u00e9e).<\/p>\n\n<p>Elle peut provoquer divers sympt\u00f4mes tels que des d\u00e9mangeaisons, des douleurs et une g\u00eane. Elle peut \u00e9galement avoir un impact significatif sur la qualit\u00e9 de vie d&rsquo;une personne, car elle peut affecter son apparence physique et provoquer une d\u00e9tresse \u00e9motionnelle.<\/p>\n\n<p>Bien qu&rsquo;il n&rsquo;existe pas de traitement curatif, plusieurs options th\u00e9rapeutiques sont disponibles pour g\u00e9rer les sympt\u00f4mes et r\u00e9duire la fr\u00e9quence et la gravit\u00e9 des pouss\u00e9es. Ces traitements peuvent inclure des cr\u00e8mes topiques, des m\u00e9dicaments oraux, une th\u00e9rapie par la lumi\u00e8re (phototh\u00e9rapie) et des m\u00e9dicaments syst\u00e9miques. Le choix du traitement d\u00e9pend du type et de la gravit\u00e9 de la maladie, ainsi que de facteurs et de pr\u00e9f\u00e9rences individuels.<\/p>\n\n<h3 class=\"wp-block-heading\">Tout ce que vous voulez savoir sur la <a href=\"https:\/\/medclinics.com\/fr\/dermatologie\/\" target=\"_blank\" rel=\"noreferrer noopener\">dermatologie<\/a>, <a href=\"#requestform\">contactez-nous<\/a>!<\/h3>\n\n<figure class=\"wp-block-image size-full\"><img fetchpriority=\"high\" decoding=\"async\" width=\"960\" height=\"540\" src=\"https:\/\/medclinics.com\/wp-content\/uploads\/2023\/07\/psoriasis-treatment-near-me.jpg\" alt=\"Traitement du psoriasis pr&#xE8;s de chez moi Istanbul\" class=\"wp-image-97231\" srcset=\"https:\/\/medclinics.com\/wp-content\/uploads\/2023\/07\/psoriasis-treatment-near-me.jpg 960w, https:\/\/medclinics.com\/wp-content\/uploads\/2023\/07\/psoriasis-treatment-near-me-500x281.jpg 500w, https:\/\/medclinics.com\/wp-content\/uploads\/2023\/07\/psoriasis-treatment-near-me-768x432.jpg 768w, https:\/\/medclinics.com\/wp-content\/uploads\/2023\/07\/psoriasis-treatment-near-me-24x14.jpg 24w, https:\/\/medclinics.com\/wp-content\/uploads\/2023\/07\/psoriasis-treatment-near-me-36x20.jpg 36w, https:\/\/medclinics.com\/wp-content\/uploads\/2023\/07\/psoriasis-treatment-near-me-48x27.jpg 48w\" sizes=\"(max-width: 960px) 100vw, 960px\" \/><\/figure>\n\n<h2 class=\"wp-block-heading\">FAQ<\/h2>\n<div id=\"rank-math-faq\" class=\"rank-math-block\">\n<div class=\"rank-math-list \">\n<div id=\"faq-question-1687181319859\" class=\"rank-math-list-item\">\n<h3 class=\"rank-math-question \">Le psoriasis et l&rsquo;ecz\u00e9ma sont-ils li\u00e9s ?<\/h3>\n<div class=\"rank-math-answer \">\n\n<p>Il s&rsquo;agit d&rsquo;affections cutan\u00e9es chroniques qui pr\u00e9sentent certaines similitudes mais aussi des diff\u00e9rences marqu\u00e9es. Le psoriasis est une maladie auto-immune qui se caract\u00e9rise par un renouvellement rapide des cellules de la peau, entra\u00eenant l&rsquo;apparition de plaques \u00e9paisses et squameuses. L&rsquo;ecz\u00e9ma est une r\u00e9action d&rsquo;hypersensibilit\u00e9 du syst\u00e8me immunitaire qui se traduit par une peau s\u00e8che, des d\u00e9mangeaisons et une inflammation. Les approches th\u00e9rapeutiques sont diff\u00e9rentes et, bien qu&rsquo;elles puissent coexister, elles ne sont pas directement li\u00e9es.<\/p>\n\n<\/div>\n<\/div>\n<div id=\"faq-question-1687181325234\" class=\"rank-math-list-item\">\n<h3 class=\"rank-math-question \">Le psoriasis peut-il s&rsquo;\u00e9tendre ?<\/h3>\n<div class=\"rank-math-answer \">\n\n<p>Il ne peut pas se transmettre d&rsquo;une personne \u00e0 l&rsquo;autre.<\/p>\n\n<\/div>\n<\/div>\n<div id=\"faq-question-1687181326503\" class=\"rank-math-list-item\">\n<h3 class=\"rank-math-question \">Le psoriasis s&rsquo;aggrave-t-il avec l&rsquo;\u00e2ge ?<\/h3>\n<div class=\"rank-math-answer \">\n\n<p>Bien qu&rsquo;il ne soit pas certain que le psoriasis \u00e9volue avec l&rsquo;\u00e2ge, certaines personnes peuvent pr\u00e9senter des sympt\u00f4mes qui s&rsquo;aggravent avec le temps.<\/p>\n\n<\/div>\n<\/div>\n<div id=\"faq-question-1687181328212\" class=\"rank-math-list-item\">\n<h3 class=\"rank-math-question \">Le psoriasis peut-il provoquer la chute des cheveux ?<\/h3>\n<div class=\"rank-math-answer \">\n\n<p>Elle peut entra\u00eener une perte de cheveux temporaire dans les zones touch\u00e9es. Mais ce n&rsquo;est pas une cause directe de perte de cheveux permanente ou compl\u00e8te. Lorsqu&rsquo;elle touche le cuir chevelu, elle peut entra\u00eener une desquamation, des rougeurs et des d\u00e9mangeaisons, ce qui peut rendre les cheveux cassants et les faire tomber. Dans certains cas, une perte de cheveux peut survenir dans les zones affect\u00e9es.<\/p>\n\n<\/div>\n<\/div>\n<div id=\"faq-question-1687181329353\" class=\"rank-math-list-item\">\n<h3 class=\"rank-math-question \">Comment le psoriasis est-il caus\u00e9 ?<\/h3>\n<div class=\"rank-math-answer \">\n\n<p>On consid\u00e8re qu&rsquo;elle est caus\u00e9e par une combinaison de facteurs g\u00e9n\u00e9tiques, immunitaires et environnementaux. Une pr\u00e9disposition g\u00e9n\u00e9tique, un dysfonctionnement du syst\u00e8me immunitaire et des facteurs d\u00e9clenchants tels que les infections, les traumatismes, les m\u00e9dicaments, le stress, le tabagisme et la consommation d&rsquo;alcool peuvent contribuer au d\u00e9veloppement et \u00e0 l&rsquo;exacerbation de la maladie.<\/p>\n\n<\/div>\n<\/div>\n<\/div>\n<\/div>\n<p>\u00a0<\/p>\n\n<h3 class=\"wp-block-heading\">Contactez-nous d\u00e8s maintenant si vous avez des questions !<\/h3>\n","protected":false},"excerpt":{"rendered":"<p>Si vous pensez \u00eatre atteint de psoriasis ou si vous pr\u00e9sentez des sympt\u00f4mes cutan\u00e9s connexes, voici l&rsquo;occasion d&rsquo;obtenir un diagnostic [&hellip;]<\/p>\n","protected":false},"author":4,"featured_media":95451,"parent":0,"menu_order":0,"comment_status":"closed","ping_status":"closed","template":"","meta":{"site-sidebar-layout":"default","site-content-layout":"","ast-site-content-layout":"default","site-content-style":"default","site-sidebar-style":"default","ast-global-header-display":"","ast-banner-title-visibility":"","ast-main-header-display":"","ast-hfb-above-header-display":"","ast-hfb-below-header-display":"","ast-hfb-mobile-header-display":"","site-post-title":"","ast-breadcrumbs-content":"","ast-featured-img":"","footer-sml-layout":"","ast-disable-related-posts":"","theme-transparent-header-meta":"","adv-header-id-meta":"","stick-header-meta":"","header-above-stick-meta":"","header-main-stick-meta":"","header-below-stick-meta":"","astra-migrate-meta-layouts":"default","ast-page-background-enabled":"default","ast-page-background-meta":{"desktop":{"background-color":"var(--ast-global-color-4)","background-image":"","background-repeat":"repeat","background-position":"center center","background-size":"auto","background-attachment":"scroll","background-type":"","background-media":"","overlay-type":"","overlay-color":"","overlay-opacity":"","overlay-gradient":""},"tablet":{"background-color":"","background-image":"","background-repeat":"repeat","background-position":"center center","background-size":"auto","background-attachment":"scroll","background-type":"","background-media":"","overlay-type":"","overlay-color":"","overlay-opacity":"","overlay-gradient":""},"mobile":{"background-color":"","background-image":"","background-repeat":"repeat","background-position":"center center","background-size":"auto","background-attachment":"scroll","background-type":"","background-media":"","overlay-type":"","overlay-color":"","overlay-opacity":"","overlay-gradient":""}},"ast-content-background-meta":{"desktop":{"background-color":"var(--ast-global-color-5)","background-image":"","background-repeat":"repeat","background-position":"center center","background-size":"auto","background-attachment":"scroll","background-type":"","background-media":"","overlay-type":"","overlay-color":"","overlay-opacity":"","overlay-gradient":""},"tablet":{"background-color":"var(--ast-global-color-5)","background-image":"","background-repeat":"repeat","background-position":"center center","background-size":"auto","background-attachment":"scroll","background-type":"","background-media":"","overlay-type":"","overlay-color":"","overlay-opacity":"","overlay-gradient":""},"mobile":{"background-color":"var(--ast-global-color-5)","background-image":"","background-repeat":"repeat","background-position":"center center","background-size":"auto","background-attachment":"scroll","background-type":"","background-media":"","overlay-type":"","overlay-color":"","overlay-opacity":"","overlay-gradient":""}},"footnotes":""},"class_list":["post-147528","page","type-page","status-publish","has-post-thumbnail","hentry"],"_links":{"self":[{"href":"https:\/\/medclinics.com\/fr\/wp-json\/wp\/v2\/pages\/147528","targetHints":{"allow":["GET"]}}],"collection":[{"href":"https:\/\/medclinics.com\/fr\/wp-json\/wp\/v2\/pages"}],"about":[{"href":"https:\/\/medclinics.com\/fr\/wp-json\/wp\/v2\/types\/page"}],"author":[{"embeddable":true,"href":"https:\/\/medclinics.com\/fr\/wp-json\/wp\/v2\/users\/4"}],"replies":[{"embeddable":true,"href":"https:\/\/medclinics.com\/fr\/wp-json\/wp\/v2\/comments?post=147528"}],"version-history":[{"count":0,"href":"https:\/\/medclinics.com\/fr\/wp-json\/wp\/v2\/pages\/147528\/revisions"}],"wp:featuredmedia":[{"embeddable":true,"href":"https:\/\/medclinics.com\/fr\/wp-json\/wp\/v2\/media\/95451"}],"wp:attachment":[{"href":"https:\/\/medclinics.com\/fr\/wp-json\/wp\/v2\/media?parent=147528"}],"curies":[{"name":"wp","href":"https:\/\/api.w.org\/{rel}","templated":true}]}}