{"id":147526,"date":"2023-06-19T14:22:26","date_gmt":"2023-06-19T11:22:26","guid":{"rendered":"https:\/\/medclinics.com\/traitement-de-lacne\/"},"modified":"2024-12-29T01:16:31","modified_gmt":"2024-12-28T22:16:31","slug":"traitement-de-lacne","status":"publish","type":"page","link":"https:\/\/medclinics.com\/fr\/traitement-de-lacne\/","title":{"rendered":"Traitement de l&rsquo;acn\u00e9"},"content":{"rendered":"\n<h2 class=\"wp-block-heading\">Si vous souhaitez avoir une peau douce et lisse, le traitement de l&rsquo;acn\u00e9 peut \u00eatre la meilleure option pour vous.<\/h2>\n\n<p>Le traitement de l&rsquo;acn\u00e9 en dermatologie implique une s\u00e9rie d&rsquo;approches en fonction de la gravit\u00e9 et du type d&rsquo;acn\u00e9. Les m\u00e9dicaments topiques tels que les cr\u00e8mes, les gels ou les lotions contenant des ingr\u00e9dients tels que le peroxyde de benzoyle, l&rsquo;acide salicylique, les r\u00e9tino\u00efdes ou les antibiotiques peuvent aider \u00e0 contr\u00f4ler l&rsquo;acn\u00e9 en r\u00e9duisant l&rsquo;inflammation, en ouvrant les pores et en tuant les bact\u00e9ries.<\/p>\n\n<p>Dans les cas plus mod\u00e9r\u00e9s ou plus graves, des m\u00e9dicaments oraux tels que des antibiotiques ou des r\u00e9tino\u00efdes oraux peuvent \u00eatre prescrits. Les dermatologues combinent souvent diff\u00e9rents m\u00e9dicaments topiques ou oraux pour cr\u00e9er un plan de traitement personnalis\u00e9. Pour les femmes souffrant d&rsquo;acn\u00e9 hormonale, un traitement hormonal tel que la pilule contraceptive ou des m\u00e9dicaments anti-androg\u00e8nes peut \u00eatre recommand\u00e9.<\/p>\n\n<p>Des proc\u00e9dures en cabinet telles que les extractions, les <a href=\"https:\/\/medclinics.com\/fr\/peeling-chimique\/\" target=\"_blank\" rel=\"noreferrer noopener\">peelings chimiques<\/a> ou la th\u00e9rapie laser\/lumi\u00e8re peuvent \u00e9galement \u00eatre effectu\u00e9es pour \u00e9liminer l&rsquo;acn\u00e9. En outre, les dermatologues fournissent des conseils sur les routines de soins de la peau, les changements de mode de vie et les pratiques de soins de la peau appropri\u00e9es pour soutenir la gestion de <a href=\"https:\/\/en.wikipedia.org\/wiki\/Acne\" target=\"_blank\" rel=\"noopener\">l&rsquo;acn\u00e9<\/a>. Il est important de consulter un dermatologue pour d\u00e9terminer les options de traitement les plus efficaces pour votre probl\u00e8me d&rsquo;acn\u00e9 sp\u00e9cifique.<\/p>\n\n<h3 class=\"wp-block-heading\">Tout ce que vous devez savoir sur la <a href=\"https:\/\/medclinics.com\/fr\/dermatologie\/\" target=\"_blank\" rel=\"noreferrer noopener\">dermatologie<\/a>, y compris les soins et le processus de gu\u00e9rison, ou <a href=\"#requestform\">contactez-nous<\/a>!<\/h3>\n\n<figure class=\"wp-block-image size-full\"><img fetchpriority=\"high\" decoding=\"async\" width=\"960\" height=\"550\" src=\"https:\/\/medclinics.com\/wp-content\/uploads\/2023\/02\/anti-acne-treatment-in-istanbul-in-turkey.jpg\" alt=\"Traitement de l'acn&#xE9; &#xE0; Istanbul en Turquie\" class=\"wp-image-70302\" srcset=\"https:\/\/medclinics.com\/wp-content\/uploads\/2023\/02\/anti-acne-treatment-in-istanbul-in-turkey.jpg 960w, https:\/\/medclinics.com\/wp-content\/uploads\/2023\/02\/anti-acne-treatment-in-istanbul-in-turkey-300x172.jpg 300w, https:\/\/medclinics.com\/wp-content\/uploads\/2023\/02\/anti-acne-treatment-in-istanbul-in-turkey-280x160.jpg 280w, https:\/\/medclinics.com\/wp-content\/uploads\/2023\/02\/anti-acne-treatment-in-istanbul-in-turkey-768x440.jpg 768w, https:\/\/medclinics.com\/wp-content\/uploads\/2023\/02\/anti-acne-treatment-in-istanbul-in-turkey-600x344.jpg 600w\" sizes=\"(max-width: 960px) 100vw, 960px\" \/><\/figure>\n\n<h2 class=\"wp-block-heading\">FAQ<\/h2>\n<div id=\"rank-math-faq\" class=\"rank-math-block\">\n<div class=\"rank-math-list \">\n<div id=\"faq-question-1687183693010\" class=\"rank-math-list-item\">\n<h3 class=\"rank-math-question \">Le traitement de l&rsquo;acn\u00e9 est-il efficace ?<\/h3>\n<div class=\"rank-math-answer \">\n\n<p>Il peut \u00eatre efficace dans la gestion et l&rsquo;am\u00e9lioration des sympt\u00f4mes de l&rsquo;acn\u00e9 pour de nombreuses personnes.<\/p>\n\n<\/div>\n<\/div>\n<div id=\"faq-question-1687183697713\" class=\"rank-math-list-item\">\n<h3 class=\"rank-math-question \">Quel est le meilleur traitement contre l&rsquo;acn\u00e9 ?<\/h3>\n<div class=\"rank-math-answer \">\n\n<p>Le meilleur traitement de l&rsquo;acn\u00e9 varie d&rsquo;un individu \u00e0 l&rsquo;autre car il d\u00e9pend de facteurs tels que le type et la gravit\u00e9 de l&rsquo;acn\u00e9.<\/p>\n\n<\/div>\n<\/div>\n<div id=\"faq-question-1687183698763\" class=\"rank-math-list-item\">\n<h3 class=\"rank-math-question \">Le traitement de l&rsquo;acn\u00e9 peut-il provoquer la chute des cheveux ?<\/h3>\n<div class=\"rank-math-answer \">\n\n<p>Les traitements contre l&rsquo;acn\u00e9 n&rsquo;ont g\u00e9n\u00e9ralement pas pour effet secondaire direct de provoquer la chute des cheveux. Cependant, les r\u00e9actions individuelles peuvent varier et d&rsquo;autres facteurs peuvent contribuer \u00e0 la perte de cheveux.<\/p>\n\n<\/div>\n<\/div>\n<div id=\"faq-question-1687183699346\" class=\"rank-math-list-item\">\n<h3 class=\"rank-math-question \">Les traitements contre l&rsquo;acn\u00e9 sont-ils efficaces ?<\/h3>\n<div class=\"rank-math-answer \">\n\n<p>Oui, les traitements peuvent \u00eatre efficaces pour g\u00e9rer et am\u00e9liorer les sympt\u00f4mes de l&rsquo;acn\u00e9 chez de nombreuses personnes. L&rsquo;efficacit\u00e9 du traitement varie en fonction de facteurs tels que la gravit\u00e9 de l&rsquo;acn\u00e9, l&rsquo;observance du traitement et la r\u00e9ponse individuelle. Des m\u00e9dicaments en vente libre ou sur ordonnance, associ\u00e9s \u00e0 des soins de la peau appropri\u00e9s et \u00e0 des changements de mode de vie, peuvent aider \u00e0 contr\u00f4ler et \u00e0 r\u00e9duire l&rsquo;acn\u00e9.<\/p>\n\n<\/div>\n<\/div>\n<div id=\"faq-question-1687183700313\" class=\"rank-math-list-item\">\n<h3 class=\"rank-math-question \">Le traitement de l&rsquo;acn\u00e9 est-il permanent ?<\/h3>\n<div class=\"rank-math-answer \">\n\n<p>Le traitement de l&rsquo;acn\u00e9 permet de g\u00e9rer et de contr\u00f4ler avec succ\u00e8s les sympt\u00f4mes de l&rsquo;acn\u00e9, mais ne permet pas toujours une gu\u00e9rison permanente. L&rsquo;objectif est de r\u00e9duire les l\u00e9sions acn\u00e9iques, de pr\u00e9venir l&rsquo;apparition de nouvelles \u00e9ruptions et d&rsquo;am\u00e9liorer l&rsquo;aspect g\u00e9n\u00e9ral de la peau.<\/p>\n\n<\/div>\n<\/div>\n<div id=\"faq-question-1687184093806\" class=\"rank-math-list-item\">\n<h3 class=\"rank-math-question \">Quel traitement contre l&rsquo;acn\u00e9 est sans danger pendant la grossesse ?<\/h3>\n<div class=\"rank-math-answer \">\n\n<p>Pendant la grossesse, il est pr\u00e9f\u00e9rable de consulter un professionnel de la sant\u00e9 pour conna\u00eetre les options les plus s\u00fbres. En g\u00e9n\u00e9ral, les nettoyants doux, les antibiotiques topiques et l&rsquo;acide az\u00e9la\u00efque peuvent \u00eatre consid\u00e9r\u00e9s comme s\u00fbrs. Toutefois, les r\u00e9tino\u00efdes oraux et certains antibiotiques oraux doivent \u00eatre \u00e9vit\u00e9s. Les rem\u00e8des naturels doivent \u00eatre utilis\u00e9s avec prudence et sous la supervision d&rsquo;un professionnel. Il est tr\u00e8s important de donner la priorit\u00e9 \u00e0 la s\u00e9curit\u00e9 de la m\u00e8re et du b\u00e9b\u00e9 lors du choix des traitements contre l&rsquo;acn\u00e9 pendant la grossesse.<\/p>\n\n<\/div>\n<\/div>\n<\/div>\n<\/div>\n<p>\u00a0<\/p>\n\n<h3 class=\"wp-block-heading\">Contactez-nous d\u00e8s maintenant si vous avez des questions !<\/h3>\n","protected":false},"excerpt":{"rendered":"<p>Si vous souhaitez avoir une peau douce et lisse, le traitement de l&rsquo;acn\u00e9 peut \u00eatre la meilleure option pour vous. [&hellip;]<\/p>\n","protected":false},"author":4,"featured_media":95465,"parent":0,"menu_order":0,"comment_status":"closed","ping_status":"closed","template":"","meta":{"site-sidebar-layout":"default","site-content-layout":"","ast-site-content-layout":"default","site-content-style":"default","site-sidebar-style":"default","ast-global-header-display":"","ast-banner-title-visibility":"","ast-main-header-display":"","ast-hfb-above-header-display":"","ast-hfb-below-header-display":"","ast-hfb-mobile-header-display":"","site-post-title":"","ast-breadcrumbs-content":"","ast-featured-img":"","footer-sml-layout":"","ast-disable-related-posts":"","theme-transparent-header-meta":"","adv-header-id-meta":"","stick-header-meta":"","header-above-stick-meta":"","header-main-stick-meta":"","header-below-stick-meta":"","astra-migrate-meta-layouts":"default","ast-page-background-enabled":"default","ast-page-background-meta":{"desktop":{"background-color":"var(--ast-global-color-4)","background-image":"","background-repeat":"repeat","background-position":"center center","background-size":"auto","background-attachment":"scroll","background-type":"","background-media":"","overlay-type":"","overlay-color":"","overlay-opacity":"","overlay-gradient":""},"tablet":{"background-color":"","background-image":"","background-repeat":"repeat","background-position":"center center","background-size":"auto","background-attachment":"scroll","background-type":"","background-media":"","overlay-type":"","overlay-color":"","overlay-opacity":"","overlay-gradient":""},"mobile":{"background-color":"","background-image":"","background-repeat":"repeat","background-position":"center center","background-size":"auto","background-attachment":"scroll","background-type":"","background-media":"","overlay-type":"","overlay-color":"","overlay-opacity":"","overlay-gradient":""}},"ast-content-background-meta":{"desktop":{"background-color":"var(--ast-global-color-5)","background-image":"","background-repeat":"repeat","background-position":"center center","background-size":"auto","background-attachment":"scroll","background-type":"","background-media":"","overlay-type":"","overlay-color":"","overlay-opacity":"","overlay-gradient":""},"tablet":{"background-color":"var(--ast-global-color-5)","background-image":"","background-repeat":"repeat","background-position":"center center","background-size":"auto","background-attachment":"scroll","background-type":"","background-media":"","overlay-type":"","overlay-color":"","overlay-opacity":"","overlay-gradient":""},"mobile":{"background-color":"var(--ast-global-color-5)","background-image":"","background-repeat":"repeat","background-position":"center center","background-size":"auto","background-attachment":"scroll","background-type":"","background-media":"","overlay-type":"","overlay-color":"","overlay-opacity":"","overlay-gradient":""}},"footnotes":""},"class_list":["post-147526","page","type-page","status-publish","has-post-thumbnail","hentry"],"_links":{"self":[{"href":"https:\/\/medclinics.com\/fr\/wp-json\/wp\/v2\/pages\/147526","targetHints":{"allow":["GET"]}}],"collection":[{"href":"https:\/\/medclinics.com\/fr\/wp-json\/wp\/v2\/pages"}],"about":[{"href":"https:\/\/medclinics.com\/fr\/wp-json\/wp\/v2\/types\/page"}],"author":[{"embeddable":true,"href":"https:\/\/medclinics.com\/fr\/wp-json\/wp\/v2\/users\/4"}],"replies":[{"embeddable":true,"href":"https:\/\/medclinics.com\/fr\/wp-json\/wp\/v2\/comments?post=147526"}],"version-history":[{"count":0,"href":"https:\/\/medclinics.com\/fr\/wp-json\/wp\/v2\/pages\/147526\/revisions"}],"wp:featuredmedia":[{"embeddable":true,"href":"https:\/\/medclinics.com\/fr\/wp-json\/wp\/v2\/media\/95465"}],"wp:attachment":[{"href":"https:\/\/medclinics.com\/fr\/wp-json\/wp\/v2\/media?parent=147526"}],"curies":[{"name":"wp","href":"https:\/\/api.w.org\/{rel}","templated":true}]}}