{"id":147522,"date":"2023-06-20T09:07:21","date_gmt":"2023-06-20T06:07:21","guid":{"rendered":"https:\/\/medclinics.com\/maladie-de-parkinson\/"},"modified":"2025-01-02T19:09:28","modified_gmt":"2025-01-02T16:09:28","slug":"maladie-de-parkinson","status":"publish","type":"page","link":"https:\/\/medclinics.com\/fr\/maladie-de-parkinson\/","title":{"rendered":"Maladie de Parkinson"},"content":{"rendered":"\n<h2 class=\"wp-block-heading\">La maladie de Parkinson est un trouble neurologique chronique et progressif qui affecte le contr\u00f4le des mouvements.<\/h2>\n\n<p>Elle doit son nom au Dr James Parkinson, qui l&rsquo;a d\u00e9crite pour la premi\u00e8re fois en 1817. La maladie affecte principalement une r\u00e9gion du cerveau appel\u00e9e substantia nigra. Elle joue un r\u00f4le cl\u00e9 dans la production de dopamine, un messager chimique impliqu\u00e9 dans la coordination des mouvements.<\/p>\n\n<p>Les sympt\u00f4mes caract\u00e9ristiques de la maladie de Parkinson sont les suivants :<\/p>\n\n<ul class=\"wp-block-list\">\n<li>Tremblements : Le tremblement de repos, qui commence g\u00e9n\u00e9ralement dans une main, est un sympt\u00f4me pr\u00e9coce courant de la maladie de Parkinson. Le tremblement se manifeste g\u00e9n\u00e9ralement par un mouvement rythmique de va-et-vient.<\/li>\n\n\n\n<li>Bradykin\u00e9sie : lenteur des mouvements et difficult\u00e9 \u00e0 initier et \u00e0 ex\u00e9cuter des mouvements volontaires. Elle peut entra\u00eener une diminution de la dext\u00e9rit\u00e9, des troubles de l&rsquo;\u00e9locution et une sensation g\u00e9n\u00e9rale de faiblesse.<\/li>\n\n\n\n<li>Raideur musculaire : La maladie de Parkinson peut entra\u00eener une raideur et une rigidit\u00e9 des muscles, ce qui rend les mouvements difficiles.<\/li>\n\n\n\n<li>D\u00e9s\u00e9quilibre postural : Au fur et \u00e0 mesure que la maladie progresse, les personnes atteintes de la maladie de Parkinson peuvent pr\u00e9senter des troubles de l&rsquo;\u00e9quilibre et de la coordination, entra\u00eenant une tendance \u00e0 se baisser, \u00e0 tr\u00e9bucher ou \u00e0 tomber.<\/li>\n<\/ul>\n\n<p>D&rsquo;autres sympt\u00f4mes non moteurs peuvent accompagner la maladie de <a href=\"https:\/\/en.wikipedia.org\/wiki\/Parkinson%27s_disease\" target=\"_blank\" rel=\"noreferrer noopener\">Parkinson<\/a>, notamment des changements cognitifs tels que des troubles de la m\u00e9moire et de la pens\u00e9e, des troubles de l&rsquo;humeur tels que la d\u00e9pression et l&rsquo;anxi\u00e9t\u00e9, des troubles du sommeil et des dysfonctionnements autonomes tels que des modifications de la tension art\u00e9rielle et de la digestion.<\/p>\n\n<p>La cause exacte de la maladie de Parkinson n&rsquo;est pas encore totalement comprise, mais elle implique probablement une combinaison de facteurs g\u00e9n\u00e9tiques et environnementaux. Il n&rsquo;existe actuellement aucun traitement curatif de la maladie de Parkinson, mais divers traitements sont disponibles pour g\u00e9rer les sympt\u00f4mes et am\u00e9liorer la qualit\u00e9 de vie. Ces traitements peuvent inclure des m\u00e9dicaments, la kin\u00e9sith\u00e9rapie, l&rsquo;ergoth\u00e9rapie, l&rsquo;orthophonie et, dans certains cas, la stimulation c\u00e9r\u00e9brale profonde (SCP).<\/p>\n\n<h3 class=\"wp-block-heading\">Tout ce que vous devez savoir sur la <a href=\"https:\/\/medclinics.com\/fr\/neurologie\/\" target=\"_blank\" rel=\"noreferrer noopener\">neurologie<\/a>, y compris le prix, les soins et le processus de gu\u00e9rison, ou <a href=\"#requestform\">contactez-nous<\/a>!<\/h3>\n\n<h2 class=\"wp-block-heading\">FAQ<\/h2>\n<div id=\"rank-math-faq\" class=\"rank-math-block\">\n<div class=\"rank-math-list \">\n<div id=\"faq-question-1687249804418\" class=\"rank-math-list-item\">\n<h3 class=\"rank-math-question \">Qu&rsquo;est-ce que la maladie de Parkinson ?<\/h3>\n<div class=\"rank-math-answer \">\n\n<p>La maladie de Parkinson est une affection neurologique progressive qui affecte le contr\u00f4le des mouvements. Elle se caract\u00e9rise par des sympt\u00f4mes tels que des tremblements, une lenteur des mouvements, une raideur musculaire et des troubles de l&rsquo;\u00e9quilibre.<\/p>\n\n<\/div>\n<\/div>\n<div id=\"faq-question-1687249753800\" class=\"rank-math-list-item\">\n<h3 class=\"rank-math-question \">Quels sont les sympt\u00f4mes de la maladie de Parkinson ?<\/h3>\n<div class=\"rank-math-answer \">\n\n<p><strong>Sympt\u00f4mes moteurs :<\/strong><br \/>Tremblements (tremblements au repos)<br \/>Bradykin\u00e9sie (lenteur des mouvements)<br \/>Rigidit\u00e9 (raideur musculaire)<br \/>Instabilit\u00e9 posturale<br \/>Akin\u00e9sie (difficult\u00e9 \u00e0 initier les mouvements)<br \/><strong>Sympt\u00f4mes non moteurs :<\/strong><br \/>Changements cognitifs (troubles de la m\u00e9moire, de l&rsquo;attention et de la pens\u00e9e)<br \/>Troubles de l&rsquo;humeur (d\u00e9pression, anxi\u00e9t\u00e9, apathie)<br \/>Troubles du sommeil (insomnie, r\u00eaves intenses, somnolence diurne excessive)<br \/>Dysfonctionnement autonome (hypotension orthostatique, constipation, probl\u00e8mes urinaires)<br \/>Sympt\u00f4mes sensoriels (hyposmie, douleur, picotements)<br \/>Difficult\u00e9s d&rsquo;\u00e9locution et de d\u00e9glutition<\/p>\n\n<\/div>\n<\/div>\n<div id=\"faq-question-1687249801192\" class=\"rank-math-list-item\">\n<h3 class=\"rank-math-question \">Qu&rsquo;est-ce qui aggrave la maladie de Parkinson ?<\/h3>\n<div class=\"rank-math-answer \">\n\n<p>Parmi les facteurs susceptibles d&rsquo;aggraver la maladie de Parkinson figurent une gestion inad\u00e9quate des m\u00e9dicaments, des niveaux \u00e9lev\u00e9s de stress, des infections, le manque d&rsquo;exercice, un sommeil insuffisant, d&rsquo;autres probl\u00e8mes de sant\u00e9 et le processus naturel de vieillissement.<\/p>\n\n<\/div>\n<\/div>\n<div id=\"faq-question-1687249805795\" class=\"rank-math-list-item\">\n<h3 class=\"rank-math-question \">La maladie de Parkinson est-elle douloureuse ?<\/h3>\n<div class=\"rank-math-answer \">\n\n<p>La maladie de Parkinson elle-m\u00eame n&rsquo;est pas typiquement associ\u00e9e \u00e0 la douleur en tant que sympt\u00f4me primaire. Cependant, certains patients peuvent ressentir une douleur ou une g\u00eane due \u00e0 des facteurs secondaires ou \u00e0 des conditions associ\u00e9es. Il peut s&rsquo;agir d&rsquo;une raideur et d&rsquo;une rigidit\u00e9 musculaires, qui peuvent entra\u00eener des crampes ou une g\u00eane musculaire. En outre, certains patients atteints de la maladie peuvent d\u00e9velopper des probl\u00e8mes musculo-squelettiques ou ressentir des raideurs articulaires, des changements de posture ou des douleurs li\u00e9es aux chutes.<\/p>\n\n<\/div>\n<\/div>\n<div id=\"faq-question-1687249806594\" class=\"rank-math-list-item\">\n<h3 class=\"rank-math-question \">Peut-on gu\u00e9rir de la maladie de Parkinson ?<\/h3>\n<div class=\"rank-math-answer \">\n\n<p>Il n&rsquo;existe actuellement aucun traitement connu de la maladie de Parkinson. La maladie de Parkinson est une affection neurologique chronique et progressive, ce qui signifie qu&rsquo;elle s&rsquo;aggrave avec le temps. Cependant, plusieurs options th\u00e9rapeutiques sont disponibles pour les personnes atteintes de la maladie de Parkinson et peuvent aider \u00e0 g\u00e9rer les sympt\u00f4mes et \u00e0 am\u00e9liorer la qualit\u00e9 de vie.<\/p>\n\n<\/div>\n<\/div>\n<div id=\"faq-question-1687250166573\" class=\"rank-math-list-item\">\n<h3 class=\"rank-math-question \">La maladie de Parkinson est-elle mortelle ?<\/h3>\n<div class=\"rank-math-answer \">\n\n<p>La maladie de Parkinson elle-m\u00eame n&rsquo;est pas consid\u00e9r\u00e9e comme directement mortelle. Cependant, il s&rsquo;agit d&rsquo;un trouble neurologique progressif qui peut entra\u00eener des complications au fil du temps. Cela peut se traduire par une esp\u00e9rance de vie plus courte. La progression et l&rsquo;impact de la maladie de Parkinson peuvent varier d&rsquo;un individu \u00e0 l&rsquo;autre, et le taux de progression varie \u00e9galement.<\/p>\n\n<\/div>\n<\/div>\n<div id=\"faq-question-1687250315313\" class=\"rank-math-list-item\">\n<h3 class=\"rank-math-question \">Comment la maladie de Parkinson est-elle diagnostiqu\u00e9e ?<\/h3>\n<div class=\"rank-math-answer \">\n\n<p>Le diagnostic de la maladie de Parkinson repose sur une \u00e9valuation compl\u00e8te des ant\u00e9c\u00e9dents m\u00e9dicaux, des sympt\u00f4mes cliniques et de l&rsquo;examen neurologique. Il n&rsquo;existe pas de test sp\u00e9cifique pour le diagnostic et le processus consiste \u00e0 \u00e9liminer les autres causes possibles. Un neurologue ou un sp\u00e9cialiste des troubles du mouvement effectue g\u00e9n\u00e9ralement l&rsquo;\u00e9valuation, qui comprend un historique m\u00e9dical d\u00e9taill\u00e9, un examen neurologique pour \u00e9valuer la fonction motrice et parfois des tests suppl\u00e9mentaires tels que l&rsquo;imagerie c\u00e9r\u00e9brale. La r\u00e9ponse aux m\u00e9dicaments contre la maladie de Parkinson peut \u00e9galement \u00eatre prise en compte dans le diagnostic.<\/p>\n\n<\/div>\n<\/div>\n<div id=\"faq-question-1687250476121\" class=\"rank-math-list-item\">\n<h3 class=\"rank-math-question \">La maladie de Parkinson est-elle h\u00e9r\u00e9ditaire ?<\/h3>\n<div class=\"rank-math-answer \">\n\n<p>La plupart des cas de maladie de Parkinson sont sporadiques et ne sont pas directement h\u00e9rit\u00e9s, mais dans environ 5 \u00e0 10 % des cas, il existe une composante g\u00e9n\u00e9tique. Certaines mutations g\u00e9n\u00e9tiques peuvent augmenter le risque de d\u00e9velopper la maladie de Parkinson, mais les ant\u00e9c\u00e9dents familiaux ne garantissent pas le d\u00e9veloppement de la maladie.<\/p>\n\n<\/div>\n<\/div>\n<div id=\"faq-question-1687250700014\" class=\"rank-math-list-item\">\n<h3 class=\"rank-math-question \">Quelles sont les causes de la maladie de Parkinson ?<\/h3>\n<div class=\"rank-math-answer \">\n\n<p>La cause exacte de la maladie de Parkinson n&rsquo;est pas enti\u00e8rement comprise, mais on pense qu&rsquo;elle implique une combinaison de facteurs g\u00e9n\u00e9tiques et environnementaux. Des mutations g\u00e9n\u00e9tiques et l&rsquo;exposition \u00e0 certains facteurs environnementaux peuvent contribuer au d\u00e9veloppement de la maladie.<\/p>\n\n<\/div>\n<\/div>\n<div id=\"faq-question-1687250701001\" class=\"rank-math-list-item\">\n<h3 class=\"rank-math-question \">Quels sont les aliments riches en dopamine pour la maladie de Parkinson ?<\/h3>\n<div class=\"rank-math-answer \">\n\n<p>Les aliments susceptibles de favoriser la production de dopamine et la sant\u00e9 du cerveau comprennent les aliments riches en prot\u00e9ines (par exemple, les viandes maigres, la volaille, le poisson, les \u0153ufs), les fruits et les l\u00e9gumes (en particulier ceux qui sont riches en antioxydants), les noix et les graines, le chocolat noir et le th\u00e9 vert.<\/p>\n\n<\/div>\n<\/div>\n<\/div>\n<\/div>\n<p>\u00a0<\/p>\n\n<h3 class=\"wp-block-heading\">Contactez-nous d\u00e8s maintenant si vous avez des questions !<\/h3>\n","protected":false},"excerpt":{"rendered":"<p>La maladie de Parkinson est un trouble neurologique chronique et progressif qui affecte le contr\u00f4le des mouvements. Elle doit son [&hellip;]<\/p>\n","protected":false},"author":4,"featured_media":95435,"parent":0,"menu_order":0,"comment_status":"closed","ping_status":"closed","template":"","meta":{"site-sidebar-layout":"default","site-content-layout":"","ast-site-content-layout":"default","site-content-style":"default","site-sidebar-style":"default","ast-global-header-display":"","ast-banner-title-visibility":"","ast-main-header-display":"","ast-hfb-above-header-display":"","ast-hfb-below-header-display":"","ast-hfb-mobile-header-display":"","site-post-title":"","ast-breadcrumbs-content":"","ast-featured-img":"","footer-sml-layout":"","ast-disable-related-posts":"","theme-transparent-header-meta":"","adv-header-id-meta":"","stick-header-meta":"","header-above-stick-meta":"","header-main-stick-meta":"","header-below-stick-meta":"","astra-migrate-meta-layouts":"default","ast-page-background-enabled":"default","ast-page-background-meta":{"desktop":{"background-color":"var(--ast-global-color-4)","background-image":"","background-repeat":"repeat","background-position":"center center","background-size":"auto","background-attachment":"scroll","background-type":"","background-media":"","overlay-type":"","overlay-color":"","overlay-opacity":"","overlay-gradient":""},"tablet":{"background-color":"","background-image":"","background-repeat":"repeat","background-position":"center center","background-size":"auto","background-attachment":"scroll","background-type":"","background-media":"","overlay-type":"","overlay-color":"","overlay-opacity":"","overlay-gradient":""},"mobile":{"background-color":"","background-image":"","background-repeat":"repeat","background-position":"center center","background-size":"auto","background-attachment":"scroll","background-type":"","background-media":"","overlay-type":"","overlay-color":"","overlay-opacity":"","overlay-gradient":""}},"ast-content-background-meta":{"desktop":{"background-color":"var(--ast-global-color-5)","background-image":"","background-repeat":"repeat","background-position":"center center","background-size":"auto","background-attachment":"scroll","background-type":"","background-media":"","overlay-type":"","overlay-color":"","overlay-opacity":"","overlay-gradient":""},"tablet":{"background-color":"var(--ast-global-color-5)","background-image":"","background-repeat":"repeat","background-position":"center center","background-size":"auto","background-attachment":"scroll","background-type":"","background-media":"","overlay-type":"","overlay-color":"","overlay-opacity":"","overlay-gradient":""},"mobile":{"background-color":"var(--ast-global-color-5)","background-image":"","background-repeat":"repeat","background-position":"center center","background-size":"auto","background-attachment":"scroll","background-type":"","background-media":"","overlay-type":"","overlay-color":"","overlay-opacity":"","overlay-gradient":""}},"footnotes":""},"class_list":["post-147522","page","type-page","status-publish","has-post-thumbnail","hentry"],"_links":{"self":[{"href":"https:\/\/medclinics.com\/fr\/wp-json\/wp\/v2\/pages\/147522","targetHints":{"allow":["GET"]}}],"collection":[{"href":"https:\/\/medclinics.com\/fr\/wp-json\/wp\/v2\/pages"}],"about":[{"href":"https:\/\/medclinics.com\/fr\/wp-json\/wp\/v2\/types\/page"}],"author":[{"embeddable":true,"href":"https:\/\/medclinics.com\/fr\/wp-json\/wp\/v2\/users\/4"}],"replies":[{"embeddable":true,"href":"https:\/\/medclinics.com\/fr\/wp-json\/wp\/v2\/comments?post=147522"}],"version-history":[{"count":0,"href":"https:\/\/medclinics.com\/fr\/wp-json\/wp\/v2\/pages\/147522\/revisions"}],"wp:featuredmedia":[{"embeddable":true,"href":"https:\/\/medclinics.com\/fr\/wp-json\/wp\/v2\/media\/95435"}],"wp:attachment":[{"href":"https:\/\/medclinics.com\/fr\/wp-json\/wp\/v2\/media?parent=147522"}],"curies":[{"name":"wp","href":"https:\/\/api.w.org\/{rel}","templated":true}]}}