{"id":147484,"date":"2023-06-25T10:49:44","date_gmt":"2023-06-25T07:49:44","guid":{"rendered":"https:\/\/medclinics.com\/contactez-nous-des-maintenant\/"},"modified":"2024-04-01T12:15:27","modified_gmt":"2024-04-01T09:15:27","slug":"contactez-nous-des-maintenant","status":"publish","type":"page","link":"https:\/\/medclinics.com\/fr\/contactez-nous-des-maintenant\/","title":{"rendered":"Contactez-nous d\u00e8s maintenant !"},"content":{"rendered":"\n<h2 class=\"wp-block-heading\">Remplissez le formulaire pour obtenir une offre personnalis\u00e9e !<\/h2>\n\n<h3 class=\"wp-block-heading\"><strong>MedClinics se fera un plaisir de vous guider tout au long du processus.<\/strong><\/h3>\n\n<p>Avec MedClinics, vous trouverez la meilleure solution de traitement et de beaut\u00e9 pour vous. Nous vous expliquerons tous les d\u00e9tails et vous aiderons \u00e0 trouver la clinique la plus adapt\u00e9e \u00e0 vos besoins sp\u00e9cifiques.<\/p>\n\n<div class=\"wp-block-columns is-layout-flex wp-container-core-columns-is-layout-28f84493 wp-block-columns-is-layout-flex\">\n<div class=\"wp-block-column is-layout-flow wp-block-column-is-layout-flow\">\n<h4 class=\"wp-block-heading\" style=\"font-size:28px\"><strong>MedClinics propose des traitements de qualit\u00e9 \u00e0 des prix abordables !  <\/strong><\/h4>\n\n\n\n<h4 class=\"wp-block-heading\" style=\"font-size:28px\"><strong>N&rsquo;h\u00e9sitez pas \u00e0 nous contacter pour une consultation d\u00e9taill\u00e9e !<\/strong><\/h4>\n<\/div>\n\n\n\n<div class=\"wp-block-column is-layout-flow wp-block-column-is-layout-flow\">\n<figure class=\"wp-block-image size-thumbnail\"><img fetchpriority=\"high\" decoding=\"async\" width=\"397\" height=\"373\" src=\"https:\/\/medclinics.com\/wp-content\/uploads\/2023\/04\/find-a-doctor-trans-1.png\" alt=\"formulaire de demande, appel &#xE0; l'action\" class=\"wp-image-77770\" srcset=\"https:\/\/medclinics.com\/wp-content\/uploads\/2023\/04\/find-a-doctor-trans-1.png 397w, https:\/\/medclinics.com\/wp-content\/uploads\/2023\/04\/find-a-doctor-trans-1-24x24.png 24w, https:\/\/medclinics.com\/wp-content\/uploads\/2023\/04\/find-a-doctor-trans-1-36x34.png 36w, https:\/\/medclinics.com\/wp-content\/uploads\/2023\/04\/find-a-doctor-trans-1-48x45.png 48w\" sizes=\"(max-width: 397px) 100vw, 397px\" \/><\/figure>\n<\/div>\n<\/div>\n","protected":false},"excerpt":{"rendered":"<p>Remplissez le formulaire pour obtenir une offre personnalis\u00e9e ! MedClinics se fera un plaisir de vous guider tout au long [&hellip;]<\/p>\n","protected":false},"author":4,"featured_media":53293,"parent":0,"menu_order":0,"comment_status":"closed","ping_status":"closed","template":"","meta":{"site-sidebar-layout":"default","site-content-layout":"","ast-site-content-layout":"default","site-content-style":"default","site-sidebar-style":"default","ast-global-header-display":"","ast-banner-title-visibility":"","ast-main-header-display":"","ast-hfb-above-header-display":"","ast-hfb-below-header-display":"","ast-hfb-mobile-header-display":"","site-post-title":"","ast-breadcrumbs-content":"","ast-featured-img":"","footer-sml-layout":"","ast-disable-related-posts":"","theme-transparent-header-meta":"","adv-header-id-meta":"","stick-header-meta":"","header-above-stick-meta":"","header-main-stick-meta":"","header-below-stick-meta":"","astra-migrate-meta-layouts":"default","ast-page-background-enabled":"default","ast-page-background-meta":{"desktop":{"background-color":"var(--ast-global-color-4)","background-image":"","background-repeat":"repeat","background-position":"center center","background-size":"auto","background-attachment":"scroll","background-type":"","background-media":"","overlay-type":"","overlay-color":"","overlay-opacity":"","overlay-gradient":""},"tablet":{"background-color":"","background-image":"","background-repeat":"repeat","background-position":"center center","background-size":"auto","background-attachment":"scroll","background-type":"","background-media":"","overlay-type":"","overlay-color":"","overlay-opacity":"","overlay-gradient":""},"mobile":{"background-color":"","background-image":"","background-repeat":"repeat","background-position":"center center","background-size":"auto","background-attachment":"scroll","background-type":"","background-media":"","overlay-type":"","overlay-color":"","overlay-opacity":"","overlay-gradient":""}},"ast-content-background-meta":{"desktop":{"background-color":"var(--ast-global-color-5)","background-image":"","background-repeat":"repeat","background-position":"center center","background-size":"auto","background-attachment":"scroll","background-type":"","background-media":"","overlay-type":"","overlay-color":"","overlay-opacity":"","overlay-gradient":""},"tablet":{"background-color":"var(--ast-global-color-5)","background-image":"","background-repeat":"repeat","background-position":"center center","background-size":"auto","background-attachment":"scroll","background-type":"","background-media":"","overlay-type":"","overlay-color":"","overlay-opacity":"","overlay-gradient":""},"mobile":{"background-color":"var(--ast-global-color-5)","background-image":"","background-repeat":"repeat","background-position":"center center","background-size":"auto","background-attachment":"scroll","background-type":"","background-media":"","overlay-type":"","overlay-color":"","overlay-opacity":"","overlay-gradient":""}},"footnotes":""},"class_list":["post-147484","page","type-page","status-publish","has-post-thumbnail","hentry"],"_links":{"self":[{"href":"https:\/\/medclinics.com\/fr\/wp-json\/wp\/v2\/pages\/147484","targetHints":{"allow":["GET"]}}],"collection":[{"href":"https:\/\/medclinics.com\/fr\/wp-json\/wp\/v2\/pages"}],"about":[{"href":"https:\/\/medclinics.com\/fr\/wp-json\/wp\/v2\/types\/page"}],"author":[{"embeddable":true,"href":"https:\/\/medclinics.com\/fr\/wp-json\/wp\/v2\/users\/4"}],"replies":[{"embeddable":true,"href":"https:\/\/medclinics.com\/fr\/wp-json\/wp\/v2\/comments?post=147484"}],"version-history":[{"count":0,"href":"https:\/\/medclinics.com\/fr\/wp-json\/wp\/v2\/pages\/147484\/revisions"}],"wp:featuredmedia":[{"embeddable":true,"href":"https:\/\/medclinics.com\/fr\/wp-json\/wp\/v2\/media\/53293"}],"wp:attachment":[{"href":"https:\/\/medclinics.com\/fr\/wp-json\/wp\/v2\/media?parent=147484"}],"curies":[{"name":"wp","href":"https:\/\/api.w.org\/{rel}","templated":true}]}}