{"id":147478,"date":"2023-06-23T14:18:34","date_gmt":"2023-06-23T14:18:34","guid":{"rendered":"https:\/\/medclinics.com\/esthetique-genitale-a-istanbul-turquie-meilleures-cliniques-prix-et-chirurgiens\/"},"modified":"2024-03-15T22:17:57","modified_gmt":"2024-03-15T22:17:57","slug":"esthetique-genitale-a-istanbul-turquie-meilleures-cliniques-prix-et-chirurgiens","status":"publish","type":"page","link":"https:\/\/medclinics.com\/fr\/esthetique-genitale-a-istanbul-turquie-meilleures-cliniques-prix-et-chirurgiens\/","title":{"rendered":"Esth\u00e9tique g\u00e9nitale \u00e0 Istanbul, Turquie | Meilleures cliniques, prix et chirurgiens"},"content":{"rendered":"\n<p><strong>Les gens pr\u00e9f\u00e8rent l&rsquo;esth\u00e9tique g\u00e9nitale pour soulager l&rsquo;inconfort physique, augmenter la satisfaction sexuelle, rajeunir apr\u00e8s la naissance ou le vieillissement, et corriger des conditions cong\u00e9nitales.<\/strong><\/p>\n\n<h2 class=\"wp-block-heading\" id=\"most-popular-clinics-for-genital-aesthetics\">Cliniques les plus populaires pour Genital Aesthetics<\/h2>\n\n<p><\/p>\n\n<p><strong>Istanbul est connue comme un endroit populaire et r\u00e9put\u00e9 pour les proc\u00e9dures d&rsquo;esth\u00e9tique g\u00e9nitale.<\/strong><\/p>\n\n<p>Istanbul est reconnue pour son industrie du tourisme m\u00e9dical. La ville attire des patients du monde entier \u00e0 la recherche de services de sant\u00e9 de qualit\u00e9 et abordables. Elle offre une combinaison de soins m\u00e9dicaux de qualit\u00e9, de prix comp\u00e9titifs et la possibilit\u00e9 d&rsquo;explorer son riche patrimoine culturel et ses attractions touristiques.<\/p>\n\n<p>Lisez ici tout ce que vous devez savoir sur l&rsquo;esth\u00e9tique g\u00e9nitale \u00e0 Istanbul. Pour am\u00e9liorer la confiance en soi, rem\u00e9dier \u00e0 l&rsquo;inconfort physique, rajeunir apr\u00e8s l&rsquo;accouchement ou le vieillissement, et corriger des affections cong\u00e9nitales, ces traitements peuvent \u00eatre les solutions id\u00e9ales pour vous.<\/p>\n\n<p><strong>C&rsquo;est parti !<\/strong><\/p>\n\n<p><strong>Si vous avez des questions sur les prix ou autres, <a href=\"#contact\" target=\"_blank\" rel=\"noreferrer noopener\">contactez-nous<\/a>! Nous nous r\u00e9jouissons de votre appel !<\/strong><\/p>\n\n<div class=\"wp-block-rank-math-toc-block\" id=\"rank-math-toc\"><h2>Table des mati\u00e8res<\/h2><nav><ul><li><a href=\"#most-popular-clinics-for-genital-aesthetics\">Cliniques les plus populaires pour Genital Aesthetics<\/a><\/li><li><a href=\"#before-after\">Avant et apr\u00e8s  <\/a><\/li><li><a href=\"#so-what-is\">Qu&rsquo;est-ce que c&rsquo;est ?<\/a><\/li><li><a href=\"#types-of-lipofilling\">Types de lipofilling<\/a><\/li><li><a href=\"#treatment-plan\">Plan de traitement<\/a><\/li><li><a href=\"#aftercare-healing-process\">Suivi et processus de gu\u00e9rison<\/a><\/li><li><a href=\"#faq\">FAQ<\/a><\/li><\/ul><\/nav><\/div>\n\n<h2 class=\"wp-block-heading\" id=\"before-after\">Avant et apr\u00e8s  <\/h2>\n\n<p><\/p>\n\n<h2 class=\"wp-block-heading\" id=\"so-what-is\">Qu&rsquo;est-ce que c&rsquo;est ?<\/h2>\n\n<ul class=\"wp-block-list\">\n<li>L&rsquo;esth\u00e9tique g\u00e9nitale est connue sous le nom de chirurgie g\u00e9nitale cosm\u00e9tique ou esth\u00e9tique. Elle comprend des proc\u00e9dures ou des traitements chirurgicaux visant \u00e0 am\u00e9liorer l&rsquo;apparence et la fonction de la zone g\u00e9nitale.<\/li>\n\n\n\n<li>Ces proc\u00e9dures peuvent \u00eatre pratiqu\u00e9es sur les hommes comme sur les femmes.<\/li>\n<\/ul>\n\n<h2 class=\"wp-block-heading\" id=\"types-of-lipofilling\">Types de lipofilling<\/h2>\n<div class=\"jet-listing-grid--blocks   jet-sm-gb-wrapper jet-sm-gb-532d40b0-de67-4ead-84cd-3de7c85a7237\"data-element-id=\"532d40b0-de67-4ead-84cd-3de7c85a7237\"data-listing-type=\"blocks\"data-is-block=\"jet-engine\/listing-grid\"><div class=\"jet-listing-notice\">Please select listing to show.<\/div><\/div>\n<h2 class=\"wp-block-heading\" id=\"treatment-plan\">Plan de traitement<\/h2>\n<div id=\"rank-math-faq\" class=\"rank-math-block\">\n<div class=\"rank-math-list \">\n<div id=\"faq-question-1686207209558\" class=\"rank-math-list-item\">\n<h3 class=\"rank-math-question \">1. Jour<\/h3>\n<div class=\"rank-math-answer \">\n\n<p>R\u00e9union de consultation m\u00e9dicale<br \/>Examen complet des fesses et des zones de BBL<br \/>Recommandations finales sur lu0027intervention chirurgicale et le type de r\u00e9paration \u00e0 effectuer.<br \/>Apr\u00e8s minuit, vous ne devez rien manger ni boire.<\/p>\n\n<\/div>\n<\/div>\n<div id=\"faq-question-1686207429134\" class=\"rank-math-list-item\">\n<h3 class=\"rank-math-question \">2. Jour<\/h3>\n<div class=\"rank-math-answer \">\n\n<p>Vous allez faire la prise de sang, vous devez donc \u00eatre hongrois<br \/>Lorsque les r\u00e9sultats de la prise de sang sont pr\u00eats, consultez \u00e0 nouveau votre m\u00e9decin<br \/>Maintenant, vous \u00eates pr\u00eat pour lu0027op\u00e9ration, elle dure 2-4 heures<br \/>Vous serez transf\u00e9r\u00e9 dans votre chambre priv\u00e9e \u00e0 lu0027h\u00f4pital apr\u00e8s la p\u00e9riode de r\u00e9veil<br \/>Vous passerez une nuit \u00e0 lu0027h\u00f4pital sous surveillance m\u00e9dicale en raison de lu0027anesth\u00e9sie g\u00e9n\u00e9rale,<\/p>\n\n<\/div>\n<\/div>\n<div id=\"faq-question-1686207904167\" class=\"rank-math-list-item\">\n<h3 class=\"rank-math-question \">3. Jour<\/h3>\n<div class=\"rank-math-answer \">\n\n<p>Consultez votre m\u00e9decin traitant<br \/>Gestion postop\u00e9ratoire<br \/>Le drainage est termin\u00e9<br \/>Information sur ce \u00e0 quoi vous devez vous consacrer les jours suivants<br \/>Apr\u00e8s cela, vous quitterez la clinique, retournerez \u00e0 votre h\u00f4tel et vous reposerez.<br \/>Nous vous conseillons vivement de prendre les m\u00e9dicaments que votre m\u00e9decin vous prescrira comme indiqu\u00e9 afin du0027\u00e9viter tout d\u00e9sagr\u00e9ment.<\/p>\n\n<\/div>\n<\/div>\n<div id=\"faq-question-1686208246152\" class=\"rank-math-list-item\">\n<h3 class=\"rank-math-question \">4. Jour<\/h3>\n<div class=\"rank-math-answer \">\n\n<p>Vous pouvez explorer les sites historiques fascinants du0027Istanbul, si vous vous en sentez capable.<\/p>\n\n<\/div>\n<\/div>\n<div id=\"faq-question-1686208261751\" class=\"rank-math-list-item\">\n<h3 class=\"rank-math-question \">5. Jour<\/h3>\n<div class=\"rank-math-answer \">\n\n<p>D\u00e9lai de contr\u00f4le \u00e0 lu0027h\u00f4pital<br \/>Analyse approfondie du site chirurgical<\/p>\n\n<\/div>\n<\/div>\n<div id=\"faq-question-1686208331682\" class=\"rank-math-list-item\">\n<h3 class=\"rank-math-question \"><strong>6. Day<\/strong><\/h3>\n<div class=\"rank-math-answer \">\n\n<p>Contr\u00f4le final avec votre m\u00e9decin<\/p>\n\n<\/div>\n<\/div>\n<\/div>\n<\/div>\n<figure class=\"wp-block-image size-full\"><img decoding=\"async\" src=\"https:\/\/medclinics.com\/wp-content\/uploads\/2023\/03\/laser-lipolysis.jpg\" alt=\"lipolyse laser &#xE0; istanbul en turquie\" class=\"wp-image-23142\"\/><\/figure>\n\n<h3 class=\"wp-block-heading\" id=\"lipofilling-is-for\">Le lipofilling est destin\u00e9 \u00e0 :<\/h3>\n\n<ul class=\"wp-block-list\">\n<li>qui souhaitent augmenter le volume et la proportion de leurs fesses.<\/li>\n\n\n\n<li>qui ont une accumulation de graisse suffisante dans d&rsquo;autres parties du corps pouvant \u00eatre utilis\u00e9e pour une greffe de graisse.<\/li>\n\n\n\n<li>\u00eatre en bonne sant\u00e9 g\u00e9n\u00e9rale et ne pas avoir de probl\u00e8mes de sant\u00e9 susceptibles de pr\u00e9senter un risque pendant l&rsquo;intervention ou le processus de r\u00e9tablissement.<\/li>\n\n\n\n<li>qui ont des attentes r\u00e9alistes quant aux r\u00e9sultats de la proc\u00e9dure.<\/li>\n\n\n\n<li>qui souhaitent combler les parties creuses de leur visage.<\/li>\n<\/ul>\n\n<h3 class=\"wp-block-heading\" id=\"lipofilling-duration\">Lipofilling Dur\u00e9e :<\/h3>\n\n<ul class=\"wp-block-list\">\n<li>Cela d\u00e9pend de la zone d&rsquo;application, mais il faut g\u00e9n\u00e9ralement compter entre 1 et 6 heures pour le transfert de graisse par liposuccion.<\/li>\n\n\n\n<li>Vous devez passer une nuit \u00e0 l&rsquo;h\u00f4pital et pr\u00e9voir 5 \u00e0 7 jours pour le lipofilling complet.<\/li>\n<\/ul>\n\n<h3 class=\"wp-block-heading\" id=\"lipofilling-recovery-timeline\">D\u00e9lai de r\u00e9tablissement du lipofilling :<\/h3>\n\n<p><strong>BBL<\/strong><\/p>\n\n<ul class=\"wp-block-list\">\n<li>Une nuit \u00e0 l&rsquo;h\u00f4pital.<\/li>\n\n\n\n<li>Maximum de six jours \u00e0 l&rsquo;h\u00f4tel.<\/li>\n\n\n\n<li>Apr\u00e8s une semaine, vous pouvez reprendre des activit\u00e9s mineures.<\/li>\n\n\n\n<li>Pendant environ deux semaines, \u00e9vitez de vous asseoir ou de vous coucher directement sur vos fesses.<\/li>\n\n\n\n<li>Apr\u00e8s 10 \u00e0 14 jours, reprenez votre travail.<\/li>\n\n\n\n<li>Apr\u00e8s environ 8 semaines, revenez \u00e0 une position assise et couch\u00e9e normale.<\/li>\n\n\n\n<li>Les ecchymoses et les gonflements disparaissent g\u00e9n\u00e9ralement au bout de deux semaines, mais ils peuvent durer jusqu&rsquo;\u00e0 trois mois.<\/li>\n\n\n\n<li>Pendant 6 semaines, les r\u00e9gions des fesses et de la liposuccion sont recouvertes d&rsquo;un v\u00eatement de compression.<\/li>\n<\/ul>\n\n<p><strong>Seins<\/strong><\/p>\n\n<ul class=\"wp-block-list\">\n<li>Apr\u00e8s environ deux ou trois jours, vous pouvez reprendre vos activit\u00e9s habituelles.<\/li>\n\n\n\n<li>Environ une semaine apr\u00e8s l&rsquo;op\u00e9ration, recommencez \u00e0 faire de petits exercices.<\/li>\n\n\n\n<li>Pendant six semaines, s&rsquo;abstenir de tout exercice a\u00e9robique.<\/li>\n<\/ul>\n\n<p><strong>Visage<\/strong><\/p>\n\n<ul class=\"wp-block-list\">\n<li>Le gonflement diminue au bout d&rsquo;environ deux semaines et les r\u00e9sultats commencent \u00e0 appara\u00eetre au bout d&rsquo;environ trois semaines.<\/li>\n<\/ul>\n\n<h3 class=\"wp-block-heading\" id=\"possible-risks-for-lipofilling\">Risques possibles du lipofilling :<\/h3>\n\n<ul class=\"wp-block-list\">\n<li>Formation d&rsquo;h\u00e9matomes<\/li>\n\n\n\n<li>Formation de s\u00e9romes<\/li>\n\n\n\n<li>Embolie graisseuse<\/li>\n\n\n\n<li>Mauvaise cicatrisation des plaies<\/li>\n\n\n\n<li>N\u00e9crose cutan\u00e9e<\/li>\n\n\n\n<li>Cicatrisation<\/li>\n\n\n\n<li>Changements dans la sensation de la peau<\/li>\n\n\n\n<li>Irr\u00e9gularit\u00e9s ou asym\u00e9trie dans la zone trait\u00e9e<\/li>\n\n\n\n<li>R\u00e9absorption des graisses ou perte de volume au fil du temps<\/li>\n\n\n\n<li>D\u00e9formations des contours<\/li>\n<\/ul>\n\n<h2 class=\"wp-block-heading\" id=\"aftercare-healing-process\">Suivi et processus de gu\u00e9rison<\/h2>\n<div id=\"rank-math-faq\" class=\"rank-math-block\">\n<div class=\"rank-math-list \">\n<div id=\"faq-question-1686209188314\" class=\"rank-math-list-item\">\n<h3 class=\"rank-math-question \">Soins apr\u00e8s le lipofilling  <\/h3>\n<div class=\"rank-math-answer \">\n\n<p>Tout au long de la premi\u00e8re ann\u00e9e suivant votre op\u00e9ration, nos sp\u00e9cialistes m\u00e9dicaux prendront soin de vous.<br \/> Vous pouvez contacter notre \u00e9quipe \u00e0 tout moment, de jour comme de nuit, pour obtenir de lu0027aide ou poser des questions. 2 semaines, 2 mois, 6 mois et 1 an apr\u00e8s lu0027intervention, nous vous demanderons de nous fournir des images pour v\u00e9rifier le processus de cicatrisation.<\/p>\n\n<\/div>\n<\/div>\n<div id=\"faq-question-1686209278273\" class=\"rank-math-list-item\">\n<h3 class=\"rank-math-question \">Processus de gu\u00e9rison du lipofilling<\/h3>\n<div class=\"rank-math-answer \">\n\n<p><strong>BBL<\/strong>:<br \/>La plupart des patients peuvent reprendre leur travail et leur mode de vie normal dans les 1 \u00e0 2 semaines qui suivent lu0027op\u00e9ration.<br \/>Dans les premiers jours qui suivent lu0027intervention, on observe un gonflement notable, des douleurs au niveau des fesses, de la taille et des cuisses, des rougeurs, de la fi\u00e8vre, une faiblesse g\u00e9n\u00e9rale et un malaise. Pour r\u00e9duire leur intensit\u00e9, le m\u00e9decin prescrit des analg\u00e9siques, des m\u00e9dicaments pour r\u00e9duire lu0027enflure et, dans certains cas, des antibiotiques. Le 6e ou 7e jour apr\u00e8s lu0027op\u00e9ration, le gonflement commence \u00e0 su0027att\u00e9nuer et \u00e0 dispara\u00eetre progressivement. La disparition des \u0153d\u00e8mes est ralentie par le syndrome pr\u00e9menstruel, les aliments sal\u00e9s et \u00e9pic\u00e9s, une mauvaise alimentation, lu0027absence totale du0027activit\u00e9 physique ou des efforts physiques excessifs.<br \/> Vous devez suivre le r\u00e9gime alimentaire recommand\u00e9 par votre m\u00e9decin, alterner les p\u00e9riodes du0027activit\u00e9 et de repos, et porter des v\u00eatements de compression ou des bandages. Ne buvez pas du0027alcool, ne fumez pas et ne prenez pas de m\u00e9dicaments anticoagulants pendant les 2 \u00e0 3 premi\u00e8res semaines.<br \/>De 2 semaines \u00e0 2 \u00e0 3 mois, vous devez vous allonger sur le ventre, \u00e9viter les exercices lourds pour les hanches (squats) et \u00e9viter de porter des chaussures \u00e0 talons hauts.<br \/><strong>Poitrine:<\/strong><br \/>La patiente passe la journ\u00e9e \u00e0 lu0027h\u00f4pital apr\u00e8s lu0027intervention. Les endroits o\u00f9 le tissu adipeux est extrait et inject\u00e9 peuvent pr\u00e9senter des ecchymoses et des gonflements.<br \/> Ceux-ci disparaissent au bout de quelques semaines. Il est n\u00e9cessaire de suivre strictement les recommandations du m\u00e9decin et du0027\u00e9viter toute activit\u00e9 physique, bain chaud, sauna, exposition au soleil. Dans les premiers jours suivant lu0027op\u00e9ration, des compresses froides aideront \u00e0 soulager la douleur et le gonflement.<br \/>Pour \u00e9liminer la pression sur la poitrine, il suffit de su0027allonger sur le dos (cela peut entra\u00eener des complications). Des sous-v\u00eatements sp\u00e9ciaux aident \u00e0 soutenir les glandes mammaires. Vous devez le porter pendant un mois. Le r\u00e9tablissement complet prend 2 \u00e0 3 semaines. Il sera possible du0027\u00e9valuer pleinement le r\u00e9sultat du lipofilling mammaire 3 \u00e0 6 mois apr\u00e8s la r\u00e9g\u00e9n\u00e9ration compl\u00e8te des tissus.<\/p>\n\n<\/div>\n<\/div>\n<\/div>\n<\/div>\n<figure class=\"wp-block-image size-full\"><img fetchpriority=\"high\" decoding=\"async\" width=\"960\" height=\"550\" src=\"https:\/\/medclinics.com\/wp-content\/uploads\/2023\/02\/bbl-in-istanbul-in-turkey-3.jpg\" alt=\"BBL &#xE0; Istanbul en Turquie\" class=\"wp-image-17529\" srcset=\"https:\/\/medclinics.com\/wp-content\/uploads\/2023\/02\/bbl-in-istanbul-in-turkey-3.jpg 960w, https:\/\/medclinics.com\/wp-content\/uploads\/2023\/02\/bbl-in-istanbul-in-turkey-3-300x172.jpg 300w, https:\/\/medclinics.com\/wp-content\/uploads\/2023\/02\/bbl-in-istanbul-in-turkey-3-280x160.jpg 280w, https:\/\/medclinics.com\/wp-content\/uploads\/2023\/02\/bbl-in-istanbul-in-turkey-3-768x440.jpg 768w, https:\/\/medclinics.com\/wp-content\/uploads\/2023\/02\/bbl-in-istanbul-in-turkey-3-600x344.jpg 600w\" sizes=\"(max-width: 960px) 100vw, 960px\" \/><\/figure>\n\n<h2 class=\"wp-block-heading\" id=\"faq\">FAQ<\/h2>\n<div id=\"rank-math-faq\" class=\"rank-math-block\">\n<div class=\"rank-math-list \">\n<div id=\"faq-question-1686210875499\" class=\"rank-math-list-item\">\n<h3 class=\"rank-math-question \">Quu0027est-ce que le lipofilling ?<\/h3>\n<div class=\"rank-math-answer \">\n\n<p>Le lipofilling est une intervention chirurgicale qui consiste \u00e0 transf\u00e9rer la graisse du patient du0027une partie du corps \u00e0 une autre. Dans le cas du lipofilling, la graisse suppl\u00e9mentaire est pr\u00e9lev\u00e9e par liposuccion sur des parties du corps telles que les cuisses, les hanches et le ventre.<\/p>\n\n<\/div>\n<\/div>\n<div id=\"faq-question-1686210894817\" class=\"rank-math-list-item\">\n<h3 class=\"rank-math-question \">Quu0027est-ce que la chirurgie BBL ?<\/h3>\n<div class=\"rank-math-answer \">\n\n<p>Le lifting br\u00e9silien des fesses est une intervention de chirurgie esth\u00e9tique destin\u00e9e \u00e0 am\u00e9liorer la taille et la forme des fesses. Les techniques de liposuccion et de transfert de graisse sont combin\u00e9es dans cette proc\u00e9dure. Au cours de lu0027intervention, la graisse exc\u00e9dentaire est retir\u00e9e par liposuccion des parties du corps donneuses, qui sont g\u00e9n\u00e9ralement les cuisses, les hanches et le ventre.<\/p>\n\n<\/div>\n<\/div>\n<div id=\"faq-question-1686210899602\" class=\"rank-math-list-item\">\n<h3 class=\"rank-math-question \">Quu0027est-ce quu0027une augmentation mammaire avec injection de graisse ?<\/h3>\n<div class=\"rank-math-answer \">\n\n<p>Lu0027augmentation mammaire par injection de graisse est un traitement chirurgical qui utilise la propre graisse de la patiente pour am\u00e9liorer la taille et la forme des seins. Au lieu de recourir \u00e0 des implants mammaires, la technique consiste en une liposuccion de lu0027exc\u00e8s de graisse des parties donneuses du corps, telles que le ventre, les cuisses ou les hanches. La graisse est extraite, trait\u00e9e et purifi\u00e9e avant du0027\u00eatre inject\u00e9e avec pr\u00e9cision dans les seins pour cr\u00e9er le volume et la forme souhait\u00e9s.<\/p>\n\n<\/div>\n<\/div>\n<div id=\"faq-question-1686210911321\" class=\"rank-math-list-item\">\n<h3 class=\"rank-math-question \">Pourquoi le lipofilling est-il moins cher en Turquie ?<\/h3>\n<div class=\"rank-math-answer \">\n\n<p>Le co\u00fbt de la vie en Turquie est inf\u00e9rieur \u00e0 celui de nombreux pays occidentaux. Il en r\u00e9sulte une r\u00e9duction des frais g\u00e9n\u00e9raux pour les \u00e9tablissements m\u00e9dicaux, y compris le personnel, lu0027\u00e9quipement et lu0027entretien, ce qui peut contribuer \u00e0 r\u00e9duire le co\u00fbt des proc\u00e9dures.<\/p>\n\n<\/div>\n<\/div>\n<div id=\"faq-question-1686210921148\" class=\"rank-math-list-item\">\n<h3 class=\"rank-math-question \">Est-il s\u00fbr de subir une op\u00e9ration de lipofilling en Turquie ?<\/h3>\n<div class=\"rank-math-answer \">\n\n<p>La s\u00e9curit\u00e9 de la chirurgie de lipofilling en Turquie d\u00e9pend de facteurs tels que les qualifications et lu0027exp\u00e9rience des professionnels m\u00e9dicaux, la qualit\u00e9 de lu0027\u00e9tablissement et le respect des protocoles de s\u00e9curit\u00e9. Il existe des cliniques respectables et des chirurgiens qualifi\u00e9s en Turquie, mais il est essentiel du0027\u00e9tudier et de s\u00e9lectionner un \u00e9tablissement digne de confiance. Vous pouvez faire confiance \u00e0 MedClinics pour choisir la clinique la plus fiable.<\/p>\n\n<\/div>\n<\/div>\n<div id=\"faq-question-1686210928359\" class=\"rank-math-list-item\">\n<h3 class=\"rank-math-question \">Quels sont les avantages du lipofilling en Turquie ?<\/h3>\n<div class=\"rank-math-answer \">\n\n<p>Le lipofilling en Turquie offre des avantages tels que la rentabilit\u00e9, des chirurgiens hautement qualifi\u00e9s, une infrastructure de tourisme m\u00e9dical bien d\u00e9velopp\u00e9e, des installations de soins de sant\u00e9 de qualit\u00e9 et la possibilit\u00e9 de combiner la proc\u00e9dure avec le tourisme.<\/p>\n\n<\/div>\n<\/div>\n<div id=\"faq-question-1686210952779\" class=\"rank-math-list-item\">\n<h3 class=\"rank-math-question \">Dans combien de temps serai-je capable de mu0027asseoir compl\u00e8tement apr\u00e8s lu0027op\u00e9ration BBL ?<\/h3>\n<div class=\"rank-math-answer \">\n\n<p>De nombreux chirurgiens conseillent \u00e0 leurs patients du0027\u00e9viter de su0027asseoir directement sur leurs fesses pendant environ deux semaines apr\u00e8s lu0027op\u00e9ration BBL. Les m\u00e9decins peuvent conseiller du0027utiliser des oreillers ou des coussins personnalis\u00e9s pour att\u00e9nuer la pression sur les fesses en position assise, ou du0027adopter une position assise modifi\u00e9e qui place moins de poids sur la zone trait\u00e9e.<\/p>\n\n<\/div>\n<\/div>\n<div id=\"faq-question-1686210957833\" class=\"rank-math-list-item\">\n<h3 class=\"rank-math-question \">Puis-je b\u00e9n\u00e9ficier du0027un transfert de graisse dans mon sein apr\u00e8s le retrait de lu0027implant ?<\/h3>\n<div class=\"rank-math-answer \">\n\n<p>Oui, il est possible de proc\u00e9der \u00e0 un transfert de graisse vers les seins apr\u00e8s le retrait des implants mammaires.<\/p>\n\n<\/div>\n<\/div>\n<\/div>\n<\/div>","protected":false},"excerpt":{"rendered":"<p>Les gens pr\u00e9f\u00e8rent l&rsquo;esth\u00e9tique g\u00e9nitale pour soulager l&rsquo;inconfort physique, augmenter la satisfaction sexuelle, rajeunir apr\u00e8s la naissance ou le vieillissement, [&hellip;]<\/p>\n","protected":false},"author":4,"featured_media":0,"parent":0,"menu_order":0,"comment_status":"closed","ping_status":"closed","template":"","meta":{"site-sidebar-layout":"default","site-content-layout":"","ast-site-content-layout":"default","site-content-style":"default","site-sidebar-style":"default","ast-global-header-display":"","ast-banner-title-visibility":"","ast-main-header-display":"","ast-hfb-above-header-display":"","ast-hfb-below-header-display":"","ast-hfb-mobile-header-display":"","site-post-title":"","ast-breadcrumbs-content":"","ast-featured-img":"","footer-sml-layout":"","ast-disable-related-posts":"","theme-transparent-header-meta":"","adv-header-id-meta":"","stick-header-meta":"","header-above-stick-meta":"","header-main-stick-meta":"","header-below-stick-meta":"","astra-migrate-meta-layouts":"default","ast-page-background-enabled":"default","ast-page-background-meta":{"desktop":{"background-color":"var(--ast-global-color-4)","background-image":"","background-repeat":"repeat","background-position":"center center","background-size":"auto","background-attachment":"scroll","background-type":"","background-media":"","overlay-type":"","overlay-color":"","overlay-opacity":"","overlay-gradient":""},"tablet":{"background-color":"","background-image":"","background-repeat":"repeat","background-position":"center center","background-size":"auto","background-attachment":"scroll","background-type":"","background-media":"","overlay-type":"","overlay-color":"","overlay-opacity":"","overlay-gradient":""},"mobile":{"background-color":"","background-image":"","background-repeat":"repeat","background-position":"center center","background-size":"auto","background-attachment":"scroll","background-type":"","background-media":"","overlay-type":"","overlay-color":"","overlay-opacity":"","overlay-gradient":""}},"ast-content-background-meta":{"desktop":{"background-color":"var(--ast-global-color-5)","background-image":"","background-repeat":"repeat","background-position":"center center","background-size":"auto","background-attachment":"scroll","background-type":"","background-media":"","overlay-type":"","overlay-color":"","overlay-opacity":"","overlay-gradient":""},"tablet":{"background-color":"var(--ast-global-color-5)","background-image":"","background-repeat":"repeat","background-position":"center center","background-size":"auto","background-attachment":"scroll","background-type":"","background-media":"","overlay-type":"","overlay-color":"","overlay-opacity":"","overlay-gradient":""},"mobile":{"background-color":"var(--ast-global-color-5)","background-image":"","background-repeat":"repeat","background-position":"center center","background-size":"auto","background-attachment":"scroll","background-type":"","background-media":"","overlay-type":"","overlay-color":"","overlay-opacity":"","overlay-gradient":""}},"footnotes":""},"class_list":["post-147478","page","type-page","status-publish","hentry"],"_links":{"self":[{"href":"https:\/\/medclinics.com\/fr\/wp-json\/wp\/v2\/pages\/147478","targetHints":{"allow":["GET"]}}],"collection":[{"href":"https:\/\/medclinics.com\/fr\/wp-json\/wp\/v2\/pages"}],"about":[{"href":"https:\/\/medclinics.com\/fr\/wp-json\/wp\/v2\/types\/page"}],"author":[{"embeddable":true,"href":"https:\/\/medclinics.com\/fr\/wp-json\/wp\/v2\/users\/4"}],"replies":[{"embeddable":true,"href":"https:\/\/medclinics.com\/fr\/wp-json\/wp\/v2\/comments?post=147478"}],"version-history":[{"count":0,"href":"https:\/\/medclinics.com\/fr\/wp-json\/wp\/v2\/pages\/147478\/revisions"}],"wp:attachment":[{"href":"https:\/\/medclinics.com\/fr\/wp-json\/wp\/v2\/media?parent=147478"}],"curies":[{"name":"wp","href":"https:\/\/api.w.org\/{rel}","templated":true}]}}