{"id":147451,"date":"2023-06-25T12:12:39","date_gmt":"2023-06-25T12:12:39","guid":{"rendered":"https:\/\/medclinics.com\/partenariat\/"},"modified":"2024-03-18T14:33:22","modified_gmt":"2024-03-18T14:33:22","slug":"partenariat","status":"publish","type":"page","link":"https:\/\/medclinics.com\/fr\/partenariat\/","title":{"rendered":"Partenariat"},"content":{"rendered":"\n<h2 class=\"wp-block-heading\">Nous nous occupons de votre marketing, pour que vous puissiez vous occuper de vos patients !<\/h2>\n\n<p>Gr\u00e2ce aux informations d\u00e9taill\u00e9es figurant sur notre site web, vos patients apprendront \u00e0 vous conna\u00eetre en tant que professionnel comp\u00e9tent. Vous saurez ainsi ce qu&rsquo;attendent vos patients avant m\u00eame qu&rsquo;ils ne vous contactent.<\/p>\n\n<p>Faites partie d&rsquo;une entreprise dynamique et prometteuse qui s&rsquo;est rapidement impos\u00e9e sur le march\u00e9 en ligne hautement concurrentiel et b\u00e9n\u00e9ficiez des avantages d&rsquo;une organisation internationale.<\/p>\n\n<p>Avec des sites \u00e0 Istanbul, Francfort et Vienne, plus de 150 h\u00f4pitaux sous contrat, 100 cliniques, 1100 m\u00e9decins et d&rsquo;innombrables traitements, MedClinics est l&rsquo;une des plus grandes plateformes m\u00e9dicales de Turquie !<\/p>\n\n<p>Que vous soyez un m\u00e9decin, une clinique ou un h\u00f4pital, vous \u00eates au bon endroit ! Rejoignez-nous dans ce voyage vers l&rsquo;avenir et participez au succ\u00e8s.<\/p>\n\n<h2 class=\"wp-block-heading\">Avantages de travailler avec nous<\/h2>\n\n<div class=\"wp-block-columns is-layout-flex wp-container-core-columns-is-layout-28f84493 wp-block-columns-is-layout-flex\">\n<div class=\"wp-block-column is-vertically-aligned-center is-layout-flow wp-block-column-is-layout-flow\">\n<div class=\"wp-block-columns is-layout-flex wp-container-core-columns-is-layout-28f84493 wp-block-columns-is-layout-flex\">\n<div class=\"wp-block-column is-layout-flow wp-block-column-is-layout-flow\" style=\"flex-basis:25%\">\n<figure class=\"wp-block-image size-full\"><img decoding=\"async\" width=\"137\" height=\"104\" src=\"https:\/\/medclinics.com\/wp-content\/uploads\/2023\/06\/partnership_icon_1.jpg\" alt=\"%100 Trafic organique\" class=\"wp-image-95719\" srcset=\"https:\/\/medclinics.com\/wp-content\/uploads\/2023\/06\/partnership_icon_1.jpg 137w, https:\/\/medclinics.com\/wp-content\/uploads\/2023\/06\/partnership_icon_1-24x18.jpg 24w, https:\/\/medclinics.com\/wp-content\/uploads\/2023\/06\/partnership_icon_1-36x27.jpg 36w, https:\/\/medclinics.com\/wp-content\/uploads\/2023\/06\/partnership_icon_1-48x36.jpg 48w\" sizes=\"(max-width: 137px) 100vw, 137px\" \/><\/figure>\n<\/div>\n\n\n\n<div class=\"wp-block-column is-vertically-aligned-center is-layout-flow wp-block-column-is-layout-flow\" style=\"flex-basis:75%\">\n<p class=\"has-text-align-left\"><strong>%100 Trafic organique<\/strong><\/p>\n<\/div>\n<\/div>\n\n\n\n<div class=\"wp-block-columns is-layout-flex wp-container-core-columns-is-layout-28f84493 wp-block-columns-is-layout-flex\">\n<div class=\"wp-block-column is-layout-flow wp-block-column-is-layout-flow\" style=\"flex-basis:25%\">\n<figure class=\"wp-block-image size-full\"><img decoding=\"async\" width=\"137\" height=\"105\" src=\"https:\/\/medclinics.com\/wp-content\/uploads\/2023\/06\/partnership_icon_3.jpg\" alt=\"Centre d'appel 7\/24\" class=\"wp-image-95733\" srcset=\"https:\/\/medclinics.com\/wp-content\/uploads\/2023\/06\/partnership_icon_3.jpg 137w, https:\/\/medclinics.com\/wp-content\/uploads\/2023\/06\/partnership_icon_3-24x18.jpg 24w, https:\/\/medclinics.com\/wp-content\/uploads\/2023\/06\/partnership_icon_3-36x28.jpg 36w, https:\/\/medclinics.com\/wp-content\/uploads\/2023\/06\/partnership_icon_3-48x37.jpg 48w\" sizes=\"(max-width: 137px) 100vw, 137px\" \/><\/figure>\n<\/div>\n\n\n\n<div class=\"wp-block-column is-vertically-aligned-center is-layout-flow wp-block-column-is-layout-flow\" style=\"flex-basis:75%\">\n<p class=\"has-text-align-left\"><strong>Centre d&rsquo;appel 7\/24<\/strong><\/p>\n<\/div>\n<\/div>\n\n\n\n<div class=\"wp-block-columns is-layout-flex wp-container-core-columns-is-layout-28f84493 wp-block-columns-is-layout-flex\">\n<div class=\"wp-block-column is-layout-flow wp-block-column-is-layout-flow\" style=\"flex-basis:25%\">\n<figure class=\"wp-block-image size-full\"><img decoding=\"async\" width=\"136\" height=\"104\" src=\"https:\/\/medclinics.com\/wp-content\/uploads\/2023\/06\/partnership_icon_5.jpg\" alt=\"Gestion des comptes de m&#xE9;dias sociaux\" class=\"wp-image-95747\" srcset=\"https:\/\/medclinics.com\/wp-content\/uploads\/2023\/06\/partnership_icon_5.jpg 136w, https:\/\/medclinics.com\/wp-content\/uploads\/2023\/06\/partnership_icon_5-24x18.jpg 24w, https:\/\/medclinics.com\/wp-content\/uploads\/2023\/06\/partnership_icon_5-36x28.jpg 36w, https:\/\/medclinics.com\/wp-content\/uploads\/2023\/06\/partnership_icon_5-48x37.jpg 48w\" sizes=\"(max-width: 136px) 100vw, 136px\" \/><\/figure>\n<\/div>\n\n\n\n<div class=\"wp-block-column is-vertically-aligned-center is-layout-flow wp-block-column-is-layout-flow\" style=\"flex-basis:75%\">\n<p class=\"has-text-align-left\"><strong>Augmentez votre trafic<\/strong><\/p>\n<\/div>\n<\/div>\n<\/div>\n\n\n\n<div class=\"wp-block-column is-layout-flow wp-block-column-is-layout-flow\">\n<div class=\"wp-block-columns is-layout-flex wp-container-core-columns-is-layout-28f84493 wp-block-columns-is-layout-flex\">\n<div class=\"wp-block-column is-layout-flow wp-block-column-is-layout-flow\" style=\"flex-basis:25%\">\n<figure class=\"wp-block-gallery aligncenter has-nested-images columns-default is-cropped wp-block-gallery-1 is-layout-flex wp-block-gallery-is-layout-flex\">\n<figure class=\"wp-block-image size-full\"><img loading=\"lazy\" decoding=\"async\" width=\"137\" height=\"105\" data-id=\"95726\" src=\"https:\/\/medclinics.com\/wp-content\/uploads\/2023\/06\/partnership_icon_2.jpg\" alt=\"Site web pr&#xEA;t\" class=\"wp-image-95726\" srcset=\"https:\/\/medclinics.com\/wp-content\/uploads\/2023\/06\/partnership_icon_2.jpg 137w, https:\/\/medclinics.com\/wp-content\/uploads\/2023\/06\/partnership_icon_2-24x18.jpg 24w, https:\/\/medclinics.com\/wp-content\/uploads\/2023\/06\/partnership_icon_2-36x28.jpg 36w, https:\/\/medclinics.com\/wp-content\/uploads\/2023\/06\/partnership_icon_2-48x37.jpg 48w\" sizes=\"(max-width: 137px) 100vw, 137px\" \/><\/figure>\n<\/figure>\n<\/div>\n\n\n\n<div class=\"wp-block-column is-vertically-aligned-center is-layout-flow wp-block-column-is-layout-flow\" style=\"flex-basis:75%\">\n<p class=\"has-text-align-left\"><strong>Site web pr\u00eat<\/strong><\/p>\n<\/div>\n<\/div>\n\n\n\n<div class=\"wp-block-columns is-layout-flex wp-container-core-columns-is-layout-28f84493 wp-block-columns-is-layout-flex\">\n<div class=\"wp-block-column is-layout-flow wp-block-column-is-layout-flow\" style=\"flex-basis:25%\">\n<figure class=\"wp-block-gallery aligncenter has-nested-images columns-default is-cropped wp-block-gallery-2 is-layout-flex wp-block-gallery-is-layout-flex\">\n<figure class=\"wp-block-image size-full\"><img loading=\"lazy\" decoding=\"async\" width=\"137\" height=\"105\" data-id=\"95740\" src=\"https:\/\/medclinics.com\/wp-content\/uploads\/2023\/06\/partnership_icon_4.jpg\" alt=\"&#xC9;quipe charg&#xE9;e des langues &#xE9;trang&#xE8;res\" class=\"wp-image-95740\" srcset=\"https:\/\/medclinics.com\/wp-content\/uploads\/2023\/06\/partnership_icon_4.jpg 137w, https:\/\/medclinics.com\/wp-content\/uploads\/2023\/06\/partnership_icon_4-24x18.jpg 24w, https:\/\/medclinics.com\/wp-content\/uploads\/2023\/06\/partnership_icon_4-36x28.jpg 36w, https:\/\/medclinics.com\/wp-content\/uploads\/2023\/06\/partnership_icon_4-48x37.jpg 48w\" sizes=\"(max-width: 137px) 100vw, 137px\" \/><\/figure>\n<\/figure>\n<\/div>\n\n\n\n<div class=\"wp-block-column is-vertically-aligned-center is-layout-flow wp-block-column-is-layout-flow\" style=\"flex-basis:75%\">\n<p class=\"has-text-align-left\"><strong>\u00c9quipe charg\u00e9e des langues \u00e9trang\u00e8res<\/strong><\/p>\n<\/div>\n<\/div>\n\n\n\n<div class=\"wp-block-columns is-layout-flex wp-container-core-columns-is-layout-28f84493 wp-block-columns-is-layout-flex\">\n<div class=\"wp-block-column is-layout-flow wp-block-column-is-layout-flow\" style=\"flex-basis:25%\">\n<figure class=\"wp-block-gallery aligncenter has-nested-images columns-default is-cropped wp-block-gallery-3 is-layout-flex wp-block-gallery-is-layout-flex\">\n<figure class=\"wp-block-image size-full\"><img loading=\"lazy\" decoding=\"async\" width=\"137\" height=\"105\" data-id=\"95754\" src=\"https:\/\/medclinics.com\/wp-content\/uploads\/2023\/06\/partnership_icon_6.jpg\" alt=\"Lister vos produits\" class=\"wp-image-95754\" srcset=\"https:\/\/medclinics.com\/wp-content\/uploads\/2023\/06\/partnership_icon_6.jpg 137w, https:\/\/medclinics.com\/wp-content\/uploads\/2023\/06\/partnership_icon_6-24x18.jpg 24w, https:\/\/medclinics.com\/wp-content\/uploads\/2023\/06\/partnership_icon_6-36x28.jpg 36w, https:\/\/medclinics.com\/wp-content\/uploads\/2023\/06\/partnership_icon_6-48x37.jpg 48w\" sizes=\"(max-width: 137px) 100vw, 137px\" \/><\/figure>\n<\/figure>\n<\/div>\n\n\n\n<div class=\"wp-block-column is-vertically-aligned-center is-layout-flow wp-block-column-is-layout-flow\" style=\"flex-basis:75%\">\n<p class=\"has-text-align-left\"><strong>Lister vos produits<\/strong><\/p>\n<\/div>\n<\/div>\n<\/div>\n<\/div>\n\n<div class=\"wp-block-columns has-white-color has-text-color has-background is-layout-flex wp-container-core-columns-is-layout-28f84493 wp-block-columns-is-layout-flex\" style=\"background-color:#1e81a2\">\n<div class=\"wp-block-column is-layout-flow wp-block-column-is-layout-flow\">\n<div class=\"wp-block-columns is-layout-flex wp-container-core-columns-is-layout-28f84493 wp-block-columns-is-layout-flex\">\n<div class=\"wp-block-column is-layout-flow wp-block-column-is-layout-flow\" style=\"flex-basis:100%\">\n<figure class=\"wp-block-image size-full\"><img loading=\"lazy\" decoding=\"async\" width=\"122\" height=\"119\" src=\"https:\/\/medclinics.com\/wp-content\/uploads\/2023\/06\/partnership_n_1.png\" alt=\"Votre souhait\" class=\"wp-image-95765\" srcset=\"https:\/\/medclinics.com\/wp-content\/uploads\/2023\/06\/partnership_n_1.png 122w, https:\/\/medclinics.com\/wp-content\/uploads\/2023\/06\/partnership_n_1-24x24.png 24w, https:\/\/medclinics.com\/wp-content\/uploads\/2023\/06\/partnership_n_1-36x36.png 36w, https:\/\/medclinics.com\/wp-content\/uploads\/2023\/06\/partnership_n_1-48x48.png 48w\" sizes=\"(max-width: 122px) 100vw, 122px\" \/><\/figure>\n\n\n\n<h4 class=\"wp-block-heading has-white-color has-text-color\">Votre souhait<\/h4>\n\n\n\n<ul class=\"wp-block-list\">\n<li>Moins de stress et plus de temps pour vous<\/li>\n\n\n\n<li>Une meilleure localisation sur Internet<\/li>\n\n\n\n<li>L&rsquo;\u00e9quipe peut mieux r\u00e9pondre aux besoins de vos patients<\/li>\n<\/ul>\n<\/div>\n<\/div>\n<\/div>\n\n\n\n<div class=\"wp-block-column is-layout-flow wp-block-column-is-layout-flow\">\n<div class=\"wp-block-columns is-layout-flex wp-container-core-columns-is-layout-28f84493 wp-block-columns-is-layout-flex\">\n<div class=\"wp-block-column is-layout-flow wp-block-column-is-layout-flow\" style=\"flex-basis:100%\">\n<figure class=\"wp-block-image size-full\"><img loading=\"lazy\" decoding=\"async\" width=\"122\" height=\"119\" src=\"https:\/\/medclinics.com\/wp-content\/uploads\/2023\/06\/partnership_n_2.png\" alt=\"Votre probl&#xE8;me\" class=\"wp-image-95772\" srcset=\"https:\/\/medclinics.com\/wp-content\/uploads\/2023\/06\/partnership_n_2.png 122w, https:\/\/medclinics.com\/wp-content\/uploads\/2023\/06\/partnership_n_2-24x24.png 24w, https:\/\/medclinics.com\/wp-content\/uploads\/2023\/06\/partnership_n_2-36x36.png 36w, https:\/\/medclinics.com\/wp-content\/uploads\/2023\/06\/partnership_n_2-48x48.png 48w\" sizes=\"(max-width: 122px) 100vw, 122px\" \/><\/figure>\n\n\n\n<h4 class=\"wp-block-heading has-white-color has-text-color\">Votre probl\u00e8me<\/h4>\n\n\n\n<ul class=\"wp-block-list\">\n<li>Vous n&rsquo;avez pas le temps<\/li>\n\n\n\n<li>Un bon marketing co\u00fbte cher<\/li>\n\n\n\n<li>Le r\u00e9f\u00e9rencement est un probl\u00e8me et n\u00e9cessite de l&rsquo;exp\u00e9rience<\/li>\n\n\n\n<li>Difficile de mettre en place un centre d&rsquo;appel<\/li>\n<\/ul>\n<\/div>\n<\/div>\n<\/div>\n\n\n\n<div class=\"wp-block-column is-layout-flow wp-block-column-is-layout-flow\">\n<div class=\"wp-block-columns is-layout-flex wp-container-core-columns-is-layout-28f84493 wp-block-columns-is-layout-flex\">\n<div class=\"wp-block-column is-layout-flow wp-block-column-is-layout-flow\" style=\"flex-basis:100%\">\n<figure class=\"wp-block-image size-full\"><img loading=\"lazy\" decoding=\"async\" width=\"122\" height=\"119\" src=\"https:\/\/medclinics.com\/wp-content\/uploads\/2023\/06\/partnership_n_3.png\" alt=\"Notre solution\" class=\"wp-image-95779\" srcset=\"https:\/\/medclinics.com\/wp-content\/uploads\/2023\/06\/partnership_n_3.png 122w, https:\/\/medclinics.com\/wp-content\/uploads\/2023\/06\/partnership_n_3-24x24.png 24w, https:\/\/medclinics.com\/wp-content\/uploads\/2023\/06\/partnership_n_3-36x36.png 36w, https:\/\/medclinics.com\/wp-content\/uploads\/2023\/06\/partnership_n_3-48x48.png 48w\" sizes=\"(max-width: 122px) 100vw, 122px\" \/><\/figure>\n\n\n\n<h4 class=\"wp-block-heading has-white-color has-text-color\">Notre solution<\/h4>\n\n\n\n<ul class=\"wp-block-list\">\n<li>Nous offrons tous les services \u00e0 partir d&rsquo;une seule source<\/li>\n\n\n\n<li>Nous venons \u00e0 vous et \u00e9crivons sur vous.<\/li>\n\n\n\n<li>Nous mettons vos photos et vid\u00e9os en ligne<\/li>\n\n\n\n<li>Nous vous pr\u00e9sentons le monde<\/li>\n<\/ul>\n<\/div>\n<\/div>\n<\/div>\n<\/div>\n\n<h2 class=\"wp-block-heading\">Donnez confiance \u00e0 vos patients gr\u00e2ce \u00e0 une vid\u00e9o<\/h2>\n\n<div class=\"wp-block-columns is-layout-flex wp-container-core-columns-is-layout-28f84493 wp-block-columns-is-layout-flex\">\n<div class=\"wp-block-column is-layout-flow wp-block-column-is-layout-flow\">\n<figure class=\"wp-block-embed is-type-video is-provider-youtube wp-block-embed-youtube wp-embed-aspect-16-9 wp-has-aspect-ratio\"><div class=\"wp-block-embed__wrapper\">\n<iframe title=\"Obesity - Gastric Sleeve - Gastric Balloon, Interview with Prof. Dr. Ya\u015far \u00c7olak\" width=\"500\" height=\"281\" src=\"https:\/\/www.youtube.com\/embed\/yf9kZ36JhWM?feature=oembed\" frameborder=\"0\" allow=\"accelerometer; autoplay; clipboard-write; encrypted-media; gyroscope; picture-in-picture; web-share\" referrerpolicy=\"strict-origin-when-cross-origin\" allowfullscreen><\/iframe>\n<\/div><\/figure>\n<\/div>\n\n\n\n<div class=\"wp-block-column is-layout-flow wp-block-column-is-layout-flow\">\n<figure class=\"wp-block-embed is-type-video is-provider-youtube wp-block-embed-youtube wp-embed-aspect-16-9 wp-has-aspect-ratio\"><div class=\"wp-block-embed__wrapper\">\n<iframe title=\"Obesity - Diabetes, Interview with Op. Dr. Babek Tabandeh\" width=\"500\" height=\"281\" src=\"https:\/\/www.youtube.com\/embed\/VMWnoWZUvPA?feature=oembed\" frameborder=\"0\" allow=\"accelerometer; autoplay; clipboard-write; encrypted-media; gyroscope; picture-in-picture; web-share\" referrerpolicy=\"strict-origin-when-cross-origin\" allowfullscreen><\/iframe>\n<\/div><\/figure>\n<\/div>\n\n\n\n<div class=\"wp-block-column is-layout-flow wp-block-column-is-layout-flow\">\n<figure class=\"wp-block-embed is-type-video is-provider-youtube wp-block-embed-youtube wp-embed-aspect-16-9 wp-has-aspect-ratio\"><div class=\"wp-block-embed__wrapper\">\n<iframe title=\"Wrinkle Treatment - Filler, Interview with Dr. Ebru \u015eim\u015fek\" width=\"500\" height=\"281\" src=\"https:\/\/www.youtube.com\/embed\/KgkWDAasy_8?feature=oembed\" frameborder=\"0\" allow=\"accelerometer; autoplay; clipboard-write; encrypted-media; gyroscope; picture-in-picture; web-share\" referrerpolicy=\"strict-origin-when-cross-origin\" allowfullscreen><\/iframe>\n<\/div><\/figure>\n<\/div>\n<\/div>\n\n<h3 class=\"wp-block-heading\"><strong>Nous construisons des ponts, chaque jour, partout, dans le monde entier<\/strong><\/h3>\n\n<p>Vous r\u00e9alisez votre vision pendant que nous veillons sur vous. Vous pouvez donc prendre soin de vos patients, \u00eatre vu dans le monde entier et la langue n&rsquo;est pas une fronti\u00e8re.<\/p>\n\n<p><strong>MedClinics, un acc\u00e8s \u00e0 des soins de sant\u00e9 fiables et globaux &#8230;<\/strong><\/p>\n\n<h3 class=\"wp-block-heading\"><strong>\u00catre comp\u00e9tent pour transmettre sa comp\u00e9tence<\/strong><\/h3>\n\n<p>MedClinics place toujours le bien-\u00eatre du patient au premier plan. Comme nous savons qu&rsquo;il en est de m\u00eame pour vous, nous vous invitons \u00e0 devenir notre partenaire.<\/p>\n\n<p>Les repr\u00e9sentants du service client\u00e8le de MedClinics sont des sp\u00e9cialistes du secteur m\u00e9dical. Ainsi, les demandes des patients re\u00e7oivent une r\u00e9ponse professionnelle d\u00e8s le premier instant.<\/p>\n\n<p>Seules les personnes comp\u00e9tentes peuvent communiquer leur comp\u00e9tence &#8230;<\/p>\n\n<h3 class=\"wp-block-heading\"><strong>Saisissez votre chance et soyez vu dans le monde entier<\/strong><\/h3>\n\n<p>Des experts locaux se chargent d&rsquo;int\u00e9grer votre profil sur le march\u00e9 international. La localisation est effectu\u00e9e en fonction des besoins culturels du pays cible.<\/p>\n\n<p>Notre \u00e9quipe de traducteurs sp\u00e9cialis\u00e9s dans le domaine m\u00e9dical veille \u00e0 ce que m\u00eame les termes m\u00e9dicaux sp\u00e9cifiques soient correctement traduits dans la langue du pays cible et soient en harmonie avec la culture locale des autres nations.<\/p>\n\n<p><strong>Pour \u00eatre s\u00fbr d&rsquo;\u00eatre per\u00e7u comme vous le souhaitez &#8230;<\/strong><\/p>\n\n<h3 class=\"wp-block-heading\"><strong>Montrer et \u00eatre montr\u00e9<\/strong><\/h3>\n\n<p>Statistiquement, chaque patient regarde 300 photos avant\/apr\u00e8s avant de d\u00e9cider de subir une intervention. Profitez de notre r\u00e9pertoire de photos avant et apr\u00e8s et contribuez \u00e0 l&rsquo;enrichir avec vos propres photos.<\/p>\n\n<p><strong>Montrez ce que vous savez faire pour que nous puissions le faire aussi &#8230;<\/strong><\/p>\n\n<h3 class=\"wp-block-heading\"><strong>Les langues ne devraient pas avoir de fronti\u00e8res<\/strong><\/h3>\n\n<p>La Turquie enregistre chaque ann\u00e9e 1,5 million de touristes de sant\u00e9 et leur nombre ne cesse d&rsquo;augmenter.<\/p>\n\n<p>MedClinics est l&rsquo;expert local du pays pour toutes les questions m\u00e9dicales. Nous proposons des consultations en ligne pour les patients en anglais, allemand, fran\u00e7ais, arabe et russe et conseillons les patients dans leur langue maternelle.<\/p>\n\n<p><strong>La langue n&rsquo;a pas de fronti\u00e8re &#8230;<\/strong><\/p>\n\n<h3 class=\"wp-block-heading\"><strong>Donner confiance pour gagner en confiance<\/strong><\/h3>\n\n<p>MedClinics est certifi\u00e9e par le minist\u00e8re turc de la sant\u00e9.<\/p>\n\n<p>Les commentaires montrent que non seulement l&rsquo;\u00c9tat mais aussi les patients nous font confiance et que nous ne d\u00e9cevons pas cette confiance.<\/p>\n\n<p><strong>Faites confiance \u00e0 MedClinics et vos patients vous feront confiance.<\/strong><\/p>\n","protected":false},"excerpt":{"rendered":"<p>Nous nous occupons de votre marketing, pour que vous puissiez vous occuper de vos patients ! Gr\u00e2ce aux informations d\u00e9taill\u00e9es [&hellip;]<\/p>\n","protected":false},"author":4,"featured_media":95779,"parent":0,"menu_order":0,"comment_status":"closed","ping_status":"closed","template":"","meta":{"site-sidebar-layout":"default","site-content-layout":"","ast-site-content-layout":"default","site-content-style":"default","site-sidebar-style":"default","ast-global-header-display":"","ast-banner-title-visibility":"","ast-main-header-display":"","ast-hfb-above-header-display":"","ast-hfb-below-header-display":"","ast-hfb-mobile-header-display":"","site-post-title":"","ast-breadcrumbs-content":"","ast-featured-img":"","footer-sml-layout":"","ast-disable-related-posts":"","theme-transparent-header-meta":"","adv-header-id-meta":"","stick-header-meta":"","header-above-stick-meta":"","header-main-stick-meta":"","header-below-stick-meta":"","astra-migrate-meta-layouts":"default","ast-page-background-enabled":"default","ast-page-background-meta":{"desktop":{"background-color":"var(--ast-global-color-4)","background-image":"","background-repeat":"repeat","background-position":"center center","background-size":"auto","background-attachment":"scroll","background-type":"","background-media":"","overlay-type":"","overlay-color":"","overlay-opacity":"","overlay-gradient":""},"tablet":{"background-color":"","background-image":"","background-repeat":"repeat","background-position":"center center","background-size":"auto","background-attachment":"scroll","background-type":"","background-media":"","overlay-type":"","overlay-color":"","overlay-opacity":"","overlay-gradient":""},"mobile":{"background-color":"","background-image":"","background-repeat":"repeat","background-position":"center center","background-size":"auto","background-attachment":"scroll","background-type":"","background-media":"","overlay-type":"","overlay-color":"","overlay-opacity":"","overlay-gradient":""}},"ast-content-background-meta":{"desktop":{"background-color":"var(--ast-global-color-5)","background-image":"","background-repeat":"repeat","background-position":"center center","background-size":"auto","background-attachment":"scroll","background-type":"","background-media":"","overlay-type":"","overlay-color":"","overlay-opacity":"","overlay-gradient":""},"tablet":{"background-color":"var(--ast-global-color-5)","background-image":"","background-repeat":"repeat","background-position":"center center","background-size":"auto","background-attachment":"scroll","background-type":"","background-media":"","overlay-type":"","overlay-color":"","overlay-opacity":"","overlay-gradient":""},"mobile":{"background-color":"var(--ast-global-color-5)","background-image":"","background-repeat":"repeat","background-position":"center center","background-size":"auto","background-attachment":"scroll","background-type":"","background-media":"","overlay-type":"","overlay-color":"","overlay-opacity":"","overlay-gradient":""}},"footnotes":""},"class_list":["post-147451","page","type-page","status-publish","has-post-thumbnail","hentry"],"_links":{"self":[{"href":"https:\/\/medclinics.com\/fr\/wp-json\/wp\/v2\/pages\/147451","targetHints":{"allow":["GET"]}}],"collection":[{"href":"https:\/\/medclinics.com\/fr\/wp-json\/wp\/v2\/pages"}],"about":[{"href":"https:\/\/medclinics.com\/fr\/wp-json\/wp\/v2\/types\/page"}],"author":[{"embeddable":true,"href":"https:\/\/medclinics.com\/fr\/wp-json\/wp\/v2\/users\/4"}],"replies":[{"embeddable":true,"href":"https:\/\/medclinics.com\/fr\/wp-json\/wp\/v2\/comments?post=147451"}],"version-history":[{"count":0,"href":"https:\/\/medclinics.com\/fr\/wp-json\/wp\/v2\/pages\/147451\/revisions"}],"wp:featuredmedia":[{"embeddable":true,"href":"https:\/\/medclinics.com\/fr\/wp-json\/wp\/v2\/media\/95779"}],"wp:attachment":[{"href":"https:\/\/medclinics.com\/fr\/wp-json\/wp\/v2\/media?parent=147451"}],"curies":[{"name":"wp","href":"https:\/\/api.w.org\/{rel}","templated":true}]}}