{"id":147445,"date":"2023-06-25T16:02:32","date_gmt":"2023-06-25T13:02:32","guid":{"rendered":"https:\/\/medclinics.com\/guide-de-lete-pour-votre-traitement-des-maladies-respiratoires\/"},"modified":"2024-03-20T12:04:48","modified_gmt":"2024-03-20T09:04:48","slug":"guide-de-lete-pour-votre-traitement-des-maladies-respiratoires","status":"publish","type":"page","link":"https:\/\/medclinics.com\/fr\/guide-de-lete-pour-votre-traitement-des-maladies-respiratoires\/","title":{"rendered":"Guide de l&rsquo;\u00e9t\u00e9 pour votre traitement des maladies respiratoires"},"content":{"rendered":"\n<h2 class=\"wp-block-heading\" style=\"font-style:normal;font-weight:500\">Contactez nous pour obtenir un devis personnalis\u00e9 !  <\/h2>\n\n<ul class=\"wp-block-list\">\n<li><strong>Implantation d&rsquo;arbres \u00e0 partir de 270 euros par arbre !  <\/strong><\/li>\n\n\n\n<li><strong>Les bronzes \u00e0 partir de 140 euros par tonne !<\/strong><\/li>\n<\/ul>\n\n<p>En tant qu&rsquo;organisateur international de soins de sant\u00e9, nous collaborons avec plus de 300 cliniques et m\u00e9decins dans le Tyrol du Sud. Ne vous laissez pas impressionner par cette magnifique situation et achetez d\u00e8s maintenant un produit &#8211; gratuit et illimit\u00e9 ! Nous vous aidons \u00e0 trouver des solutions aux probl\u00e8mes li\u00e9s \u00e0 l&rsquo;affichage des prix.<\/p>\n\n<figure class=\"wp-block-gallery has-nested-images columns-4 is-cropped wp-block-gallery-1 is-layout-flex wp-block-gallery-is-layout-flex\">\n<figure class=\"wp-block-image size-large\"><img fetchpriority=\"high\" decoding=\"async\" width=\"280\" height=\"210\" data-id=\"92370\" src=\"https:\/\/medclinics.com\/wp-content\/uploads\/2023\/05\/mini-dental-implants-in-istanbul.jpg\" alt=\"\" class=\"wp-image-92370\" srcset=\"https:\/\/medclinics.com\/wp-content\/uploads\/2023\/05\/mini-dental-implants-in-istanbul.jpg 280w, https:\/\/medclinics.com\/wp-content\/uploads\/2023\/05\/mini-dental-implants-in-istanbul-24x18.jpg 24w, https:\/\/medclinics.com\/wp-content\/uploads\/2023\/05\/mini-dental-implants-in-istanbul-36x27.jpg 36w, https:\/\/medclinics.com\/wp-content\/uploads\/2023\/05\/mini-dental-implants-in-istanbul-48x36.jpg 48w\" sizes=\"(max-width: 280px) 100vw, 280px\" \/><\/figure>\n\n\n\n<figure class=\"wp-block-image size-large\"><img decoding=\"async\" width=\"960\" height=\"550\" data-id=\"15590\" src=\"https:\/\/medclinics.com\/wp-content\/uploads\/2023\/01\/all-on-4-dental-implant-in-antalya-dentgroup-near-me-1.jpg\" alt=\"\" class=\"wp-image-15590\" srcset=\"https:\/\/medclinics.com\/wp-content\/uploads\/2023\/01\/all-on-4-dental-implant-in-antalya-dentgroup-near-me-1.jpg 960w, https:\/\/medclinics.com\/wp-content\/uploads\/2023\/01\/all-on-4-dental-implant-in-antalya-dentgroup-near-me-1-300x172.jpg 300w, https:\/\/medclinics.com\/wp-content\/uploads\/2023\/01\/all-on-4-dental-implant-in-antalya-dentgroup-near-me-1-280x160.jpg 280w, https:\/\/medclinics.com\/wp-content\/uploads\/2023\/01\/all-on-4-dental-implant-in-antalya-dentgroup-near-me-1-768x440.jpg 768w, https:\/\/medclinics.com\/wp-content\/uploads\/2023\/01\/all-on-4-dental-implant-in-antalya-dentgroup-near-me-1-600x344.jpg 600w\" sizes=\"(max-width: 960px) 100vw, 960px\" \/><\/figure>\n\n\n\n<figure class=\"wp-block-image size-large\"><img decoding=\"async\" width=\"280\" height=\"210\" data-id=\"92240\" src=\"https:\/\/medclinics.com\/wp-content\/uploads\/2023\/05\/dental-crown-in-istanbul.jpg\" alt=\"Couronnes dentaires &#xE0; Istanbul\" class=\"wp-image-92240\" srcset=\"https:\/\/medclinics.com\/wp-content\/uploads\/2023\/05\/dental-crown-in-istanbul.jpg 280w, https:\/\/medclinics.com\/wp-content\/uploads\/2023\/05\/dental-crown-in-istanbul-24x18.jpg 24w, https:\/\/medclinics.com\/wp-content\/uploads\/2023\/05\/dental-crown-in-istanbul-36x27.jpg 36w, https:\/\/medclinics.com\/wp-content\/uploads\/2023\/05\/dental-crown-in-istanbul-48x36.jpg 48w\" sizes=\"(max-width: 280px) 100vw, 280px\" \/><\/figure>\n\n\n\n<figure class=\"wp-block-image size-large\"><img loading=\"lazy\" decoding=\"async\" width=\"280\" height=\"210\" data-id=\"92248\" src=\"https:\/\/medclinics.com\/wp-content\/uploads\/2023\/01\/dental-implant-in-istanbul.jpg\" alt=\"Implantation dentaire &#xE0; Istanbul\" class=\"wp-image-92248\"\/><\/figure>\n<\/figure>\n\n<p>Trouvez les meilleurs <a href=\"https:\/\/medclinics.com\/fr\/implant-dentaire\/\" target=\"_blank\" rel=\"noreferrer noopener\">implants zootechniques<\/a> et faites en sorte que le traumatisme de votre <a href=\"https:\/\/medclinics.com\/fr\/sourire-hollywoodien\/\" target=\"_blank\" rel=\"noreferrer noopener\">s\u00e9jour \u00e0 Hollywood<\/a> ne soit plus qu&rsquo;un souvenir !  <\/p>\n\n<p>Ne vous laissez pas impressionner par cette situation exceptionnelle et offrez-vous une offre individuelle et avantageuse !<\/p>\n\n<p>Notre \u00e9quipe vous accompagne dans votre d\u00e9marche globale. Avec MedClinics, vous trouverez un traitement adapt\u00e9 \u00e0 vos besoins individuels. Nous expliquons tous les d\u00e9tails et sommes toujours pr\u00eats \u00e0 r\u00e9pondre aux questions, m\u00eame si c&rsquo;est avec un dentiste allemand.<\/p>\n\n<p><strong>MedClinics propose des traitements de qualit\u00e9 \u00e0 des prix avantageux !<\/strong><br\/><strong><a href=\"#requestform\">Prenez contact avec<\/a> nous d\u00e8s maintenant et b\u00e9n\u00e9ficiez d&rsquo;un conseil personnalis\u00e9.  <\/strong><\/p>\n","protected":false},"excerpt":{"rendered":"<p>Contactez nous pour obtenir un devis personnalis\u00e9 ! En tant qu&rsquo;organisateur international de soins de sant\u00e9, nous collaborons avec plus [&hellip;]<\/p>\n","protected":false},"author":4,"featured_media":0,"parent":0,"menu_order":0,"comment_status":"closed","ping_status":"closed","template":"","meta":{"site-sidebar-layout":"default","site-content-layout":"","ast-site-content-layout":"default","site-content-style":"default","site-sidebar-style":"default","ast-global-header-display":"","ast-banner-title-visibility":"","ast-main-header-display":"","ast-hfb-above-header-display":"","ast-hfb-below-header-display":"","ast-hfb-mobile-header-display":"","site-post-title":"","ast-breadcrumbs-content":"","ast-featured-img":"","footer-sml-layout":"","ast-disable-related-posts":"","theme-transparent-header-meta":"","adv-header-id-meta":"","stick-header-meta":"","header-above-stick-meta":"","header-main-stick-meta":"","header-below-stick-meta":"","astra-migrate-meta-layouts":"default","ast-page-background-enabled":"default","ast-page-background-meta":{"desktop":{"background-color":"var(--ast-global-color-4)","background-image":"","background-repeat":"repeat","background-position":"center center","background-size":"auto","background-attachment":"scroll","background-type":"","background-media":"","overlay-type":"","overlay-color":"","overlay-opacity":"","overlay-gradient":""},"tablet":{"background-color":"","background-image":"","background-repeat":"repeat","background-position":"center center","background-size":"auto","background-attachment":"scroll","background-type":"","background-media":"","overlay-type":"","overlay-color":"","overlay-opacity":"","overlay-gradient":""},"mobile":{"background-color":"","background-image":"","background-repeat":"repeat","background-position":"center center","background-size":"auto","background-attachment":"scroll","background-type":"","background-media":"","overlay-type":"","overlay-color":"","overlay-opacity":"","overlay-gradient":""}},"ast-content-background-meta":{"desktop":{"background-color":"var(--ast-global-color-5)","background-image":"","background-repeat":"repeat","background-position":"center center","background-size":"auto","background-attachment":"scroll","background-type":"","background-media":"","overlay-type":"","overlay-color":"","overlay-opacity":"","overlay-gradient":""},"tablet":{"background-color":"var(--ast-global-color-5)","background-image":"","background-repeat":"repeat","background-position":"center center","background-size":"auto","background-attachment":"scroll","background-type":"","background-media":"","overlay-type":"","overlay-color":"","overlay-opacity":"","overlay-gradient":""},"mobile":{"background-color":"var(--ast-global-color-5)","background-image":"","background-repeat":"repeat","background-position":"center center","background-size":"auto","background-attachment":"scroll","background-type":"","background-media":"","overlay-type":"","overlay-color":"","overlay-opacity":"","overlay-gradient":""}},"footnotes":""},"class_list":["post-147445","page","type-page","status-publish","hentry"],"_links":{"self":[{"href":"https:\/\/medclinics.com\/fr\/wp-json\/wp\/v2\/pages\/147445","targetHints":{"allow":["GET"]}}],"collection":[{"href":"https:\/\/medclinics.com\/fr\/wp-json\/wp\/v2\/pages"}],"about":[{"href":"https:\/\/medclinics.com\/fr\/wp-json\/wp\/v2\/types\/page"}],"author":[{"embeddable":true,"href":"https:\/\/medclinics.com\/fr\/wp-json\/wp\/v2\/users\/4"}],"replies":[{"embeddable":true,"href":"https:\/\/medclinics.com\/fr\/wp-json\/wp\/v2\/comments?post=147445"}],"version-history":[{"count":0,"href":"https:\/\/medclinics.com\/fr\/wp-json\/wp\/v2\/pages\/147445\/revisions"}],"wp:attachment":[{"href":"https:\/\/medclinics.com\/fr\/wp-json\/wp\/v2\/media?parent=147445"}],"curies":[{"name":"wp","href":"https:\/\/api.w.org\/{rel}","templated":true}]}}