{"id":147425,"date":"2023-07-17T10:06:34","date_gmt":"2023-07-17T07:06:34","guid":{"rendered":"https:\/\/medclinics.com\/traitement-de-la-migraine\/"},"modified":"2024-04-08T13:48:20","modified_gmt":"2024-04-08T10:48:20","slug":"traitement-de-la-migraine","status":"publish","type":"page","link":"https:\/\/medclinics.com\/fr\/traitement-de-la-migraine\/","title":{"rendered":"Traitement de la migraine"},"content":{"rendered":"\n<h2 class=\"wp-block-heading\">Bienvenue dans la lutte contre la migraine ! Souffrez-vous aussi de ces terribles maux de t\u00eate r\u00e9currents ? Mettez-y un terme avec un traitement anti-migraineux !<\/h2>\n\n<p>Il existe plusieurs traitements anti-migraineux efficaces pour vous aider \u00e0 soulager votre malaise. Les relaxants musculaires constituent une option efficace.<\/p>\n\n<p>Les relaxants musculaires agissent sur le syst\u00e8me nerveux central. Ils r\u00e9duisent la tension et la douleur dans les muscles de tout le corps. Ils constituent donc un choix id\u00e9al pour les personnes dont les crises de migraine s&rsquo;accompagnent d&rsquo;une atteinte importante du cou ou des \u00e9paules et constituent une m\u00e9thode tr\u00e8s efficace de <a href=\"https:\/\/medclinics.com\/fr\/relaxant-musculaire\/\" target=\"_blank\" data-type=\"page\" data-id=\"145799\" rel=\"noreferrer noopener\">traitement de la migraine<\/a>.<\/p>\n\n<p>Des changements de mode de vie et des m\u00e9dicaments pr\u00e9ventifs peuvent \u00e9galement s&rsquo;av\u00e9rer utiles. Cependant, cela n&rsquo;est parfois pas suffisant et d&rsquo;autres mesures sont n\u00e9cessaires. C&rsquo;est l\u00e0 que les relaxants musculaires entrent en jeu, apportant un soulagement lorsque les autres options ne suffisent pas.<br\/>Si vous en avez assez de vivre avec des maux de t\u00eate constants et des douleurs cervicales caus\u00e9es par les migraines, la th\u00e9rapie par relaxants musculaires pourrait \u00eatre le traitement de la migraine qu&rsquo;il vous faut !<\/p>\n\n<figure class=\"wp-block-image size-full\"><img fetchpriority=\"high\" decoding=\"async\" width=\"780\" height=\"488\" src=\"https:\/\/medclinics.com\/wp-content\/uploads\/2024\/04\/anti-migraine-treatment-near-me.jpg\" alt=\"Traitement anti-migraine pr&#xE8;s de chez moi\" class=\"wp-image-161382\" srcset=\"https:\/\/medclinics.com\/wp-content\/uploads\/2024\/04\/anti-migraine-treatment-near-me.jpg 780w, https:\/\/medclinics.com\/wp-content\/uploads\/2024\/04\/anti-migraine-treatment-near-me-300x188.jpg 300w, https:\/\/medclinics.com\/wp-content\/uploads\/2024\/04\/anti-migraine-treatment-near-me-768x480.jpg 768w\" sizes=\"(max-width: 780px) 100vw, 780px\" \/><\/figure>\n\n<h3 class=\"wp-block-heading\">Tout ce que vous devez savoir sur les <a href=\"https:\/\/medclinics.com\/fr\/beaute\/\" target=\"_blank\" rel=\"noreferrer noopener\">traitements de beaut\u00e9<\/a>, y compris le prix, les soins et le processus de gu\u00e9rison, ou <a href=\"#requestform\">contactez-nous<\/a>!<\/h3>\n\n<h2 class=\"wp-block-heading\">FAQ <\/h2>\n<div id=\"rank-math-faq\" class=\"rank-math-block\">\n<div class=\"rank-math-list \">\n<div id=\"faq-question-1684851552320\" class=\"rank-math-list-item\">\n<h3 class=\"rank-math-question \">Les relaxants musculaires peuvent-ils gu\u00e9rir compl\u00e8tement les migraines ?<\/h3>\n<div class=\"rank-math-answer \">\n\n<p>Les relaxants musculaires ne sont pas consid\u00e9r\u00e9s comme un rem\u00e8de contre les migraines. Ils sont g\u00e9n\u00e9ralement utilis\u00e9s comme traitement d&rsquo;appoint pour aider \u00e0 soulager la tension musculaire et r\u00e9duire les sympt\u00f4mes associ\u00e9s. La prise en charge de la migraine implique g\u00e9n\u00e9ralement une combinaison d&rsquo;approches adapt\u00e9es \u00e0 chaque individu.<\/p>\n\n<\/div>\n<\/div>\n<div id=\"faq-question-1684851594998\" class=\"rank-math-list-item\">\n<h3 class=\"rank-math-question \">Comment les relaxants musculaires aident-ils \u00e0 soulager les migraines ?<\/h3>\n<div class=\"rank-math-answer \">\n\n<p>Les relaxants musculaires agissent en rel\u00e2chant la tension musculaire, qui peut contribuer aux sympt\u00f4mes de la migraine tels que les maux de t\u00eate et les douleurs cervicales. En r\u00e9duisant la tension musculaire, ces m\u00e9dicaments peuvent aider \u00e0 soulager et \u00e0 am\u00e9liorer la gestion globale de la migraine.  <\/p>\n\n<\/div>\n<\/div>\n<div id=\"faq-question-1684851677686\" class=\"rank-math-list-item\">\n<h3 class=\"rank-math-question \">Les relaxants musculaires sont-ils couramment prescrits pour les migraines ?<\/h3>\n<div class=\"rank-math-answer \">\n\n<p>Il n&rsquo;est pas courant de prescrire des relaxants musculaires en premi\u00e8re intention en cas de migraine. Ils ne sont g\u00e9n\u00e9ralement recommand\u00e9s que lorsque d&rsquo;autres approches se sont r\u00e9v\u00e9l\u00e9es inefficaces pour traiter les sympt\u00f4mes li\u00e9s \u00e0 la tension musculaire ou lorsque les \u00e9pisodes migraineux s&rsquo;accompagnent d&rsquo;une atteinte musculaire importante.<\/p>\n\n<\/div>\n<\/div>\n<\/div>\n<\/div>\n<h3 class=\"wp-block-heading\">Contactez-nous d\u00e8s maintenant si vous avez des questions !<\/h3>\n","protected":false},"excerpt":{"rendered":"<p>Bienvenue dans la lutte contre la migraine ! Souffrez-vous aussi de ces terribles maux de t\u00eate r\u00e9currents ? Mettez-y un [&hellip;]<\/p>\n","protected":false},"author":4,"featured_media":161392,"parent":0,"menu_order":0,"comment_status":"closed","ping_status":"closed","template":"","meta":{"site-sidebar-layout":"default","site-content-layout":"","ast-site-content-layout":"default","site-content-style":"default","site-sidebar-style":"default","ast-global-header-display":"","ast-banner-title-visibility":"","ast-main-header-display":"","ast-hfb-above-header-display":"","ast-hfb-below-header-display":"","ast-hfb-mobile-header-display":"","site-post-title":"","ast-breadcrumbs-content":"","ast-featured-img":"","footer-sml-layout":"","ast-disable-related-posts":"","theme-transparent-header-meta":"","adv-header-id-meta":"","stick-header-meta":"","header-above-stick-meta":"","header-main-stick-meta":"","header-below-stick-meta":"","astra-migrate-meta-layouts":"default","ast-page-background-enabled":"default","ast-page-background-meta":{"desktop":{"background-color":"var(--ast-global-color-4)","background-image":"","background-repeat":"repeat","background-position":"center center","background-size":"auto","background-attachment":"scroll","background-type":"","background-media":"","overlay-type":"","overlay-color":"","overlay-opacity":"","overlay-gradient":""},"tablet":{"background-color":"","background-image":"","background-repeat":"repeat","background-position":"center center","background-size":"auto","background-attachment":"scroll","background-type":"","background-media":"","overlay-type":"","overlay-color":"","overlay-opacity":"","overlay-gradient":""},"mobile":{"background-color":"","background-image":"","background-repeat":"repeat","background-position":"center center","background-size":"auto","background-attachment":"scroll","background-type":"","background-media":"","overlay-type":"","overlay-color":"","overlay-opacity":"","overlay-gradient":""}},"ast-content-background-meta":{"desktop":{"background-color":"var(--ast-global-color-5)","background-image":"","background-repeat":"repeat","background-position":"center center","background-size":"auto","background-attachment":"scroll","background-type":"","background-media":"","overlay-type":"","overlay-color":"","overlay-opacity":"","overlay-gradient":""},"tablet":{"background-color":"var(--ast-global-color-5)","background-image":"","background-repeat":"repeat","background-position":"center center","background-size":"auto","background-attachment":"scroll","background-type":"","background-media":"","overlay-type":"","overlay-color":"","overlay-opacity":"","overlay-gradient":""},"mobile":{"background-color":"var(--ast-global-color-5)","background-image":"","background-repeat":"repeat","background-position":"center center","background-size":"auto","background-attachment":"scroll","background-type":"","background-media":"","overlay-type":"","overlay-color":"","overlay-opacity":"","overlay-gradient":""}},"footnotes":""},"class_list":["post-147425","page","type-page","status-publish","has-post-thumbnail","hentry"],"_links":{"self":[{"href":"https:\/\/medclinics.com\/fr\/wp-json\/wp\/v2\/pages\/147425","targetHints":{"allow":["GET"]}}],"collection":[{"href":"https:\/\/medclinics.com\/fr\/wp-json\/wp\/v2\/pages"}],"about":[{"href":"https:\/\/medclinics.com\/fr\/wp-json\/wp\/v2\/types\/page"}],"author":[{"embeddable":true,"href":"https:\/\/medclinics.com\/fr\/wp-json\/wp\/v2\/users\/4"}],"replies":[{"embeddable":true,"href":"https:\/\/medclinics.com\/fr\/wp-json\/wp\/v2\/comments?post=147425"}],"version-history":[{"count":0,"href":"https:\/\/medclinics.com\/fr\/wp-json\/wp\/v2\/pages\/147425\/revisions"}],"wp:featuredmedia":[{"embeddable":true,"href":"https:\/\/medclinics.com\/fr\/wp-json\/wp\/v2\/media\/161392"}],"wp:attachment":[{"href":"https:\/\/medclinics.com\/fr\/wp-json\/wp\/v2\/media?parent=147425"}],"curies":[{"name":"wp","href":"https:\/\/api.w.org\/{rel}","templated":true}]}}