{"id":147310,"date":"2023-03-12T10:43:54","date_gmt":"2023-03-12T07:43:54","guid":{"rendered":"https:\/\/medclinics.com\/chirurgie-de-la-prothese-penienne\/"},"modified":"2025-01-02T19:08:32","modified_gmt":"2025-01-02T16:08:32","slug":"chirurgie-de-la-prothese-penienne","status":"publish","type":"page","link":"https:\/\/medclinics.com\/fr\/chirurgie-de-la-prothese-penienne\/","title":{"rendered":"Chirurgie de la proth\u00e8se p\u00e9nienne"},"content":{"rendered":"\n<p>La chirurgie de la proth\u00e8se p\u00e9nienne, \u00e9galement connue sous le nom d&rsquo;implant p\u00e9nien, est une proc\u00e9dure chirurgicale destin\u00e9e \u00e0 traiter la dysfonction \u00e9rectile (DE) qui n&rsquo;a pas r\u00e9pondu aux autres options de traitement conservateur. Elle implique l&rsquo;insertion d&rsquo;une proth\u00e8se p\u00e9nienne, qui est un dispositif m\u00e9dical permettant \u00e0 un homme d&rsquo;avoir une \u00e9rection adapt\u00e9e aux rapports sexuels.<\/p>\n\n<p>L&rsquo;intervention est g\u00e9n\u00e9ralement recommand\u00e9e aux personnes souffrant d&rsquo;une dysfonction \u00e9rectile grave et qui n&rsquo;ont pas obtenu de r\u00e9sultats satisfaisants avec des m\u00e9dicaments, des changements de mode de vie ou d&rsquo;autres traitements non invasifs. La chirurgie de la proth\u00e8se p\u00e9nienne est consid\u00e9r\u00e9e comme un dernier recours apr\u00e8s que les autres options de traitement ont \u00e9t\u00e9 \u00e9puis\u00e9es.<\/p>\n\n<p>Au cours de l&rsquo;op\u00e9ration, le chirurgien pratique une incision dans le p\u00e9nis et cr\u00e9e un espace dans les tissus \u00e9rectiles pour accueillir la proth\u00e8se. La proth\u00e8se se compose de cylindres gonflables ins\u00e9r\u00e9s dans le p\u00e9nis, d&rsquo;un r\u00e9servoir de liquide g\u00e9n\u00e9ralement plac\u00e9 dans l&rsquo;abdomen ou le scrotum et d&rsquo;une pompe implant\u00e9e dans le scrotum. Il existe <a href=\"https:\/\/en.wikipedia.org\/wiki\/Penile_implant\" target=\"_blank\" rel=\"noopener\">diff\u00e9rents<\/a> types de proth\u00e8ses p\u00e9niennes, notamment des dispositifs gonflables et mall\u00e9ables (semi-rigides).<\/p>\n\n<p>Une fois la proth\u00e8se en place, le patient peut activer manuellement la pompe, qui transf\u00e8re le liquide du r\u00e9servoir dans les cylindres, cr\u00e9ant ainsi une \u00e9rection. Apr\u00e8s l&rsquo;activit\u00e9 sexuelle, le liquide est renvoy\u00e9 dans le r\u00e9servoir, ce qui d\u00e9gonfle les cylindres et ram\u00e8ne le p\u00e9nis \u00e0 l&rsquo;\u00e9tat de flaccidit\u00e9.<\/p>\n\n<h3 class=\"wp-block-heading\">Tout ce que vous devez savoir sur l&rsquo;<a href=\"https:\/\/medclinics.com\/fr\/esthetique-genitale\/\" target=\"_blank\" rel=\"noreferrer noopener\">esth\u00e9tique g\u00e9nitale<\/a>, y compris le prix, et plus encore ou <a href=\"#requestform\">contactez-nous<\/a>!<\/h3>\n\n<h2 class=\"wp-block-heading\">FAQ<\/h2>\n<div id=\"rank-math-faq\" class=\"rank-math-block\">\n<div class=\"rank-math-list \">\n<div id=\"faq-question-1686825109528\" class=\"rank-math-list-item\">\n<h3 class=\"rank-math-question \">Qu&rsquo;est-ce que la chirurgie de la proth\u00e8se p\u00e9nienne ?<\/h3>\n<div class=\"rank-math-answer \">\n\n<p>La chirurgie de la proth\u00e8se p\u00e9nienne est une proc\u00e9dure dans laquelle un dispositif artificiel est implant\u00e9 chirurgicalement dans le p\u00e9nis pour traiter la dysfonction \u00e9rectile et permettre l&rsquo;\u00e9rection.<\/p>\n\n<\/div>\n<\/div>\n<\/div>\n<\/div>\n<p>\u00a0<\/p>\n\n<h3 class=\"wp-block-heading\">Contactez-nous d\u00e8s maintenant si vous avez des questions !<\/h3>\n","protected":false},"excerpt":{"rendered":"<p>La chirurgie de la proth\u00e8se p\u00e9nienne, \u00e9galement connue sous le nom d&rsquo;implant p\u00e9nien, est une proc\u00e9dure chirurgicale destin\u00e9e \u00e0 traiter [&hellip;]<\/p>\n","protected":false},"author":4,"featured_media":94673,"parent":0,"menu_order":0,"comment_status":"closed","ping_status":"closed","template":"","meta":{"site-sidebar-layout":"default","site-content-layout":"","ast-site-content-layout":"default","site-content-style":"default","site-sidebar-style":"default","ast-global-header-display":"","ast-banner-title-visibility":"","ast-main-header-display":"","ast-hfb-above-header-display":"","ast-hfb-below-header-display":"","ast-hfb-mobile-header-display":"","site-post-title":"","ast-breadcrumbs-content":"","ast-featured-img":"","footer-sml-layout":"","ast-disable-related-posts":"","theme-transparent-header-meta":"","adv-header-id-meta":"","stick-header-meta":"","header-above-stick-meta":"","header-main-stick-meta":"","header-below-stick-meta":"","astra-migrate-meta-layouts":"default","ast-page-background-enabled":"default","ast-page-background-meta":{"desktop":{"background-color":"var(--ast-global-color-4)","background-image":"","background-repeat":"repeat","background-position":"center center","background-size":"auto","background-attachment":"scroll","background-type":"","background-media":"","overlay-type":"","overlay-color":"","overlay-opacity":"","overlay-gradient":""},"tablet":{"background-color":"","background-image":"","background-repeat":"repeat","background-position":"center center","background-size":"auto","background-attachment":"scroll","background-type":"","background-media":"","overlay-type":"","overlay-color":"","overlay-opacity":"","overlay-gradient":""},"mobile":{"background-color":"","background-image":"","background-repeat":"repeat","background-position":"center center","background-size":"auto","background-attachment":"scroll","background-type":"","background-media":"","overlay-type":"","overlay-color":"","overlay-opacity":"","overlay-gradient":""}},"ast-content-background-meta":{"desktop":{"background-color":"var(--ast-global-color-5)","background-image":"","background-repeat":"repeat","background-position":"center center","background-size":"auto","background-attachment":"scroll","background-type":"","background-media":"","overlay-type":"","overlay-color":"","overlay-opacity":"","overlay-gradient":""},"tablet":{"background-color":"var(--ast-global-color-5)","background-image":"","background-repeat":"repeat","background-position":"center center","background-size":"auto","background-attachment":"scroll","background-type":"","background-media":"","overlay-type":"","overlay-color":"","overlay-opacity":"","overlay-gradient":""},"mobile":{"background-color":"var(--ast-global-color-5)","background-image":"","background-repeat":"repeat","background-position":"center center","background-size":"auto","background-attachment":"scroll","background-type":"","background-media":"","overlay-type":"","overlay-color":"","overlay-opacity":"","overlay-gradient":""}},"footnotes":""},"class_list":["post-147310","page","type-page","status-publish","has-post-thumbnail","hentry"],"_links":{"self":[{"href":"https:\/\/medclinics.com\/fr\/wp-json\/wp\/v2\/pages\/147310","targetHints":{"allow":["GET"]}}],"collection":[{"href":"https:\/\/medclinics.com\/fr\/wp-json\/wp\/v2\/pages"}],"about":[{"href":"https:\/\/medclinics.com\/fr\/wp-json\/wp\/v2\/types\/page"}],"author":[{"embeddable":true,"href":"https:\/\/medclinics.com\/fr\/wp-json\/wp\/v2\/users\/4"}],"replies":[{"embeddable":true,"href":"https:\/\/medclinics.com\/fr\/wp-json\/wp\/v2\/comments?post=147310"}],"version-history":[{"count":0,"href":"https:\/\/medclinics.com\/fr\/wp-json\/wp\/v2\/pages\/147310\/revisions"}],"wp:featuredmedia":[{"embeddable":true,"href":"https:\/\/medclinics.com\/fr\/wp-json\/wp\/v2\/media\/94673"}],"wp:attachment":[{"href":"https:\/\/medclinics.com\/fr\/wp-json\/wp\/v2\/media?parent=147310"}],"curies":[{"name":"wp","href":"https:\/\/api.w.org\/{rel}","templated":true}]}}