{"id":147292,"date":"2023-03-15T10:21:00","date_gmt":"2023-03-15T07:21:00","guid":{"rendered":"https:\/\/medclinics.com\/chirurgie-dagrandissement-du-penis\/"},"modified":"2025-01-02T19:08:32","modified_gmt":"2025-01-02T16:08:32","slug":"chirurgie-dagrandissement-du-penis","status":"publish","type":"page","link":"https:\/\/medclinics.com\/fr\/chirurgie-dagrandissement-du-penis\/","title":{"rendered":"Chirurgie d&rsquo;agrandissement du p\u00e9nis"},"content":{"rendered":"\n<p>La chirurgie d&rsquo;agrandissement du p\u00e9nis est \u00e9galement connue sous le nom d&rsquo;augmentation ou d&rsquo;allongement du p\u00e9nis. Il s&rsquo;agit d&rsquo;une intervention chirurgicale destin\u00e9e \u00e0 augmenter la taille ou la circonf\u00e9rence du p\u00e9nis. Cette intervention facultative est g\u00e9n\u00e9ralement demand\u00e9e par des personnes qui ne sont pas satisfaites de la taille ou de l&rsquo;apparence de leur p\u00e9nis et qui souhaitent am\u00e9liorer leur confiance en soi et leur satisfaction sexuelle.<\/p>\n\n<p>Il existe diff\u00e9rentes techniques utilis\u00e9es dans la chirurgie d&rsquo;agrandissement du p\u00e9nis, et l&rsquo;approche sp\u00e9cifique peut varier en fonction du chirurgien et des objectifs du patient. Voici quelques m\u00e9thodes courantes :<\/p>\n\n<p><strong>Proc\u00e9dures d&rsquo;allongement :<\/strong> Ces proc\u00e9dures visent \u00e0 augmenter la longueur du p\u00e9nis. L&rsquo;une des techniques consiste \u00e0 lib\u00e9rer le ligament qui relie la base du p\u00e9nis \u00e0 l&rsquo;os pubien. Il permet d&rsquo;exposer une partie de l&rsquo;int\u00e9rieur du p\u00e9nis et d&rsquo;augmenter potentiellement la longueur visible. Dans certains cas, une proc\u00e9dure de reconstruction ligamentaire peut \u00eatre effectu\u00e9e pour obtenir une longueur suppl\u00e9mentaire.<\/p>\n\n<p><strong>Proc\u00e9dures d&rsquo;augmentation de la circonf\u00e9rence :<\/strong> Ces proc\u00e9dures visent \u00e0 augmenter la circonf\u00e9rence du p\u00e9nis. L&rsquo;une des m\u00e9thodes les plus r\u00e9pandues consiste \u00e0 injecter dans le p\u00e9nis de la graisse pr\u00e9lev\u00e9e sur le corps du patient (g\u00e9n\u00e9ralement dans des zones telles que l&rsquo;abdomen ou les cuisses). Il peut augmenter le volume et la circonf\u00e9rence.<\/p>\n\n<p><strong>Approches combin\u00e9es :<\/strong> Certains chirurgiens peuvent utiliser une combinaison de techniques d&rsquo;allongement et d&rsquo;augmentation de la <a href=\"https:\/\/en.wikipedia.org\/wiki\/Penis_enlargement\" target=\"_blank\" rel=\"noopener\">circonf\u00e9rence<\/a> pour obtenir les r\u00e9sultats souhait\u00e9s. Il peut s&rsquo;agir d&rsquo;une combinaison de lib\u00e9ration des ligaments, de transfert de graisse ou d&rsquo;autres techniques de greffe.<\/p>\n\n<p>Si vous \u00eates \u00e0 la recherche d&rsquo;une chirurgie d&rsquo;agrandissement du p\u00e9nis en Turquie, vous pouvez facilement nous contacter !<\/p>\n\n<h2 class=\"wp-block-heading\">Tout ce que vous devez savoir sur l&rsquo;<a href=\"https:\/\/medclinics.com\/fr\/esthetique-genitale\/\" target=\"_blank\" rel=\"noreferrer noopener\">esth\u00e9tique g\u00e9nitale<\/a>, y compris le prix, les soins et le processus de gu\u00e9rison, ou <a href=\"#requestform\">contactez-nous<\/a>!<\/h2>\n\n<h2 class=\"wp-block-heading\">FAQ<\/h2>\n<div id=\"rank-math-faq\" class=\"rank-math-block\">\n<div class=\"rank-math-list \">\n<div id=\"faq-question-1686823893472\" class=\"rank-math-list-item\">\n<h3 class=\"rank-math-question \">Qu&rsquo;est-ce que la chirurgie d&rsquo;agrandissement du p\u00e9nis ?<\/h3>\n<div class=\"rank-math-answer \">\n\n<p>La chirurgie d&rsquo;agrandissement du p\u00e9nis est \u00e9galement connue sous le nom d&rsquo;agrandissement du p\u00e9nis ou d&rsquo;am\u00e9lioration du p\u00e9nis. Il s&rsquo;agit d&rsquo;interventions chirurgicales pratiqu\u00e9es dans le but d&rsquo;augmenter la taille ou de modifier l&rsquo;apparence du p\u00e9nis.<\/p>\n\n<\/div>\n<\/div>\n<div id=\"faq-question-1686823763623\" class=\"rank-math-list-item\">\n<h3 class=\"rank-math-question \">Combien co\u00fbte une op\u00e9ration d&rsquo;agrandissement du p\u00e9nis ?<\/h3>\n<div class=\"rank-math-answer \">\n\n<p>Le co\u00fbt d&rsquo;une op\u00e9ration d&rsquo;agrandissement du p\u00e9nis varie g\u00e9n\u00e9ralement entre 4 000 et 10 000 euros.<\/p>\n\n<\/div>\n<\/div>\n<div id=\"faq-question-1687159489241\" class=\"rank-math-list-item\">\n<h3 class=\"rank-math-question \">Existe-t-il des proc\u00e9dures non invasives, telles que des injections, qui permettent d&rsquo;augmenter la taille du p\u00e9nis ?<\/h3>\n<div class=\"rank-math-answer \">\n\n<p>Il n&rsquo;existe aucune proc\u00e9dure non invasive scientifiquement prouv\u00e9e, telle que les injections, qui permette d&rsquo;augmenter la taille du p\u00e9nis de mani\u00e8re permanente. Il convient de se m\u00e9fier de toute all\u00e9gation sugg\u00e9rant le contraire, car elle peut \u00eatre trompeuse ou potentiellement dangereuse.<\/p>\n\n<\/div>\n<\/div>\n<div id=\"faq-question-1687159491108\" class=\"rank-math-list-item\">\n<h3 class=\"rank-math-question \">Existe-t-il des suppl\u00e9ments naturels ou des plantes qui peuvent favoriser l&rsquo;agrandissement du p\u00e9nis ?<\/h3>\n<div class=\"rank-math-answer \">\n\n<p>Il existe peu de preuves scientifiques de l&rsquo;efficacit\u00e9 des suppl\u00e9ments naturels ou des plantes pour favoriser l&rsquo;\u00e9largissement permanent du p\u00e9nis. Il est important d&rsquo;aborder ces all\u00e9gations avec scepticisme et de consulter des professionnels de la sant\u00e9 avant d&rsquo;utiliser des compl\u00e9ments alimentaires.<\/p>\n\n<\/div>\n<\/div>\n<div id=\"faq-question-1687159492061\" class=\"rank-math-list-item\">\n<h3 class=\"rank-math-question \">Les dispositifs de traction ou les extenseurs permettent-ils d&rsquo;augmenter durablement la taille du p\u00e9nis ?<\/h3>\n<div class=\"rank-math-answer \">\n\n<p>Les dispositifs de traction ou les extenseurs peuvent permettre un \u00e9largissement temporaire en appliquant une tension constante sur le p\u00e9nis. Certaines \u00e9tudes sugg\u00e8rent qu&rsquo;ils peuvent apporter des gains de longueur l\u00e9gers, mais non significatifs. Cependant, les r\u00e9sultats \u00e0 long terme et la s\u00e9curit\u00e9 font encore l&rsquo;objet de d\u00e9bats.<\/p>\n\n<\/div>\n<\/div>\n<div id=\"faq-question-1687159492885\" class=\"rank-math-list-item\">\n<h3 class=\"rank-math-question \">Existe-t-il des aliments ou des r\u00e9gimes sp\u00e9cifiques qui peuvent augmenter la taille du p\u00e9nis ?<\/h3>\n<div class=\"rank-math-answer \">\n\n<p>Il n&rsquo;existe pas d&rsquo;aliments ou de r\u00e9gimes sp\u00e9cifiques dont il a \u00e9t\u00e9 scientifiquement prouv\u00e9 qu&rsquo;ils augmentent la taille du p\u00e9nis. Cependant, une alimentation et un mode de vie sains peuvent contribuer \u00e0 la sant\u00e9 et au bien-\u00eatre sexuels.<\/p>\n\n<\/div>\n<\/div>\n<div id=\"faq-question-1687159574935\" class=\"rank-math-list-item\">\n<h3 class=\"rank-math-question \">Y a-t-il un \u00e2ge ou une p\u00e9riode de la vie recommand\u00e9s pour envisager des proc\u00e9dures d&rsquo;agrandissement du p\u00e9nis ?<\/h3>\n<div class=\"rank-math-answer \">\n\n<p>La d\u00e9cision de recourir \u00e0 des proc\u00e9dures d&rsquo;agrandissement du p\u00e9nis est tr\u00e8s personnelle et doit \u00eatre prise en fonction des besoins et des circonstances de chacun. Il est conseill\u00e9 de consulter un professionnel de la sant\u00e9 qualifi\u00e9 ou un urologue qui pourra vous donner des conseils adapt\u00e9s \u00e0 votre situation sp\u00e9cifique.<\/p>\n\n<\/div>\n<\/div>\n<\/div>\n<\/div>\n<p>\u00a0<\/p>\n\n<h3 class=\"wp-block-heading\">Contactez-nous d\u00e8s maintenant si vous avez des questions !<\/h3>\n","protected":false},"excerpt":{"rendered":"<p>La chirurgie d&rsquo;agrandissement du p\u00e9nis est \u00e9galement connue sous le nom d&rsquo;augmentation ou d&rsquo;allongement du p\u00e9nis. Il s&rsquo;agit d&rsquo;une intervention [&hellip;]<\/p>\n","protected":false},"author":4,"featured_media":94642,"parent":0,"menu_order":0,"comment_status":"closed","ping_status":"closed","template":"","meta":{"site-sidebar-layout":"default","site-content-layout":"","ast-site-content-layout":"default","site-content-style":"default","site-sidebar-style":"default","ast-global-header-display":"","ast-banner-title-visibility":"","ast-main-header-display":"","ast-hfb-above-header-display":"","ast-hfb-below-header-display":"","ast-hfb-mobile-header-display":"","site-post-title":"","ast-breadcrumbs-content":"","ast-featured-img":"","footer-sml-layout":"","ast-disable-related-posts":"","theme-transparent-header-meta":"","adv-header-id-meta":"","stick-header-meta":"","header-above-stick-meta":"","header-main-stick-meta":"","header-below-stick-meta":"","astra-migrate-meta-layouts":"default","ast-page-background-enabled":"default","ast-page-background-meta":{"desktop":{"background-color":"var(--ast-global-color-4)","background-image":"","background-repeat":"repeat","background-position":"center center","background-size":"auto","background-attachment":"scroll","background-type":"","background-media":"","overlay-type":"","overlay-color":"","overlay-opacity":"","overlay-gradient":""},"tablet":{"background-color":"","background-image":"","background-repeat":"repeat","background-position":"center center","background-size":"auto","background-attachment":"scroll","background-type":"","background-media":"","overlay-type":"","overlay-color":"","overlay-opacity":"","overlay-gradient":""},"mobile":{"background-color":"","background-image":"","background-repeat":"repeat","background-position":"center center","background-size":"auto","background-attachment":"scroll","background-type":"","background-media":"","overlay-type":"","overlay-color":"","overlay-opacity":"","overlay-gradient":""}},"ast-content-background-meta":{"desktop":{"background-color":"var(--ast-global-color-5)","background-image":"","background-repeat":"repeat","background-position":"center center","background-size":"auto","background-attachment":"scroll","background-type":"","background-media":"","overlay-type":"","overlay-color":"","overlay-opacity":"","overlay-gradient":""},"tablet":{"background-color":"var(--ast-global-color-5)","background-image":"","background-repeat":"repeat","background-position":"center center","background-size":"auto","background-attachment":"scroll","background-type":"","background-media":"","overlay-type":"","overlay-color":"","overlay-opacity":"","overlay-gradient":""},"mobile":{"background-color":"var(--ast-global-color-5)","background-image":"","background-repeat":"repeat","background-position":"center center","background-size":"auto","background-attachment":"scroll","background-type":"","background-media":"","overlay-type":"","overlay-color":"","overlay-opacity":"","overlay-gradient":""}},"footnotes":""},"class_list":["post-147292","page","type-page","status-publish","has-post-thumbnail","hentry"],"_links":{"self":[{"href":"https:\/\/medclinics.com\/fr\/wp-json\/wp\/v2\/pages\/147292","targetHints":{"allow":["GET"]}}],"collection":[{"href":"https:\/\/medclinics.com\/fr\/wp-json\/wp\/v2\/pages"}],"about":[{"href":"https:\/\/medclinics.com\/fr\/wp-json\/wp\/v2\/types\/page"}],"author":[{"embeddable":true,"href":"https:\/\/medclinics.com\/fr\/wp-json\/wp\/v2\/users\/4"}],"replies":[{"embeddable":true,"href":"https:\/\/medclinics.com\/fr\/wp-json\/wp\/v2\/comments?post=147292"}],"version-history":[{"count":0,"href":"https:\/\/medclinics.com\/fr\/wp-json\/wp\/v2\/pages\/147292\/revisions"}],"wp:featuredmedia":[{"embeddable":true,"href":"https:\/\/medclinics.com\/fr\/wp-json\/wp\/v2\/media\/94642"}],"wp:attachment":[{"href":"https:\/\/medclinics.com\/fr\/wp-json\/wp\/v2\/media?parent=147292"}],"curies":[{"name":"wp","href":"https:\/\/api.w.org\/{rel}","templated":true}]}}