{"id":147223,"date":"2023-04-18T14:17:26","date_gmt":"2023-04-18T14:17:26","guid":{"rendered":"https:\/\/medclinics.com\/methodes-de-controle-medical-et-cliniques-2\/"},"modified":"2024-03-18T13:24:02","modified_gmt":"2024-03-18T13:24:02","slug":"methodes-de-controle-medical-et-cliniques-2","status":"publish","type":"page","link":"https:\/\/medclinics.com\/fr\/methodes-de-controle-medical-et-cliniques-2\/","title":{"rendered":"M\u00e9thodes de contr\u00f4le m\u00e9dical et cliniques"},"content":{"rendered":"\n<h2 class=\"wp-block-heading\">Il existe toute une s\u00e9rie d&rsquo;examens m\u00e9dicaux abordables pour diagnostiquer votre probl\u00e8me, quelle qu&rsquo;en soit la cause sous-jacente.<\/h2>\n\n<p>Tout commence maintenant avec MedClinics !<\/p>\n\n<p>Avec toutes les informations dont vous avez besoin, une aide \u00e0 la r\u00e9servation et un soutien apr\u00e8s le traitement pour vous aider \u00e0 vous sentir mieux \u00e0 l&rsquo;avenir.<\/p>\n\n<h2 class=\"wp-block-heading\">Types d&rsquo;examens m\u00e9dicaux :<\/h2>\n<div class=\"jet-listing-grid--blocks   jet-sm-gb-wrapper jet-sm-gb-0cf7b254-192e-43d9-a62c-da60482c3509\"data-element-id=\"0cf7b254-192e-43d9-a62c-da60482c3509\"data-listing-type=\"blocks\"data-is-block=\"jet-engine\/listing-grid\"><div class=\"jet-listing-notice\">Please select listing to show.<\/div><\/div>\n<h2 class=\"wp-block-heading\">Vous trouverez ici les meilleurs bilans de sant\u00e9, nous vous aidons \u00e0 voir :<\/h2>\n<div class=\"jet-listing-grid--blocks   jet-sm-gb-wrapper jet-sm-gb-19a0a5bf-4bb0-4260-967f-9db5f991b642\"data-element-id=\"19a0a5bf-4bb0-4260-967f-9db5f991b642\"data-listing-type=\"blocks\"data-is-block=\"jet-engine\/listing-grid\"><div class=\"jet-listing-notice\">Please select listing to show.<\/div><\/div>\n<h2 class=\"wp-block-heading\">Contactez-nous, notre conseiller patient vous guidera et vous conseillera tout au long du processus !<\/h2>\n\n<p>N&rsquo;h\u00e9sitez pas \u00e0 nous contacter pour discuter du traitement que vous pr\u00e9f\u00e9rez pour vos examens m\u00e9dicaux.<br\/>Nos conseillers pourront vous expliquer les diff\u00e9rentes proc\u00e9dures, vous aider dans le processus de r\u00e9servation et r\u00e9pondre \u00e0 toutes vos questions afin de vous aider \u00e0 trouver la clinique la mieux adapt\u00e9e \u00e0 vos besoins sp\u00e9cifiques.<\/p>\n\n<p> <\/p>\n","protected":false},"excerpt":{"rendered":"<p>Il existe toute une s\u00e9rie d&rsquo;examens m\u00e9dicaux abordables pour diagnostiquer votre probl\u00e8me, quelle qu&rsquo;en soit la cause sous-jacente. Tout commence [&hellip;]<\/p>\n","protected":false},"author":4,"featured_media":0,"parent":0,"menu_order":0,"comment_status":"closed","ping_status":"closed","template":"","meta":{"site-sidebar-layout":"default","site-content-layout":"","ast-site-content-layout":"default","site-content-style":"default","site-sidebar-style":"default","ast-global-header-display":"","ast-banner-title-visibility":"","ast-main-header-display":"","ast-hfb-above-header-display":"","ast-hfb-below-header-display":"","ast-hfb-mobile-header-display":"","site-post-title":"","ast-breadcrumbs-content":"","ast-featured-img":"","footer-sml-layout":"","ast-disable-related-posts":"","theme-transparent-header-meta":"","adv-header-id-meta":"","stick-header-meta":"","header-above-stick-meta":"","header-main-stick-meta":"","header-below-stick-meta":"","astra-migrate-meta-layouts":"default","ast-page-background-enabled":"default","ast-page-background-meta":{"desktop":{"background-color":"var(--ast-global-color-4)","background-image":"","background-repeat":"repeat","background-position":"center center","background-size":"auto","background-attachment":"scroll","background-type":"","background-media":"","overlay-type":"","overlay-color":"","overlay-opacity":"","overlay-gradient":""},"tablet":{"background-color":"","background-image":"","background-repeat":"repeat","background-position":"center center","background-size":"auto","background-attachment":"scroll","background-type":"","background-media":"","overlay-type":"","overlay-color":"","overlay-opacity":"","overlay-gradient":""},"mobile":{"background-color":"","background-image":"","background-repeat":"repeat","background-position":"center center","background-size":"auto","background-attachment":"scroll","background-type":"","background-media":"","overlay-type":"","overlay-color":"","overlay-opacity":"","overlay-gradient":""}},"ast-content-background-meta":{"desktop":{"background-color":"var(--ast-global-color-5)","background-image":"","background-repeat":"repeat","background-position":"center center","background-size":"auto","background-attachment":"scroll","background-type":"","background-media":"","overlay-type":"","overlay-color":"","overlay-opacity":"","overlay-gradient":""},"tablet":{"background-color":"var(--ast-global-color-5)","background-image":"","background-repeat":"repeat","background-position":"center center","background-size":"auto","background-attachment":"scroll","background-type":"","background-media":"","overlay-type":"","overlay-color":"","overlay-opacity":"","overlay-gradient":""},"mobile":{"background-color":"var(--ast-global-color-5)","background-image":"","background-repeat":"repeat","background-position":"center center","background-size":"auto","background-attachment":"scroll","background-type":"","background-media":"","overlay-type":"","overlay-color":"","overlay-opacity":"","overlay-gradient":""}},"footnotes":""},"class_list":["post-147223","page","type-page","status-publish","hentry"],"_links":{"self":[{"href":"https:\/\/medclinics.com\/fr\/wp-json\/wp\/v2\/pages\/147223","targetHints":{"allow":["GET"]}}],"collection":[{"href":"https:\/\/medclinics.com\/fr\/wp-json\/wp\/v2\/pages"}],"about":[{"href":"https:\/\/medclinics.com\/fr\/wp-json\/wp\/v2\/types\/page"}],"author":[{"embeddable":true,"href":"https:\/\/medclinics.com\/fr\/wp-json\/wp\/v2\/users\/4"}],"replies":[{"embeddable":true,"href":"https:\/\/medclinics.com\/fr\/wp-json\/wp\/v2\/comments?post=147223"}],"version-history":[{"count":0,"href":"https:\/\/medclinics.com\/fr\/wp-json\/wp\/v2\/pages\/147223\/revisions"}],"wp:attachment":[{"href":"https:\/\/medclinics.com\/fr\/wp-json\/wp\/v2\/media?parent=147223"}],"curies":[{"name":"wp","href":"https:\/\/api.w.org\/{rel}","templated":true}]}}