{"id":147191,"date":"2023-05-06T14:51:00","date_gmt":"2023-05-06T11:51:00","guid":{"rendered":"https:\/\/medclinics.com\/liposuccion-au-laser-smart-lipo-lal\/"},"modified":"2025-01-02T16:23:19","modified_gmt":"2025-01-02T13:23:19","slug":"liposuccion-au-laser-smart-lipo-lal","status":"publish","type":"page","link":"https:\/\/medclinics.com\/fr\/liposuccion-au-laser-smart-lipo-lal\/","title":{"rendered":"Liposuccion au laser (Smart Lipo) (LAL)"},"content":{"rendered":"\n<h2 class=\"wp-block-heading\">Si vous recherchez des effets potentiels de resserrement de la peau, moins d&rsquo;inconfort et la possibilit\u00e9 de traiter diff\u00e9rentes zones du corps, la liposuccion au laser est le meilleur choix.<\/h2>\n\n<p>La <a href=\"https:\/\/en.wikipedia.org\/wiki\/Liposuction\" target=\"_blank\" rel=\"noreferrer noopener\">liposuccion<\/a> au laser est commun\u00e9ment appel\u00e9e Smart Lipo ou Laser-Assisted Liposuction (LAL). Il utilise l&rsquo;\u00e9nergie laser pour aider \u00e0 \u00e9liminer l&rsquo;exc\u00e8s de graisse dans des zones cibl\u00e9es du corps.<\/p>\n\n<p>L&rsquo;op\u00e9ration consiste \u00e0 pratiquer une petite incision. Une fine canule portant une fibre laser est ins\u00e9r\u00e9e dans la zone de traitement. L&rsquo;\u00e9nergie laser est produite. Les cellules graisseuses se r\u00e9chauffent et se liqu\u00e9fient.<\/p>\n\n<p>Il est ainsi plus facile de les retirer. Une canule est ensuite utilis\u00e9e pour extraire la graisse liqu\u00e9fi\u00e9e. L&rsquo;\u00e9nergie du laser contribue \u00e9galement \u00e0 stimuler la production de collag\u00e8ne, ce qui permet de resserrer la peau et de redessiner les contours.<\/p>\n\n<p>Les risques potentiels comprennent l&rsquo;infection, les br\u00fblures, le gonflement et les ecchymoses, les irr\u00e9gularit\u00e9s ou les r\u00e9sultats in\u00e9gaux, les cicatrices, les modifications de la sensation cutan\u00e9e, la formation de s\u00e9romes ou d&rsquo;h\u00e9matomes, les br\u00fblures cutan\u00e9es et les r\u00e9actions ind\u00e9sirables \u00e0 l&rsquo;anesth\u00e9sie.<\/p>\n\n<h3 class=\"wp-block-heading\">Tout ce que vous devez savoir sur la <a href=\"https:\/\/medclinics.com\/fr\/chirurgie-plastique-et-esthetique\/\" target=\"_blank\" rel=\"noreferrer noopener\">chirurgie plastique et esth\u00e9tique<\/a>, y compris le plan de traitement et plus encore, ou <a href=\"#requestform\">contactez-nous<\/a>!<\/h3>\n\n<figure class=\"wp-block-image size-full\"><img fetchpriority=\"high\" decoding=\"async\" width=\"960\" height=\"540\" class=\"wp-image-97668\" src=\"https:\/\/medclinics.com\/wp-content\/uploads\/2023\/07\/laser-liposuction-smart-lipo-near-me.jpg\" alt=\"Liposuccion au laser \/ Smart Lipo pr&#xE8;s de chez moi\" srcset=\"https:\/\/medclinics.com\/wp-content\/uploads\/2023\/07\/laser-liposuction-smart-lipo-near-me.jpg 960w, https:\/\/medclinics.com\/wp-content\/uploads\/2023\/07\/laser-liposuction-smart-lipo-near-me-500x281.jpg 500w, https:\/\/medclinics.com\/wp-content\/uploads\/2023\/07\/laser-liposuction-smart-lipo-near-me-768x432.jpg 768w, https:\/\/medclinics.com\/wp-content\/uploads\/2023\/07\/laser-liposuction-smart-lipo-near-me-24x14.jpg 24w, https:\/\/medclinics.com\/wp-content\/uploads\/2023\/07\/laser-liposuction-smart-lipo-near-me-36x20.jpg 36w, https:\/\/medclinics.com\/wp-content\/uploads\/2023\/07\/laser-liposuction-smart-lipo-near-me-48x27.jpg 48w\" sizes=\"(max-width: 960px) 100vw, 960px\" \/><\/figure>\n\n<h2 class=\"wp-block-heading\">FAQ<\/h2>\n<div id=\"rank-math-faq\" class=\"rank-math-block\">\n<div class=\"rank-math-list \">\n<div id=\"faq-question-1688653554492\" class=\"rank-math-list-item\">\n<h3 class=\"rank-math-question \">La liposuccion au laser est-elle efficace ?<\/h3>\n<div class=\"rank-math-answer \">\n\n<p>Oui, cela peut \u00eatre efficace. Il \u00e9limine l&rsquo;exc\u00e8s de graisse en utilisant l&rsquo;\u00e9nergie laser pour d\u00e9composer et liqu\u00e9fier les cellules adipeuses. Il peut am\u00e9liorer la silhouette et \u00e9ventuellement resserrer la peau.<\/p>\n\n<\/div>\n<\/div>\n<div id=\"faq-question-1688653427802\" class=\"rank-math-list-item\">\n<h3 class=\"rank-math-question \">La liposuccion au laser est-elle douloureuse ?<\/h3>\n<div class=\"rank-math-answer \">\n\n<p>La liposuccion au laser (ou liposuccion assist\u00e9e par laser) est moins g\u00eanante que la liposuccion traditionnelle. En effet, il utilise une \u00e9nergie laser cibl\u00e9e qui permet d&rsquo;\u00e9liminer les cellules adipeuses en douceur.<\/p>\n\n<\/div>\n<\/div>\n<div id=\"faq-question-1688653553385\" class=\"rank-math-list-item\">\n<h3 class=\"rank-math-question \">La liposuccion au laser en vaut-elle la peine ?<\/h3>\n<div class=\"rank-math-answer \">\n\n<p>Oui, cela peut en valoir la peine si vous souhaitez une \u00e9limination plus pr\u00e9cise des graisses, un resserrement potentiel de la peau et une r\u00e9duction de l&rsquo;inconfort.<\/p>\n\n<\/div>\n<\/div>\n<div id=\"faq-question-1688653555396\" class=\"rank-math-list-item\">\n<h3 class=\"rank-math-question \">La lipo au laser est-elle dangereuse ?<\/h3>\n<div class=\"rank-math-answer \">\n\n<p>Il est g\u00e9n\u00e9ralement s\u00fbr. Mais il existe des risques potentiels. Il s&rsquo;agit notamment d&rsquo;infections, de br\u00fblures, de gonflements, d&rsquo;irr\u00e9gularit\u00e9s du contour, de cicatrices, de changements dans la sensation de la peau.<\/p>\n\n<\/div>\n<\/div>\n<\/div>\n<\/div>\n<p>\u00a0<\/p>\n\n<h3 class=\"wp-block-heading\">Contactez-nous d\u00e8s maintenant si vous avez des questions !<\/h3>\n","protected":false},"excerpt":{"rendered":"<p>Si vous recherchez des effets potentiels de resserrement de la peau, moins d&rsquo;inconfort et la possibilit\u00e9 de traiter diff\u00e9rentes zones [&hellip;]<\/p>\n","protected":false},"author":4,"featured_media":96335,"parent":0,"menu_order":0,"comment_status":"closed","ping_status":"closed","template":"","meta":{"site-sidebar-layout":"default","site-content-layout":"","ast-site-content-layout":"default","site-content-style":"default","site-sidebar-style":"default","ast-global-header-display":"","ast-banner-title-visibility":"","ast-main-header-display":"","ast-hfb-above-header-display":"","ast-hfb-below-header-display":"","ast-hfb-mobile-header-display":"","site-post-title":"","ast-breadcrumbs-content":"","ast-featured-img":"","footer-sml-layout":"","ast-disable-related-posts":"","theme-transparent-header-meta":"","adv-header-id-meta":"","stick-header-meta":"","header-above-stick-meta":"","header-main-stick-meta":"","header-below-stick-meta":"","astra-migrate-meta-layouts":"default","ast-page-background-enabled":"default","ast-page-background-meta":{"desktop":{"background-color":"var(--ast-global-color-4)","background-image":"","background-repeat":"repeat","background-position":"center center","background-size":"auto","background-attachment":"scroll","background-type":"","background-media":"","overlay-type":"","overlay-color":"","overlay-opacity":"","overlay-gradient":""},"tablet":{"background-color":"","background-image":"","background-repeat":"repeat","background-position":"center center","background-size":"auto","background-attachment":"scroll","background-type":"","background-media":"","overlay-type":"","overlay-color":"","overlay-opacity":"","overlay-gradient":""},"mobile":{"background-color":"","background-image":"","background-repeat":"repeat","background-position":"center center","background-size":"auto","background-attachment":"scroll","background-type":"","background-media":"","overlay-type":"","overlay-color":"","overlay-opacity":"","overlay-gradient":""}},"ast-content-background-meta":{"desktop":{"background-color":"var(--ast-global-color-5)","background-image":"","background-repeat":"repeat","background-position":"center center","background-size":"auto","background-attachment":"scroll","background-type":"","background-media":"","overlay-type":"","overlay-color":"","overlay-opacity":"","overlay-gradient":""},"tablet":{"background-color":"var(--ast-global-color-5)","background-image":"","background-repeat":"repeat","background-position":"center center","background-size":"auto","background-attachment":"scroll","background-type":"","background-media":"","overlay-type":"","overlay-color":"","overlay-opacity":"","overlay-gradient":""},"mobile":{"background-color":"var(--ast-global-color-5)","background-image":"","background-repeat":"repeat","background-position":"center center","background-size":"auto","background-attachment":"scroll","background-type":"","background-media":"","overlay-type":"","overlay-color":"","overlay-opacity":"","overlay-gradient":""}},"footnotes":""},"class_list":["post-147191","page","type-page","status-publish","has-post-thumbnail","hentry"],"_links":{"self":[{"href":"https:\/\/medclinics.com\/fr\/wp-json\/wp\/v2\/pages\/147191","targetHints":{"allow":["GET"]}}],"collection":[{"href":"https:\/\/medclinics.com\/fr\/wp-json\/wp\/v2\/pages"}],"about":[{"href":"https:\/\/medclinics.com\/fr\/wp-json\/wp\/v2\/types\/page"}],"author":[{"embeddable":true,"href":"https:\/\/medclinics.com\/fr\/wp-json\/wp\/v2\/users\/4"}],"replies":[{"embeddable":true,"href":"https:\/\/medclinics.com\/fr\/wp-json\/wp\/v2\/comments?post=147191"}],"version-history":[{"count":0,"href":"https:\/\/medclinics.com\/fr\/wp-json\/wp\/v2\/pages\/147191\/revisions"}],"wp:featuredmedia":[{"embeddable":true,"href":"https:\/\/medclinics.com\/fr\/wp-json\/wp\/v2\/media\/96335"}],"wp:attachment":[{"href":"https:\/\/medclinics.com\/fr\/wp-json\/wp\/v2\/media?parent=147191"}],"curies":[{"name":"wp","href":"https:\/\/api.w.org\/{rel}","templated":true}]}}