{"id":147183,"date":"2023-05-06T13:15:00","date_gmt":"2023-05-06T10:15:00","guid":{"rendered":"https:\/\/medclinics.com\/liposuccion-classique\/"},"modified":"2025-01-02T13:28:00","modified_gmt":"2025-01-02T10:28:00","slug":"liposuccion-classique","status":"publish","type":"page","link":"https:\/\/medclinics.com\/fr\/liposuccion-classique\/","title":{"rendered":"Liposuccion classique"},"content":{"rendered":"\n<h2 class=\"wp-block-heading\">Si vous pr\u00e9f\u00e9rez une technique polyvalente et potentiellement plus rentable, la liposuccion classique peut \u00eatre une bonne option.<\/h2>\n\n<p>La liposuccion classique consiste \u00e0 enlever l&rsquo;exc\u00e8s de graisse dans des zones sp\u00e9cifiques du corps. Elle est \u00e9galement connue sous le nom de liposuccion s\u00e8che. Il s&rsquo;agit d&rsquo;une ancienne technique de liposuccion.<\/p>\n\n<p>Aucun liquide n&rsquo;est inject\u00e9 dans la zone de traitement avant la proc\u00e9dure.<\/p>\n\n<p>La diff\u00e9rence avec les autres techniques de <a href=\"https:\/\/en.wikipedia.org\/wiki\/Liposuction\" target=\"_blank\" rel=\"noreferrer noopener\">liposuccion<\/a> est que dans la liposuccion classique, aucun liquide tumescent (un m\u00e9lange de s\u00e9rum physiologique, d&rsquo;anesth\u00e9sique et d&rsquo;\u00e9pin\u00e9phrine) n&rsquo;est inject\u00e9 dans la zone de traitement avant l&rsquo;\u00e9limination de la graisse.<\/p>\n\n<p>Les cellules graisseuses ne sont donc pas pr\u00e9trait\u00e9es avec un liquide. La proc\u00e9dure est r\u00e9alis\u00e9e sur du tissu adipeux sec.<\/p>\n\n<p>Par rapport \u00e0 d&rsquo;autres techniques, elle peut entra\u00eener une perte de sang plus importante. Cette m\u00e9thode est g\u00e9n\u00e9ralement moins utilis\u00e9e aujourd&rsquo;hui en raison de l&rsquo;existence de techniques de liposuccion plus avanc\u00e9es.<\/p>\n\n<p>Ces techniques plus avanc\u00e9es offrent une plus grande s\u00e9curit\u00e9, moins de saignements et de meilleurs r\u00e9sultats.<\/p>\n\n<h3 class=\"wp-block-heading\">Tout ce que vous devez savoir sur la <a href=\"https:\/\/medclinics.com\/fr\/liposuccion\/\" target=\"_blank\" rel=\"noreferrer noopener\">liposuccion<\/a>, y compris le prix et plus encore, ou <a href=\"#requestform\">contactez-nous<\/a>!<\/h3>\n\n<figure class=\"wp-block-image size-full\"><img fetchpriority=\"high\" decoding=\"async\" width=\"960\" height=\"540\" src=\"https:\/\/medclinics.com\/wp-content\/uploads\/2023\/07\/classic-liposuction-near-me.jpg\" alt=\"Liposuccion classique pr&#xE8;s de chez moi Istanbul\" class=\"wp-image-97684\" srcset=\"https:\/\/medclinics.com\/wp-content\/uploads\/2023\/07\/classic-liposuction-near-me.jpg 960w, https:\/\/medclinics.com\/wp-content\/uploads\/2023\/07\/classic-liposuction-near-me-500x281.jpg 500w, https:\/\/medclinics.com\/wp-content\/uploads\/2023\/07\/classic-liposuction-near-me-768x432.jpg 768w, https:\/\/medclinics.com\/wp-content\/uploads\/2023\/07\/classic-liposuction-near-me-24x14.jpg 24w, https:\/\/medclinics.com\/wp-content\/uploads\/2023\/07\/classic-liposuction-near-me-36x20.jpg 36w, https:\/\/medclinics.com\/wp-content\/uploads\/2023\/07\/classic-liposuction-near-me-48x27.jpg 48w\" sizes=\"(max-width: 960px) 100vw, 960px\" \/><\/figure>\n\n<h2 class=\"wp-block-heading\">FAQ<\/h2>\n<div id=\"rank-math-faq\" class=\"rank-math-block\">\n<div class=\"rank-math-list \">\n<div id=\"faq-question-1688647648746\" class=\"rank-math-list-item\">\n<h3 class=\"rank-math-question \">Qu&rsquo;est-ce que la liposuccion classique ?<\/h3>\n<div class=\"rank-math-answer \">\n\n<p>Il est utilis\u00e9 pour \u00e9liminer l&rsquo;exc\u00e8s de graisse dans des zones sp\u00e9cifiques du corps. Une canule (un tube fin) est ins\u00e9r\u00e9e et aspire manuellement les cellules graisseuses \u00e0 l&rsquo;aide d&rsquo;un dispositif ressemblant \u00e0 un aspirateur.<\/p>\n\n<\/div>\n<\/div>\n<div id=\"faq-question-1688647653618\" class=\"rank-math-list-item\">\n<h3 class=\"rank-math-question \">Quelle est la diff\u00e9rence entre la liposuccion Vaser et la liposuccion classique ?<\/h3>\n<div class=\"rank-math-answer \">\n\n<p>La liposuccion Vaser utilise la technologie des ultrasons pour d\u00e9composer les cellules graisseuses avant de les aspirer, alors que la liposuccion conventionnelle aspire manuellement les cellules graisseuses. La liposuccion Vaser offre une plus grande pr\u00e9cision, des effets de resserrement de la peau et une r\u00e9cup\u00e9ration plus douce.<\/p>\n\n<\/div>\n<\/div>\n<div id=\"faq-question-1688648255693\" class=\"rank-math-list-item\">\n<h3 class=\"rank-math-question \">Quels sont les diff\u00e9rents types de liposuccion ?<\/h3>\n<div class=\"rank-math-answer \">\n\n<p>La liposuccion classique (s\u00e8che), la liposuccion par tumescence, la liposuccion au laser (Smart Lipo) (LAL), la liposuccion par radiofr\u00e9quence, la liposuccion par ultrasons (UAL), la liposuccion VASER, la liposuccion par vibration (PAL) sont diff\u00e9rents types de liposuccion.<\/p>\n\n<\/div>\n<\/div>\n<\/div>\n<\/div>\n<p>\u00a0<\/p>\n\n<h3 class=\"wp-block-heading\">Contactez-nous d\u00e8s maintenant si vous avez des questions !<\/h3>\n","protected":false},"excerpt":{"rendered":"<p>Si vous pr\u00e9f\u00e9rez une technique polyvalente et potentiellement plus rentable, la liposuccion classique peut \u00eatre une bonne option. La liposuccion [&hellip;]<\/p>\n","protected":false},"author":4,"featured_media":96298,"parent":0,"menu_order":0,"comment_status":"closed","ping_status":"closed","template":"","meta":{"site-sidebar-layout":"default","site-content-layout":"","ast-site-content-layout":"default","site-content-style":"default","site-sidebar-style":"default","ast-global-header-display":"","ast-banner-title-visibility":"","ast-main-header-display":"","ast-hfb-above-header-display":"","ast-hfb-below-header-display":"","ast-hfb-mobile-header-display":"","site-post-title":"","ast-breadcrumbs-content":"","ast-featured-img":"","footer-sml-layout":"","ast-disable-related-posts":"","theme-transparent-header-meta":"","adv-header-id-meta":"","stick-header-meta":"","header-above-stick-meta":"","header-main-stick-meta":"","header-below-stick-meta":"","astra-migrate-meta-layouts":"default","ast-page-background-enabled":"default","ast-page-background-meta":{"desktop":{"background-color":"var(--ast-global-color-4)","background-image":"","background-repeat":"repeat","background-position":"center center","background-size":"auto","background-attachment":"scroll","background-type":"","background-media":"","overlay-type":"","overlay-color":"","overlay-opacity":"","overlay-gradient":""},"tablet":{"background-color":"","background-image":"","background-repeat":"repeat","background-position":"center center","background-size":"auto","background-attachment":"scroll","background-type":"","background-media":"","overlay-type":"","overlay-color":"","overlay-opacity":"","overlay-gradient":""},"mobile":{"background-color":"","background-image":"","background-repeat":"repeat","background-position":"center center","background-size":"auto","background-attachment":"scroll","background-type":"","background-media":"","overlay-type":"","overlay-color":"","overlay-opacity":"","overlay-gradient":""}},"ast-content-background-meta":{"desktop":{"background-color":"var(--ast-global-color-5)","background-image":"","background-repeat":"repeat","background-position":"center center","background-size":"auto","background-attachment":"scroll","background-type":"","background-media":"","overlay-type":"","overlay-color":"","overlay-opacity":"","overlay-gradient":""},"tablet":{"background-color":"var(--ast-global-color-5)","background-image":"","background-repeat":"repeat","background-position":"center center","background-size":"auto","background-attachment":"scroll","background-type":"","background-media":"","overlay-type":"","overlay-color":"","overlay-opacity":"","overlay-gradient":""},"mobile":{"background-color":"var(--ast-global-color-5)","background-image":"","background-repeat":"repeat","background-position":"center center","background-size":"auto","background-attachment":"scroll","background-type":"","background-media":"","overlay-type":"","overlay-color":"","overlay-opacity":"","overlay-gradient":""}},"footnotes":""},"class_list":["post-147183","page","type-page","status-publish","has-post-thumbnail","hentry"],"_links":{"self":[{"href":"https:\/\/medclinics.com\/fr\/wp-json\/wp\/v2\/pages\/147183","targetHints":{"allow":["GET"]}}],"collection":[{"href":"https:\/\/medclinics.com\/fr\/wp-json\/wp\/v2\/pages"}],"about":[{"href":"https:\/\/medclinics.com\/fr\/wp-json\/wp\/v2\/types\/page"}],"author":[{"embeddable":true,"href":"https:\/\/medclinics.com\/fr\/wp-json\/wp\/v2\/users\/4"}],"replies":[{"embeddable":true,"href":"https:\/\/medclinics.com\/fr\/wp-json\/wp\/v2\/comments?post=147183"}],"version-history":[{"count":0,"href":"https:\/\/medclinics.com\/fr\/wp-json\/wp\/v2\/pages\/147183\/revisions"}],"wp:featuredmedia":[{"embeddable":true,"href":"https:\/\/medclinics.com\/fr\/wp-json\/wp\/v2\/media\/96298"}],"wp:attachment":[{"href":"https:\/\/medclinics.com\/fr\/wp-json\/wp\/v2\/media?parent=147183"}],"curies":[{"name":"wp","href":"https:\/\/api.w.org\/{rel}","templated":true}]}}