{"id":147171,"date":"2023-05-06T14:01:00","date_gmt":"2023-05-06T11:01:00","guid":{"rendered":"https:\/\/medclinics.com\/liposuccion-tumescente\/"},"modified":"2025-01-03T01:45:03","modified_gmt":"2025-01-02T22:45:03","slug":"liposuccion-tumescente","status":"publish","type":"page","link":"https:\/\/medclinics.com\/fr\/liposuccion-tumescente\/","title":{"rendered":"Liposuccion tumescente"},"content":{"rendered":"\n<h2 class=\"wp-block-heading\">La liposuccion tumescente peut \u00eatre un choix privil\u00e9gi\u00e9 en raison de sa s\u00e9curit\u00e9, de son confort am\u00e9lior\u00e9, de la r\u00e9duction des ecchymoses et des gonflements, de l&rsquo;\u00e9limination pr\u00e9cise de la graisse, d&rsquo;une r\u00e9cup\u00e9ration plus rapide et de sa polyvalence dans le traitement de diff\u00e9rentes zones du corps.<\/h2>\n\n<p>Dans la <a href=\"https:\/\/en.wikipedia.org\/wiki\/Tumescent_liposuction\" target=\"_blank\" rel=\"noreferrer noopener\">lipo tumescente<\/a>, une solution appel\u00e9e liquide tumescent est inject\u00e9e dans la zone de traitement avant l&rsquo;\u00e9limination de la graisse. Le liquide tumescent contient un m\u00e9lange de s\u00e9rum physiologique, d&rsquo;anesth\u00e9sique local et de vasoconstricteur (g\u00e9n\u00e9ralement de l&rsquo;\u00e9pin\u00e9phrine).<\/p>\n\n<p>Cette solution permet d&rsquo;anesth\u00e9sier la zone, de resserrer les vaisseaux sanguins pour minimiser les saignements et de faciliter l&rsquo;\u00e9limination des cellules graisseuses au cours de la proc\u00e9dure de liposuccion.<\/p>\n\n<p>En outre, il existe certains risques potentiels. Il s&rsquo;agit d&rsquo;une infection, d&rsquo;un saignement, d&rsquo;une accumulation de liquide (s\u00e9rome), d&rsquo;une modification de la sensation cutan\u00e9e, d&rsquo;une irr\u00e9gularit\u00e9 des contours, d&rsquo;une cicatrice, d&rsquo;une d\u00e9coloration de la peau et d&rsquo;une fossette cutan\u00e9e.<\/p>\n\n<h3 class=\"wp-block-heading\">Tout ce que vous devez savoir sur la <a href=\"https:\/\/medclinics.com\/fr\/chirurgie-plastique-et-esthetique\/\" target=\"_blank\" rel=\"noreferrer noopener\">chirurgie plastique et esth\u00e9tique<\/a>, y compris les prix et plus encore, ou <a href=\"#requestform\">contactez-nous<\/a>!<\/h3>\n\n<figure class=\"wp-block-image size-full\"><img fetchpriority=\"high\" decoding=\"async\" width=\"960\" height=\"540\" src=\"https:\/\/medclinics.com\/wp-content\/uploads\/2023\/07\/tumescent-liposuction-near-me.jpg\" alt=\"Liposuccion tumescente pr&#xE8;s de chez moi Turquie\" class=\"wp-image-97676\" srcset=\"https:\/\/medclinics.com\/wp-content\/uploads\/2023\/07\/tumescent-liposuction-near-me.jpg 960w, https:\/\/medclinics.com\/wp-content\/uploads\/2023\/07\/tumescent-liposuction-near-me-500x281.jpg 500w, https:\/\/medclinics.com\/wp-content\/uploads\/2023\/07\/tumescent-liposuction-near-me-768x432.jpg 768w, https:\/\/medclinics.com\/wp-content\/uploads\/2023\/07\/tumescent-liposuction-near-me-24x14.jpg 24w, https:\/\/medclinics.com\/wp-content\/uploads\/2023\/07\/tumescent-liposuction-near-me-36x20.jpg 36w, https:\/\/medclinics.com\/wp-content\/uploads\/2023\/07\/tumescent-liposuction-near-me-48x27.jpg 48w\" sizes=\"(max-width: 960px) 100vw, 960px\" \/><\/figure>\n\n<h2 class=\"wp-block-heading\">FAQ<\/h2>\n<div id=\"rank-math-faq\" class=\"rank-math-block\">\n<div class=\"rank-math-list \">\n<div id=\"faq-question-1688651278300\" class=\"rank-math-list-item\">\n<h3 class=\"rank-math-question \">Qu&rsquo;est-ce que la lipo tumescente ?<\/h3>\n<div class=\"rank-math-answer \">\n\n<p>La lipo tumescente est une technique utilis\u00e9e pour l&rsquo;\u00e9limination de la graisse qui consiste \u00e0 injecter une solution de s\u00e9rum physiologique, d&rsquo;anesth\u00e9sie locale et d&rsquo;un vasoconstricteur dans la zone \u00e0 traiter.<\/p>\n\n<\/div>\n<\/div>\n<div id=\"faq-question-1688651109737\" class=\"rank-math-list-item\">\n<h3 class=\"rank-math-question \">La liposuccion tumescente est-elle s\u00fbre ?<\/h3>\n<div class=\"rank-math-answer \">\n\n<p>Oui, la liposuccion tumescente est g\u00e9n\u00e9ralement consid\u00e9r\u00e9e comme s\u00fbre si vous choisissez un chirurgien plasticien qualifi\u00e9.<\/p>\n\n<\/div>\n<\/div>\n<div id=\"faq-question-1688651508846\" class=\"rank-math-list-item\">\n<h3 class=\"rank-math-question \">La liposuccion tumescente en vaut-elle la peine ?<\/h3>\n<div class=\"rank-math-answer \">\n\n<p>Nous pouvons dire oui. Elle peut \u00eatre b\u00e9n\u00e9fique si vous cherchez \u00e0 \u00e9liminer l&rsquo;exc\u00e8s de graisse, \u00e0 am\u00e9liorer la silhouette et \u00e0 obtenir de meilleurs r\u00e9sultats esth\u00e9tiques.<\/p>\n\n<\/div>\n<\/div>\n<div id=\"faq-question-1688651510057\" class=\"rank-math-list-item\">\n<h3 class=\"rank-math-question \">La liposuccion tumescente est-elle efficace ?<\/h3>\n<div class=\"rank-math-answer \">\n\n<p>Oui, c&rsquo;est une m\u00e9thode efficace pour \u00e9liminer l&rsquo;exc\u00e8s de graisse et am\u00e9liorer la silhouette.<\/p>\n\n<\/div>\n<\/div>\n<\/div>\n<\/div>\n<p>\u00a0<\/p>\n\n<h3 class=\"wp-block-heading\">Contactez-nous d\u00e8s maintenant si vous avez des questions !<\/h3>\n","protected":false},"excerpt":{"rendered":"<p>La liposuccion tumescente peut \u00eatre un choix privil\u00e9gi\u00e9 en raison de sa s\u00e9curit\u00e9, de son confort am\u00e9lior\u00e9, de la r\u00e9duction [&hellip;]<\/p>\n","protected":false},"author":4,"featured_media":96315,"parent":0,"menu_order":0,"comment_status":"closed","ping_status":"closed","template":"","meta":{"site-sidebar-layout":"default","site-content-layout":"","ast-site-content-layout":"default","site-content-style":"default","site-sidebar-style":"default","ast-global-header-display":"","ast-banner-title-visibility":"","ast-main-header-display":"","ast-hfb-above-header-display":"","ast-hfb-below-header-display":"","ast-hfb-mobile-header-display":"","site-post-title":"","ast-breadcrumbs-content":"","ast-featured-img":"","footer-sml-layout":"","ast-disable-related-posts":"","theme-transparent-header-meta":"","adv-header-id-meta":"","stick-header-meta":"","header-above-stick-meta":"","header-main-stick-meta":"","header-below-stick-meta":"","astra-migrate-meta-layouts":"default","ast-page-background-enabled":"default","ast-page-background-meta":{"desktop":{"background-color":"var(--ast-global-color-4)","background-image":"","background-repeat":"repeat","background-position":"center center","background-size":"auto","background-attachment":"scroll","background-type":"","background-media":"","overlay-type":"","overlay-color":"","overlay-opacity":"","overlay-gradient":""},"tablet":{"background-color":"","background-image":"","background-repeat":"repeat","background-position":"center center","background-size":"auto","background-attachment":"scroll","background-type":"","background-media":"","overlay-type":"","overlay-color":"","overlay-opacity":"","overlay-gradient":""},"mobile":{"background-color":"","background-image":"","background-repeat":"repeat","background-position":"center center","background-size":"auto","background-attachment":"scroll","background-type":"","background-media":"","overlay-type":"","overlay-color":"","overlay-opacity":"","overlay-gradient":""}},"ast-content-background-meta":{"desktop":{"background-color":"var(--ast-global-color-5)","background-image":"","background-repeat":"repeat","background-position":"center center","background-size":"auto","background-attachment":"scroll","background-type":"","background-media":"","overlay-type":"","overlay-color":"","overlay-opacity":"","overlay-gradient":""},"tablet":{"background-color":"var(--ast-global-color-5)","background-image":"","background-repeat":"repeat","background-position":"center center","background-size":"auto","background-attachment":"scroll","background-type":"","background-media":"","overlay-type":"","overlay-color":"","overlay-opacity":"","overlay-gradient":""},"mobile":{"background-color":"var(--ast-global-color-5)","background-image":"","background-repeat":"repeat","background-position":"center center","background-size":"auto","background-attachment":"scroll","background-type":"","background-media":"","overlay-type":"","overlay-color":"","overlay-opacity":"","overlay-gradient":""}},"footnotes":""},"class_list":["post-147171","page","type-page","status-publish","has-post-thumbnail","hentry"],"_links":{"self":[{"href":"https:\/\/medclinics.com\/fr\/wp-json\/wp\/v2\/pages\/147171","targetHints":{"allow":["GET"]}}],"collection":[{"href":"https:\/\/medclinics.com\/fr\/wp-json\/wp\/v2\/pages"}],"about":[{"href":"https:\/\/medclinics.com\/fr\/wp-json\/wp\/v2\/types\/page"}],"author":[{"embeddable":true,"href":"https:\/\/medclinics.com\/fr\/wp-json\/wp\/v2\/users\/4"}],"replies":[{"embeddable":true,"href":"https:\/\/medclinics.com\/fr\/wp-json\/wp\/v2\/comments?post=147171"}],"version-history":[{"count":0,"href":"https:\/\/medclinics.com\/fr\/wp-json\/wp\/v2\/pages\/147171\/revisions"}],"wp:featuredmedia":[{"embeddable":true,"href":"https:\/\/medclinics.com\/fr\/wp-json\/wp\/v2\/media\/96315"}],"wp:attachment":[{"href":"https:\/\/medclinics.com\/fr\/wp-json\/wp\/v2\/media?parent=147171"}],"curies":[{"name":"wp","href":"https:\/\/api.w.org\/{rel}","templated":true}]}}