{"id":147139,"date":"2023-04-30T08:17:00","date_gmt":"2023-04-30T05:17:00","guid":{"rendered":"https:\/\/medclinics.com\/neurologie\/"},"modified":"2025-01-02T17:00:22","modified_gmt":"2025-01-02T14:00:22","slug":"neurologie","status":"publish","type":"page","link":"https:\/\/medclinics.com\/fr\/neurologie\/","title":{"rendered":"Neurologie"},"content":{"rendered":"\n<p>La neurologie est une branche de la m\u00e9decine qui traite des troubles du syst\u00e8me nerveux.<\/p>\n\n<div class=\"wp-block-rank-math-toc-block\" id=\"rank-math-toc\"><h2>Table des mati\u00e8res<\/h2><nav><ul><li><a href=\"#so-what-is\">Qu&rsquo;est-ce que c&rsquo;est ?<\/a><\/li><li><a href=\"#treatment-plan\">Plan de traitement<\/a><\/li><li><a href=\"#aftercare-healing-process\">Suivi et processus de gu\u00e9rison<\/a><\/li><li><a href=\"#top-neurosurgery-costs-by-country\">Principaux co\u00fbts de neurochirurgie par pays<\/a><\/li><li><a href=\"#faq\">FAQ<\/a><\/li><li><a href=\"#history\">L&rsquo;histoire<\/a><\/li><li><a href=\"#most-common-neurological-diseases\">Maladies neurologiques les plus courantes<\/a><\/li><\/ul><\/nav><\/div>\n\n<h2 class=\"wp-block-heading\" id=\"so-what-is\">Qu&rsquo;est-ce que c&rsquo;est ?<\/h2>\n\n<ul class=\"wp-block-list\">\n<li>La <a href=\"https:\/\/en.wikipedia.org\/wiki\/Neurology\" target=\"_blank\" rel=\"noreferrer noopener\">neurologie<\/a> comprend la compr\u00e9hension de la structure et de la fonction du syst\u00e8me nerveux.<\/li>\n\n\n\n<li>Les neurologues \u00e9valuent des pathologies telles que les accidents vasculaires c\u00e9r\u00e9braux, l&rsquo;\u00e9pilepsie, la scl\u00e9rose en plaques, la maladie de Parkinson, la maladie d&rsquo;Alzheimer, les tumeurs c\u00e9r\u00e9brales, les neuropathies et divers autres troubles.<\/li>\n<\/ul>\n\n<figure class=\"wp-block-image size-full\"><img fetchpriority=\"high\" decoding=\"async\" width=\"960\" height=\"540\" src=\"https:\/\/medclinics.com\/wp-content\/uploads\/2023\/07\/neurology-in-turkey.jpg\" alt=\"La neurologie en Turquie\" class=\"wp-image-96579\" srcset=\"https:\/\/medclinics.com\/wp-content\/uploads\/2023\/07\/neurology-in-turkey.jpg 960w, https:\/\/medclinics.com\/wp-content\/uploads\/2023\/07\/neurology-in-turkey-500x281.jpg 500w, https:\/\/medclinics.com\/wp-content\/uploads\/2023\/07\/neurology-in-turkey-768x432.jpg 768w, https:\/\/medclinics.com\/wp-content\/uploads\/2023\/07\/neurology-in-turkey-24x14.jpg 24w, https:\/\/medclinics.com\/wp-content\/uploads\/2023\/07\/neurology-in-turkey-36x20.jpg 36w, https:\/\/medclinics.com\/wp-content\/uploads\/2023\/07\/neurology-in-turkey-48x27.jpg 48w\" sizes=\"(max-width: 960px) 100vw, 960px\" \/><\/figure>\n\n<h2 class=\"wp-block-heading\" id=\"treatment-plan\">Plan de traitement<\/h2>\n<div id=\"rank-math-faq\" class=\"rank-math-block\">\n<div class=\"rank-math-list \">\n<div id=\"faq-question-1687243757886\" class=\"rank-math-list-item\">\n<h3 class=\"rank-math-question \">1. Jour<\/h3>\n<div class=\"rank-math-answer \">\n\n<p>Vous rencontrerez le neurologue.<br \/>Un examen physique complet est effectu\u00e9 pour d\u00e9terminer la fonction neurologique<br \/>En fonction des r\u00e9sultats de l&rsquo;\u00e9valuation initiale, le neurologue peut demander des tests diagnostiques sp\u00e9ciaux tels que des analyses de sang, des \u00e9tudes d&rsquo;imagerie (comme l&rsquo;IRM ou la tomodensitom\u00e9trie), l&rsquo;\u00e9lectroenc\u00e9phalographie (EEG), l&rsquo;\u00e9lectromyographie (EMG).<\/p>\n\n<\/div>\n<\/div>\n<div id=\"faq-question-1687243965281\" class=\"rank-math-list-item\">\n<h3 class=\"rank-math-question \">2. Jour<\/h3>\n<div class=\"rank-math-answer \">\n\n<p>Apr\u00e8s avoir examin\u00e9 les ant\u00e9c\u00e9dents m\u00e9dicaux et les r\u00e9sultats des examens, le neurologue \u00e9tablira un diagnostic et en discutera avec vous.<br \/>En fonction du diagnostic, le neurologue pr\u00e9sentera les options de traitement disponibles, telles que les m\u00e9dicaments, les changements de mode de vie, la kin\u00e9sith\u00e9rapie, l&rsquo;ergoth\u00e9rapie, l&rsquo;orthophonie. <br \/>Dans certains cas, le neurologue peut orienter le patient vers d&rsquo;autres sp\u00e9cialistes.<br \/>Le neurologue fixera des rendez-vous de suivi r\u00e9guliers.<br \/>Si n\u00e9cessaire, un neurochirurgien qui pratiquera l&rsquo;intervention poursuivra le processus.<\/p>\n\n<\/div>\n<\/div>\n<\/div>\n<\/div>\n<h3 class=\"wp-block-heading\" id=\"mammoplasty-for\">Neurologie pour :<\/h3>\n\n<ul class=\"wp-block-list\">\n<li>Les personnes pr\u00e9sentant des sympt\u00f4mes neurologiques<\/li>\n\n\n\n<li>Les personnes souffrant d&rsquo;un accident vasculaire c\u00e9r\u00e9bral ou d&rsquo;une maladie c\u00e9r\u00e9brovasculaire<\/li>\n\n\n\n<li>Les personnes atteintes d&rsquo;\u00e9pilepsie<\/li>\n\n\n\n<li>Les personnes souffrant de troubles du mouvement tels que la maladie de Parkinson, le tremblement essentiel, la dystonie et la maladie de Huntington.<\/li>\n\n\n\n<li>Les personnes atteintes de scl\u00e9rose en plaques (SEP)<\/li>\n\n\n\n<li>Les personnes atteintes de troubles neuromusculaires tels que les neuropathies p\u00e9riph\u00e9riques, la myasth\u00e9nie grave, la scl\u00e9rose lat\u00e9rale amyotrophique (SLA) et les dystrophies musculaires.<\/li>\n\n\n\n<li>Les personnes souffrant de maux de t\u00eate et de migraines<\/li>\n\n\n\n<li>Les personnes atteintes de maladies neurod\u00e9g\u00e9n\u00e9ratives<\/li>\n\n\n\n<li>Les personnes atteintes de tumeurs c\u00e9r\u00e9brales ou d&rsquo;affections neuro-oncologiques<\/li>\n\n\n\n<li>Les personnes souffrant de troubles du sommeil<\/li>\n\n\n\n<li>Les personnes souffrant de l\u00e9sions des nerfs p\u00e9riph\u00e9riques ou de syndromes de compression<\/li>\n\n\n\n<li>Les personnes atteintes de troubles neurologiques auto-immuns tels que le syndrome de Guillain-Barr\u00e9, la neuromy\u00e9lite optique, etc.<\/li>\n<\/ul>\n\n<h3 class=\"wp-block-heading\" id=\"mammoplasty-duration\">Neurochirurgie Dur\u00e9e :<\/h3>\n\n<ul class=\"wp-block-list\">\n<li>Une craniotomie est une intervention chirurgicale. Il s&rsquo;agit d&rsquo;ouvrir le cr\u00e2ne pour acc\u00e9der au cerveau. La dur\u00e9e d&rsquo;une craniotomie peut varier de quelques heures \u00e0 plusieurs heures en fonction du but de l&rsquo;op\u00e9ration, comme l&rsquo;ablation d&rsquo;une tumeur, la r\u00e9duction d&rsquo;un an\u00e9vrisme ou le traitement de l&rsquo;\u00e9pilepsie.<\/li>\n\n\n\n<li>La chirurgie de fusion vert\u00e9brale vise \u00e0 fusionner deux ou plusieurs vert\u00e8bres de la colonne vert\u00e9brale afin d&rsquo;en assurer la stabilit\u00e9 et de soulager la douleur. La dur\u00e9e peut varier de quelques heures \u00e0 plusieurs heures.<\/li>\n\n\n\n<li>La stimulation c\u00e9r\u00e9brale profonde (SCP) est un traitement chirurgical des troubles du mouvement tels que la maladie de Parkinson ou le tremblement essentiel. Sa dur\u00e9e peut varier, mais elle est g\u00e9n\u00e9ralement comprise entre trois et six heures.<\/li>\n\n\n\n<li>La craniectomie d\u00e9compressive consiste \u00e0 enlever une partie du cr\u00e2ne pour r\u00e9duire la pression sur le cerveau en cas de traumatisme c\u00e9r\u00e9bral grave ou d&rsquo;accident vasculaire c\u00e9r\u00e9bral. Sa dur\u00e9e peut varier d&rsquo;une \u00e0 plusieurs heures.<\/li>\n<\/ul>\n\n<h3 class=\"wp-block-heading\" id=\"mammoplasty-recovery-timeline\">Chronologie du r\u00e9tablissement en neurochirurgie :<\/h3>\n\n<ul class=\"wp-block-list\">\n<li>La p\u00e9riode initiale de r\u00e9tablissement apr\u00e8s une craniotomie implique g\u00e9n\u00e9ralement une hospitalisation de quelques jours \u00e0 une semaine. Le r\u00e9tablissement complet peut prendre plusieurs semaines, voire plusieurs mois, les premi\u00e8res semaines durant plusieurs jours.<\/li>\n\n\n\n<li>Apr\u00e8s une op\u00e9ration de fusion vert\u00e9brale, les patients peuvent rester \u00e0 l&rsquo;h\u00f4pital pendant quelques jours ou plus longtemps. Le processus de gu\u00e9rison peut durer de quelques semaines \u00e0 plusieurs mois.<\/li>\n\n\n\n<li>Le temps de r\u00e9cup\u00e9ration apr\u00e8s une op\u00e9ration de DBS peut varier, mais la plupart des patients peuvent s&rsquo;attendre \u00e0 \u00eatre hospitalis\u00e9s pendant un ou deux jours. Au cours des semaines et des mois suivants, des ajustements des param\u00e8tres de stimulation peuvent \u00eatre effectu\u00e9s afin d&rsquo;optimiser le contr\u00f4le des sympt\u00f4mes.<\/li>\n\n\n\n<li>Le r\u00e9tablissement initial apr\u00e8s une craniectomie d\u00e9compressive implique g\u00e9n\u00e9ralement un s\u00e9jour en unit\u00e9 de soins intensifs (USI) pour une surveillance \u00e9troite. La dur\u00e9e du s\u00e9jour \u00e0 l&rsquo;h\u00f4pital peut varier consid\u00e9rablement. La dur\u00e9e de la convalescence peut varier de quelques semaines \u00e0 quelques mois, avec des rendez-vous de suivi et une surveillance continue.<\/li>\n<\/ul>\n\n<h3 class=\"wp-block-heading\" id=\"possible-risks-for-mammoplasty\">Risques possibles pour la neurochirurgie :<\/h3>\n\n<ul class=\"wp-block-list\">\n<li>Infection<\/li>\n\n\n\n<li>Saignement<\/li>\n\n\n\n<li>Caillots de sang<\/li>\n<\/ul>\n\n<h2 class=\"wp-block-heading\" id=\"aftercare-healing-process\">Suivi et processus de gu\u00e9rison<\/h2>\n<div id=\"rank-math-faq\" class=\"rank-math-block\">\n<div class=\"rank-math-list \">\n<div id=\"faq-question-1687246219267\" class=\"rank-math-list-item\">\n<h3 class=\"rank-math-question \">Postcure<\/h3>\n<div class=\"rank-math-answer \">\n\n<p>Les soins apr\u00e8s la neurochirurgie sont tr\u00e8s importants pour garantir une r\u00e9cup\u00e9ration r\u00e9ussie et minimiser les complications. Les instructions relatives aux soins postop\u00e9ratoires varient en fonction du type d&rsquo;intervention chirurgicale pratiqu\u00e9e, mais certaines consid\u00e9rations g\u00e9n\u00e9rales doivent \u00eatre prises en compte.  <br \/>Apr\u00e8s l&rsquo;op\u00e9ration, les patients passent g\u00e9n\u00e9ralement un certain temps \u00e0 l&rsquo;h\u00f4pital pour la surveillance et le r\u00e9tablissement. Des m\u00e9dicaments seront prescrits pour g\u00e9rer la douleur, pr\u00e9venir les infections et traiter certaines conditions ou sympt\u00f4mes li\u00e9s \u00e0 la chirurgie. Il est essentiel de prendre soin de l&rsquo;incision chirurgicale, notamment en la gardant propre et en suivant les instructions relatives au pansement. Des restrictions d&rsquo;activit\u00e9 peuvent \u00eatre recommand\u00e9es et il est important de les respecter pour favoriser la gu\u00e9rison.  <br \/>Des rendez-vous de suivi seront programm\u00e9s pour contr\u00f4ler les progr\u00e8s et apporter les ajustements n\u00e9cessaires au plan de traitement. La r\u00e9\u00e9ducation ou la physioth\u00e9rapie peuvent \u00eatre recommand\u00e9es pour retrouver la force et la fonction. Les pratiques d&rsquo;autosoins telles que le maintien d&rsquo;une alimentation saine, la gestion de la douleur, un repos ad\u00e9quat et les changements n\u00e9cessaires dans le mode de vie peuvent favoriser la gu\u00e9rison. Il est important de reconna\u00eetre les signes de complications tels qu&rsquo;une douleur accrue, un gonflement ou de la fi\u00e8vre et les inqui\u00e9tudes doivent \u00eatre imm\u00e9diatement signal\u00e9es au prestataire de soins de sant\u00e9.<br \/>Nous suivrons \u00e9galement le processus de <a href=\"\/\/medclinics.com\/u0022\" target=\"u0022_blanku0022\" rel=\"u0022noreferrer\">MedClinics<\/a>. Nous vous offrons une consultation pendant un an. Si vous avez des questions, vous pouvez contacter les membres de notre \u00e9quipe 24 heures sur 24, 7 jours sur 7.<\/p>\n\n<\/div>\n<\/div>\n<div id=\"faq-question-1687246224487\" class=\"rank-math-list-item\">\n<h3 class=\"rank-math-question \">Processus de gu\u00e9rison<\/h3>\n<div class=\"rank-math-answer \">\n\n<p>Le temps de r\u00e9cup\u00e9ration apr\u00e8s une neurochirurgie peut varier consid\u00e9rablement. La p\u00e9riode postop\u00e9ratoire imm\u00e9diate comprend une hospitalisation de quelques jours \u00e0 une semaine. La cicatrisation superficielle du site de l&rsquo;incision prend g\u00e9n\u00e9ralement 1 \u00e0 2 semaines, mais la cicatrisation compl\u00e8te de l&rsquo;incision et des tissus sous-jacents peut prendre plusieurs semaines, voire plusieurs mois. La gestion de la douleur est un aspect important de la convalescence, et si la douleur postop\u00e9ratoire aigu\u00eb s&rsquo;am\u00e9liore consid\u00e9rablement au cours des premi\u00e8res semaines, le soulagement complet de la douleur peut prendre plusieurs semaines, voire plusieurs mois.  <br \/>La convalescence physique peut durer de plusieurs semaines \u00e0 plusieurs mois, en fonction de l&rsquo;intervention chirurgicale et de la n\u00e9cessit\u00e9 d&rsquo;une th\u00e9rapie physique ou d&rsquo;une r\u00e9\u00e9ducation. La r\u00e9cup\u00e9ration neurologique est tr\u00e8s individualis\u00e9e et peut se poursuivre pendant une longue p\u00e9riode, des semaines ou des mois \u00e9tant n\u00e9cessaires pour que le syst\u00e8me nerveux s&rsquo;adapte et se r\u00e9tablisse.<\/p>\n\n<\/div>\n<\/div>\n<\/div>\n<\/div>\n<figure class=\"wp-block-image size-full\"><img decoding=\"async\" width=\"960\" height=\"540\" src=\"https:\/\/medclinics.com\/wp-content\/uploads\/2023\/07\/neurology-in-turkey-2.jpg\" alt=\"La neurologie en Turquie 2\" class=\"wp-image-96586\" srcset=\"https:\/\/medclinics.com\/wp-content\/uploads\/2023\/07\/neurology-in-turkey-2.jpg 960w, https:\/\/medclinics.com\/wp-content\/uploads\/2023\/07\/neurology-in-turkey-2-500x281.jpg 500w, https:\/\/medclinics.com\/wp-content\/uploads\/2023\/07\/neurology-in-turkey-2-768x432.jpg 768w, https:\/\/medclinics.com\/wp-content\/uploads\/2023\/07\/neurology-in-turkey-2-24x14.jpg 24w, https:\/\/medclinics.com\/wp-content\/uploads\/2023\/07\/neurology-in-turkey-2-36x20.jpg 36w, https:\/\/medclinics.com\/wp-content\/uploads\/2023\/07\/neurology-in-turkey-2-48x27.jpg 48w\" sizes=\"(max-width: 960px) 100vw, 960px\" \/><\/figure>\n\n<h2 class=\"wp-block-heading\" id=\"top-neurosurgery-costs-by-country\">Principaux co\u00fbts de neurochirurgie par pays<\/h2>\n\n<p>Le co\u00fbt de la neurochirurgie d\u00e9pend de l&rsquo;exp\u00e9rience du chirurgien, de la technique utilis\u00e9e, de la clinique ou de l&rsquo;h\u00f4pital que vous choisissez et de votre \u00e9tat de sant\u00e9.<br\/>Les prix indiqu\u00e9s ci-dessous sont destin\u00e9s \u00e0 vous donner une id\u00e9e approximative et ne constituent pas un devis d\u00e9finitif. Votre conseiller MedClincs se fera un plaisir de vous fournir des informations d\u00e9taill\u00e9es.<\/p>\n\n<figure class=\"wp-block-table\"><table><thead><tr><th>Pays <\/th><th>Prix  <\/th><th>\u00c9valuation ;<\/th><\/tr><\/thead><tbody><tr><td>T\u00fcrkiye (Turquie)<\/td><td>~ \u20ac8,500-\u20ac21,000<\/td><td>\u2605\u2605\u2605\u2605\u2605<\/td><\/tr><tr><td>Lituanie<\/td><td>~ \u20ac6,800-\u20ac15,300<\/td><td>\u2605\u2605<\/td><\/tr><tr><td>Pologne<\/td><td>~ \u20ac6,800-\u20ac17,000<\/td><td>\u2605\u2605<\/td><\/tr><tr><td>\u00c9TATS-UNIS<\/td><td>~ \u20ac25,500-\u20ac85,000<\/td><td>\u2605\u2605\u2605<\/td><\/tr><tr><td>Allemagne<\/td><td>~ \u20ac17,000-\u20ac34,000<\/td><td>\u2605\u2605<\/td><\/tr><\/tbody><\/table><\/figure>\n\n<h2 class=\"wp-block-heading\" id=\"faq\">FAQ<\/h2>\n<div id=\"rank-math-faq\" class=\"rank-math-block\">\n<div class=\"rank-math-list \">\n<div id=\"faq-question-1687247366787\" class=\"rank-math-list-item\">\n<h3 class=\"rank-math-question \">Qu&rsquo;est-ce que la neurologie ?<\/h3>\n<div class=\"rank-math-answer \">\n\n<p>La neurologie est l&rsquo;\u00e9tude et la sp\u00e9cialit\u00e9 m\u00e9dicale qui se concentre sur le diagnostic et le traitement des troubles li\u00e9s au syst\u00e8me nerveux. Elle est li\u00e9e au cerveau, \u00e0 la moelle \u00e9pini\u00e8re et aux nerfs p\u00e9riph\u00e9riques.<\/p>\n\n<\/div>\n<\/div>\n<div id=\"faq-question-1687247368529\" class=\"rank-math-list-item\">\n<h3 class=\"rank-math-question \">Comment se d\u00e9roule l&rsquo;examen neurologique ?<\/h3>\n<div class=\"rank-math-answer \">\n\n<p>L&rsquo;examen neurologique consiste en une s\u00e9rie de tests et d&rsquo;\u00e9valuations visant \u00e0 d\u00e9terminer le fonctionnement du syst\u00e8me nerveux. Il comprend l&rsquo;\u00e9valuation des ant\u00e9c\u00e9dents m\u00e9dicaux du patient, un examen physique visant \u00e0 tester les r\u00e9flexes, la force musculaire, la coordination et les sensations. Les fonctions cognitives et les nerfs cr\u00e2niens sont \u00e9galement \u00e9valu\u00e9s. En fonction des r\u00e9sultats, des examens compl\u00e9mentaires tels que des examens d&rsquo;imagerie ou des analyses de sang peuvent \u00eatre demand\u00e9s. L&rsquo;examen permet d&rsquo;identifier les anomalies, d&rsquo;orienter les examens compl\u00e9mentaires et d&rsquo;\u00e9clairer les d\u00e9cisions th\u00e9rapeutiques.<\/p>\n\n<\/div>\n<\/div>\n<div id=\"faq-question-1687247370036\" class=\"rank-math-list-item\">\n<h3 class=\"rank-math-question \">Que fait la neurologie ?<\/h3>\n<div class=\"rank-math-answer \">\n\n<p>La neurologie consiste \u00e0 diagnostiquer, traiter et g\u00e9rer les troubles du syst\u00e8me nerveux. Les neurologues effectuent des examens, commandent des tests et \u00e9laborent des plans de traitement pour des pathologies telles que les accidents vasculaires c\u00e9r\u00e9braux, l&rsquo;\u00e9pilepsie, la d\u00e9mence, la maladie de Parkinson, etc. Ils travaillent en \u00e9troite collaboration avec d&rsquo;autres professionnels de la sant\u00e9 et m\u00e8nent des recherches pour am\u00e9liorer les connaissances et les options th\u00e9rapeutiques.<\/p>\n\n<\/div>\n<\/div>\n<div id=\"faq-question-1687247371282\" class=\"rank-math-list-item\">\n<h3 class=\"rank-math-question \">Comment la neurochirurgie est-elle pratiqu\u00e9e ?<\/h3>\n<div class=\"rank-math-answer \">\n\n<p>La neurochirurgie est pratiqu\u00e9e par des neurochirurgiens qualifi\u00e9s qui utilisent des techniques et des \u00e9quipements de pointe. Elle consiste g\u00e9n\u00e9ralement \u00e0 pratiquer une incision, \u00e0 acc\u00e9der \u00e0 la zone cibl\u00e9e dans le cerveau ou la colonne vert\u00e9brale, \u00e0 effectuer l&rsquo;intervention chirurgicale n\u00e9cessaire et \u00e0 refermer l&rsquo;incision. L&rsquo;op\u00e9ration est r\u00e9alis\u00e9e sous anesth\u00e9sie g\u00e9n\u00e9rale et le patient re\u00e7oit des soins postop\u00e9ratoires pour assurer une bonne r\u00e9cup\u00e9ration. Les proc\u00e9dures et techniques sp\u00e9cifiques varient en fonction de l&rsquo;affection trait\u00e9e.<\/p>\n\n<\/div>\n<\/div>\n<div id=\"faq-question-1687247373503\" class=\"rank-math-list-item\">\n<h3 class=\"rank-math-question \">Pourquoi la neurochirurgie en vaut-elle la peine ?<\/h3>\n<div class=\"rank-math-answer \">\n\n<p>La neurochirurgie est importante parce qu&rsquo;elle permet de traiter efficacement les affections neurologiques graves, d&rsquo;am\u00e9liorer la qualit\u00e9 de vie, de pr\u00e9server ou de restaurer la fonction neurologique, d&rsquo;utiliser des capacit\u00e9s diagnostiques et th\u00e9rapeutiques avanc\u00e9es, d&rsquo;appliquer une approche multidisciplinaire et de tirer parti des progr\u00e8s technologiques et techniques. La d\u00e9cision de recourir \u00e0 la neurochirurgie doit \u00eatre prise en consultation avec un neurochirurgien, qui \u00e9valuera les avantages et les risques potentiels en fonction des circonstances individuelles.<\/p>\n\n<\/div>\n<\/div>\n<div id=\"faq-question-1687247374559\" class=\"rank-math-list-item\">\n<h3 class=\"rank-math-question \">Quelles sont les raisons les plus courantes de recourir \u00e0 la neurochirurgie ?<\/h3>\n<div class=\"rank-math-answer \">\n\n<p>Les raisons les plus courantes de recourir \u00e0 la neurochirurgie sont les tumeurs c\u00e9r\u00e9brales, les troubles de la colonne vert\u00e9brale, les accidents vasculaires c\u00e9r\u00e9braux, l&rsquo;hydroc\u00e9phalie, l&rsquo;\u00e9pilepsie, les l\u00e9sions c\u00e9r\u00e9brales traumatiques, les an\u00e9vrismes et les malformations vasculaires, ainsi que les troubles du mouvement.<\/p>\n\n<\/div>\n<\/div>\n<div id=\"faq-question-1687247376916\" class=\"rank-math-list-item\">\n<h3 class=\"rank-math-question \">Que fait le neurochirurgien ?<\/h3>\n<div class=\"rank-math-answer \">\n\n<p>Les neurochirurgiens diagnostiquent et traitent les affections du syst\u00e8me nerveux au moyen d&rsquo;interventions chirurgicales complexes. Ils \u00e9laborent des plans de traitement, collaborent avec une \u00e9quipe pluridisciplinaire, pratiquent des interventions chirurgicales et dispensent des soins postop\u00e9ratoires. Leur objectif est d&rsquo;att\u00e9nuer les sympt\u00f4mes, de r\u00e9tablir les fonctions et d&rsquo;am\u00e9liorer le bien-\u00eatre g\u00e9n\u00e9ral des patients souffrant de troubles neurologiques.<\/p>\n\n<\/div>\n<\/div>\n<div id=\"faq-question-1687247377749\" class=\"rank-math-list-item\">\n<h3 class=\"rank-math-question \">Quel est le meilleur pays pour la neurochirurgie ?<\/h3>\n<div class=\"rank-math-answer \">\n\n<p>Les \u00c9tats-Unis, l&rsquo;Allemagne, le Canada, le Royaume-Uni, la Suisse, le Japon et la Turquie figurent parmi les meilleurs pays pour la neurochirurgie en raison de leurs installations m\u00e9dicales de pointe, de leurs neurochirurgiens hautement qualifi\u00e9s et de leurs excellentes normes de soins.<\/p>\n\n<\/div>\n<\/div>\n<div id=\"faq-question-1687247379489\" class=\"rank-math-list-item\">\n<h3 class=\"rank-math-question \">La neurochirurgie est-elle dangereuse ?<\/h3>\n<div class=\"rank-math-answer \">\n\n<p>La neurochirurgie comporte certains risques, mais elle est g\u00e9n\u00e9ralement consid\u00e9r\u00e9e comme s\u00fbre gr\u00e2ce aux progr\u00e8s des techniques chirurgicales et des soins. Les neurochirurgiens sont hautement qualifi\u00e9s pour minimiser les risques et garantir la s\u00e9curit\u00e9 des patients.<\/p>\n\n<\/div>\n<\/div>\n<div id=\"faq-question-1687247380737\" class=\"rank-math-list-item\">\n<h3 class=\"rank-math-question \">Quel est le taux de r\u00e9ussite de la neurochirurgie ?<\/h3>\n<div class=\"rank-math-answer \">\n\n<p>Le taux de r\u00e9ussite de la neurochirurgie varie consid\u00e9rablement en fonction de l&rsquo;intervention et des circonstances sp\u00e9cifiques. Toutefois, le taux de r\u00e9ussite global des interventions neurochirurgicales peut aller de 70 % \u00e0 90 %, voire plus.<\/p>\n\n<\/div>\n<\/div>\n<\/div>\n<\/div>\n<h2 class=\"wp-block-heading\" id=\"history\">L&rsquo;histoire<\/h2>\n\n<h3 class=\"wp-block-heading\" id=\"breast-surgeries-have-been-documented-for-centuries-although-mostly-on-men\">La neurologie a une histoire riche qui remonte aux civilisations anciennes.  <\/h3>\n\n<p>La Renaissance et le Si\u00e8cle des Lumi\u00e8res ont connu des d\u00e9veloppements significatifs et le XIXe si\u00e8cle a \u00e9t\u00e9 le t\u00e9moin de perc\u00e9es importantes r\u00e9alis\u00e9es par des noms tels que Jean-Martin Charcot. Le 20e si\u00e8cle a apport\u00e9 des progr\u00e8s significatifs avec le d\u00e9veloppement de techniques de neuro-imagerie et d&rsquo;interventions chirurgicales. Ces derni\u00e8res ann\u00e9es ont \u00e9t\u00e9 marqu\u00e9es par les progr\u00e8s de la g\u00e9n\u00e9tique et de la biologie mol\u00e9culaire. Aujourd&rsquo;hui, la neurologie englobe une vari\u00e9t\u00e9 de sous-sp\u00e9cialit\u00e9s et continue d&rsquo;\u00e9voluer gr\u00e2ce \u00e0 la recherche continue et aux collaborations interdisciplinaires.<\/p>\n\n<h2 class=\"wp-block-heading\" id=\"most-common-neurological-diseases\">Maladies neurologiques les plus courantes<\/h2>\n","protected":false},"excerpt":{"rendered":"<p>La neurologie est une branche de la m\u00e9decine qui traite des troubles du syst\u00e8me nerveux. Qu&rsquo;est-ce que c&rsquo;est ? Plan [&hellip;]<\/p>\n","protected":false},"author":4,"featured_media":98725,"parent":0,"menu_order":0,"comment_status":"closed","ping_status":"closed","template":"","meta":{"site-sidebar-layout":"default","site-content-layout":"","ast-site-content-layout":"default","site-content-style":"default","site-sidebar-style":"default","ast-global-header-display":"","ast-banner-title-visibility":"","ast-main-header-display":"","ast-hfb-above-header-display":"","ast-hfb-below-header-display":"","ast-hfb-mobile-header-display":"","site-post-title":"","ast-breadcrumbs-content":"","ast-featured-img":"","footer-sml-layout":"","ast-disable-related-posts":"","theme-transparent-header-meta":"","adv-header-id-meta":"","stick-header-meta":"","header-above-stick-meta":"","header-main-stick-meta":"","header-below-stick-meta":"","astra-migrate-meta-layouts":"default","ast-page-background-enabled":"default","ast-page-background-meta":{"desktop":{"background-color":"var(--ast-global-color-4)","background-image":"","background-repeat":"repeat","background-position":"center center","background-size":"auto","background-attachment":"scroll","background-type":"","background-media":"","overlay-type":"","overlay-color":"","overlay-opacity":"","overlay-gradient":""},"tablet":{"background-color":"","background-image":"","background-repeat":"repeat","background-position":"center center","background-size":"auto","background-attachment":"scroll","background-type":"","background-media":"","overlay-type":"","overlay-color":"","overlay-opacity":"","overlay-gradient":""},"mobile":{"background-color":"","background-image":"","background-repeat":"repeat","background-position":"center center","background-size":"auto","background-attachment":"scroll","background-type":"","background-media":"","overlay-type":"","overlay-color":"","overlay-opacity":"","overlay-gradient":""}},"ast-content-background-meta":{"desktop":{"background-color":"var(--ast-global-color-5)","background-image":"","background-repeat":"repeat","background-position":"center center","background-size":"auto","background-attachment":"scroll","background-type":"","background-media":"","overlay-type":"","overlay-color":"","overlay-opacity":"","overlay-gradient":""},"tablet":{"background-color":"var(--ast-global-color-5)","background-image":"","background-repeat":"repeat","background-position":"center center","background-size":"auto","background-attachment":"scroll","background-type":"","background-media":"","overlay-type":"","overlay-color":"","overlay-opacity":"","overlay-gradient":""},"mobile":{"background-color":"var(--ast-global-color-5)","background-image":"","background-repeat":"repeat","background-position":"center center","background-size":"auto","background-attachment":"scroll","background-type":"","background-media":"","overlay-type":"","overlay-color":"","overlay-opacity":"","overlay-gradient":""}},"footnotes":""},"class_list":["post-147139","page","type-page","status-publish","has-post-thumbnail","hentry"],"_links":{"self":[{"href":"https:\/\/medclinics.com\/fr\/wp-json\/wp\/v2\/pages\/147139","targetHints":{"allow":["GET"]}}],"collection":[{"href":"https:\/\/medclinics.com\/fr\/wp-json\/wp\/v2\/pages"}],"about":[{"href":"https:\/\/medclinics.com\/fr\/wp-json\/wp\/v2\/types\/page"}],"author":[{"embeddable":true,"href":"https:\/\/medclinics.com\/fr\/wp-json\/wp\/v2\/users\/4"}],"replies":[{"embeddable":true,"href":"https:\/\/medclinics.com\/fr\/wp-json\/wp\/v2\/comments?post=147139"}],"version-history":[{"count":0,"href":"https:\/\/medclinics.com\/fr\/wp-json\/wp\/v2\/pages\/147139\/revisions"}],"wp:featuredmedia":[{"embeddable":true,"href":"https:\/\/medclinics.com\/fr\/wp-json\/wp\/v2\/media\/98725"}],"wp:attachment":[{"href":"https:\/\/medclinics.com\/fr\/wp-json\/wp\/v2\/media?parent=147139"}],"curies":[{"name":"wp","href":"https:\/\/api.w.org\/{rel}","templated":true}]}}