{"id":147125,"date":"2023-05-05T08:28:00","date_gmt":"2023-05-05T05:28:00","guid":{"rendered":"https:\/\/medclinics.com\/abdominoplastie-endoscopique\/"},"modified":"2024-04-01T14:48:58","modified_gmt":"2024-04-01T11:48:58","slug":"abdominoplastie-endoscopique","status":"publish","type":"page","link":"https:\/\/medclinics.com\/fr\/abdominoplastie-endoscopique\/","title":{"rendered":"Abdominoplastie endoscopique"},"content":{"rendered":"\n<h2 class=\"wp-block-heading\">L&rsquo;abdominoplastie endoscopique peut \u00eatre une option id\u00e9ale pour vous si vous pr\u00e9sentez une laxit\u00e9 abdominale l\u00e9g\u00e8re \u00e0 mod\u00e9r\u00e9e.<\/h2>\n\n<p>L&rsquo;abdominoplastie endoscopique est \u00e9galement connue sous le nom d&rsquo;endo tummy tuck. Elle est utilis\u00e9e pour resserrer et modeler les muscles abdominaux et \u00e9liminer l&rsquo;exc\u00e8s de graisse et de peau. Elle utilise de petites incisions et l&rsquo;aide d&rsquo;un endoscope muni d&rsquo;une cam\u00e9ra.<\/p>\n\n<p>Au cours de l&rsquo;intervention, le chirurgien pratique de petites incisions. Il ins\u00e8re ensuite l&rsquo;endoscope \u00e0 travers ces incisions pour visualiser et acc\u00e9der aux muscles et tissus abdominaux.<\/p>\n\n<p>L&rsquo;endoscope permet de voir clairement les structures sous-jacentes. Cela permet au chirurgien de resserrer les muscles et d&rsquo;\u00e9liminer l&rsquo;exc\u00e8s de graisse et de tissu si n\u00e9cessaire.<\/p>\n\n<p>L&rsquo;abdominoplastie endoscopique est g\u00e9n\u00e9ralement utilis\u00e9e en cas de laxit\u00e9 abdominale l\u00e9g\u00e8re \u00e0 mod\u00e9r\u00e9e et de d\u00e9p\u00f4ts de graisse localis\u00e9s. Par rapport \u00e0 l&rsquo;<a href=\"https:\/\/en.wikipedia.org\/wiki\/Abdominoplasty\" target=\"_blank\" rel=\"noreferrer noopener\">abdominoplastie<\/a> traditionnelle, elle pr\u00e9sente des avantages tels que des incisions plus petites, moins de cicatrices et un temps de r\u00e9tablissement plus court.<\/p>\n\n<h3 class=\"wp-block-heading\">Tout ce que vous devez savoir sur la <a href=\"https:\/\/medclinics.com\/fr\/chirurgie-plastique-et-esthetique\/\" target=\"_blank\" rel=\"noreferrer noopener\">chirurgie plastique et esth\u00e9tique<\/a>, y compris les prix, les soins et plus encore, ou <a href=\"#requestform\">contactez-nous<\/a>!<\/h3>\n\n<figure class=\"wp-block-image size-full\"><img fetchpriority=\"high\" decoding=\"async\" width=\"960\" height=\"540\" src=\"https:\/\/medclinics.com\/wp-content\/uploads\/2023\/07\/endoscopic-abdominoplasty-near-me.jpg\" alt=\"Abdominoplastie endoscopique pr&#xE8;s de chez moi Istanbul Turquie\" class=\"wp-image-97735\" srcset=\"https:\/\/medclinics.com\/wp-content\/uploads\/2023\/07\/endoscopic-abdominoplasty-near-me.jpg 960w, https:\/\/medclinics.com\/wp-content\/uploads\/2023\/07\/endoscopic-abdominoplasty-near-me-500x281.jpg 500w, https:\/\/medclinics.com\/wp-content\/uploads\/2023\/07\/endoscopic-abdominoplasty-near-me-768x432.jpg 768w, https:\/\/medclinics.com\/wp-content\/uploads\/2023\/07\/endoscopic-abdominoplasty-near-me-24x14.jpg 24w, https:\/\/medclinics.com\/wp-content\/uploads\/2023\/07\/endoscopic-abdominoplasty-near-me-36x20.jpg 36w, https:\/\/medclinics.com\/wp-content\/uploads\/2023\/07\/endoscopic-abdominoplasty-near-me-48x27.jpg 48w\" sizes=\"(max-width: 960px) 100vw, 960px\" \/><\/figure>\n\n<h2 class=\"wp-block-heading\">FAQ<\/h2>\n<div id=\"rank-math-faq\" class=\"rank-math-block\">\n<div class=\"rank-math-list \">\n<div id=\"faq-question-1684841914568\" class=\"rank-math-list-item\">\n<h3 class=\"rank-math-question \">Qu&rsquo;est-ce que l&rsquo;abdominoplastie endoscopique ?<\/h3>\n<div class=\"rank-math-answer \">\n\n<p>L&rsquo;abdominoplastie endoscopique est une chirurgie esth\u00e9tique. Elle implique l&rsquo;utilisation de petites incisions et d&rsquo;un endoscope pour am\u00e9liorer l&rsquo;apparence de l&rsquo;abdomen. Cela permet de resserrer les muscles et de r\u00e9duire l&rsquo;exc\u00e8s de graisse et de peau.<\/p>\n\n<\/div>\n<\/div>\n<div id=\"faq-question-1684841997742\" class=\"rank-math-list-item\">\n<h3 class=\"rank-math-question \">Combien co\u00fbte l&rsquo;abdominoplastie endoscopique ?<\/h3>\n<div class=\"rank-math-answer \">\n\n<p>En g\u00e9n\u00e9ral, le co\u00fbt varie entre 8 000 et 15 000 dollars environ. Pour plus d&rsquo;informations sur certains prix, vous pouvez nous contacter.<\/p>\n\n<\/div>\n<\/div>\n<\/div>\n<\/div>\n<p>\u00a0<\/p>\n\n<h3 class=\"wp-block-heading\">Contactez-nous d\u00e8s maintenant si vous avez des questions !<\/h3>\n","protected":false},"excerpt":{"rendered":"<p>L&rsquo;abdominoplastie endoscopique peut \u00eatre une option id\u00e9ale pour vous si vous pr\u00e9sentez une laxit\u00e9 abdominale l\u00e9g\u00e8re \u00e0 mod\u00e9r\u00e9e. L&rsquo;abdominoplastie endoscopique [&hellip;]<\/p>\n","protected":false},"author":4,"featured_media":96175,"parent":0,"menu_order":0,"comment_status":"closed","ping_status":"closed","template":"","meta":{"site-sidebar-layout":"default","site-content-layout":"","ast-site-content-layout":"default","site-content-style":"default","site-sidebar-style":"default","ast-global-header-display":"","ast-banner-title-visibility":"","ast-main-header-display":"","ast-hfb-above-header-display":"","ast-hfb-below-header-display":"","ast-hfb-mobile-header-display":"","site-post-title":"","ast-breadcrumbs-content":"","ast-featured-img":"","footer-sml-layout":"","ast-disable-related-posts":"","theme-transparent-header-meta":"","adv-header-id-meta":"","stick-header-meta":"","header-above-stick-meta":"","header-main-stick-meta":"","header-below-stick-meta":"","astra-migrate-meta-layouts":"default","ast-page-background-enabled":"default","ast-page-background-meta":{"desktop":{"background-color":"var(--ast-global-color-4)","background-image":"","background-repeat":"repeat","background-position":"center center","background-size":"auto","background-attachment":"scroll","background-type":"","background-media":"","overlay-type":"","overlay-color":"","overlay-opacity":"","overlay-gradient":""},"tablet":{"background-color":"","background-image":"","background-repeat":"repeat","background-position":"center center","background-size":"auto","background-attachment":"scroll","background-type":"","background-media":"","overlay-type":"","overlay-color":"","overlay-opacity":"","overlay-gradient":""},"mobile":{"background-color":"","background-image":"","background-repeat":"repeat","background-position":"center center","background-size":"auto","background-attachment":"scroll","background-type":"","background-media":"","overlay-type":"","overlay-color":"","overlay-opacity":"","overlay-gradient":""}},"ast-content-background-meta":{"desktop":{"background-color":"var(--ast-global-color-5)","background-image":"","background-repeat":"repeat","background-position":"center center","background-size":"auto","background-attachment":"scroll","background-type":"","background-media":"","overlay-type":"","overlay-color":"","overlay-opacity":"","overlay-gradient":""},"tablet":{"background-color":"var(--ast-global-color-5)","background-image":"","background-repeat":"repeat","background-position":"center center","background-size":"auto","background-attachment":"scroll","background-type":"","background-media":"","overlay-type":"","overlay-color":"","overlay-opacity":"","overlay-gradient":""},"mobile":{"background-color":"var(--ast-global-color-5)","background-image":"","background-repeat":"repeat","background-position":"center center","background-size":"auto","background-attachment":"scroll","background-type":"","background-media":"","overlay-type":"","overlay-color":"","overlay-opacity":"","overlay-gradient":""}},"footnotes":""},"class_list":["post-147125","page","type-page","status-publish","has-post-thumbnail","hentry"],"_links":{"self":[{"href":"https:\/\/medclinics.com\/fr\/wp-json\/wp\/v2\/pages\/147125","targetHints":{"allow":["GET"]}}],"collection":[{"href":"https:\/\/medclinics.com\/fr\/wp-json\/wp\/v2\/pages"}],"about":[{"href":"https:\/\/medclinics.com\/fr\/wp-json\/wp\/v2\/types\/page"}],"author":[{"embeddable":true,"href":"https:\/\/medclinics.com\/fr\/wp-json\/wp\/v2\/users\/4"}],"replies":[{"embeddable":true,"href":"https:\/\/medclinics.com\/fr\/wp-json\/wp\/v2\/comments?post=147125"}],"version-history":[{"count":0,"href":"https:\/\/medclinics.com\/fr\/wp-json\/wp\/v2\/pages\/147125\/revisions"}],"wp:featuredmedia":[{"embeddable":true,"href":"https:\/\/medclinics.com\/fr\/wp-json\/wp\/v2\/media\/96175"}],"wp:attachment":[{"href":"https:\/\/medclinics.com\/fr\/wp-json\/wp\/v2\/media?parent=147125"}],"curies":[{"name":"wp","href":"https:\/\/api.w.org\/{rel}","templated":true}]}}