{"id":147123,"date":"2023-05-05T12:45:00","date_gmt":"2023-05-05T12:45:00","guid":{"rendered":"https:\/\/medclinics.com\/abdominoplastie-complete\/"},"modified":"2024-04-01T14:59:51","modified_gmt":"2024-04-01T11:59:51","slug":"abdominoplastie-complete","status":"publish","type":"page","link":"https:\/\/medclinics.com\/fr\/abdominoplastie-complete\/","title":{"rendered":"Abdominoplastie compl\u00e8te"},"content":{"rendered":"\n<h2 class=\"wp-block-heading\">Si vous avez un exc\u00e8s de peau, une faiblesse musculaire, des d\u00e9p\u00f4ts de graisse tenaces ou des vergetures dans la r\u00e9gion abdominale, l&rsquo;abdominoplastie compl\u00e8te est faite pour vous.<\/h2>\n\n<p>Une abdominoplastie compl\u00e8te est \u00e9galement connue sous le nom de <a href=\"https:\/\/en.wikipedia.org\/wiki\/Abdominoplasty\" target=\"_blank\" rel=\"noreferrer noopener\">plastie abdominale<\/a> standard. Elle vise \u00e0 am\u00e9liorer l&rsquo;apparence de l&rsquo;abdomen en \u00e9liminant l&rsquo;exc\u00e8s de peau et de graisse, en resserrant les muscles abdominaux et en repositionnant le nombril.<\/p>\n\n<p>Elle est g\u00e9n\u00e9ralement pratiqu\u00e9e chez les personnes dont la peau abdominale est l\u00e2che ou affaiss\u00e9e, dont les muscles abdominaux sont affaiblis ou qui pr\u00e9sentent un exc\u00e8s de graisse dans la r\u00e9gion abdominale.<\/p>\n\n<p>L&rsquo;intervention consiste \u00e0 pratiquer une incision le long de la partie inf\u00e9rieure de l&rsquo;abdomen, \u00e0 retirer l&rsquo;exc\u00e8s de peau et de graisse, \u00e0 resserrer les muscles abdominaux et \u00e0 repositionner le nombril. Ce traitement est appliqu\u00e9 pour obtenir un contour abdominal plus lisse et plus serr\u00e9.<\/p>\n\n<p>Il s&rsquo;agit d&rsquo;une intervention plus importante que la mini-abdominoplastie, car elle concerne l&rsquo;ensemble de la r\u00e9gion abdominale. Elle est g\u00e9n\u00e9ralement pr\u00e9f\u00e9r\u00e9e par les personnes qui pr\u00e9sentent une laxit\u00e9 abdominale importante ou qui ont besoin d&rsquo;une correction plus importante.<\/p>\n\n<h3 class=\"wp-block-heading\">Tout ce que vous devez savoir sur la <a href=\"https:\/\/medclinics.com\/fr\/chirurgie-plastique-et-esthetique\/\" target=\"_blank\" rel=\"noreferrer noopener\">chirurgie plastique et esth\u00e9tique<\/a>, y compris les prix et plus encore, ou <a href=\"#requestform\">contactez-nous<\/a>!<\/h3>\n\n<figure class=\"wp-block-image size-full\"><img fetchpriority=\"high\" decoding=\"async\" width=\"960\" height=\"540\" src=\"https:\/\/medclinics.com\/wp-content\/uploads\/2023\/07\/full-abdominoplasty-near-me.jpg\" alt=\"Abdominoplastie compl&#xE8;te pr&#xE8;s de chez moi Istanbul Turquie\" class=\"wp-image-97727\" srcset=\"https:\/\/medclinics.com\/wp-content\/uploads\/2023\/07\/full-abdominoplasty-near-me.jpg 960w, https:\/\/medclinics.com\/wp-content\/uploads\/2023\/07\/full-abdominoplasty-near-me-500x281.jpg 500w, https:\/\/medclinics.com\/wp-content\/uploads\/2023\/07\/full-abdominoplasty-near-me-768x432.jpg 768w, https:\/\/medclinics.com\/wp-content\/uploads\/2023\/07\/full-abdominoplasty-near-me-24x14.jpg 24w, https:\/\/medclinics.com\/wp-content\/uploads\/2023\/07\/full-abdominoplasty-near-me-36x20.jpg 36w, https:\/\/medclinics.com\/wp-content\/uploads\/2023\/07\/full-abdominoplasty-near-me-48x27.jpg 48w\" sizes=\"(max-width: 960px) 100vw, 960px\" \/><\/figure>\n\n<h2 class=\"wp-block-heading\">FAQ<\/h2>\n<div id=\"rank-math-faq\" class=\"rank-math-block\">\n<div class=\"rank-math-list \">\n<div id=\"faq-question-1688472638412\" class=\"rank-math-list-item\">\n<h3 class=\"rank-math-question \">Qu&rsquo;est-ce qu&rsquo;une abdominoplastie compl\u00e8te ?<\/h3>\n<div class=\"rank-math-answer \">\n\n<p>Une abdominoplastie compl\u00e8te est une intervention chirurgicale qui consiste \u00e0 retirer l&rsquo;exc\u00e8s de peau et de graisse de l&rsquo;abdomen, \u00e0 resserrer les muscles abdominaux et \u00e0 am\u00e9liorer le contour g\u00e9n\u00e9ral de la r\u00e9gion abdominale.<\/p>\n\n<\/div>\n<\/div>\n<div id=\"faq-question-1688473106108\" class=\"rank-math-list-item\">\n<h3 class=\"rank-math-question \">Combien de temps dure une abdominoplastie compl\u00e8te ?<\/h3>\n<div class=\"rank-math-answer \">\n\n<p>Les r\u00e9sultats peuvent \u00eatre durables. Bien entendu, pour obtenir ce r\u00e9sultat, il convient de maintenir un mode de vie sain et d&rsquo;\u00e9viter les variations de poids importantes.<\/p>\n\n<\/div>\n<\/div>\n<div id=\"faq-question-1688472782963\" class=\"rank-math-list-item\">\n<h3 class=\"rank-math-question \">Combien de temps faut-il pour se remettre d&rsquo;une abdominoplastie compl\u00e8te ?<\/h3>\n<div class=\"rank-math-answer \">\n\n<p>La convalescence dure normalement de quelques semaines \u00e0 quelques mois.<\/p>\n\n<\/div>\n<\/div>\n<div id=\"faq-question-1688472845557\" class=\"rank-math-list-item\">\n<h3 class=\"rank-math-question \">Combien co\u00fbte une abdominoplastie compl\u00e8te ?<\/h3>\n<div class=\"rank-math-answer \">\n\n<p>Le co\u00fbt peut varier en fonction de facteurs tels que l&rsquo;exp\u00e9rience du chirurgien, la situation g\u00e9ographique de la clinique, la complexit\u00e9 de l&rsquo;intervention. En moyenne, le co\u00fbt d&rsquo;une abdominoplastie compl\u00e8te varie de 5 000 \u00e0 12 000 dollars, voire plus.<\/p>\n\n<\/div>\n<\/div>\n<div id=\"faq-question-1688474218453\" class=\"rank-math-list-item\">\n<h3 class=\"rank-math-question \">Quelles sont les proc\u00e9dures de suivi ?<\/h3>\n<div class=\"rank-math-answer \">\n\n<p>Dans les premiers jours suivant l&rsquo;intervention, les patients peuvent ressentir une g\u00eane, un gonflement et des ecchymoses. Des m\u00e9dicaments contre la douleur et le port d&rsquo;un v\u00eatement de compression peuvent aider \u00e0 g\u00e9rer ces sympt\u00f4mes.<br \/>Au cours des premi\u00e8res semaines, les patients doivent \u00e9viter les activit\u00e9s fatigantes, le port de charges lourdes et les exercices intenses. La plupart des personnes peuvent reprendre leur travail et leurs activit\u00e9s quotidiennes normales dans un d\u00e9lai de 1 \u00e0 2 semaines.<br \/>Au cours des semaines et des mois suivants, le gonflement diminuera progressivement et les incisions cicatriseront. Vous devez vous rendre \u00e0 des rendez-vous de suivi avec le chirurgien pour surveiller les progr\u00e8s et assurer une bonne cicatrisation.<\/p>\n\n<\/div>\n<\/div>\n<\/div>\n<\/div>\n<p>\u00a0<\/p>\n\n<h3 class=\"wp-block-heading\">Contactez-nous d\u00e8s maintenant si vous avez des questions !<\/h3>\n","protected":false},"excerpt":{"rendered":"<p>Si vous avez un exc\u00e8s de peau, une faiblesse musculaire, des d\u00e9p\u00f4ts de graisse tenaces ou des vergetures dans la [&hellip;]<\/p>\n","protected":false},"author":4,"featured_media":96043,"parent":0,"menu_order":0,"comment_status":"closed","ping_status":"closed","template":"","meta":{"site-sidebar-layout":"default","site-content-layout":"","ast-site-content-layout":"default","site-content-style":"default","site-sidebar-style":"default","ast-global-header-display":"","ast-banner-title-visibility":"","ast-main-header-display":"","ast-hfb-above-header-display":"","ast-hfb-below-header-display":"","ast-hfb-mobile-header-display":"","site-post-title":"","ast-breadcrumbs-content":"","ast-featured-img":"","footer-sml-layout":"","ast-disable-related-posts":"","theme-transparent-header-meta":"","adv-header-id-meta":"","stick-header-meta":"","header-above-stick-meta":"","header-main-stick-meta":"","header-below-stick-meta":"","astra-migrate-meta-layouts":"default","ast-page-background-enabled":"default","ast-page-background-meta":{"desktop":{"background-color":"var(--ast-global-color-4)","background-image":"","background-repeat":"repeat","background-position":"center center","background-size":"auto","background-attachment":"scroll","background-type":"","background-media":"","overlay-type":"","overlay-color":"","overlay-opacity":"","overlay-gradient":""},"tablet":{"background-color":"","background-image":"","background-repeat":"repeat","background-position":"center center","background-size":"auto","background-attachment":"scroll","background-type":"","background-media":"","overlay-type":"","overlay-color":"","overlay-opacity":"","overlay-gradient":""},"mobile":{"background-color":"","background-image":"","background-repeat":"repeat","background-position":"center center","background-size":"auto","background-attachment":"scroll","background-type":"","background-media":"","overlay-type":"","overlay-color":"","overlay-opacity":"","overlay-gradient":""}},"ast-content-background-meta":{"desktop":{"background-color":"var(--ast-global-color-5)","background-image":"","background-repeat":"repeat","background-position":"center center","background-size":"auto","background-attachment":"scroll","background-type":"","background-media":"","overlay-type":"","overlay-color":"","overlay-opacity":"","overlay-gradient":""},"tablet":{"background-color":"var(--ast-global-color-5)","background-image":"","background-repeat":"repeat","background-position":"center center","background-size":"auto","background-attachment":"scroll","background-type":"","background-media":"","overlay-type":"","overlay-color":"","overlay-opacity":"","overlay-gradient":""},"mobile":{"background-color":"var(--ast-global-color-5)","background-image":"","background-repeat":"repeat","background-position":"center center","background-size":"auto","background-attachment":"scroll","background-type":"","background-media":"","overlay-type":"","overlay-color":"","overlay-opacity":"","overlay-gradient":""}},"footnotes":""},"class_list":["post-147123","page","type-page","status-publish","has-post-thumbnail","hentry"],"_links":{"self":[{"href":"https:\/\/medclinics.com\/fr\/wp-json\/wp\/v2\/pages\/147123","targetHints":{"allow":["GET"]}}],"collection":[{"href":"https:\/\/medclinics.com\/fr\/wp-json\/wp\/v2\/pages"}],"about":[{"href":"https:\/\/medclinics.com\/fr\/wp-json\/wp\/v2\/types\/page"}],"author":[{"embeddable":true,"href":"https:\/\/medclinics.com\/fr\/wp-json\/wp\/v2\/users\/4"}],"replies":[{"embeddable":true,"href":"https:\/\/medclinics.com\/fr\/wp-json\/wp\/v2\/comments?post=147123"}],"version-history":[{"count":0,"href":"https:\/\/medclinics.com\/fr\/wp-json\/wp\/v2\/pages\/147123\/revisions"}],"wp:featuredmedia":[{"embeddable":true,"href":"https:\/\/medclinics.com\/fr\/wp-json\/wp\/v2\/media\/96043"}],"wp:attachment":[{"href":"https:\/\/medclinics.com\/fr\/wp-json\/wp\/v2\/media?parent=147123"}],"curies":[{"name":"wp","href":"https:\/\/api.w.org\/{rel}","templated":true}]}}