{"id":147111,"date":"2023-05-04T14:45:00","date_gmt":"2023-05-04T11:45:00","guid":{"rendered":"https:\/\/medclinics.com\/abdominoplastie-fleur-de-lis\/"},"modified":"2024-04-01T14:58:27","modified_gmt":"2024-04-01T11:58:27","slug":"abdominoplastie-fleur-de-lis","status":"publish","type":"page","link":"https:\/\/medclinics.com\/fr\/abdominoplastie-fleur-de-lis\/","title":{"rendered":"Abdominoplastie Fleur de Lis"},"content":{"rendered":"\n<h2 class=\"wp-block-heading\">Si vous avez un exc\u00e8s de peau et de graisse dans la r\u00e9gion abdominale, non seulement horizontalement mais aussi verticalement, l&rsquo;abdominoplastie Fleur de Lis peut \u00eatre la meilleure option de traitement pour vous.<\/h2>\n\n<p>L&rsquo;abdominoplastie Fleur de lis consiste \u00e0 retirer l&rsquo;exc\u00e8s de peau et de graisse de la r\u00e9gion abdominale. Une incision verticale est cr\u00e9\u00e9e en plus de l&rsquo;incision horizontale traditionnelle utilis\u00e9e lors d&rsquo;une abdominoplastie classique.<\/p>\n\n<p>Au cours de l&rsquo;intervention, le chirurgien pratique une incision horizontale le long de la partie inf\u00e9rieure de l&rsquo;abdomen, comme pour une <a href=\"https:\/\/en.wikipedia.org\/wiki\/Abdominoplasty\" target=\"_blank\" rel=\"noreferrer noopener\">abdominoplastie<\/a> traditionnelle. Il pratique ensuite une incision verticale qui s&rsquo;\u00e9tend vers le haut en direction de la cage thoracique. Cette forme d&rsquo;incision ressemble \u00e0 une fleur de lys, d&rsquo;o\u00f9 le nom de l&rsquo;intervention.<\/p>\n\n<p>L&rsquo;abdominoplastie \u00e0 la fleur de lys permet une \u00e9limination plus compl\u00e8te de l&rsquo;exc\u00e8s de peau et de graisse. Il permet d&rsquo;am\u00e9liorer les contours chez les personnes pr\u00e9sentant une laxit\u00e9 importante \u00e0 la fois dans les plans verticaux et horizontaux.<\/p>\n\n<p>La pertinence de l&rsquo;abdominoplastie \u00e0 la fleur de lys d\u00e9pend de facteurs tels que l&rsquo;\u00e9tendue de l&rsquo;exc\u00e8s de peau et de graisse, la forme du corps.<\/p>\n\n<h3 class=\"wp-block-heading\">Tout ce que vous devez savoir sur la <a href=\"https:\/\/medclinics.com\/fr\/chirurgie-plastique-et-esthetique\/\" target=\"_blank\" rel=\"noreferrer noopener\">chirurgie plastique et esth\u00e9tique<\/a>, y compris les prix et plus encore, ou <a href=\"#requestform\">contactez-nous<\/a>!<\/h3>\n\n<figure class=\"wp-block-image size-full\"><img fetchpriority=\"high\" decoding=\"async\" width=\"960\" height=\"540\" src=\"https:\/\/medclinics.com\/wp-content\/uploads\/2023\/07\/fleur-de-lis-abdominoplasty-near-me.jpg\" alt=\"Fleur de Lis Abdominoplastie pr&#xE8;s de chez moi Istanbul Turquie\" class=\"wp-image-97759\" srcset=\"https:\/\/medclinics.com\/wp-content\/uploads\/2023\/07\/fleur-de-lis-abdominoplasty-near-me.jpg 960w, https:\/\/medclinics.com\/wp-content\/uploads\/2023\/07\/fleur-de-lis-abdominoplasty-near-me-500x281.jpg 500w, https:\/\/medclinics.com\/wp-content\/uploads\/2023\/07\/fleur-de-lis-abdominoplasty-near-me-768x432.jpg 768w, https:\/\/medclinics.com\/wp-content\/uploads\/2023\/07\/fleur-de-lis-abdominoplasty-near-me-24x14.jpg 24w, https:\/\/medclinics.com\/wp-content\/uploads\/2023\/07\/fleur-de-lis-abdominoplasty-near-me-36x20.jpg 36w, https:\/\/medclinics.com\/wp-content\/uploads\/2023\/07\/fleur-de-lis-abdominoplasty-near-me-48x27.jpg 48w\" sizes=\"(max-width: 960px) 100vw, 960px\" \/><\/figure>\n\n<h2 class=\"wp-block-heading\">FAQ<\/h2>\n<div id=\"rank-math-faq\" class=\"rank-math-block\">\n<div class=\"rank-math-list \">\n<div id=\"faq-question-1688480191450\" class=\"rank-math-list-item\">\n<h3 class=\"rank-math-question \">Qu&rsquo;est-ce que l&rsquo;abdominoplastie Fleur de Lis ?<\/h3>\n<div class=\"rank-math-answer \">\n\n<p>L&rsquo;abdominoplastie \u00e0 la fleur de lys est une intervention chirurgicale. Elle consiste \u00e0 retirer l&rsquo;exc\u00e8s de peau et de graisse de l&rsquo;abdomen en pratiquant des incisions horizontales et verticales.  <\/p>\n\n<\/div>\n<\/div>\n<div id=\"faq-question-1688480478342\" class=\"rank-math-list-item\">\n<h3 class=\"rank-math-question \">Quelle est la diff\u00e9rence entre l&rsquo;abdominoplastie et la Fleur de Lis ?<\/h3>\n<div class=\"rank-math-answer \">\n\n<p>La principale diff\u00e9rence entre l&rsquo;abdominoplastie (plastie abdominale) et l&rsquo;abdominoplastie Fleur-de-lis est le trac\u00e9 de l&rsquo;incision. L&rsquo;abdominoplastie comporte une incision horizontale, tandis que l&rsquo;abdominoplastie \u00e0 la fleur de lys comporte des incisions horizontales et verticales. Il permet donc de traiter la laxit\u00e9 dans plusieurs directions de l&rsquo;abdomen.<\/p>\n\n<\/div>\n<\/div>\n<div id=\"faq-question-1688480659142\" class=\"rank-math-list-item\">\n<h3 class=\"rank-math-question \">Quelle est la dur\u00e9e de la convalescence apr\u00e8s une abdominoplastie Fleur de Lis ?<\/h3>\n<div class=\"rank-math-answer \">\n\n<p>Le temps de r\u00e9cup\u00e9ration de l&rsquo;abdominoplastie Fleur de Lis peut varier en fonction de facteurs individuels et de l&rsquo;ampleur de l&rsquo;intervention. En g\u00e9n\u00e9ral, la p\u00e9riode de r\u00e9cup\u00e9ration initiale dure environ 2 \u00e0 4 semaines.<\/p>\n\n<\/div>\n<\/div>\n<div id=\"faq-question-1688480682990\" class=\"rank-math-list-item\">\n<h3 class=\"rank-math-question \">Combien co\u00fbte une abdominoplastie Fleur-De-Lis ?<\/h3>\n<div class=\"rank-math-answer \">\n\n<p>Le co\u00fbt de l&rsquo;abdominoplastie \u00e0 la fleur de lys en Turquie peut varier de 3 000 \u00e0 6 000 dollars environ. Le co\u00fbt est d&rsquo;environ 8 000 \u00e0 15 000 dollars, voire plus, aux \u00c9tats-Unis,<br \/>5 000 \u20ac \u00e0 10 000 \u20ac ou plus en Allemagne, 3 000 \u20ac \u00e0 7 000 \u20ac ou plus en Pologne.<\/p>\n\n<\/div>\n<\/div>\n<\/div>\n<\/div>\n<p>\u00a0<\/p>\n\n<h3 class=\"wp-block-heading\">Contactez-nous d\u00e8s maintenant si vous avez des questions !<\/h3>\n","protected":false},"excerpt":{"rendered":"<p>Si vous avez un exc\u00e8s de peau et de graisse dans la r\u00e9gion abdominale, non seulement horizontalement mais aussi verticalement, [&hellip;]<\/p>\n","protected":false},"author":4,"featured_media":96103,"parent":0,"menu_order":0,"comment_status":"closed","ping_status":"closed","template":"","meta":{"site-sidebar-layout":"default","site-content-layout":"","ast-site-content-layout":"default","site-content-style":"default","site-sidebar-style":"default","ast-global-header-display":"","ast-banner-title-visibility":"","ast-main-header-display":"","ast-hfb-above-header-display":"","ast-hfb-below-header-display":"","ast-hfb-mobile-header-display":"","site-post-title":"","ast-breadcrumbs-content":"","ast-featured-img":"","footer-sml-layout":"","ast-disable-related-posts":"","theme-transparent-header-meta":"","adv-header-id-meta":"","stick-header-meta":"","header-above-stick-meta":"","header-main-stick-meta":"","header-below-stick-meta":"","astra-migrate-meta-layouts":"default","ast-page-background-enabled":"default","ast-page-background-meta":{"desktop":{"background-color":"var(--ast-global-color-4)","background-image":"","background-repeat":"repeat","background-position":"center center","background-size":"auto","background-attachment":"scroll","background-type":"","background-media":"","overlay-type":"","overlay-color":"","overlay-opacity":"","overlay-gradient":""},"tablet":{"background-color":"","background-image":"","background-repeat":"repeat","background-position":"center center","background-size":"auto","background-attachment":"scroll","background-type":"","background-media":"","overlay-type":"","overlay-color":"","overlay-opacity":"","overlay-gradient":""},"mobile":{"background-color":"","background-image":"","background-repeat":"repeat","background-position":"center center","background-size":"auto","background-attachment":"scroll","background-type":"","background-media":"","overlay-type":"","overlay-color":"","overlay-opacity":"","overlay-gradient":""}},"ast-content-background-meta":{"desktop":{"background-color":"var(--ast-global-color-5)","background-image":"","background-repeat":"repeat","background-position":"center center","background-size":"auto","background-attachment":"scroll","background-type":"","background-media":"","overlay-type":"","overlay-color":"","overlay-opacity":"","overlay-gradient":""},"tablet":{"background-color":"var(--ast-global-color-5)","background-image":"","background-repeat":"repeat","background-position":"center center","background-size":"auto","background-attachment":"scroll","background-type":"","background-media":"","overlay-type":"","overlay-color":"","overlay-opacity":"","overlay-gradient":""},"mobile":{"background-color":"var(--ast-global-color-5)","background-image":"","background-repeat":"repeat","background-position":"center center","background-size":"auto","background-attachment":"scroll","background-type":"","background-media":"","overlay-type":"","overlay-color":"","overlay-opacity":"","overlay-gradient":""}},"footnotes":""},"class_list":["post-147111","page","type-page","status-publish","has-post-thumbnail","hentry"],"_links":{"self":[{"href":"https:\/\/medclinics.com\/fr\/wp-json\/wp\/v2\/pages\/147111","targetHints":{"allow":["GET"]}}],"collection":[{"href":"https:\/\/medclinics.com\/fr\/wp-json\/wp\/v2\/pages"}],"about":[{"href":"https:\/\/medclinics.com\/fr\/wp-json\/wp\/v2\/types\/page"}],"author":[{"embeddable":true,"href":"https:\/\/medclinics.com\/fr\/wp-json\/wp\/v2\/users\/4"}],"replies":[{"embeddable":true,"href":"https:\/\/medclinics.com\/fr\/wp-json\/wp\/v2\/comments?post=147111"}],"version-history":[{"count":0,"href":"https:\/\/medclinics.com\/fr\/wp-json\/wp\/v2\/pages\/147111\/revisions"}],"wp:featuredmedia":[{"embeddable":true,"href":"https:\/\/medclinics.com\/fr\/wp-json\/wp\/v2\/media\/96103"}],"wp:attachment":[{"href":"https:\/\/medclinics.com\/fr\/wp-json\/wp\/v2\/media?parent=147111"}],"curies":[{"name":"wp","href":"https:\/\/api.w.org\/{rel}","templated":true}]}}