{"id":147089,"date":"2023-05-05T14:06:00","date_gmt":"2023-05-05T11:06:00","guid":{"rendered":"https:\/\/medclinics.com\/mini-abdominoplastie\/"},"modified":"2025-01-02T16:49:52","modified_gmt":"2025-01-02T13:49:52","slug":"mini-abdominoplastie","status":"publish","type":"page","link":"https:\/\/medclinics.com\/fr\/mini-abdominoplastie\/","title":{"rendered":"Mini abdominoplastie"},"content":{"rendered":"\n<h2 class=\"wp-block-heading\">Si vous n&rsquo;\u00eates pas \u00e0 l&rsquo;aise avec un petit exc\u00e8s de peau et une laxit\u00e9 musculaire sous le nombril, la mini-abdominoplastie est faite pour vous.<\/h2>\n\n<p>La mini plastie abdominale est une intervention chirurgicale qui vise \u00e0 am\u00e9liorer l&rsquo;apparence de la partie inf\u00e9rieure de l&rsquo;abdomen. Il s&rsquo;agit d&rsquo;une version moins \u00e9tendue de l&rsquo;<a href=\"https:\/\/en.wikipedia.org\/wiki\/Abdominoplasty\" target=\"_blank\" rel=\"noreferrer noopener\">abdominoplastie<\/a> conventionnelle.<\/p>\n\n<p>Lors d&rsquo;une mini-abdominoplastie, une incision plus petite est pratiqu\u00e9e au-dessus de la zone de l&rsquo;aine, ce qui est plus court qu&rsquo;une abdominoplastie compl\u00e8te. Le chirurgien enl\u00e8ve une quantit\u00e9 limit\u00e9e de peau exc\u00e9dentaire et resserre les muscles abdominaux si n\u00e9cessaire. Une liposuccion peut \u00e9galement \u00eatre pratiqu\u00e9e pour remodeler la zone et am\u00e9liorer le r\u00e9sultat global.<\/p>\n\n<p>Par rapport \u00e0 l&rsquo;abdominoplastie compl\u00e8te, l&rsquo;incision est plus courte, la dissection des tissus est limit\u00e9e et le temps de r\u00e9tablissement est potentiellement plus rapide. Cependant, la mini abdominoplastie a un champ de correction plus limit\u00e9.<\/p>\n\n<p>Elle est recommand\u00e9e pour les personnes ayant une bonne \u00e9lasticit\u00e9 de la peau, un exc\u00e8s de peau relativement faible et une laxit\u00e9 musculaire limit\u00e9e \u00e0 la partie inf\u00e9rieure de l&rsquo;abdomen.<\/p>\n\n<h3 class=\"wp-block-heading\">Tout ce que vous devez savoir sur la <a href=\"https:\/\/medclinics.com\/fr\/chirurgie-plastique-et-esthetique\/\" target=\"_blank\" rel=\"noreferrer noopener\">chirurgie plastique et esth\u00e9tique<\/a>, y compris le prix, le plan de traitement et plus encore, ou <a href=\"#requestform\">contactez-nous<\/a>!<\/h3>\n\n<figure class=\"wp-block-image size-full\"><img fetchpriority=\"high\" decoding=\"async\" width=\"960\" height=\"540\" src=\"https:\/\/medclinics.com\/wp-content\/uploads\/2023\/07\/mini-abdominoplasty-near-me.jpg\" alt=\"Mini abdominoplastie pr&#xE8;s de chez moi Istanbul Turquie\" class=\"wp-image-97709\" srcset=\"https:\/\/medclinics.com\/wp-content\/uploads\/2023\/07\/mini-abdominoplasty-near-me.jpg 960w, https:\/\/medclinics.com\/wp-content\/uploads\/2023\/07\/mini-abdominoplasty-near-me-500x281.jpg 500w, https:\/\/medclinics.com\/wp-content\/uploads\/2023\/07\/mini-abdominoplasty-near-me-768x432.jpg 768w, https:\/\/medclinics.com\/wp-content\/uploads\/2023\/07\/mini-abdominoplasty-near-me-24x14.jpg 24w, https:\/\/medclinics.com\/wp-content\/uploads\/2023\/07\/mini-abdominoplasty-near-me-36x20.jpg 36w, https:\/\/medclinics.com\/wp-content\/uploads\/2023\/07\/mini-abdominoplasty-near-me-48x27.jpg 48w\" sizes=\"(max-width: 960px) 100vw, 960px\" \/><\/figure>\n\n<h2 class=\"wp-block-heading\">FAQ<\/h2>\n<div id=\"rank-math-faq\" class=\"rank-math-block\">\n<div class=\"rank-math-list \">\n<div id=\"faq-question-1688478045830\" class=\"rank-math-list-item\">\n<h3 class=\"rank-math-question \">Qu&rsquo;est-ce que la mini plastie abdominale ?<\/h3>\n<div class=\"rank-math-answer \">\n\n<p>Il s&rsquo;agit d&rsquo;une op\u00e9ration chirurgicale qui vise \u00e0 rem\u00e9dier \u00e0 un exc\u00e8s de peau et \u00e0 une laxit\u00e9 musculaire minimes sous le nombril afin d&rsquo;am\u00e9liorer l&rsquo;aspect du bas-ventre. L&rsquo;incision est plus petite. En outre, il convient aux personnes dont les pr\u00e9occupations sont limit\u00e9es \u00e0 la partie inf\u00e9rieure de l&rsquo;abdomen.<\/p>\n\n<\/div>\n<\/div>\n<div id=\"faq-question-1688478047677\" class=\"rank-math-list-item\">\n<h3 class=\"rank-math-question \">Une mini abdominoplastie est-elle douloureuse ?<\/h3>\n<div class=\"rank-math-answer \">\n\n<p>Une certaine g\u00eane et une certaine douleur sont \u00e0 pr\u00e9voir apr\u00e8s l&rsquo;op\u00e9ration. Cependant, elle peut \u00eatre prise en charge avec des analg\u00e9siques appropri\u00e9s et des soins postop\u00e9ratoires. Votre chirurgien prendra en charge votre douleur et vous offrira le plus grand confort possible pendant la p\u00e9riode de convalescence.<\/p>\n\n<\/div>\n<\/div>\n<div id=\"faq-question-1688478436445\" class=\"rank-math-list-item\">\n<h3 class=\"rank-math-question \">Quelle est la dur\u00e9e d&rsquo;une mini abdominoplastie ?<\/h3>\n<div class=\"rank-math-answer \">\n\n<p>Il s&rsquo;agit d&rsquo;une op\u00e9ration simple qui prend environ 2 \u00e0 3 heures. \u00c0 l&rsquo;exception de variations de poids importantes, les r\u00e9sultats sont g\u00e9n\u00e9ralement permanents.  <\/p>\n\n<\/div>\n<\/div>\n<div id=\"faq-question-1688478437892\" class=\"rank-math-list-item\">\n<h3 class=\"rank-math-question \">Combien co\u00fbte une mini-abdominoplastie ?<\/h3>\n<div class=\"rank-math-answer \">\n\n<p>Les co\u00fbts peuvent varier de 3 000 \u00e0 8 000 dollars environ en fonction des caract\u00e9ristiques de la clinique, de la qualification du chirurgien ou de l&rsquo;\u00e9tat du patient.<\/p>\n\n<\/div>\n<\/div>\n<\/div>\n<\/div>\n<p>\u00a0<\/p>\n\n<h3 class=\"wp-block-heading\">Contactez-nous d\u00e8s maintenant si vous avez des questions !<\/h3>\n","protected":false},"excerpt":{"rendered":"<p>Si vous n&rsquo;\u00eates pas \u00e0 l&rsquo;aise avec un petit exc\u00e8s de peau et une laxit\u00e9 musculaire sous le nombril, la [&hellip;]<\/p>\n","protected":false},"author":4,"featured_media":96084,"parent":0,"menu_order":0,"comment_status":"closed","ping_status":"closed","template":"","meta":{"site-sidebar-layout":"default","site-content-layout":"","ast-site-content-layout":"default","site-content-style":"default","site-sidebar-style":"default","ast-global-header-display":"","ast-banner-title-visibility":"","ast-main-header-display":"","ast-hfb-above-header-display":"","ast-hfb-below-header-display":"","ast-hfb-mobile-header-display":"","site-post-title":"","ast-breadcrumbs-content":"","ast-featured-img":"","footer-sml-layout":"","ast-disable-related-posts":"","theme-transparent-header-meta":"","adv-header-id-meta":"","stick-header-meta":"","header-above-stick-meta":"","header-main-stick-meta":"","header-below-stick-meta":"","astra-migrate-meta-layouts":"default","ast-page-background-enabled":"default","ast-page-background-meta":{"desktop":{"background-color":"var(--ast-global-color-4)","background-image":"","background-repeat":"repeat","background-position":"center center","background-size":"auto","background-attachment":"scroll","background-type":"","background-media":"","overlay-type":"","overlay-color":"","overlay-opacity":"","overlay-gradient":""},"tablet":{"background-color":"","background-image":"","background-repeat":"repeat","background-position":"center center","background-size":"auto","background-attachment":"scroll","background-type":"","background-media":"","overlay-type":"","overlay-color":"","overlay-opacity":"","overlay-gradient":""},"mobile":{"background-color":"","background-image":"","background-repeat":"repeat","background-position":"center center","background-size":"auto","background-attachment":"scroll","background-type":"","background-media":"","overlay-type":"","overlay-color":"","overlay-opacity":"","overlay-gradient":""}},"ast-content-background-meta":{"desktop":{"background-color":"var(--ast-global-color-5)","background-image":"","background-repeat":"repeat","background-position":"center center","background-size":"auto","background-attachment":"scroll","background-type":"","background-media":"","overlay-type":"","overlay-color":"","overlay-opacity":"","overlay-gradient":""},"tablet":{"background-color":"var(--ast-global-color-5)","background-image":"","background-repeat":"repeat","background-position":"center center","background-size":"auto","background-attachment":"scroll","background-type":"","background-media":"","overlay-type":"","overlay-color":"","overlay-opacity":"","overlay-gradient":""},"mobile":{"background-color":"var(--ast-global-color-5)","background-image":"","background-repeat":"repeat","background-position":"center center","background-size":"auto","background-attachment":"scroll","background-type":"","background-media":"","overlay-type":"","overlay-color":"","overlay-opacity":"","overlay-gradient":""}},"footnotes":""},"class_list":["post-147089","page","type-page","status-publish","has-post-thumbnail","hentry"],"_links":{"self":[{"href":"https:\/\/medclinics.com\/fr\/wp-json\/wp\/v2\/pages\/147089","targetHints":{"allow":["GET"]}}],"collection":[{"href":"https:\/\/medclinics.com\/fr\/wp-json\/wp\/v2\/pages"}],"about":[{"href":"https:\/\/medclinics.com\/fr\/wp-json\/wp\/v2\/types\/page"}],"author":[{"embeddable":true,"href":"https:\/\/medclinics.com\/fr\/wp-json\/wp\/v2\/users\/4"}],"replies":[{"embeddable":true,"href":"https:\/\/medclinics.com\/fr\/wp-json\/wp\/v2\/comments?post=147089"}],"version-history":[{"count":0,"href":"https:\/\/medclinics.com\/fr\/wp-json\/wp\/v2\/pages\/147089\/revisions"}],"wp:featuredmedia":[{"embeddable":true,"href":"https:\/\/medclinics.com\/fr\/wp-json\/wp\/v2\/media\/96084"}],"wp:attachment":[{"href":"https:\/\/medclinics.com\/fr\/wp-json\/wp\/v2\/media?parent=147089"}],"curies":[{"name":"wp","href":"https:\/\/api.w.org\/{rel}","templated":true}]}}