{"id":147075,"date":"2023-05-04T15:21:00","date_gmt":"2023-05-04T15:21:00","guid":{"rendered":"https:\/\/medclinics.com\/plastie-abdominale-bresilienne\/"},"modified":"2024-04-01T14:27:14","modified_gmt":"2024-04-01T11:27:14","slug":"plastie-abdominale-bresilienne","status":"publish","type":"page","link":"https:\/\/medclinics.com\/fr\/plastie-abdominale-bresilienne\/","title":{"rendered":"Plastie abdominale br\u00e9silienne"},"content":{"rendered":"\n<h2 class=\"wp-block-heading\">Si vous \u00eates \u00e0 la recherche d&rsquo;une proc\u00e9dure de remodelage du corps plus compl\u00e8te pour obtenir un abdomen plus plat et plus ferme, la plastie abdominale br\u00e9silienne est l&rsquo;occasion id\u00e9ale.<\/h2>\n\n<p>La plastie abdominale br\u00e9silienne utilise une combinaison de chirurgies de plastie abdominale telles que l&rsquo;abdominoplastie et la liposuccion. L&rsquo;abdominoplastie est une op\u00e9ration de chirurgie plastique visant \u00e0 retirer l&rsquo;exc\u00e8s de peau. Une liposuccion compl\u00e8te est pratiqu\u00e9e pour \u00e9liminer la graisse de la paroi abdominale.<\/p>\n\n<p>Le resserrement de la couche profonde de tissu plus \u00e9pais est effectu\u00e9 pour resserrer les d\u00e9chets. Les muscles de la paroi abdominale sont rapproch\u00e9s afin de r\u00e9duire les \u00e9ventuels renflements.<\/p>\n\n<p>La plastie abdominale br\u00e9silienne, \u00e9galement connue sous le nom de \u00ab\u00a0plastie abdominale avec liposuccion\u00a0\u00bb, est <a href=\"https:\/\/en.wikipedia.org\/wiki\/Abdominoplasty\" target=\"_blank\" rel=\"noopener\">g\u00e9n\u00e9ralement<\/a> recommand\u00e9e pour les personnes pr\u00e9sentant un exc\u00e8s de graisse abdominale et un rel\u00e2chement de la peau qui ne peuvent \u00eatre trait\u00e9s de mani\u00e8re ad\u00e9quate par la seule liposuccion.<\/p>\n\n<p>La plastie abdominale br\u00e9silienne comporte des risques et des complications potentielles. Il s&rsquo;agit notamment de saignements, d&rsquo;infections, de cicatrices et de s\u00e9romes ou d&rsquo;h\u00e9matomes. Vous pouvez consulter un expert de confiance pour r\u00e9duire les risques. En tant que MedClinics, nous nous ferons un plaisir de vous aider.<\/p>\n\n<h3 class=\"wp-block-heading\">Tout ce que vous devez savoir sur la <a href=\"https:\/\/medclinics.com\/fr\/chirurgie-plastique-et-esthetique\/\" target=\"_blank\" rel=\"noreferrer noopener\">chirurgie plastique et esth\u00e9tique<\/a>, y compris les prix et plus encore, ou <a href=\"#requestform\">contactez-nous<\/a>!<\/h3>\n\n<figure class=\"wp-block-image size-full\"><img fetchpriority=\"high\" decoding=\"async\" width=\"960\" height=\"540\" src=\"https:\/\/medclinics.com\/wp-content\/uploads\/2023\/07\/brazilian-tummy-tuck-near-me.jpg\" alt=\"L'abdominoplastie br&#xE9;silienne pr&#xE8;s de chez moi\" class=\"wp-image-97751\" srcset=\"https:\/\/medclinics.com\/wp-content\/uploads\/2023\/07\/brazilian-tummy-tuck-near-me.jpg 960w, https:\/\/medclinics.com\/wp-content\/uploads\/2023\/07\/brazilian-tummy-tuck-near-me-500x281.jpg 500w, https:\/\/medclinics.com\/wp-content\/uploads\/2023\/07\/brazilian-tummy-tuck-near-me-768x432.jpg 768w, https:\/\/medclinics.com\/wp-content\/uploads\/2023\/07\/brazilian-tummy-tuck-near-me-24x14.jpg 24w, https:\/\/medclinics.com\/wp-content\/uploads\/2023\/07\/brazilian-tummy-tuck-near-me-36x20.jpg 36w, https:\/\/medclinics.com\/wp-content\/uploads\/2023\/07\/brazilian-tummy-tuck-near-me-48x27.jpg 48w\" sizes=\"(max-width: 960px) 100vw, 960px\" \/><\/figure>\n\n<h2 class=\"wp-block-heading\">FAQ<\/h2>\n<div id=\"rank-math-faq\" class=\"rank-math-block\">\n<div class=\"rank-math-list \">\n<div id=\"faq-question-1688482691010\" class=\"rank-math-list-item\">\n<h3 class=\"rank-math-question \">Qu&rsquo;est-ce qu&rsquo;une abdominoplastie br\u00e9silienne ?<\/h3>\n<div class=\"rank-math-answer \">\n\n<p>L&rsquo;abdominoplastie br\u00e9silienne est \u00e9galement connue sous le nom d&rsquo;abdominoplastie avec liposuccion. Il s&rsquo;agit d&rsquo;une intervention chirurgicale qui combine les techniques traditionnelles d&rsquo;abdominoplastie et de liposuccion. Elle vise donc \u00e0 \u00e9liminer l&rsquo;exc\u00e8s de graisse abdominale, \u00e0 resserrer les muscles abdominaux et \u00e0 am\u00e9liorer le contour de la taille.<\/p>\n\n<\/div>\n<\/div>\n<div id=\"faq-question-1688482837601\" class=\"rank-math-list-item\">\n<h3 class=\"rank-math-question \">Quelle est la diff\u00e9rence entre une abdominoplastie br\u00e9silienne et une abdominoplastie ?<\/h3>\n<div class=\"rank-math-answer \">\n\n<p>La plastie abdominale br\u00e9silienne fait r\u00e9f\u00e9rence \u00e0 l&rsquo;utilisation de la liposuccion en plus de la plastie abdominale. Elle comprend la liposuccion et la plastie abdominale pour \u00e9liminer l&rsquo;exc\u00e8s de graisse abdominale.<\/p>\n\n<\/div>\n<\/div>\n<div id=\"faq-question-1688482870977\" class=\"rank-math-list-item\">\n<h3 class=\"rank-math-question \">Quel est l&rsquo;\u00e2ge id\u00e9al pour une abdominoplastie ?<\/h3>\n<div class=\"rank-math-answer \">\n\n<p>Il n&rsquo;y a pas d&rsquo;\u00e2ge limite pour une abdominoplastie. En r\u00e8gle g\u00e9n\u00e9rale, les personnes \u00e2g\u00e9es de 30 \u00e0 60 ans sont des candidats courants pour ces proc\u00e9dures. D&rsquo;autres facteurs que l&rsquo;\u00e2ge jouent un r\u00f4le dans la d\u00e9termination du traitement.<\/p>\n\n<\/div>\n<\/div>\n<div id=\"faq-question-1688482872159\" class=\"rank-math-list-item\">\n<h3 class=\"rank-math-question \">Le ventre peut-il regrossir apr\u00e8s une abdominoplastie ?<\/h3>\n<div class=\"rank-math-answer \">\n\n<p>La plastie abdominale permet de remodeler l&rsquo;apparence en retirant l&rsquo;exc\u00e8s de peau et de graisse. Cependant, il n&#8217;emp\u00eache pas une future prise de poids ou la formation de nouveaux d\u00e9p\u00f4ts de graisse. Une alimentation saine, une activit\u00e9 physique r\u00e9guli\u00e8re et le maintien d&rsquo;un poids stable sont importants pour obtenir des r\u00e9sultats \u00e0 long terme.<\/p>\n\n<\/div>\n<\/div>\n<\/div>\n<\/div>\n<p>\u00a0<\/p>\n\n<h3 class=\"wp-block-heading\">Contactez-nous d\u00e8s maintenant si vous avez des questions !<\/h3>\n","protected":false},"excerpt":{"rendered":"<p>Si vous \u00eates \u00e0 la recherche d&rsquo;une proc\u00e9dure de remodelage du corps plus compl\u00e8te pour obtenir un abdomen plus plat [&hellip;]<\/p>\n","protected":false},"author":4,"featured_media":96121,"parent":0,"menu_order":0,"comment_status":"closed","ping_status":"closed","template":"","meta":{"site-sidebar-layout":"default","site-content-layout":"","ast-site-content-layout":"default","site-content-style":"default","site-sidebar-style":"default","ast-global-header-display":"","ast-banner-title-visibility":"","ast-main-header-display":"","ast-hfb-above-header-display":"","ast-hfb-below-header-display":"","ast-hfb-mobile-header-display":"","site-post-title":"","ast-breadcrumbs-content":"","ast-featured-img":"","footer-sml-layout":"","ast-disable-related-posts":"","theme-transparent-header-meta":"","adv-header-id-meta":"","stick-header-meta":"","header-above-stick-meta":"","header-main-stick-meta":"","header-below-stick-meta":"","astra-migrate-meta-layouts":"default","ast-page-background-enabled":"default","ast-page-background-meta":{"desktop":{"background-color":"var(--ast-global-color-4)","background-image":"","background-repeat":"repeat","background-position":"center center","background-size":"auto","background-attachment":"scroll","background-type":"","background-media":"","overlay-type":"","overlay-color":"","overlay-opacity":"","overlay-gradient":""},"tablet":{"background-color":"","background-image":"","background-repeat":"repeat","background-position":"center center","background-size":"auto","background-attachment":"scroll","background-type":"","background-media":"","overlay-type":"","overlay-color":"","overlay-opacity":"","overlay-gradient":""},"mobile":{"background-color":"","background-image":"","background-repeat":"repeat","background-position":"center center","background-size":"auto","background-attachment":"scroll","background-type":"","background-media":"","overlay-type":"","overlay-color":"","overlay-opacity":"","overlay-gradient":""}},"ast-content-background-meta":{"desktop":{"background-color":"var(--ast-global-color-5)","background-image":"","background-repeat":"repeat","background-position":"center center","background-size":"auto","background-attachment":"scroll","background-type":"","background-media":"","overlay-type":"","overlay-color":"","overlay-opacity":"","overlay-gradient":""},"tablet":{"background-color":"var(--ast-global-color-5)","background-image":"","background-repeat":"repeat","background-position":"center center","background-size":"auto","background-attachment":"scroll","background-type":"","background-media":"","overlay-type":"","overlay-color":"","overlay-opacity":"","overlay-gradient":""},"mobile":{"background-color":"var(--ast-global-color-5)","background-image":"","background-repeat":"repeat","background-position":"center center","background-size":"auto","background-attachment":"scroll","background-type":"","background-media":"","overlay-type":"","overlay-color":"","overlay-opacity":"","overlay-gradient":""}},"footnotes":""},"class_list":["post-147075","page","type-page","status-publish","has-post-thumbnail","hentry"],"_links":{"self":[{"href":"https:\/\/medclinics.com\/fr\/wp-json\/wp\/v2\/pages\/147075","targetHints":{"allow":["GET"]}}],"collection":[{"href":"https:\/\/medclinics.com\/fr\/wp-json\/wp\/v2\/pages"}],"about":[{"href":"https:\/\/medclinics.com\/fr\/wp-json\/wp\/v2\/types\/page"}],"author":[{"embeddable":true,"href":"https:\/\/medclinics.com\/fr\/wp-json\/wp\/v2\/users\/4"}],"replies":[{"embeddable":true,"href":"https:\/\/medclinics.com\/fr\/wp-json\/wp\/v2\/comments?post=147075"}],"version-history":[{"count":0,"href":"https:\/\/medclinics.com\/fr\/wp-json\/wp\/v2\/pages\/147075\/revisions"}],"wp:featuredmedia":[{"embeddable":true,"href":"https:\/\/medclinics.com\/fr\/wp-json\/wp\/v2\/media\/96121"}],"wp:attachment":[{"href":"https:\/\/medclinics.com\/fr\/wp-json\/wp\/v2\/media?parent=147075"}],"curies":[{"name":"wp","href":"https:\/\/api.w.org\/{rel}","templated":true}]}}