{"id":147067,"date":"2023-05-05T13:29:00","date_gmt":"2023-05-05T10:29:00","guid":{"rendered":"https:\/\/medclinics.com\/plastie-abdominale-elargie\/"},"modified":"2024-04-01T14:49:04","modified_gmt":"2024-04-01T11:49:04","slug":"plastie-abdominale-elargie","status":"publish","type":"page","link":"https:\/\/medclinics.com\/fr\/plastie-abdominale-elargie\/","title":{"rendered":"Plastie abdominale \u00e9largie"},"content":{"rendered":"\n<h2 class=\"wp-block-heading\">Si vous recherchez un traitement qui cible non seulement la zone abdominale mais aussi l&rsquo;exc\u00e8s de peau sur les c\u00f4t\u00e9s, le haut des cuisses et le bas du dos, la plastie abdominale \u00e9largie peut \u00eatre une excellente option pour vous.<\/h2>\n\n<p>L&rsquo;abdominoplastie \u00e9largie est \u00e9galement connue sous le nom d&rsquo;abdominoplastie circonf\u00e9rentielle ou de lipectomie de ceinture. Il s&rsquo;agit d&rsquo;une proc\u00e9dure chirurgicale avanc\u00e9e qui combine des \u00e9l\u00e9ments d&rsquo;une abdominoplastie traditionnelle avec des techniques suppl\u00e9mentaires de remodelage du corps.<\/p>\n\n<p>Lors d&rsquo;une <a href=\"https:\/\/en.wikipedia.org\/wiki\/Abdominoplasty\" target=\"_blank\" rel=\"noopener\">abdominoplastie<\/a> \u00e9largie, le chirurgien pratique une incision en forme d&rsquo;arche qui fait le tour de la taille. Cela permet d&rsquo;enlever l&rsquo;exc\u00e8s de peau et de graisse sur plusieurs zones.<\/p>\n\n<p>L&rsquo;intervention consiste \u00e0 resserrer les muscles abdominaux pour obtenir un aspect plus plat et plus ferme. Une liposuccion des zones environnantes peut \u00e9galement \u00eatre pratiqu\u00e9e pour mieux dessiner les contours du corps.<\/p>\n\n<p>La plastie abdominale \u00e9largie convient aux personnes qui ont subi une perte de poids importante, qui pr\u00e9sentent un rel\u00e2chement de la peau et des d\u00e9p\u00f4ts de graisse au niveau de l&rsquo;abdomen, des fesses et du dos, ou qui ont subi une chirurgie bariatrique.<\/p>\n\n<p>Il s&rsquo;agit d&rsquo;une proc\u00e9dure plus compl\u00e8te que la plastie abdominale traditionnelle. Il est con\u00e7u pour traiter une plus grande partie du corps.<\/p>\n\n<h3 class=\"wp-block-heading\">Tout ce que vous devez savoir sur la <a href=\"https:\/\/medclinics.com\/fr\/chirurgie-plastique-et-esthetique\/\" target=\"_blank\" rel=\"noreferrer noopener\">chirurgie plastique et esth\u00e9tique<\/a>, y compris les prix et plus encore, ou <a href=\"#requestform\">contactez-nous<\/a>!<\/h3>\n\n<figure class=\"wp-block-image size-full\"><img fetchpriority=\"high\" decoding=\"async\" width=\"960\" height=\"540\" src=\"https:\/\/medclinics.com\/wp-content\/uploads\/2023\/07\/extended-tummy-tuck-near-me.jpg\" alt=\"La chirurgie abdominale pr&#xE8;s de chez moi Istanbul Turquie\" class=\"wp-image-97718\" srcset=\"https:\/\/medclinics.com\/wp-content\/uploads\/2023\/07\/extended-tummy-tuck-near-me.jpg 960w, https:\/\/medclinics.com\/wp-content\/uploads\/2023\/07\/extended-tummy-tuck-near-me-500x281.jpg 500w, https:\/\/medclinics.com\/wp-content\/uploads\/2023\/07\/extended-tummy-tuck-near-me-768x432.jpg 768w, https:\/\/medclinics.com\/wp-content\/uploads\/2023\/07\/extended-tummy-tuck-near-me-24x14.jpg 24w, https:\/\/medclinics.com\/wp-content\/uploads\/2023\/07\/extended-tummy-tuck-near-me-36x20.jpg 36w, https:\/\/medclinics.com\/wp-content\/uploads\/2023\/07\/extended-tummy-tuck-near-me-48x27.jpg 48w\" sizes=\"(max-width: 960px) 100vw, 960px\" \/><\/figure>\n\n<h2 class=\"wp-block-heading\">FAQ<\/h2>\n<div id=\"rank-math-faq\" class=\"rank-math-block\">\n<div class=\"rank-math-list \">\n<div id=\"faq-question-1688475944446\" class=\"rank-math-list-item\">\n<h3 class=\"rank-math-question \">Qu&rsquo;est-ce que la plastie abdominale \u00e9largie ?<\/h3>\n<div class=\"rank-math-answer \">\n\n<p>Dans le cas d&rsquo;une abdominoplastie \u00e9largie, on utilise l&rsquo;incision de l&rsquo;abdominoplastie, mais l&rsquo;incision s&rsquo;\u00e9tend au-del\u00e0 des fesses et dans le bas du dos. Ensuite, votre chirurgien utilisera la liposuccion pour retirer la graisse sous-cutan\u00e9e de votre abdomen, du bas de votre dos et de vos flancs.<\/p>\n\n<\/div>\n<\/div>\n<div id=\"faq-question-1688475946916\" class=\"rank-math-list-item\">\n<h3 class=\"rank-math-question \">La plastie abdominale \u00e9tendue est-elle s\u00fbre ?<\/h3>\n<div class=\"rank-math-answer \">\n\n<p>Oui, il s&rsquo;agit d&rsquo;une proc\u00e9dure s\u00fbre. Il est important qu&rsquo;elle soit r\u00e9alis\u00e9e par un chirurgien plasticien qualifi\u00e9 et exp\u00e9riment\u00e9. Cependant, comme toujours, des risques potentiels et des complications peuvent survenir.<\/p>\n\n<\/div>\n<\/div>\n<div id=\"faq-question-1688475947982\" class=\"rank-math-list-item\">\n<h3 class=\"rank-math-question \">La plastie abdominale \u00e9largie fait-elle r\u00e9appara\u00eetre la graisse ?<\/h3>\n<div class=\"rank-math-answer \">\n\n<p>Oui, il peut \u00e9liminer la graisse dorsale dans une certaine mesure. Toutefois, le degr\u00e9 de r\u00e9duction de la graisse varie en fonction de l&rsquo;\u00e9tat de la personne et de l&rsquo;ampleur de l&rsquo;intervention.<\/p>\n\n<\/div>\n<\/div>\n<div id=\"faq-question-1688475949198\" class=\"rank-math-list-item\">\n<h3 class=\"rank-math-question \">Quel est l&rsquo;IMC requis pour une abdominoplastie \u00e9largie ?<\/h3>\n<div class=\"rank-math-answer \">\n\n<p>En g\u00e9n\u00e9ral, un IMC inf\u00e9rieur \u00e0 30 est recommand\u00e9 pour minimiser les risques chirurgicaux et optimiser les r\u00e9sultats.<\/p>\n\n<\/div>\n<\/div>\n<div id=\"faq-question-1688475950148\" class=\"rank-math-list-item\">\n<h3 class=\"rank-math-question \">\u00c0 quel \u00e2ge ne faut-il pas subir une abdominoplastie ?<\/h3>\n<div class=\"rank-math-answer \">\n\n<p>En g\u00e9n\u00e9ral, la plupart des chirurgiens plasticiens recommandent aux personnes qui envisagent une plastie abdominale d&rsquo;avoir au moins 18 ans. Toutefois, il est pr\u00e9f\u00e9rable que les patientes aient achev\u00e9 leurs projets de maternit\u00e9, car les grossesses futures peuvent avoir une incidence sur les r\u00e9sultats \u00e0 long terme. En outre, les individus doivent \u00eatre en bonne sant\u00e9. Il n&rsquo;y a pas de limite d&rsquo;\u00e2ge sp\u00e9cifique pour la proc\u00e9dure.<\/p>\n\n<\/div>\n<\/div>\n<\/div>\n<\/div>\n<p>\u00a0<\/p>\n\n<h3 class=\"wp-block-heading\">Contactez-nous d\u00e8s maintenant si vous avez des questions !<\/h3>\n","protected":false},"excerpt":{"rendered":"<p>Si vous recherchez un traitement qui cible non seulement la zone abdominale mais aussi l&rsquo;exc\u00e8s de peau sur les c\u00f4t\u00e9s, [&hellip;]<\/p>\n","protected":false},"author":4,"featured_media":96073,"parent":0,"menu_order":0,"comment_status":"closed","ping_status":"closed","template":"","meta":{"site-sidebar-layout":"default","site-content-layout":"","ast-site-content-layout":"default","site-content-style":"default","site-sidebar-style":"default","ast-global-header-display":"","ast-banner-title-visibility":"","ast-main-header-display":"","ast-hfb-above-header-display":"","ast-hfb-below-header-display":"","ast-hfb-mobile-header-display":"","site-post-title":"","ast-breadcrumbs-content":"","ast-featured-img":"","footer-sml-layout":"","ast-disable-related-posts":"","theme-transparent-header-meta":"","adv-header-id-meta":"","stick-header-meta":"","header-above-stick-meta":"","header-main-stick-meta":"","header-below-stick-meta":"","astra-migrate-meta-layouts":"default","ast-page-background-enabled":"default","ast-page-background-meta":{"desktop":{"background-color":"var(--ast-global-color-4)","background-image":"","background-repeat":"repeat","background-position":"center center","background-size":"auto","background-attachment":"scroll","background-type":"","background-media":"","overlay-type":"","overlay-color":"","overlay-opacity":"","overlay-gradient":""},"tablet":{"background-color":"","background-image":"","background-repeat":"repeat","background-position":"center center","background-size":"auto","background-attachment":"scroll","background-type":"","background-media":"","overlay-type":"","overlay-color":"","overlay-opacity":"","overlay-gradient":""},"mobile":{"background-color":"","background-image":"","background-repeat":"repeat","background-position":"center center","background-size":"auto","background-attachment":"scroll","background-type":"","background-media":"","overlay-type":"","overlay-color":"","overlay-opacity":"","overlay-gradient":""}},"ast-content-background-meta":{"desktop":{"background-color":"var(--ast-global-color-5)","background-image":"","background-repeat":"repeat","background-position":"center center","background-size":"auto","background-attachment":"scroll","background-type":"","background-media":"","overlay-type":"","overlay-color":"","overlay-opacity":"","overlay-gradient":""},"tablet":{"background-color":"var(--ast-global-color-5)","background-image":"","background-repeat":"repeat","background-position":"center center","background-size":"auto","background-attachment":"scroll","background-type":"","background-media":"","overlay-type":"","overlay-color":"","overlay-opacity":"","overlay-gradient":""},"mobile":{"background-color":"var(--ast-global-color-5)","background-image":"","background-repeat":"repeat","background-position":"center center","background-size":"auto","background-attachment":"scroll","background-type":"","background-media":"","overlay-type":"","overlay-color":"","overlay-opacity":"","overlay-gradient":""}},"footnotes":""},"class_list":["post-147067","page","type-page","status-publish","has-post-thumbnail","hentry"],"_links":{"self":[{"href":"https:\/\/medclinics.com\/fr\/wp-json\/wp\/v2\/pages\/147067","targetHints":{"allow":["GET"]}}],"collection":[{"href":"https:\/\/medclinics.com\/fr\/wp-json\/wp\/v2\/pages"}],"about":[{"href":"https:\/\/medclinics.com\/fr\/wp-json\/wp\/v2\/types\/page"}],"author":[{"embeddable":true,"href":"https:\/\/medclinics.com\/fr\/wp-json\/wp\/v2\/users\/4"}],"replies":[{"embeddable":true,"href":"https:\/\/medclinics.com\/fr\/wp-json\/wp\/v2\/comments?post=147067"}],"version-history":[{"count":0,"href":"https:\/\/medclinics.com\/fr\/wp-json\/wp\/v2\/pages\/147067\/revisions"}],"wp:featuredmedia":[{"embeddable":true,"href":"https:\/\/medclinics.com\/fr\/wp-json\/wp\/v2\/media\/96073"}],"wp:attachment":[{"href":"https:\/\/medclinics.com\/fr\/wp-json\/wp\/v2\/media?parent=147067"}],"curies":[{"name":"wp","href":"https:\/\/api.w.org\/{rel}","templated":true}]}}