{"id":147053,"date":"2023-05-05T07:53:00","date_gmt":"2023-05-05T04:53:00","guid":{"rendered":"https:\/\/medclinics.com\/plastie-abdominale-inversee\/"},"modified":"2024-04-01T16:19:23","modified_gmt":"2024-04-01T13:19:23","slug":"plastie-abdominale-inversee","status":"publish","type":"page","link":"https:\/\/medclinics.com\/fr\/plastie-abdominale-inversee\/","title":{"rendered":"Plastie abdominale invers\u00e9e"},"content":{"rendered":"\n<h2 class=\"wp-block-heading\">Si vous cherchez \u00e0 am\u00e9liorer l&rsquo;apparence de la partie sup\u00e9rieure de l&rsquo;abdomen, la plastie abdominale invers\u00e9e est la solution id\u00e9ale pour vous.<\/h2>\n\n<p>La plastie abdominale invers\u00e9e est \u00e9galement connue sous le nom de lifting du haut du corps. Il s&rsquo;attaque au rel\u00e2chement de la peau et \u00e0 l&rsquo;exc\u00e8s de graisse dans la partie sup\u00e9rieure de l&rsquo;abdomen. La plastie abdominale invers\u00e9e cible la partie sup\u00e9rieure de l&rsquo;abdomen, y compris la zone situ\u00e9e au-dessus du nombril. Une abdominoplastie traditionnelle se concentre sur la partie inf\u00e9rieure de l&rsquo;abdomen. C&rsquo;est ce qui les diff\u00e9rencie.<\/p>\n\n<p>Lors d&rsquo;une abdominoplastie invers\u00e9e, une incision est g\u00e9n\u00e9ralement pratiqu\u00e9e le long du bord inf\u00e9rieur du sein. Ensuite, l&rsquo;exc\u00e8s de peau et de graisse est retir\u00e9 de la partie sup\u00e9rieure de l&rsquo;abdomen. Si n\u00e9cessaire, les muscles sous-jacents peuvent \u00eatre resserr\u00e9s. Enfin, la peau restante est tir\u00e9e vers le bas.<\/p>\n\n<p>Cette intervention chirurgicale est fr\u00e9quente chez les personnes qui pr\u00e9sentent un rel\u00e2chement de la peau dans la partie sup\u00e9rieure de l&rsquo;abdomen. La perte de poids, le vieillissement ou la grossesse sont des raisons typiques. En g\u00e9n\u00e9ral, la plastie abdominale invers\u00e9e est pratiqu\u00e9e en m\u00eame temps qu&rsquo;un <a href=\"https:\/\/medclinics.com\/fr\/lifting-des-seins\/\" target=\"_blank\" rel=\"noreferrer noopener\">lifting des seins <\/a>.<\/p>\n\n<p>Les <a href=\"https:\/\/en.wikipedia.org\/wiki\/Abdominoplasty#Risks\" target=\"_blank\" rel=\"noreferrer noopener\">risques<\/a> comprennent l&rsquo;infection, la cicatrisation, une mauvaise gu\u00e9rison de la plaie et le d\u00e9veloppement potentiel de caillots sanguins. Le fait d&rsquo;\u00eatre trait\u00e9 par un m\u00e9decin qualifi\u00e9 r\u00e9duit ces risques.<\/p>\n\n<h3 class=\"wp-block-heading\">Tout ce que vous devez savoir sur la <a href=\"https:\/\/medclinics.com\/fr\/chirurgie-plastique-et-esthetique\/\" target=\"_blank\" rel=\"noreferrer noopener\">chirurgie plastique et esth\u00e9tique<\/a>, y compris le prix, le plan de traitement et plus encore, ou <a href=\"#requestform\">contactez-nous<\/a>!<\/h3>\n\n<figure class=\"wp-block-image size-full\"><img fetchpriority=\"high\" decoding=\"async\" width=\"960\" height=\"540\" src=\"https:\/\/medclinics.com\/wp-content\/uploads\/2023\/07\/reverse-tummy-tuck-near-me.jpg\" alt=\"La chirurgie abdominale invers&#xE9;e pr&#xE8;s de chez moi &#xE0; Istanbul en Turquie\" class=\"wp-image-97743\" srcset=\"https:\/\/medclinics.com\/wp-content\/uploads\/2023\/07\/reverse-tummy-tuck-near-me.jpg 960w, https:\/\/medclinics.com\/wp-content\/uploads\/2023\/07\/reverse-tummy-tuck-near-me-500x281.jpg 500w, https:\/\/medclinics.com\/wp-content\/uploads\/2023\/07\/reverse-tummy-tuck-near-me-768x432.jpg 768w, https:\/\/medclinics.com\/wp-content\/uploads\/2023\/07\/reverse-tummy-tuck-near-me-24x14.jpg 24w, https:\/\/medclinics.com\/wp-content\/uploads\/2023\/07\/reverse-tummy-tuck-near-me-36x20.jpg 36w, https:\/\/medclinics.com\/wp-content\/uploads\/2023\/07\/reverse-tummy-tuck-near-me-48x27.jpg 48w\" sizes=\"(max-width: 960px) 100vw, 960px\" \/><\/figure>\n\n<h2 class=\"wp-block-heading\">FAQ<\/h2>\n<div id=\"rank-math-faq\" class=\"rank-math-block\">\n<div class=\"rank-math-list \">\n<div id=\"faq-question-1688540076558\" class=\"rank-math-list-item\">\n<h3 class=\"rank-math-question \">Qu&rsquo;est-ce que la plastie abdominale invers\u00e9e ?<\/h3>\n<div class=\"rank-math-answer \">\n\n<p>Il s&rsquo;agit d&rsquo;une chirurgie esth\u00e9tique qui se concentre sur la partie sup\u00e9rieure de l&rsquo;abdomen afin d&rsquo;\u00e9liminer l&rsquo;exc\u00e8s de peau et de graisse. Vous obtiendrez ainsi une apparence plus tonique et plus galb\u00e9e.<\/p>\n\n<\/div>\n<\/div>\n<div id=\"faq-question-1688540137778\" class=\"rank-math-list-item\">\n<h3 class=\"rank-math-question \">Comment fonctionne la plastie abdominale invers\u00e9e ?<\/h3>\n<div class=\"rank-math-answer \">\n\n<p>Une incision est pratiqu\u00e9e le long du bord inf\u00e9rieur du sein. Elle permet d&rsquo;\u00e9liminer l&rsquo;exc\u00e8s de peau et de graisse dans la partie sup\u00e9rieure de l&rsquo;abdomen. La peau restante est ensuite tir\u00e9e vers le bas et sutur\u00e9e. Il en r\u00e9sulte un abdomen sup\u00e9rieur plus ferme et plus lift\u00e9. Cette proc\u00e9dure vise \u00e0 am\u00e9liorer l&rsquo;apparence de la partie sup\u00e9rieure de l&rsquo;abdomen en s&rsquo;attaquant au rel\u00e2chement de la peau dans cette zone.<\/p>\n\n<\/div>\n<\/div>\n<div id=\"faq-question-1688540139719\" class=\"rank-math-list-item\">\n<h3 class=\"rank-math-question \">Combien co\u00fbte une abdominoplastie invers\u00e9e ?<\/h3>\n<div class=\"rank-math-answer \">\n\n<p>En g\u00e9n\u00e9ral, le co\u00fbt de la plastie abdominale invers\u00e9e varie entre 8 000 et 15 000 dollars, voire plus. Bien entendu, cela varie selon les pays. Par exemple, les co\u00fbts de cette op\u00e9ration en Turquie varient entre 3 000 et 6 000 dollars. Vous pouvez nous contacter si vous souhaitez obtenir plus d&rsquo;informations \u00e0 leur sujet.  <\/p>\n\n<\/div>\n<\/div>\n<div id=\"faq-question-1688540141811\" class=\"rank-math-list-item\">\n<h3 class=\"rank-math-question \">Quel est le temps de r\u00e9cup\u00e9ration pour une abdominoplastie invers\u00e9e ?<\/h3>\n<div class=\"rank-math-answer \">\n\n<p>En g\u00e9n\u00e9ral, il faut compter entre 2 et 4 semaines pour le r\u00e9tablissement initial. Le r\u00e9tablissement complet peut prendre plusieurs mois en fonction de vos conditions sp\u00e9cifiques.  <\/p>\n\n<\/div>\n<\/div>\n<\/div>\n<\/div>\n<p>\u00a0<\/p>\n\n<h3 class=\"wp-block-heading\">Contactez-nous d\u00e8s maintenant si vous avez des questions !<\/h3>\n","protected":false},"excerpt":{"rendered":"<p>Si vous cherchez \u00e0 am\u00e9liorer l&rsquo;apparence de la partie sup\u00e9rieure de l&rsquo;abdomen, la plastie abdominale invers\u00e9e est la solution id\u00e9ale [&hellip;]<\/p>\n","protected":false},"author":4,"featured_media":96155,"parent":0,"menu_order":0,"comment_status":"closed","ping_status":"closed","template":"","meta":{"site-sidebar-layout":"default","site-content-layout":"","ast-site-content-layout":"default","site-content-style":"default","site-sidebar-style":"default","ast-global-header-display":"","ast-banner-title-visibility":"","ast-main-header-display":"","ast-hfb-above-header-display":"","ast-hfb-below-header-display":"","ast-hfb-mobile-header-display":"","site-post-title":"","ast-breadcrumbs-content":"","ast-featured-img":"","footer-sml-layout":"","ast-disable-related-posts":"","theme-transparent-header-meta":"","adv-header-id-meta":"","stick-header-meta":"","header-above-stick-meta":"","header-main-stick-meta":"","header-below-stick-meta":"","astra-migrate-meta-layouts":"default","ast-page-background-enabled":"default","ast-page-background-meta":{"desktop":{"background-color":"var(--ast-global-color-4)","background-image":"","background-repeat":"repeat","background-position":"center center","background-size":"auto","background-attachment":"scroll","background-type":"","background-media":"","overlay-type":"","overlay-color":"","overlay-opacity":"","overlay-gradient":""},"tablet":{"background-color":"","background-image":"","background-repeat":"repeat","background-position":"center center","background-size":"auto","background-attachment":"scroll","background-type":"","background-media":"","overlay-type":"","overlay-color":"","overlay-opacity":"","overlay-gradient":""},"mobile":{"background-color":"","background-image":"","background-repeat":"repeat","background-position":"center center","background-size":"auto","background-attachment":"scroll","background-type":"","background-media":"","overlay-type":"","overlay-color":"","overlay-opacity":"","overlay-gradient":""}},"ast-content-background-meta":{"desktop":{"background-color":"var(--ast-global-color-5)","background-image":"","background-repeat":"repeat","background-position":"center center","background-size":"auto","background-attachment":"scroll","background-type":"","background-media":"","overlay-type":"","overlay-color":"","overlay-opacity":"","overlay-gradient":""},"tablet":{"background-color":"var(--ast-global-color-5)","background-image":"","background-repeat":"repeat","background-position":"center center","background-size":"auto","background-attachment":"scroll","background-type":"","background-media":"","overlay-type":"","overlay-color":"","overlay-opacity":"","overlay-gradient":""},"mobile":{"background-color":"var(--ast-global-color-5)","background-image":"","background-repeat":"repeat","background-position":"center center","background-size":"auto","background-attachment":"scroll","background-type":"","background-media":"","overlay-type":"","overlay-color":"","overlay-opacity":"","overlay-gradient":""}},"footnotes":""},"class_list":["post-147053","page","type-page","status-publish","has-post-thumbnail","hentry"],"_links":{"self":[{"href":"https:\/\/medclinics.com\/fr\/wp-json\/wp\/v2\/pages\/147053","targetHints":{"allow":["GET"]}}],"collection":[{"href":"https:\/\/medclinics.com\/fr\/wp-json\/wp\/v2\/pages"}],"about":[{"href":"https:\/\/medclinics.com\/fr\/wp-json\/wp\/v2\/types\/page"}],"author":[{"embeddable":true,"href":"https:\/\/medclinics.com\/fr\/wp-json\/wp\/v2\/users\/4"}],"replies":[{"embeddable":true,"href":"https:\/\/medclinics.com\/fr\/wp-json\/wp\/v2\/comments?post=147053"}],"version-history":[{"count":0,"href":"https:\/\/medclinics.com\/fr\/wp-json\/wp\/v2\/pages\/147053\/revisions"}],"wp:featuredmedia":[{"embeddable":true,"href":"https:\/\/medclinics.com\/fr\/wp-json\/wp\/v2\/media\/96155"}],"wp:attachment":[{"href":"https:\/\/medclinics.com\/fr\/wp-json\/wp\/v2\/media?parent=147053"}],"curies":[{"name":"wp","href":"https:\/\/api.w.org\/{rel}","templated":true}]}}