{"id":146809,"date":"2023-05-25T12:05:20","date_gmt":"2023-05-25T09:05:20","guid":{"rendered":"https:\/\/medclinics.com\/bilan-de-sante-complet-pour-les-femmes-de-plus-de-40-ans\/"},"modified":"2025-01-02T13:28:53","modified_gmt":"2025-01-02T10:28:53","slug":"bilan-de-sante-complet-pour-les-femmes-de-plus-de-40-ans","status":"publish","type":"page","link":"https:\/\/medclinics.com\/fr\/bilan-de-sante-complet-pour-les-femmes-de-plus-de-40-ans\/","title":{"rendered":"Bilan de sant\u00e9 complet pour les femmes de plus de 40 ans"},"content":{"rendered":"\n<h2 class=\"wp-block-heading\">Si vous cherchez un moyen d&rsquo;augmenter le nombre de d\u00e9pistages, les Check-up Treatments sont peut-\u00eatre la solution id\u00e9ale.<\/h2>\n\n<p><br\/>Il est essentiel que les femmes de plus de 40 ans passent r\u00e9guli\u00e8rement un examen m\u00e9dical afin de donner la priorit\u00e9 \u00e0 leur sant\u00e9 et \u00e0 leur bien-\u00eatre. Ces examens comprennent g\u00e9n\u00e9ralement des \u00e9valuations compl\u00e8tes des diff\u00e9rents aspects de leur sant\u00e9 physique et reproductive.  <\/p>\n\n<p>Au cours de ces examens, les professionnels de la sant\u00e9 peuvent proc\u00e9der \u00e0 des examens physiques approfondis, y compris la mesure des signes vitaux, l&rsquo;\u00e9valuation du poids et de la taille, et l&rsquo;\u00e9valuation de la sant\u00e9 des seins et de la r\u00e9gion pelvienne.<\/p>\n\n<p>En outre, ils peuvent recommander des d\u00e9pistages tels que les mammographies pour d\u00e9tecter les anomalies mammaires et les frottis pour d\u00e9pister le cancer du col de l&rsquo;ut\u00e9rus. Des analyses de sang pour \u00e9valuer le taux de cholest\u00e9rol, la glyc\u00e9mie et les taux d&rsquo;hormones peuvent \u00e9galement \u00eatre recommand\u00e9es.  <\/p>\n\n<p>Ces examens de routine sont l&rsquo;occasion de discuter de toute pr\u00e9occupation, des sympt\u00f4mes de la m\u00e9nopause, des changements hormonaux et des probl\u00e8mes de sant\u00e9 li\u00e9s \u00e0 l&rsquo;\u00e2ge.  <\/p>\n\n<p>Rester <a href=\"https:\/\/en.wikipedia.org\/wiki\/Check-Up\" target=\"_blank\" rel=\"noopener\">proactif<\/a> et programmer des examens m\u00e9dicaux r\u00e9guliers pour les femmes de plus de 40 ans sont des \u00e9tapes importantes pour la d\u00e9tection pr\u00e9coce, la pr\u00e9vention et le maintien de la sant\u00e9 en g\u00e9n\u00e9ral.<\/p>\n\n<figure class=\"wp-block-image size-full\"><img fetchpriority=\"high\" decoding=\"async\" width=\"960\" height=\"540\" src=\"https:\/\/medclinics.com\/wp-content\/uploads\/2023\/07\/comprehensive-check-up-for-women-over-40-near-me-1.jpg\" alt=\"Check-up complet pour les femmes de plus de 40 ans pr&#xE8;s de chez moi en Turquie\" class=\"wp-image-97545\" srcset=\"https:\/\/medclinics.com\/wp-content\/uploads\/2023\/07\/comprehensive-check-up-for-women-over-40-near-me-1.jpg 960w, https:\/\/medclinics.com\/wp-content\/uploads\/2023\/07\/comprehensive-check-up-for-women-over-40-near-me-1-500x281.jpg 500w, https:\/\/medclinics.com\/wp-content\/uploads\/2023\/07\/comprehensive-check-up-for-women-over-40-near-me-1-768x432.jpg 768w, https:\/\/medclinics.com\/wp-content\/uploads\/2023\/07\/comprehensive-check-up-for-women-over-40-near-me-1-24x14.jpg 24w, https:\/\/medclinics.com\/wp-content\/uploads\/2023\/07\/comprehensive-check-up-for-women-over-40-near-me-1-36x20.jpg 36w, https:\/\/medclinics.com\/wp-content\/uploads\/2023\/07\/comprehensive-check-up-for-women-over-40-near-me-1-48x27.jpg 48w\" sizes=\"(max-width: 960px) 100vw, 960px\" \/><\/figure>\n\n<p><strong>Check-up pour les femmes de plus de 40 paquets :<\/strong><\/p>\n\n<div class=\"wp-block-columns is-layout-flex wp-container-core-columns-is-layout-28f84493 wp-block-columns-is-layout-flex\">\n<div class=\"wp-block-column is-layout-flow wp-block-column-is-layout-flow\">\n<p><strong>EXAMENS<\/strong><\/p>\n\n\n\n<ul class=\"wp-block-list\">\n<li>Examen de contr\u00f4le<\/li>\n\n\n\n<li>Examen ORL<\/li>\n\n\n\n<li>Examen gyn\u00e9cologique<\/li>\n\n\n\n<li>Examen des yeux<\/li>\n\n\n\n<li>Examen dermatologique<\/li>\n\n\n\n<li>Examen de cardiologie<\/li>\n<\/ul>\n\n\n\n<p><strong>SERVICES DENTAIRES<\/strong><\/p>\n\n\n\n<ul class=\"wp-block-list\">\n<li>Examen de contr\u00f4le chez le dentiste<\/li>\n\n\n\n<li>Film panoramique<\/li>\n\n\n\n<li>D\u00e9tartrage (m\u00e2choire unique)<\/li>\n<\/ul>\n\n\n\n<p><strong>EXAMENS DE CARDIOLOGIE<\/strong><\/p>\n\n\n\n<ul class=\"wp-block-list\">\n<li>ECG avec effort<\/li>\n\n\n\n<li>ECG<\/li>\n\n\n\n<li>Echocardiographie (mode Doppler+Color\u00e9+M+B)<\/li>\n\n\n\n<li>Holter tensionnel (24 heures)<\/li>\n<\/ul>\n\n\n\n<p><strong>EXAMENS RADIOLOGIQUES<\/strong><\/p>\n\n\n\n<ul class=\"wp-block-list\">\n<li>Tomodensitom\u00e9trie cardiaque &#8211; \u00c9valuation du calcium<\/li>\n\n\n\n<li>CT thoracique (\u00e0 des fins de d\u00e9pistage \/ \u00e0 faible dose)<\/li>\n\n\n\n<li>Ultrasonographie de la thyro\u00efde<\/li>\n\n\n\n<li>\u00c9chographie de l&rsquo;abdomen entier<\/li>\n\n\n\n<li>\u00c9chographie mammaire (deux c\u00f4t\u00e9s)<\/li>\n\n\n\n<li>Carotide Doppler couleur bilat\u00e9ral USG<\/li>\n\n\n\n<li>Mammographie (bilat\u00e9rale)<\/li>\n\n\n\n<li>Mesure de la densit\u00e9 osseuse (f\u00e9mur)Mesure de la densit\u00e9 osseuse (f\u00e9mur)<\/li>\n\n\n\n<li>Mesure de la densit\u00e9 osseuse (AP lombaire)<\/li>\n\n\n\n<li>Cerveau (cr\u00e2ne) RM (1,5 T)<\/li>\n\n\n\n<li>Angiographie par IRM (intracr\u00e2nienne) (3,0 T)<\/li>\n<\/ul>\n\n\n\n<p><strong>EXAMENS DE NEUROLOGIE<\/strong><\/p>\n\n\n\n<ul class=\"wp-block-list\">\n<li>Sommeil-Polysomnographie<\/li>\n\n\n\n<li>EXAMENS D&rsquo;AUDIOLOGIE<\/li>\n\n\n\n<li>Audio- et Timpanom\u00e9trie<\/li>\n\n\n\n<li>Audiom\u00e9trie tonale pure<\/li>\n<\/ul>\n\n\n\n<p><strong>TESTS DE TRAITEMENT RESPIRATOIRE<\/strong><\/p>\n\n\n\n<ul class=\"wp-block-list\">\n<li>Test de la fonction respiratoire<\/li>\n<\/ul>\n\n\n\n<p><strong>INITIATIVES<\/strong><\/p>\n\n\n\n<ul class=\"wp-block-list\">\n<li>Dermatoscopie<\/li>\n<\/ul>\n\n\n\n<p><strong>APPLICATIONS ENDOSCOPIQUES<\/strong><\/p>\n\n\n\n<ul class=\"wp-block-list\">\n<li>Oesophagoscopie, gastroscopie, duod\u00e9noscopie + biopsie<\/li>\n\n\n\n<li>Coloscopie + biopsie<\/li>\n\n\n\n<li>Polypectomie par coloscopie (pour chaque polype jusqu&rsquo;\u00e0 2 polypes)<\/li>\n<\/ul>\n\n\n\n<p><strong>EXAMENS D&rsquo;ANESTH\u00c9SIE<\/strong><\/p>\n\n\n\n<ul class=\"wp-block-list\">\n<li>S\u00e9dation et anesth\u00e9sie locale  <\/li>\n<\/ul>\n\n\n\n<p><strong>EXAMENS PATHOLOGIQUES<\/strong><\/p>\n\n\n\n<ul class=\"wp-block-list\">\n<li>Cytopathologie, pr\u00e9paration fine<\/li>\n\n\n\n<li>Biopsie de l&rsquo;estomac<\/li>\n\n\n\n<li>Colonne, biopsie<\/li>\n<\/ul>\n<\/div>\n\n\n\n<div class=\"wp-block-column is-layout-flow wp-block-column-is-layout-flow\">\n<p><strong>EXAMENS DE LABORATOIRE<\/strong><\/p>\n\n\n\n<ul class=\"wp-block-list\">\n<li>Alpha-f\u0153toprot\u00e9ine (AFP)<\/li>\n\n\n\n<li>Phosphatase alcaline (ALP)<\/li>\n\n\n\n<li>Alanine Aminotransf\u00e9rase (ALT)<\/li>\n\n\n\n<li>Aspartate Aminotransf\u00e9rase (AST)<\/li>\n\n\n\n<li>Amylase<\/li>\n\n\n\n<li>Zinc (Zn)<\/li>\n\n\n\n<li>Fer<\/li>\n\n\n\n<li>Capacit\u00e9 de fixation du fer<\/li>\n\n\n\n<li>Ferritine<\/li>\n\n\n\n<li>Acide folique<\/li>\n\n\n\n<li>Sang occulte dans les selles<\/li>\n\n\n\n<li>Gamma Glutamyl Transf\u00e9rase (GGT)<\/li>\n\n\n\n<li>Glucose \u00e0 jeun<\/li>\n\n\n\n<li>H\u00e9moglobine A1c (HbA1c)<\/li>\n\n\n\n<li>Homocyst\u00e9ine<\/li>\n\n\n\n<li>Calcium (Ca)<\/li>\n\n\n\n<li>Chlorure (Cl)<\/li>\n\n\n\n<li>Cholest\u00e9rol, HDL<\/li>\n\n\n\n<li>Cholest\u00e9rol, LDL (direct)<\/li>\n\n\n\n<li>Cholest\u00e9rol total<\/li>\n\n\n\n<li>Cholest\u00e9rol, VLDL<\/li>\n\n\n\n<li>Cr\u00e9atinine s\u00e9rique<\/li>\n\n\n\n<li>Lactate d\u00e9shydrog\u00e9nase (LDH)<\/li>\n\n\n\n<li>Lipase<\/li>\n\n\n\n<li>Lipoprot\u00e9ine (a) (Lp(a))<\/li>\n\n\n\n<li>Magn\u00e9sium (Mg)<\/li>\n\n\n\n<li>Potassium (K)<\/li>\n\n\n\n<li>Prot\u00e9ines totales<\/li>\n\n\n\n<li>Sodium (Na)<\/li>\n\n\n\n<li>Analyse d&rsquo;urine<\/li>\n\n\n\n<li>Triglyc\u00e9rides<\/li>\n\n\n\n<li>Azote ur\u00e9ique du sang (BUN)<\/li>\n\n\n\n<li>Acide urique<\/li>\n\n\n\n<li>Vitamine B12<\/li>\n\n\n\n<li>Vitamine D, 25-Hydroxy<\/li>\n\n\n\n<li>aPTT<\/li>\n\n\n\n<li>Num\u00e9ration globulaire (panel \u00e9largi)<\/li>\n\n\n\n<li>Prolactine (PRL)<\/li>\n\n\n\n<li>Hormone de stimulation de la thyro\u00efde (TSH)<\/li>\n\n\n\n<li>Thyroxine libre (FT4)<\/li>\n\n\n\n<li>Triiodothyronine libre (FT3)<\/li>\n\n\n\n<li>CA 125<\/li>\n\n\n\n<li>CA 15-3<\/li>\n\n\n\n<li>CA 19-9<\/li>\n\n\n\n<li>Culture, Gorge<\/li>\n\n\n\n<li>Parasites, selles<\/li>\n\n\n\n<li>Culture, urine<\/li>\n\n\n\n<li>Test de d\u00e9pistage de l&rsquo;antig\u00e8ne du SARS-CoV-2 (test rapide)<\/li>\n\n\n\n<li>Anticorps anti-SRAS-CoV-2, IgG, quantitatif<\/li>\n\n\n\n<li>Antig\u00e8ne de l&rsquo;h\u00e9patite B (HBsAg)<\/li>\n\n\n\n<li>Anticorps de l&rsquo;h\u00e9patite B (anti-HBs)<\/li>\n\n\n\n<li>Anticorps de l&rsquo;h\u00e9patite C (anti-VHC)<\/li>\n\n\n\n<li>Anticorps anti-VIH (1-2) + antig\u00e8ne p24<\/li>\n<\/ul>\n<\/div>\n<\/div>\n\n<h2 class=\"wp-block-heading\">Tout ce que vous devez savoir sur les <a href=\"https:\/\/medclinics.com\/check-up\/\" target=\"_blank\" rel=\"noreferrer noopener\">examens m\u00e9dicaux<\/a> est ici, <a href=\"https:\/\/medclinics.com\/wp-admin\/post.php?post=90485&amp;action=edit#requestform\">contactez-nous<\/a>!<\/h2>\n\n<h2 class=\"wp-block-heading\">FAQ  <\/h2>\n<div id=\"rank-math-faq\" class=\"rank-math-block\">\n<div class=\"rank-math-list \">\n<div id=\"faq-question-1685015425845\" class=\"rank-math-list-item\">\n<h3 class=\"rank-math-question \">\u00c0 quel \u00e2ge les femmes doivent-elles se faire examiner ?<\/h3>\n<div class=\"rank-math-answer \">\n\n<p>Les femmes devraient commencer \u00e0 se faire examiner et d\u00e9pister r\u00e9guli\u00e8rement \u00e0 partir de l&rsquo;adolescence pour pr\u00e9server leur sant\u00e9. Vers l&rsquo;\u00e2ge de 21 ans, il est recommand\u00e9 aux femmes de commencer \u00e0 subir des frottis pour d\u00e9pister le cancer du col de l&rsquo;ut\u00e9rus. L&rsquo;auto-examen des seins peut commencer \u00e0 la fin de l&rsquo;adolescence ou au d\u00e9but de la vingtaine pour sensibiliser \u00e0 la sant\u00e9 des seins, tandis que les mammographies de routine commencent g\u00e9n\u00e9ralement entre 40 et 50 ans, en fonction des directives et des facteurs de risque individuels. La tension art\u00e9rielle doit \u00eatre prise r\u00e9guli\u00e8rement \u00e0 partir de l&rsquo;adolescence pour surveiller l&rsquo;hypertension. Le d\u00e9pistage du cholest\u00e9rol commence g\u00e9n\u00e9ralement vers l&rsquo;\u00e2ge de 20 ans et est r\u00e9p\u00e9t\u00e9 tous les quatre \u00e0 six ans. Les tests de densit\u00e9 osseuse sont g\u00e9n\u00e9ralement recommand\u00e9s vers l&rsquo;\u00e2ge de 65 ans, et les tests de glyc\u00e9mie pour le diab\u00e8te ou le pr\u00e9diab\u00e8te commencent g\u00e9n\u00e9ralement \u00e0 l&rsquo;\u00e2ge de 45 ans.<\/p>\n\n<\/div>\n<\/div>\n<div id=\"faq-question-1685015427304\" class=\"rank-math-list-item\">\n<h3 class=\"rank-math-question \">\u00c0 quelle fr\u00e9quence une femme de plus de 60 ans doit-elle subir un test de Papanicolaou ?<\/h3>\n<div class=\"rank-math-answer \">\n\n<p>Pour les femmes de plus de 60 ans, la fr\u00e9quence des frottis peut varier en fonction des circonstances individuelles. En g\u00e9n\u00e9ral, si une femme a des ant\u00e9c\u00e9dents de frottis r\u00e9guliers avec des r\u00e9sultats normaux et aucune anomalie significative, elle peut \u00eatre en mesure d&rsquo;interrompre les d\u00e9pistages de routine apr\u00e8s l&rsquo;\u00e2ge de 65 ans. Toutefois, les femmes pr\u00e9sentant des facteurs de risque sp\u00e9cifiques ou des ant\u00e9c\u00e9dents de certaines pathologies peuvent n\u00e9cessiter un d\u00e9pistage continu. Il est important que les femmes consultent leur prestataire de soins de sant\u00e9 pour d\u00e9terminer la fr\u00e9quence appropri\u00e9e des frottis en fonction de leur situation particuli\u00e8re.<\/p>\n\n<\/div>\n<\/div>\n<div id=\"faq-question-1685015428971\" class=\"rank-math-list-item\">\n<h3 class=\"rank-math-question \">Quels sont les tests importants pour les femmes ?<\/h3>\n<div class=\"rank-math-answer \">\n\n<p>Des examens m\u00e9dicaux r\u00e9guliers sont essentiels pour les femmes afin de garantir leur bien-\u00eatre g\u00e9n\u00e9ral et de d\u00e9tecter les probl\u00e8mes de sant\u00e9 potentiels \u00e0 un stade pr\u00e9coce. Parmi les tests importants recommand\u00e9s aux femmes figurent les frottis, qui permettent de d\u00e9pister le cancer du col de l&rsquo;ut\u00e9rus en examinant les cellules du col de l&rsquo;ut\u00e9rus pour y d\u00e9celer d&rsquo;\u00e9ventuelles anomalies. Les mammographies sont essentielles pour la d\u00e9tection pr\u00e9coce du cancer du sein et sont g\u00e9n\u00e9ralement recommand\u00e9es \u00e0 partir de l&rsquo;\u00e2ge de 40 ans ou selon des directives sp\u00e9cifiques. Des mesures r\u00e9guli\u00e8res de la tension art\u00e9rielle permettent d&rsquo;\u00e9valuer le risque d&rsquo;hypertension et les complications qui y sont li\u00e9es, comme les maladies cardiaques et les accidents vasculaires c\u00e9r\u00e9braux. Les d\u00e9pistages du cholest\u00e9rol effectu\u00e9s tous les quatre \u00e0 six ans donnent des indications sur la sant\u00e9 cardiovasculaire. Les tests de densit\u00e9 osseuse, g\u00e9n\u00e9ralement effectu\u00e9s vers l&rsquo;\u00e2ge de 65 ans, permettent de diagnostiquer l&rsquo;ost\u00e9oporose et d&rsquo;\u00e9valuer les risques de fracture. Les tests de glyc\u00e9mie permettent de d\u00e9pister le diab\u00e8te ou le pr\u00e9diab\u00e8te, g\u00e9n\u00e9ralement \u00e0 partir de l&rsquo;\u00e2ge de 45 ans ou plus t\u00f4t en pr\u00e9sence de facteurs de risque sp\u00e9cifiques.<\/p>\n\n<\/div>\n<\/div>\n<\/div>\n<\/div>\n<p><\/p>\n\n<h3 class=\"wp-block-heading\">Contactez-nous d\u00e8s maintenant si vous avez des questions !<\/h3>\n","protected":false},"excerpt":{"rendered":"<p>Si vous cherchez un moyen d&rsquo;augmenter le nombre de d\u00e9pistages, les Check-up Treatments sont peut-\u00eatre la solution id\u00e9ale. Il est [&hellip;]<\/p>\n","protected":false},"author":4,"featured_media":91936,"parent":0,"menu_order":0,"comment_status":"closed","ping_status":"closed","template":"","meta":{"site-sidebar-layout":"default","site-content-layout":"","ast-site-content-layout":"default","site-content-style":"default","site-sidebar-style":"default","ast-global-header-display":"","ast-banner-title-visibility":"","ast-main-header-display":"","ast-hfb-above-header-display":"","ast-hfb-below-header-display":"","ast-hfb-mobile-header-display":"","site-post-title":"","ast-breadcrumbs-content":"","ast-featured-img":"","footer-sml-layout":"","ast-disable-related-posts":"","theme-transparent-header-meta":"","adv-header-id-meta":"","stick-header-meta":"","header-above-stick-meta":"","header-main-stick-meta":"","header-below-stick-meta":"","astra-migrate-meta-layouts":"default","ast-page-background-enabled":"default","ast-page-background-meta":{"desktop":{"background-color":"var(--ast-global-color-4)","background-image":"","background-repeat":"repeat","background-position":"center center","background-size":"auto","background-attachment":"scroll","background-type":"","background-media":"","overlay-type":"","overlay-color":"","overlay-opacity":"","overlay-gradient":""},"tablet":{"background-color":"","background-image":"","background-repeat":"repeat","background-position":"center center","background-size":"auto","background-attachment":"scroll","background-type":"","background-media":"","overlay-type":"","overlay-color":"","overlay-opacity":"","overlay-gradient":""},"mobile":{"background-color":"","background-image":"","background-repeat":"repeat","background-position":"center center","background-size":"auto","background-attachment":"scroll","background-type":"","background-media":"","overlay-type":"","overlay-color":"","overlay-opacity":"","overlay-gradient":""}},"ast-content-background-meta":{"desktop":{"background-color":"var(--ast-global-color-5)","background-image":"","background-repeat":"repeat","background-position":"center center","background-size":"auto","background-attachment":"scroll","background-type":"","background-media":"","overlay-type":"","overlay-color":"","overlay-opacity":"","overlay-gradient":""},"tablet":{"background-color":"var(--ast-global-color-5)","background-image":"","background-repeat":"repeat","background-position":"center center","background-size":"auto","background-attachment":"scroll","background-type":"","background-media":"","overlay-type":"","overlay-color":"","overlay-opacity":"","overlay-gradient":""},"mobile":{"background-color":"var(--ast-global-color-5)","background-image":"","background-repeat":"repeat","background-position":"center center","background-size":"auto","background-attachment":"scroll","background-type":"","background-media":"","overlay-type":"","overlay-color":"","overlay-opacity":"","overlay-gradient":""}},"footnotes":""},"class_list":["post-146809","page","type-page","status-publish","has-post-thumbnail","hentry"],"_links":{"self":[{"href":"https:\/\/medclinics.com\/fr\/wp-json\/wp\/v2\/pages\/146809","targetHints":{"allow":["GET"]}}],"collection":[{"href":"https:\/\/medclinics.com\/fr\/wp-json\/wp\/v2\/pages"}],"about":[{"href":"https:\/\/medclinics.com\/fr\/wp-json\/wp\/v2\/types\/page"}],"author":[{"embeddable":true,"href":"https:\/\/medclinics.com\/fr\/wp-json\/wp\/v2\/users\/4"}],"replies":[{"embeddable":true,"href":"https:\/\/medclinics.com\/fr\/wp-json\/wp\/v2\/comments?post=146809"}],"version-history":[{"count":0,"href":"https:\/\/medclinics.com\/fr\/wp-json\/wp\/v2\/pages\/146809\/revisions"}],"wp:featuredmedia":[{"embeddable":true,"href":"https:\/\/medclinics.com\/fr\/wp-json\/wp\/v2\/media\/91936"}],"wp:attachment":[{"href":"https:\/\/medclinics.com\/fr\/wp-json\/wp\/v2\/media?parent=146809"}],"curies":[{"name":"wp","href":"https:\/\/api.w.org\/{rel}","templated":true}]}}