{"id":146797,"date":"2023-05-25T11:41:36","date_gmt":"2023-05-25T08:41:36","guid":{"rendered":"https:\/\/medclinics.com\/bilan-de-sante-complet-pour-les-femmes-de-moins-de-40-ans\/"},"modified":"2025-01-02T13:28:53","modified_gmt":"2025-01-02T10:28:53","slug":"bilan-de-sante-complet-pour-les-femmes-de-moins-de-40-ans","status":"publish","type":"page","link":"https:\/\/medclinics.com\/fr\/bilan-de-sante-complet-pour-les-femmes-de-moins-de-40-ans\/","title":{"rendered":"Bilan de sant\u00e9 complet pour les femmes de moins de 40 ans"},"content":{"rendered":"\n<h2 class=\"wp-block-heading\">Les traitements de bilan de sant\u00e9 peuvent \u00eatre l&rsquo;option id\u00e9ale si vous \u00eates \u00e0 la recherche du meilleur d\u00e9pistage de sant\u00e9.<\/h2>\n\n<p>Des examens m\u00e9dicaux r\u00e9guliers sont importants pour maintenir une bonne sant\u00e9 et pr\u00e9venir les probl\u00e8mes de sant\u00e9 futurs. Pour les femmes de moins de 40 ans, il est recommand\u00e9 de consulter un m\u00e9decin de premier recours ou un gyn\u00e9cologue au moins une fois par an.<\/p>\n\n<p>Au cours de ce bilan, le prestataire de soins proc\u00e8de \u00e0 un examen physique, mesure les signes vitaux et effectue un examen des seins. En outre, le professionnel de la sant\u00e9 peut demander des analyses de sang, un frottis vaginal ou d&rsquo;autres tests en fonction des ant\u00e9c\u00e9dents m\u00e9dicaux et des facteurs de risque individuels.<\/p>\n\n<p>Les femmes devraient \u00e9galement informer leur prestataire de soins de sant\u00e9 de tout changement dans leur \u00e9tat de sant\u00e9 ou dans leurs ant\u00e9c\u00e9dents m\u00e9dicaux familiaux, car cela peut contribuer \u00e0 un diagnostic pr\u00e9coce et \u00e0 un traitement opportun de tout probl\u00e8me de sant\u00e9.<\/p>\n\n<p>En prenant des <a href=\"https:\/\/en.wikipedia.org\/wiki\/Check-Up\" target=\"_blank\" rel=\"noopener\">mesures<\/a> proactives pour effectuer des contr\u00f4les m\u00e9dicaux r\u00e9guliers, les femmes de moins de 40 ans peuvent s&rsquo;assurer qu&rsquo;elles restent en bonne sant\u00e9 et conservent leur bien-\u00eatre pour les ann\u00e9es \u00e0 venir.<\/p>\n\n<figure class=\"wp-block-image size-full\"><img fetchpriority=\"high\" decoding=\"async\" width=\"960\" height=\"540\" src=\"https:\/\/medclinics.com\/wp-content\/uploads\/2023\/07\/comprehensive-check-up-for-women-under-40-near-me.jpg\" alt=\"Check-up complet pour les femmes de moins de 40 ans pr&#xE8;s de chez moi en Turquie\" class=\"wp-image-97505\" srcset=\"https:\/\/medclinics.com\/wp-content\/uploads\/2023\/07\/comprehensive-check-up-for-women-under-40-near-me.jpg 960w, https:\/\/medclinics.com\/wp-content\/uploads\/2023\/07\/comprehensive-check-up-for-women-under-40-near-me-500x281.jpg 500w, https:\/\/medclinics.com\/wp-content\/uploads\/2023\/07\/comprehensive-check-up-for-women-under-40-near-me-768x432.jpg 768w, https:\/\/medclinics.com\/wp-content\/uploads\/2023\/07\/comprehensive-check-up-for-women-under-40-near-me-24x14.jpg 24w, https:\/\/medclinics.com\/wp-content\/uploads\/2023\/07\/comprehensive-check-up-for-women-under-40-near-me-36x20.jpg 36w, https:\/\/medclinics.com\/wp-content\/uploads\/2023\/07\/comprehensive-check-up-for-women-under-40-near-me-48x27.jpg 48w\" sizes=\"(max-width: 960px) 100vw, 960px\" \/><\/figure>\n\n<p><strong>Check-up pour les femmes de moins de 40 ans :<\/strong><\/p>\n\n<div class=\"wp-block-columns is-layout-flex wp-container-core-columns-is-layout-28f84493 wp-block-columns-is-layout-flex\">\n<div class=\"wp-block-column is-layout-flow wp-block-column-is-layout-flow\">\n<p><strong>EXAMENS<\/strong><\/p>\n\n\n\n<ul class=\"wp-block-list\">\n<li>Examen de contr\u00f4le<\/li>\n\n\n\n<li>Examen ORL<\/li>\n\n\n\n<li>Examen gyn\u00e9cologique<\/li>\n\n\n\n<li>Examen des yeux<\/li>\n\n\n\n<li>Examen dermatologique<\/li>\n\n\n\n<li>Examen de cardiologie<\/li>\n<\/ul>\n\n\n\n<p><strong>SERVICES DENTAIRES<\/strong><\/p>\n\n\n\n<ul class=\"wp-block-list\">\n<li>Examen de contr\u00f4le chez le dentiste<\/li>\n\n\n\n<li>Film panoramique<\/li>\n\n\n\n<li>D\u00e9tartrage (m\u00e2choire unique)<\/li>\n<\/ul>\n\n\n\n<p><strong>EXAMENS DE CARDIOLOGIE<\/strong><\/p>\n\n\n\n<ul class=\"wp-block-list\">\n<li>ECG<\/li>\n\n\n\n<li>Echocardiographie (mode Doppler+Color\u00e9+M+B)<\/li>\n\n\n\n<li>Holter tensionnel (24 heures)<\/li>\n<\/ul>\n\n\n\n<p><strong>EXAMENS RADIOLOGIQUES<\/strong><\/p>\n\n\n\n<ul class=\"wp-block-list\">\n<li>Tomodensitom\u00e9trie cardiaque &#8211; \u00c9valuation du calcium<\/li>\n\n\n\n<li>CT thoracique (\u00e0 des fins de d\u00e9pistage \/ \u00e0 faible dose)<\/li>\n\n\n\n<li>Ultrasonographie de la thyro\u00efde<\/li>\n\n\n\n<li>\u00c9chographie de l&rsquo;abdomen entier<\/li>\n\n\n\n<li>\u00c9chographie mammaire (deux c\u00f4t\u00e9s)<\/li>\n\n\n\n<li>Carotide Doppler couleur bilat\u00e9ral USG<\/li>\n\n\n\n<li>Mesure de la densit\u00e9 osseuse (f\u00e9mur)Mesure de la densit\u00e9 osseuse (f\u00e9mur)<\/li>\n\n\n\n<li>Mesure de la densit\u00e9 osseuse (AP lombaire)<\/li>\n\n\n\n<li>Cerveau (cr\u00e2ne) RM (1,5 T)<\/li>\n\n\n\n<li>Angiographie par IRM (intracr\u00e2nienne) (3,0 T)<\/li>\n<\/ul>\n\n\n\n<p><strong>EXAMENS DE NEUROLOGIE<\/strong><\/p>\n\n\n\n<ul class=\"wp-block-list\">\n<li>Sommeil-Polysomnographie<\/li>\n<\/ul>\n\n\n\n<p><strong>EXAMENS D&rsquo;AUDIOLOGIE<\/strong><\/p>\n\n\n\n<ul class=\"wp-block-list\">\n<li>Audio- et Timpanom\u00e9trie<\/li>\n\n\n\n<li>Audiom\u00e9trie tonale pure<\/li>\n<\/ul>\n\n\n\n<p><strong>TESTS DE TRAITEMENT RESPIRATOIRE<\/strong><\/p>\n\n\n\n<ul class=\"wp-block-list\">\n<li>Test de la fonction respiratoire<\/li>\n<\/ul>\n\n\n\n<p><strong>INITIATIVES<\/strong><\/p>\n\n\n\n<ul class=\"wp-block-list\">\n<li>Dermatoscopie<\/li>\n<\/ul>\n\n\n\n<p><strong>APPLICATIONS ENDOSCOPIQUES<\/strong><\/p>\n\n\n\n<ul class=\"wp-block-list\">\n<li>Esophagoscopie<\/li>\n\n\n\n<li>Gastroscopie<\/li>\n\n\n\n<li>Duod\u00e9noscopie<\/li>\n\n\n\n<li>Biopsie<\/li>\n<\/ul>\n\n\n\n<p><strong>EXAMENS D&rsquo;ANESTH\u00c9SIE<\/strong><\/p>\n\n\n\n<ul class=\"wp-block-list\">\n<li>S\u00e9dation et anesth\u00e9sie locale  <\/li>\n<\/ul>\n\n\n\n<p><strong>EXAMENS PATHOLOGIQUES<\/strong><\/p>\n\n\n\n<ul class=\"wp-block-list\">\n<li>Cytopathologie, pr\u00e9paration fine<\/li>\n\n\n\n<li>Biopsie de l&rsquo;estomac<\/li>\n<\/ul>\n<\/div>\n\n\n\n<div class=\"wp-block-column is-layout-flow wp-block-column-is-layout-flow\">\n<p><strong>EXAMENS DE LABORATOIRE<\/strong><\/p>\n\n\n\n<ul class=\"wp-block-list\">\n<li>Alpha-f\u0153toprot\u00e9ine (AFP)<\/li>\n\n\n\n<li>Phosphatase alcaline (ALP)<\/li>\n\n\n\n<li>Alanine Aminotransf\u00e9rase (ALT)<\/li>\n\n\n\n<li>Aspartate Aminotransf\u00e9rase (AST)<\/li>\n\n\n\n<li>Amylase<\/li>\n\n\n\n<li>Zinc (Zn)<\/li>\n\n\n\n<li>Fer<\/li>\n\n\n\n<li>Capacit\u00e9 de fixation du fer<\/li>\n\n\n\n<li>Ferritine<\/li>\n\n\n\n<li>Acide folique<\/li>\n\n\n\n<li>Sang occulte dans les selles<\/li>\n\n\n\n<li>Gamma Glutamyl Transf\u00e9rase (GGT)<\/li>\n\n\n\n<li>Glucose \u00e0 jeun<\/li>\n\n\n\n<li>H\u00e9moglobine A1c (HbA1c)<\/li>\n\n\n\n<li>Homocyst\u00e9ine<\/li>\n\n\n\n<li>Calcium (Ca)<\/li>\n\n\n\n<li>Chlorure (Cl)<\/li>\n\n\n\n<li>Cholest\u00e9rol, HDL<\/li>\n\n\n\n<li>Cholest\u00e9rol, LDL (direct)<\/li>\n\n\n\n<li>Cholest\u00e9rol total<\/li>\n\n\n\n<li>Cholest\u00e9rol, VLDL<\/li>\n\n\n\n<li>Cr\u00e9atinine s\u00e9rique<\/li>\n\n\n\n<li>Lactate d\u00e9shydrog\u00e9nase (LDH)<\/li>\n\n\n\n<li>Lipase<\/li>\n\n\n\n<li>Lipoprot\u00e9ine (a) (Lp(a))<\/li>\n\n\n\n<li>Magn\u00e9sium (Mg)<\/li>\n\n\n\n<li>Potassium (K)<\/li>\n\n\n\n<li>Prot\u00e9ines totales<\/li>\n\n\n\n<li>Sodium (Na)<\/li>\n\n\n\n<li>Analyse d&rsquo;urine<\/li>\n\n\n\n<li>Triglyc\u00e9rides<\/li>\n\n\n\n<li>Azote ur\u00e9ique du sang (BUN)<\/li>\n\n\n\n<li>Acide urique<\/li>\n\n\n\n<li>Vitamine B12<\/li>\n\n\n\n<li>Vitamine D, 25-Hydroxy<\/li>\n\n\n\n<li>aPTT<\/li>\n\n\n\n<li>Num\u00e9ration globulaire (panel \u00e9largi)<\/li>\n\n\n\n<li>Prolactine (PRL)<\/li>\n\n\n\n<li>Hormone de stimulation de la thyro\u00efde (TSH)<\/li>\n\n\n\n<li>Thyroxine libre (FT4)<\/li>\n\n\n\n<li>Triiodothyronine libre (FT3)<\/li>\n\n\n\n<li>CA 125<\/li>\n\n\n\n<li>CA 15-3<\/li>\n\n\n\n<li>CA 19-9<\/li>\n\n\n\n<li>Culture, Gorge<\/li>\n\n\n\n<li>Parasites, selles<\/li>\n\n\n\n<li>Culture, urine<\/li>\n\n\n\n<li>Test de d\u00e9pistage de l&rsquo;antig\u00e8ne du SARS-CoV-2 (test rapide)<\/li>\n\n\n\n<li>Anticorps anti-SRAS-CoV-2, IgG, quantitatif<\/li>\n\n\n\n<li>Antig\u00e8ne de l&rsquo;h\u00e9patite B (HBsAg)<\/li>\n\n\n\n<li>Anticorps de l&rsquo;h\u00e9patite B (anti-HBs)<\/li>\n\n\n\n<li>Anticorps de l&rsquo;h\u00e9patite C (anti-VHC)<\/li>\n\n\n\n<li>Anticorps anti-VIH (1-2) + antig\u00e8ne p24<\/li>\n<\/ul>\n<\/div>\n<\/div>\n\n<h3 class=\"wp-block-heading\">Tout ce qu&rsquo;il faut savoir sur les <a href=\"https:\/\/medclinics.com\/check-up\/\" target=\"_blank\" rel=\"noreferrer noopener\">examens m\u00e9dicaux<\/a>, y compris le prix, ou <a href=\"#requestform\">contactez-nous<\/a>!<\/h3>\n\n<h2 class=\"wp-block-heading\">FAQ<\/h2>\n<div id=\"rank-math-faq\" class=\"rank-math-block\">\n<div class=\"rank-math-list \">\n<div id=\"faq-question-1685014616676\" class=\"rank-math-list-item\">\n<h3 class=\"rank-math-question \">\u00c0 quel \u00e2ge les femmes doivent-elles se faire examiner ?<\/h3>\n<div class=\"rank-math-answer \">\n\n<p>Les femmes devraient commencer \u00e0 se faire examiner r\u00e9guli\u00e8rement d\u00e8s la fin de l&rsquo;adolescence ou le d\u00e9but de la vingtaine. Des examens annuels sont recommand\u00e9s pour les femmes de moins de 40 ans, et la fr\u00e9quence des examens peut \u00eatre augment\u00e9e en fonction des ant\u00e9c\u00e9dents m\u00e9dicaux individuels et des facteurs de risque. Il est important que les femmes consultent r\u00e9guli\u00e8rement leur m\u00e9decin traitant ou leur gyn\u00e9cologue tout au long de leur vie reproductive afin de surveiller tout changement dans leur \u00e9tat de sant\u00e9, de d\u00e9tecter les signes pr\u00e9coces d&rsquo;une maladie ou d&rsquo;une affection et de b\u00e9n\u00e9ficier de soins pr\u00e9ventifs appropri\u00e9s. Un d\u00e9pistage et un traitement pr\u00e9coces peuvent aider les femmes \u00e0 pr\u00e9server leur bien-\u00eatre et \u00e0 pr\u00e9venir de futures complications de sant\u00e9.<\/p>\n\n<\/div>\n<\/div>\n<div id=\"faq-question-1685014618758\" class=\"rank-math-list-item\">\n<h3 class=\"rank-math-question \">\u00c0 quelle fr\u00e9quence une femme doit-elle se faire examiner ?<\/h3>\n<div class=\"rank-math-answer \">\n\n<p>Les femmes devraient se faire contr\u00f4ler une fois par an.<\/p>\n\n<\/div>\n<\/div>\n<div id=\"faq-question-1685014620028\" class=\"rank-math-list-item\">\n<h3 class=\"rank-math-question \">Quels sont les tests importants pour les femmes ?<\/h3>\n<div class=\"rank-math-answer \">\n\n<p>Il existe plusieurs tests importants que les femmes devraient envisager de passer tout au long de leur vie pour s&rsquo;assurer de leur sant\u00e9 et de leur bien-\u00eatre. Parmi les principaux tests \u00e0 envisager pour les femmes, citons le frottis, l&rsquo;examen des seins, la mammographie, la prise de tension art\u00e9rielle, le dosage du cholest\u00e9rol, l&rsquo;ost\u00e9odensitom\u00e9trie et la coloscopie.<\/p>\n\n<\/div>\n<\/div>\n<\/div>\n<\/div>\n<p>\u00a0<\/p>\n\n<h3 class=\"wp-block-heading\">Contactez-nous d\u00e8s maintenant si vous avez des questions !<\/h3>\n","protected":false},"excerpt":{"rendered":"<p>Les traitements de bilan de sant\u00e9 peuvent \u00eatre l&rsquo;option id\u00e9ale si vous \u00eates \u00e0 la recherche du meilleur d\u00e9pistage de [&hellip;]<\/p>\n","protected":false},"author":4,"featured_media":91952,"parent":0,"menu_order":0,"comment_status":"closed","ping_status":"closed","template":"","meta":{"site-sidebar-layout":"default","site-content-layout":"","ast-site-content-layout":"default","site-content-style":"default","site-sidebar-style":"default","ast-global-header-display":"","ast-banner-title-visibility":"","ast-main-header-display":"","ast-hfb-above-header-display":"","ast-hfb-below-header-display":"","ast-hfb-mobile-header-display":"","site-post-title":"","ast-breadcrumbs-content":"","ast-featured-img":"","footer-sml-layout":"","ast-disable-related-posts":"","theme-transparent-header-meta":"","adv-header-id-meta":"","stick-header-meta":"","header-above-stick-meta":"","header-main-stick-meta":"","header-below-stick-meta":"","astra-migrate-meta-layouts":"default","ast-page-background-enabled":"default","ast-page-background-meta":{"desktop":{"background-color":"var(--ast-global-color-4)","background-image":"","background-repeat":"repeat","background-position":"center center","background-size":"auto","background-attachment":"scroll","background-type":"","background-media":"","overlay-type":"","overlay-color":"","overlay-opacity":"","overlay-gradient":""},"tablet":{"background-color":"","background-image":"","background-repeat":"repeat","background-position":"center center","background-size":"auto","background-attachment":"scroll","background-type":"","background-media":"","overlay-type":"","overlay-color":"","overlay-opacity":"","overlay-gradient":""},"mobile":{"background-color":"","background-image":"","background-repeat":"repeat","background-position":"center center","background-size":"auto","background-attachment":"scroll","background-type":"","background-media":"","overlay-type":"","overlay-color":"","overlay-opacity":"","overlay-gradient":""}},"ast-content-background-meta":{"desktop":{"background-color":"var(--ast-global-color-5)","background-image":"","background-repeat":"repeat","background-position":"center center","background-size":"auto","background-attachment":"scroll","background-type":"","background-media":"","overlay-type":"","overlay-color":"","overlay-opacity":"","overlay-gradient":""},"tablet":{"background-color":"var(--ast-global-color-5)","background-image":"","background-repeat":"repeat","background-position":"center center","background-size":"auto","background-attachment":"scroll","background-type":"","background-media":"","overlay-type":"","overlay-color":"","overlay-opacity":"","overlay-gradient":""},"mobile":{"background-color":"var(--ast-global-color-5)","background-image":"","background-repeat":"repeat","background-position":"center center","background-size":"auto","background-attachment":"scroll","background-type":"","background-media":"","overlay-type":"","overlay-color":"","overlay-opacity":"","overlay-gradient":""}},"footnotes":""},"class_list":["post-146797","page","type-page","status-publish","has-post-thumbnail","hentry"],"_links":{"self":[{"href":"https:\/\/medclinics.com\/fr\/wp-json\/wp\/v2\/pages\/146797","targetHints":{"allow":["GET"]}}],"collection":[{"href":"https:\/\/medclinics.com\/fr\/wp-json\/wp\/v2\/pages"}],"about":[{"href":"https:\/\/medclinics.com\/fr\/wp-json\/wp\/v2\/types\/page"}],"author":[{"embeddable":true,"href":"https:\/\/medclinics.com\/fr\/wp-json\/wp\/v2\/users\/4"}],"replies":[{"embeddable":true,"href":"https:\/\/medclinics.com\/fr\/wp-json\/wp\/v2\/comments?post=146797"}],"version-history":[{"count":0,"href":"https:\/\/medclinics.com\/fr\/wp-json\/wp\/v2\/pages\/146797\/revisions"}],"wp:featuredmedia":[{"embeddable":true,"href":"https:\/\/medclinics.com\/fr\/wp-json\/wp\/v2\/media\/91952"}],"wp:attachment":[{"href":"https:\/\/medclinics.com\/fr\/wp-json\/wp\/v2\/media?parent=146797"}],"curies":[{"name":"wp","href":"https:\/\/api.w.org\/{rel}","templated":true}]}}