{"id":146785,"date":"2023-05-25T11:22:30","date_gmt":"2023-05-25T08:22:30","guid":{"rendered":"https:\/\/medclinics.com\/bilan-de-sante-complet-pour-les-hommes-de-moins-de-40-ans\/"},"modified":"2025-01-02T13:28:53","modified_gmt":"2025-01-02T10:28:53","slug":"bilan-de-sante-complet-pour-les-hommes-de-moins-de-40-ans","status":"publish","type":"page","link":"https:\/\/medclinics.com\/fr\/bilan-de-sante-complet-pour-les-hommes-de-moins-de-40-ans\/","title":{"rendered":"Bilan de sant\u00e9 complet pour les hommes de moins de 40 ans"},"content":{"rendered":"\n<h2 class=\"wp-block-heading\">Si vous \u00eates \u00e0 la recherche du meilleur d\u00e9pistage de sant\u00e9 et d&rsquo;un chemin vers la confiance, Check-up Treatments peut \u00eatre la solution parfaite.<\/h2>\n\n<p>Un bilan de sant\u00e9 pour les hommes de moins de 40 ans est une d\u00e9marche proactive visant \u00e0 donner la priorit\u00e9 \u00e0 votre sant\u00e9 et \u00e0 votre bien-\u00eatre. Il s&rsquo;agit d&rsquo;une \u00e9valuation compl\u00e8te de votre \u00e9tat de sant\u00e9 g\u00e9n\u00e9ral, ax\u00e9e sur les facteurs pertinents pour votre groupe d&rsquo;\u00e2ge.<\/p>\n\n<p>Au cours de ce bilan, votre m\u00e9decin examinera vos ant\u00e9c\u00e9dents m\u00e9dicaux, proc\u00e9dera \u00e0 un examen physique et pourra vous prescrire des tests ou des d\u00e9pistages sp\u00e9cifiques en fonction de votre profil de sant\u00e9.<\/p>\n\n<p>Ces examens peuvent comprendre la mesure de la tension art\u00e9rielle, le contr\u00f4le du cholest\u00e9rol et de la glyc\u00e9mie, l&rsquo;\u00e9valuation du poids et de l&rsquo;indice de masse corporelle (IMC), ainsi que des discussions sur les habitudes de vie telles que l&rsquo;exercice physique, l&rsquo;alimentation et la sant\u00e9 mentale.<\/p>\n\n<p>L&rsquo;objectif de ce <a href=\"https:\/\/en.wikipedia.org\/wiki\/Check-Up\" target=\"_blank\" rel=\"noreferrer noopener\">bilan<\/a> est d&rsquo;\u00e9valuer votre \u00e9tat de sant\u00e9 actuel, d&rsquo;identifier les facteurs de risque potentiels et de vous conseiller sur les mesures pr\u00e9ventives et les choix d&rsquo;un mode de vie sain.<\/p>\n\n<p>En restant proactif et en programmant des examens m\u00e9dicaux r\u00e9guliers, vous pouvez prendre votre sant\u00e9 en main et assurer une d\u00e9tection pr\u00e9coce de tout probl\u00e8me de sant\u00e9 potentiel, ce qui vous permettra de vivre une vie longue et \u00e9panouie. N&rsquo;oubliez pas qu&rsquo;il n&rsquo;est jamais trop t\u00f4t pour donner la priorit\u00e9 \u00e0 votre bien-\u00eatre !<\/p>\n\n<figure class=\"wp-block-image size-full\"><img fetchpriority=\"high\" decoding=\"async\" width=\"960\" height=\"540\" src=\"https:\/\/medclinics.com\/wp-content\/uploads\/2023\/07\/comprehensive-check-up-for-men-under-40-near-me.jpg\" alt=\"Check-up complet pour les hommes de moins de 40 ans pr&#xE8;s de chez moi Turquie\" class=\"wp-image-97514\" srcset=\"https:\/\/medclinics.com\/wp-content\/uploads\/2023\/07\/comprehensive-check-up-for-men-under-40-near-me.jpg 960w, https:\/\/medclinics.com\/wp-content\/uploads\/2023\/07\/comprehensive-check-up-for-men-under-40-near-me-500x281.jpg 500w, https:\/\/medclinics.com\/wp-content\/uploads\/2023\/07\/comprehensive-check-up-for-men-under-40-near-me-768x432.jpg 768w, https:\/\/medclinics.com\/wp-content\/uploads\/2023\/07\/comprehensive-check-up-for-men-under-40-near-me-24x14.jpg 24w, https:\/\/medclinics.com\/wp-content\/uploads\/2023\/07\/comprehensive-check-up-for-men-under-40-near-me-36x20.jpg 36w, https:\/\/medclinics.com\/wp-content\/uploads\/2023\/07\/comprehensive-check-up-for-men-under-40-near-me-48x27.jpg 48w\" sizes=\"(max-width: 960px) 100vw, 960px\" \/><\/figure>\n\n<h4 class=\"wp-block-heading\"><strong>Check-up pour les hommes de moins de 40 ans<\/strong><\/h4>\n\n<div class=\"wp-block-columns is-layout-flex wp-container-core-columns-is-layout-28f84493 wp-block-columns-is-layout-flex\">\n<div class=\"wp-block-column is-layout-flow wp-block-column-is-layout-flow\">\n<p><strong>EXAMENS<\/strong><\/p>\n\n\n\n<ul class=\"wp-block-list\">\n<li>Examen de contr\u00f4le<\/li>\n\n\n\n<li>Examen ORL<\/li>\n\n\n\n<li>Examen d&rsquo;urologie<\/li>\n\n\n\n<li>Examen des yeux<\/li>\n\n\n\n<li>Examen dermatologique<\/li>\n\n\n\n<li>Examen de cardiologie<\/li>\n<\/ul>\n\n\n\n<p><strong>SERVICES DENTAIRES<\/strong><\/p>\n\n\n\n<ul class=\"wp-block-list\">\n<li>Examen de contr\u00f4le chez le dentiste<\/li>\n\n\n\n<li>Film panoramique<\/li>\n\n\n\n<li>D\u00e9tartrage (m\u00e2choire unique)<\/li>\n<\/ul>\n\n\n\n<p><strong>EXAMENS DE CARDIOLOGIE<\/strong><\/p>\n\n\n\n<ul class=\"wp-block-list\">\n<li>ECG<\/li>\n\n\n\n<li>Echocardiographie (mode Doppler+Color\u00e9+M+B)<\/li>\n\n\n\n<li>Holter tensionnel (24 heures)<\/li>\n<\/ul>\n\n\n\n<p><strong>EXAMENS RADIOLOGIQUES<\/strong><\/p>\n\n\n\n<ul class=\"wp-block-list\">\n<li>Tomodensitom\u00e9trie cardiaque &#8211; \u00c9valuation du calcium<\/li>\n\n\n\n<li>CT thoracique (\u00e0 des fins de d\u00e9pistage \/ \u00e0 faible dose)<\/li>\n\n\n\n<li>Ultrasonographie de la thyro\u00efde<\/li>\n\n\n\n<li>\u00c9chographie de l&rsquo;abdomen entier<\/li>\n\n\n\n<li>Carotide Doppler couleur bilat\u00e9ral USG<\/li>\n\n\n\n<li>Mesure de la densit\u00e9 osseuse (f\u00e9mur)Mesure de la densit\u00e9 osseuse (f\u00e9mur)<\/li>\n\n\n\n<li>Mesure de la densit\u00e9 osseuse (AP lombaire)<\/li>\n\n\n\n<li>Cerveau (cr\u00e2ne) RM (1,5 T)<\/li>\n\n\n\n<li>Angiographie par IRM (intracr\u00e2nienne) (3,0 T)<\/li>\n<\/ul>\n\n\n\n<p><strong>EXAMENS DE NEUROLOGIE<\/strong><\/p>\n\n\n\n<ul class=\"wp-block-list\">\n<li>Sommeil-Polysomnographie<\/li>\n<\/ul>\n\n\n\n<p><strong>EXAMENS D&rsquo;AUDIOLOGIE<\/strong><\/p>\n\n\n\n<ul class=\"wp-block-list\">\n<li>Audio- et Timpanom\u00e9trie<\/li>\n\n\n\n<li>Audiom\u00e9trie tonale pure<\/li>\n<\/ul>\n\n\n\n<p><strong>TESTS DE TRAITEMENT RESPIRATOIRE<\/strong><\/p>\n\n\n\n<ul class=\"wp-block-list\">\n<li>Test de la fonction respiratoire<\/li>\n<\/ul>\n\n\n\n<p><strong>INITIATIVES<\/strong><\/p>\n\n\n\n<ul class=\"wp-block-list\">\n<li>Dermatoscopie<\/li>\n<\/ul>\n\n\n\n<p><strong>APPLICATIONS ENDOSCOPIQUES<\/strong><\/p>\n\n\n\n<ul class=\"wp-block-list\">\n<li>Esophagoscopie<\/li>\n\n\n\n<li>Gastroscopie<\/li>\n\n\n\n<li>Duod\u00e9noscopie<\/li>\n\n\n\n<li>Biopsie<\/li>\n<\/ul>\n\n\n\n<p><strong>EXAMENS PATHOLOGIQUES<\/strong><\/p>\n\n\n\n<ul class=\"wp-block-list\">\n<li>Biopsie de l&rsquo;estomac<\/li>\n<\/ul>\n\n\n\n<p><strong>EXAMENS D&rsquo;ANESTH\u00c9SIE<\/strong><\/p>\n\n\n\n<ul class=\"wp-block-list\">\n<li>S\u00e9dation et anesth\u00e9sie locale  <\/li>\n<\/ul>\n<\/div>\n\n\n\n<div class=\"wp-block-column is-layout-flow wp-block-column-is-layout-flow\">\n<p><strong>EXAMENS DE LABORATOIRE<\/strong><\/p>\n\n\n\n<ul class=\"wp-block-list\">\n<li>Alpha-f\u0153toprot\u00e9ine (AFP)<\/li>\n\n\n\n<li>Phosphatase alcaline (ALP)<\/li>\n\n\n\n<li>Alanine Aminotransf\u00e9rase (ALT)<\/li>\n\n\n\n<li>Aspartate Aminotransf\u00e9rase (AST)<\/li>\n\n\n\n<li>Amylase<\/li>\n\n\n\n<li>Zinc (Zn)<\/li>\n\n\n\n<li>Fer<\/li>\n\n\n\n<li>Capacit\u00e9 de fixation du fer<\/li>\n\n\n\n<li>Ferritine<\/li>\n\n\n\n<li>Acide folique<\/li>\n\n\n\n<li>Sang occulte dans les selles<\/li>\n\n\n\n<li>Gamma Glutamyl Transf\u00e9rase (GGT)<\/li>\n\n\n\n<li>Glucose \u00e0 jeun<\/li>\n\n\n\n<li>H\u00e9moglobine A1c (HbA1c)<\/li>\n\n\n\n<li>Homocyst\u00e9ine<\/li>\n\n\n\n<li>Calcium (Ca)<\/li>\n\n\n\n<li>Chlorure (Cl)<\/li>\n\n\n\n<li>Cholest\u00e9rol, HDL<\/li>\n\n\n\n<li>Cholest\u00e9rol, LDL (direct)<\/li>\n\n\n\n<li>Cholest\u00e9rol total<\/li>\n\n\n\n<li>Cholest\u00e9rol, VLDL<\/li>\n\n\n\n<li>Cr\u00e9atinine s\u00e9rique<\/li>\n\n\n\n<li>Lactate d\u00e9shydrog\u00e9nase (LDH)<\/li>\n\n\n\n<li>Lipase<\/li>\n\n\n\n<li>Lipoprot\u00e9ine (a) (Lp(a))<\/li>\n\n\n\n<li>Magn\u00e9sium (Mg)<\/li>\n\n\n\n<li>Potassium (K)<\/li>\n\n\n\n<li>Prot\u00e9ines totales<\/li>\n\n\n\n<li>Sodium (Na)<\/li>\n\n\n\n<li>Analyse d&rsquo;urine<\/li>\n\n\n\n<li>Triglyc\u00e9rides<\/li>\n\n\n\n<li>Azote ur\u00e9ique du sang (BUN)<\/li>\n\n\n\n<li>Acide urique<\/li>\n\n\n\n<li>Vitamine B12<\/li>\n\n\n\n<li>Vitamine D, 25-Hydroxy<\/li>\n\n\n\n<li>aPTT<\/li>\n\n\n\n<li>Num\u00e9ration globulaire (panel \u00e9largi)<\/li>\n\n\n\n<li>Prolactine (PRL)<\/li>\n\n\n\n<li>Hormone de stimulation de la thyro\u00efde (TSH)<\/li>\n\n\n\n<li>Thyroxine libre (FT4)<\/li>\n\n\n\n<li>Triiodothyronine libre (FT3)<\/li>\n\n\n\n<li>CA 15-3<\/li>\n\n\n\n<li>CA 19-9<\/li>\n\n\n\n<li>Antig\u00e8ne sp\u00e9cifique de la prostate (PSA), total<\/li>\n\n\n\n<li>Antig\u00e8ne sp\u00e9cifique de la prostate (PSA), gratuit<\/li>\n\n\n\n<li>Culture, Gorge<\/li>\n\n\n\n<li>Parasites, selles<\/li>\n\n\n\n<li>Test de d\u00e9pistage de l&rsquo;antig\u00e8ne du SARS-CoV-2 (test rapide)<\/li>\n\n\n\n<li>Anticorps anti-SRAS-CoV-2, IgG, quantitatif<\/li>\n\n\n\n<li>Antig\u00e8ne de l&rsquo;h\u00e9patite B (HBsAg)<\/li>\n\n\n\n<li>Anticorps de l&rsquo;h\u00e9patite B (anti-HBs)<\/li>\n\n\n\n<li>Anticorps de l&rsquo;h\u00e9patite C (anti-VHC)<\/li>\n\n\n\n<li>Anticorps anti-VIH (1-2) + antig\u00e8ne p24  <\/li>\n<\/ul>\n<\/div>\n<\/div>\n\n<p>\u00a0<\/p>\n\n<h3 class=\"wp-block-heading\">Tout ce que vous devez savoir sur les <a href=\"https:\/\/medclinics.com\/check-up\/\" target=\"_blank\" rel=\"noreferrer noopener\">examens m\u00e9dicaux<\/a>, y compris le prix et plus encore, ou <a href=\"#requestform\">contactez-nous<\/a>!<\/h3>\n\n<h2 class=\"wp-block-heading\">FAQ<\/h2>\n<div id=\"rank-math-faq\" class=\"rank-math-block\">\n<div class=\"rank-math-list \">\n<div id=\"faq-question-1685012774513\" class=\"rank-math-list-item\">\n<h3 class=\"rank-math-question \">\u00c0 quelle fr\u00e9quence les hommes doivent-ils se faire examiner ?<\/h3>\n<div class=\"rank-math-answer \">\n\n<p>Pour les hommes de moins de 40 ans, il est g\u00e9n\u00e9ralement recommand\u00e9 de pr\u00e9voir un examen de routine avec un professionnel de la sant\u00e9 tous les 2 ou 3 ans, \u00e0 condition qu&rsquo;il n&rsquo;y ait pas de probl\u00e8mes de sant\u00e9 ou de facteurs de risque particuliers.<\/p>\n\n<\/div>\n<\/div>\n<div id=\"faq-question-1685012904008\" class=\"rank-math-list-item\">\n<h3 class=\"rank-math-question \">Avez-vous besoin d&rsquo;un examen de la prostate ?<\/h3>\n<div class=\"rank-math-answer \">\n\n<p>L&rsquo;examen de la prostate est un \u00e9l\u00e9ment important des soins de sant\u00e9 pr\u00e9ventifs pour les hommes, en particulier lorsqu&rsquo;ils vieillissent. La n\u00e9cessit\u00e9 d&rsquo;un examen de la prostate est g\u00e9n\u00e9ralement d\u00e9termin\u00e9e par plusieurs facteurs, notamment l&rsquo;\u00e2ge, les ant\u00e9c\u00e9dents m\u00e9dicaux personnels et familiaux et les facteurs de risque individuels. Pour la plupart des hommes, \u00e0 partir de 50 ans, il est g\u00e9n\u00e9ralement recommand\u00e9 de discuter avec leur m\u00e9decin des avantages et des risques potentiels du d\u00e9pistage de la prostate, y compris le toucher rectal et le dosage sanguin de l&rsquo;antig\u00e8ne prostatique sp\u00e9cifique (PSA). Ces tests peuvent aider \u00e0 d\u00e9tecter les signes pr\u00e9coces du cancer de la prostate ou d&rsquo;autres probl\u00e8mes li\u00e9s \u00e0 la prostate. Toutefois, pour les hommes pr\u00e9sentant un risque plus \u00e9lev\u00e9 ou certains facteurs de risque, tels que des ant\u00e9c\u00e9dents familiaux de cancer de la prostate, une origine ethnique afro-am\u00e9ricaine ou d&rsquo;autres probl\u00e8mes de sant\u00e9, la discussion sur le d\u00e9pistage du cancer de la prostate peut commencer \u00e0 un \u00e2ge plus pr\u00e9coce, g\u00e9n\u00e9ralement vers 40 ou 45 ans.<\/p>\n\n<\/div>\n<\/div>\n<div id=\"faq-question-1685013016627\" class=\"rank-math-list-item\">\n<h3 class=\"rank-math-question \">Existe-t-il un test hormonal pour les hommes ?<\/h3>\n<div class=\"rank-math-answer \">\n\n<p>Oui, il existe des tests hormonaux pour les hommes afin d&rsquo;\u00e9valuer l&rsquo;\u00e9quilibre hormonal et la sant\u00e9 globale. Ces tests comprennent g\u00e9n\u00e9ralement la mesure du taux de testost\u00e9rone, la testost\u00e9rone \u00e9tant la principale hormone sexuelle masculine et jouant un r\u00f4le crucial dans diverses fonctions de l&rsquo;organisme. D&rsquo;autres hormones telles que l&rsquo;\u0153strog\u00e8ne, le cortisol et les hormones thyro\u00efdiennes peuvent \u00e9galement \u00eatre \u00e9valu\u00e9es en fonction de sympt\u00f4mes ou de pr\u00e9occupations sp\u00e9cifiques.<\/p>\n\n<\/div>\n<\/div>\n<\/div>\n<\/div>\n<p>\u00a0<\/p>\n\n<h3 class=\"wp-block-heading\">Contactez-nous d\u00e8s maintenant si vous avez des questions !<\/h3>\n","protected":false},"excerpt":{"rendered":"<p>Si vous \u00eates \u00e0 la recherche du meilleur d\u00e9pistage de sant\u00e9 et d&rsquo;un chemin vers la confiance, Check-up Treatments peut [&hellip;]<\/p>\n","protected":false},"author":4,"featured_media":91920,"parent":0,"menu_order":0,"comment_status":"closed","ping_status":"closed","template":"","meta":{"site-sidebar-layout":"default","site-content-layout":"","ast-site-content-layout":"default","site-content-style":"default","site-sidebar-style":"default","ast-global-header-display":"","ast-banner-title-visibility":"","ast-main-header-display":"","ast-hfb-above-header-display":"","ast-hfb-below-header-display":"","ast-hfb-mobile-header-display":"","site-post-title":"","ast-breadcrumbs-content":"","ast-featured-img":"","footer-sml-layout":"","ast-disable-related-posts":"","theme-transparent-header-meta":"","adv-header-id-meta":"","stick-header-meta":"","header-above-stick-meta":"","header-main-stick-meta":"","header-below-stick-meta":"","astra-migrate-meta-layouts":"default","ast-page-background-enabled":"default","ast-page-background-meta":{"desktop":{"background-color":"var(--ast-global-color-4)","background-image":"","background-repeat":"repeat","background-position":"center center","background-size":"auto","background-attachment":"scroll","background-type":"","background-media":"","overlay-type":"","overlay-color":"","overlay-opacity":"","overlay-gradient":""},"tablet":{"background-color":"","background-image":"","background-repeat":"repeat","background-position":"center center","background-size":"auto","background-attachment":"scroll","background-type":"","background-media":"","overlay-type":"","overlay-color":"","overlay-opacity":"","overlay-gradient":""},"mobile":{"background-color":"","background-image":"","background-repeat":"repeat","background-position":"center center","background-size":"auto","background-attachment":"scroll","background-type":"","background-media":"","overlay-type":"","overlay-color":"","overlay-opacity":"","overlay-gradient":""}},"ast-content-background-meta":{"desktop":{"background-color":"var(--ast-global-color-5)","background-image":"","background-repeat":"repeat","background-position":"center center","background-size":"auto","background-attachment":"scroll","background-type":"","background-media":"","overlay-type":"","overlay-color":"","overlay-opacity":"","overlay-gradient":""},"tablet":{"background-color":"var(--ast-global-color-5)","background-image":"","background-repeat":"repeat","background-position":"center center","background-size":"auto","background-attachment":"scroll","background-type":"","background-media":"","overlay-type":"","overlay-color":"","overlay-opacity":"","overlay-gradient":""},"mobile":{"background-color":"var(--ast-global-color-5)","background-image":"","background-repeat":"repeat","background-position":"center center","background-size":"auto","background-attachment":"scroll","background-type":"","background-media":"","overlay-type":"","overlay-color":"","overlay-opacity":"","overlay-gradient":""}},"footnotes":""},"class_list":["post-146785","page","type-page","status-publish","has-post-thumbnail","hentry"],"_links":{"self":[{"href":"https:\/\/medclinics.com\/fr\/wp-json\/wp\/v2\/pages\/146785","targetHints":{"allow":["GET"]}}],"collection":[{"href":"https:\/\/medclinics.com\/fr\/wp-json\/wp\/v2\/pages"}],"about":[{"href":"https:\/\/medclinics.com\/fr\/wp-json\/wp\/v2\/types\/page"}],"author":[{"embeddable":true,"href":"https:\/\/medclinics.com\/fr\/wp-json\/wp\/v2\/users\/4"}],"replies":[{"embeddable":true,"href":"https:\/\/medclinics.com\/fr\/wp-json\/wp\/v2\/comments?post=146785"}],"version-history":[{"count":0,"href":"https:\/\/medclinics.com\/fr\/wp-json\/wp\/v2\/pages\/146785\/revisions"}],"wp:featuredmedia":[{"embeddable":true,"href":"https:\/\/medclinics.com\/fr\/wp-json\/wp\/v2\/media\/91920"}],"wp:attachment":[{"href":"https:\/\/medclinics.com\/fr\/wp-json\/wp\/v2\/media?parent=146785"}],"curies":[{"name":"wp","href":"https:\/\/api.w.org\/{rel}","templated":true}]}}