{"id":146761,"date":"2023-05-25T09:43:54","date_gmt":"2023-05-25T06:43:54","guid":{"rendered":"https:\/\/medclinics.com\/faux-cils\/"},"modified":"2024-04-04T19:34:27","modified_gmt":"2024-04-04T16:34:27","slug":"faux-cils","status":"publish","type":"page","link":"https:\/\/medclinics.com\/fr\/faux-cils\/","title":{"rendered":"Faux cils"},"content":{"rendered":"\n<h3 class=\"wp-block-heading\">Extensions de cils<\/h3>\n\n<p class=\"has-medium-font-size\">est une proc\u00e9dure cosm\u00e9tique qui permet d&rsquo;allonger et d&rsquo;\u00e9largir les cils naturels en collant des poils synth\u00e9tiques \u00e0 l&rsquo;aide d&rsquo;une colle sp\u00e9ciale.<\/p>\n\n<p class=\"has-medium-font-size\">Des cils de diff\u00e9rentes longueurs, \u00e9paisseurs, courbures et couleurs sont utilis\u00e9s pour les extensions. La longueur peut varier de 6 \u00e0 14 millim\u00e8tres. Nos cils naturels sont de longueur in\u00e9gale le long de la ligne de croissance. Pour recr\u00e9er cet effet, les fabricants de cils combinent environ 5 longueurs diff\u00e9rentes lors des extensions.<br\/>L&rsquo;\u00e9paisseur varie de 0,05 millim\u00e8tre \u00e0 0,25 millim\u00e8tre. Les fabricants de cils avanc\u00e9s du monde entier refusent d&rsquo;utiliser des cils plus \u00e9pais, car ils paraissent moins naturels sur les yeux et alourdissent les cils naturels.<\/p>\n\n<h3 class=\"wp-block-heading\">Principaux types de faux cils :<\/h3>\n\n<ul class=\"has-medium-font-size wp-block-list\">\n<li><strong>Effet naturel<\/strong><br\/>est le classique \u00e0 privil\u00e9gier si votre objectif est d&rsquo;obtenir un regard naturel et des cils superbes en m\u00eame temps. Dans cette variante, le fabricant de cils doit recr\u00e9er la croissance naturelle des cils en combinant diff\u00e9rentes longueurs &#8211; courts dans le coin interne de l&rsquo;\u0153il et plus longs en allant vers le coin externe. Cet effet est vraiment polyvalent, il est tr\u00e8s esth\u00e9tique et convient \u00e0 tout moment de la journ\u00e9e et en tout lieu.<\/li>\n<\/ul>\n\n<ul class=\"has-medium-font-size wp-block-list\">\n<li><strong>Effet Foxy<\/strong><br\/>est un type d&rsquo;extension qui consiste \u00e0 passer de cils courts dans le coin interne \u00e0 des cils plus longs dans le coin externe, et la transition est plus nette que pour l&rsquo;effet naturel. Cet effet permet d&rsquo;allonger et d&rsquo;\u00e9largir visuellement les yeux.  <\/li>\n<\/ul>\n\n<ul class=\"has-medium-font-size wp-block-list\">\n<li><strong>\u00ab\u00a0Doll eff<\/strong><br\/>d\u00e9signe l&rsquo;utilisation de cils de m\u00eame longueur le long de la ligne de la paupi\u00e8re sup\u00e9rieure. Cette version n&rsquo;est pas tr\u00e8s naturelle, mais elle n&rsquo;est pas inesth\u00e9tique. Il est simplement important de comprendre pour quelle forme d&rsquo;yeux, pour quelle image et pour quel \u00e2ge ces extensions sont fabriqu\u00e9es. Les yeux d&rsquo;une fille ainsi maquill\u00e9e paraissent na\u00effs et coquets\u00a0\u00bb.<\/li>\n<\/ul>\n\n<ul class=\"has-medium-font-size wp-block-list\">\n<li><strong>\u00ab\u00a0Effet \u00ab\u00a0Ray<\/strong><br\/>est un type d&rsquo;extension de cils qui consiste \u00e0 combiner des cils longs avec des cils courts le long de la paupi\u00e8re sup\u00e9rieure. Cet effet est \u00e9galement appel\u00e9 effet cocktail. Il est tr\u00e8s int\u00e9ressant, inhabituel, ajoute de l&rsquo;expressivit\u00e9 aux yeux et donne un peu de piquant \u00e0 l&rsquo;ensemble de l&rsquo;image. Elles ne sont ni criardes ni vulgaires, et il est donc tout \u00e0 fait appropri\u00e9 de les porter dans la vie de tous les jours.<\/li>\n<\/ul>\n\n<ul class=\"has-medium-font-size wp-block-list\">\n<li><strong>Cils color\u00e9s<\/strong><br\/>Tous ces effets peuvent \u00eatre obtenus avec des <a href=\"https:\/\/en.wikipedia.org\/wiki\/False_eyelashes\" target=\"_blank\" rel=\"noreferrer noopener\">cils artificiels<\/a> color\u00e9s. Avec la bonne nuance, les extensions color\u00e9es peuvent \u00eatre \u00e9tonnantes. Il existe de nombreuses possibilit\u00e9s de jouer avec la couleur sur les cils : transition (d\u00e9grad\u00e9) de couleur du coin interne au coin externe, combinaison (m\u00e9lange) de certaines teintes, inclusion de cils de couleur dans certaines zones pour accentuer, alternance de plusieurs couleurs le long de la ligne des paupi\u00e8res, etc.<\/li>\n<\/ul>\n\n<h3 class=\"wp-block-heading\">Il existe les variations de volume suivantes pour les extensions de cils :<\/h3>\n\n<ul class=\"has-medium-font-size wp-block-list\">\n<li><strong>Volume classique<\/strong><br\/>lorsqu&rsquo;un cil artificiel est ajout\u00e9 \u00e0 chacun de vos cils &#8211; une option populaire, particuli\u00e8rement appr\u00e9ci\u00e9e par celles dont les cils sont assez \u00e9pais de nature, mais qui ont besoin d&rsquo;ajouter de la longueur et de cr\u00e9er une belle courbe.<\/li>\n<\/ul>\n\n<ul class=\"has-medium-font-size wp-block-list\">\n<li><strong>Double volume<\/strong><br\/>implique le collage de deux cils artificiels sur un cil naturel. Les cils paraissent ainsi presque deux fois plus \u00e9pais. Malgr\u00e9 le double volume, les cils ont l&rsquo;air naturel et le regard est naturel. Un beau regard prononc\u00e9 et clair, des yeux brillants sans une goutte de maquillage, et le naturel &#8211; c&rsquo;est ce qui fait que ce type d&rsquo;extensions est si populaire.<\/li>\n<\/ul>\n\n<ul class=\"has-medium-font-size wp-block-list\">\n<li><strong>Triple volume<\/strong><br\/>est \u00e9galement tr\u00e8s populaire, mais dans ce cas, les cils manquent un peu de naturel, ils sont trop \u00e9pais. Cependant, dans certains cas, c&rsquo;est l&rsquo;effet que les clients veulent obtenir et c&rsquo;est le r\u00e9sultat dont ils ont besoin. Si vous souhaitez cr\u00e9er une image dramatique, frappante et m\u00e9morable, vous pouvez utiliser cette technique ! Si des cils l\u00e9gers et fins sont utilis\u00e9s, les cils naturels ne sont pas endommag\u00e9s et les extensions ne sont pas trop lourdes sur les paupi\u00e8res et donnent un aspect accrocheur.<\/li>\n<\/ul>\n\n<ul class=\"has-medium-font-size wp-block-list\">\n<li><strong>Il existe m\u00eame des extensions 6D<\/strong><br\/>&#8211; 6 cils artificiels sur un cil naturel. Gr\u00e2ce aux cils artificiels modernes, ultra fins et sans poids, ce type d&rsquo;extension est possible sans danger ni dommage pour les cils naturels. Bien entendu, il n&rsquo;est pas recommand\u00e9 de porter de telles extensions pendant une longue p\u00e9riode.  <\/li>\n<\/ul>\n\n<h3 class=\"wp-block-heading\">Les faux cils ne sont pas faits pour :<\/h3>\n\n<ul class=\"wp-block-list\">\n<li class=\"has-medium-font-size\">Affections oculaires telles que la conjonctivite, l&rsquo;orge, l&rsquo;acarien des cils, etc.  <\/li>\n\n\n\n<li class=\"has-medium-font-size\">Dermatite, psoriasis  <\/li>\n\n\n\n<li class=\"has-medium-font-size\">Asthme  <\/li>\n\n\n\n<li class=\"has-medium-font-size\">Allergie au mat\u00e9riel de pose des cils  <\/li>\n<\/ul>\n\n<h3 class=\"wp-block-heading\">Soins de suivi :<\/h3>\n\n<ul class=\"wp-block-list\">\n<li class=\"has-medium-font-size\">Pendant les 24 premi\u00e8res heures suivant l&rsquo;extension des cils, vous devez \u00e9viter tout contact avec l&rsquo;eau. Les visites au sauna, aux bains publics, \u00e0 la piscine, \u00e0 la plage, \u00e0 tout endroit o\u00f9 l&rsquo;humidit\u00e9 est \u00e9lev\u00e9e, doivent \u00eatre report\u00e9es.<\/li>\n\n\n\n<li class=\"has-medium-font-size\">\u00c9vitez de vous frotter les yeux, \u00e9vitez les dommages m\u00e9caniques. Limitez au maximum le contact entre les mains et les yeux.<\/li>\n\n\n\n<li class=\"has-medium-font-size\">Dormir face \u00e0 l&rsquo;oreiller &#8211; apprendre \u00e0 dormir sur le dos.<\/li>\n\n\n\n<li class=\"has-medium-font-size\">\u00c9vitez d&rsquo;utiliser du mascara.  <\/li>\n\n\n\n<li class=\"has-medium-font-size\">\u00c9vitez les eye-liners \u00e0 base d&rsquo;huile et les crayons gras.<\/li>\n\n\n\n<li class=\"has-medium-font-size\">N&rsquo;utilisez pas d&rsquo;outils de frisage.  <\/li>\n\n\n\n<li class=\"has-medium-font-size\">\u00c9vitez les cr\u00e8mes pour les yeux grasses.<\/li>\n<\/ul>\n\n<div class=\"wp-block-columns is-layout-flex wp-container-core-columns-is-layout-28f84493 wp-block-columns-is-layout-flex\">\n<div class=\"wp-block-column is-layout-flow wp-block-column-is-layout-flow\" style=\"flex-basis:33.33%\">\n<figure class=\"wp-block-image alignright size-full is-resized\"><img fetchpriority=\"high\" decoding=\"async\" width=\"280\" height=\"210\" src=\"https:\/\/medclinics.com\/wp-content\/uploads\/2023\/12\/luxus-logo-1.webp\" alt=\"\" class=\"wp-image-119607\" style=\"width:265px;height:auto\" srcset=\"https:\/\/medclinics.com\/wp-content\/uploads\/2023\/12\/luxus-logo-1.webp 280w, https:\/\/medclinics.com\/wp-content\/uploads\/2023\/12\/luxus-logo-1-24x18.webp 24w, https:\/\/medclinics.com\/wp-content\/uploads\/2023\/12\/luxus-logo-1-36x27.webp 36w, https:\/\/medclinics.com\/wp-content\/uploads\/2023\/12\/luxus-logo-1-48x36.webp 48w\" sizes=\"(max-width: 280px) 100vw, 280px\" \/><\/figure>\n<\/div>\n\n\n\n<div class=\"wp-block-column is-vertically-aligned-center is-layout-flow wp-block-column-is-layout-flow\" style=\"flex-basis:66.66%\">\n<h3 class=\"wp-block-heading has-text-align-center\"><strong>Obtenez vos cils avec  <\/strong><br\/><strong>\u00ab\u00a0Luxus Hair Group\u00a0\u00bb<\/strong><\/h3>\n\n\n\n<p class=\"has-text-align-center\"><em><strong>\u00a0\u00bb Soins capillaires et de beaut\u00e9, le luxe \u00e0 la port\u00e9e de tous ! \u00ab\u00a0<\/strong><\/em><\/p>\n\n\n\n<div class=\"wp-block-buttons is-content-justification-center is-layout-flex wp-container-core-buttons-is-layout-a89b3969 wp-block-buttons-is-layout-flex\">\n<div class=\"wp-block-button\"><a class=\"wp-block-button__link has-vivid-green-cyan-background-color has-background has-text-align-left wp-element-button\" href=\"https:\/\/wa.me\/905322662716?text=From%20MedClinics\" target=\"_blank\" rel=\"noreferrer noopener nofollow\">R\u00e9server en ligne via WhatsApp<\/a><\/div>\n<\/div>\n<\/div>\n<\/div>\n\n<h3 class=\"wp-block-heading\">Tout ce que vous devez savoir sur les <a href=\"https:\/\/medclinics.com\/fr\/operations-non-chirurgicales\/\" target=\"_blank\" rel=\"noreferrer noopener\">op\u00e9rations non chirurgicales<\/a>, y compris le prix et plus <a href=\"#requestform\">contactez-nous<\/a>!<\/h3>\n\n<h2 class=\"wp-block-heading\">FAQ <\/h2>\n<div id=\"rank-math-faq\" class=\"rank-math-block\">\n<div class=\"rank-math-list \">\n<div id=\"faq-question-1685007538335\" class=\"rank-math-list-item\">\n<h3 class=\"rank-math-question \">Les extensions de cils sont-elles s\u00fbres ?<\/h3>\n<div class=\"rank-math-answer \">\n\n<p>Les extensions de cils sont s\u00fbres et ne provoquent pas de r\u00e9actions allergiques, mais elles sont d\u00e9conseill\u00e9es aux personnes pr\u00e9sentant une intol\u00e9rance individuelle aux mat\u00e9riaux utilis\u00e9s, ce qui est tr\u00e8s rare. Il est \u00e9galement d\u00e9conseill\u00e9 aux personnes souffrant de maladies oculaires chroniques, aigu\u00ebs ou virales.<\/p>\n\n<\/div>\n<\/div>\n<div id=\"faq-question-1685007561290\" class=\"rank-math-list-item\">\n<h3 class=\"rank-math-question \">Puis-je faire rallonger mes cils sans pause ?<\/h3>\n<div class=\"rank-math-answer \">\n\n<p>Le choix judicieux de la taille des cils artificiels et le respect de la technique d&rsquo;extension permettent d&rsquo;effectuer la proc\u00e9dure sans endommager les cils naturels, c&rsquo;est-\u00e0-dire sans interrompre le cycle de r\u00e9novation des cils. Cela signifie qu&rsquo;il est possible de faire des extensions de cils \u00e0 plusieurs reprises. Il est logique de faire une pause lorsque les cils sont ab\u00eem\u00e9s. Dans ce cas, il est pr\u00e9f\u00e9rable d&rsquo;attendre leur r\u00e9g\u00e9n\u00e9ration compl\u00e8te (environ 3 mois), il est possible d&rsquo;utiliser des produits de croissance et de renforcement des cils pendant cette p\u00e9riode.<\/p>\n\n<\/div>\n<\/div>\n<div id=\"faq-question-1685007598307\" class=\"rank-math-list-item\">\n<h3 class=\"rank-math-question \">Les extensions de cils sont-elles douloureuses ?<\/h3>\n<div class=\"rank-math-answer \">\n\n<p>Non, la proc\u00e9dure d&rsquo;extension des cils est totalement indolore et s\u00fbre. Les cils artificiels sont plac\u00e9s sur les cils naturels \u00e0 une faible distance, de sorte que vous ne sentirez pas vos cils pendant ou apr\u00e8s l&rsquo;intervention.<\/p>\n\n<\/div>\n<\/div>\n<div id=\"faq-question-1685007627392\" class=\"rank-math-list-item\">\n<h3 class=\"rank-math-question \">Les extensions de cils endommagent-elles mes cils naturels ?<\/h3>\n<div class=\"rank-math-answer \">\n\n<p>Les extensions de cils ne sont pas nocives pour les cils, \u00e0 condition que la proc\u00e9dure soit effectu\u00e9e correctement et dans le respect total de la technologie. Les cils pour les extensions sont choisis en fonction de la longueur et de l&rsquo;\u00e9paisseur de vos propres cils.<\/p>\n\n<\/div>\n<\/div>\n<div id=\"faq-question-1685007656902\" class=\"rank-math-list-item\">\n<h3 class=\"rank-math-question \">Puis-je porter des lentilles de contact avec des extensions de cils ?<\/h3>\n<div class=\"rank-math-answer \">\n\n<p>Les extensions de cils n&rsquo;affectent pas le port de lentilles de contact. Les cils ne vous emp\u00eacheront pas d&rsquo;enlever et de mettre les lentilles, et vous ne sentirez pas les cils sur vos yeux, tout comme les lentilles.<\/p>\n\n<\/div>\n<\/div>\n<\/div>\n<\/div>\n<p><\/p>\n\n<h3 class=\"wp-block-heading\">Contactez-nous d\u00e8s maintenant si vous avez des questions !<\/h3>\n","protected":false},"excerpt":{"rendered":"<p>Extensions de cils est une proc\u00e9dure cosm\u00e9tique qui permet d&rsquo;allonger et d&rsquo;\u00e9largir les cils naturels en collant des poils synth\u00e9tiques [&hellip;]<\/p>\n","protected":false},"author":4,"featured_media":92169,"parent":0,"menu_order":0,"comment_status":"closed","ping_status":"closed","template":"","meta":{"site-sidebar-layout":"default","site-content-layout":"","ast-site-content-layout":"default","site-content-style":"default","site-sidebar-style":"default","ast-global-header-display":"","ast-banner-title-visibility":"","ast-main-header-display":"","ast-hfb-above-header-display":"","ast-hfb-below-header-display":"","ast-hfb-mobile-header-display":"","site-post-title":"","ast-breadcrumbs-content":"","ast-featured-img":"","footer-sml-layout":"","ast-disable-related-posts":"","theme-transparent-header-meta":"","adv-header-id-meta":"","stick-header-meta":"","header-above-stick-meta":"","header-main-stick-meta":"","header-below-stick-meta":"","astra-migrate-meta-layouts":"default","ast-page-background-enabled":"default","ast-page-background-meta":{"desktop":{"background-color":"var(--ast-global-color-4)","background-image":"","background-repeat":"repeat","background-position":"center center","background-size":"auto","background-attachment":"scroll","background-type":"","background-media":"","overlay-type":"","overlay-color":"","overlay-opacity":"","overlay-gradient":""},"tablet":{"background-color":"","background-image":"","background-repeat":"repeat","background-position":"center center","background-size":"auto","background-attachment":"scroll","background-type":"","background-media":"","overlay-type":"","overlay-color":"","overlay-opacity":"","overlay-gradient":""},"mobile":{"background-color":"","background-image":"","background-repeat":"repeat","background-position":"center center","background-size":"auto","background-attachment":"scroll","background-type":"","background-media":"","overlay-type":"","overlay-color":"","overlay-opacity":"","overlay-gradient":""}},"ast-content-background-meta":{"desktop":{"background-color":"var(--ast-global-color-5)","background-image":"","background-repeat":"repeat","background-position":"center center","background-size":"auto","background-attachment":"scroll","background-type":"","background-media":"","overlay-type":"","overlay-color":"","overlay-opacity":"","overlay-gradient":""},"tablet":{"background-color":"var(--ast-global-color-5)","background-image":"","background-repeat":"repeat","background-position":"center center","background-size":"auto","background-attachment":"scroll","background-type":"","background-media":"","overlay-type":"","overlay-color":"","overlay-opacity":"","overlay-gradient":""},"mobile":{"background-color":"var(--ast-global-color-5)","background-image":"","background-repeat":"repeat","background-position":"center center","background-size":"auto","background-attachment":"scroll","background-type":"","background-media":"","overlay-type":"","overlay-color":"","overlay-opacity":"","overlay-gradient":""}},"footnotes":""},"class_list":["post-146761","page","type-page","status-publish","has-post-thumbnail","hentry"],"_links":{"self":[{"href":"https:\/\/medclinics.com\/fr\/wp-json\/wp\/v2\/pages\/146761","targetHints":{"allow":["GET"]}}],"collection":[{"href":"https:\/\/medclinics.com\/fr\/wp-json\/wp\/v2\/pages"}],"about":[{"href":"https:\/\/medclinics.com\/fr\/wp-json\/wp\/v2\/types\/page"}],"author":[{"embeddable":true,"href":"https:\/\/medclinics.com\/fr\/wp-json\/wp\/v2\/users\/4"}],"replies":[{"embeddable":true,"href":"https:\/\/medclinics.com\/fr\/wp-json\/wp\/v2\/comments?post=146761"}],"version-history":[{"count":0,"href":"https:\/\/medclinics.com\/fr\/wp-json\/wp\/v2\/pages\/146761\/revisions"}],"wp:featuredmedia":[{"embeddable":true,"href":"https:\/\/medclinics.com\/fr\/wp-json\/wp\/v2\/media\/92169"}],"wp:attachment":[{"href":"https:\/\/medclinics.com\/fr\/wp-json\/wp\/v2\/media?parent=146761"}],"curies":[{"name":"wp","href":"https:\/\/api.w.org\/{rel}","templated":true}]}}