{"id":146737,"date":"2023-05-25T09:16:47","date_gmt":"2023-05-25T06:16:47","guid":{"rendered":"https:\/\/medclinics.com\/extension-de-cheveux\/"},"modified":"2024-04-04T19:34:37","modified_gmt":"2024-04-04T16:34:37","slug":"extension-de-cheveux","status":"publish","type":"page","link":"https:\/\/medclinics.com\/fr\/extension-de-cheveux\/","title":{"rendered":"Extension de cheveux"},"content":{"rendered":"\n<h2 class=\"wp-block-heading\">Les extensions de cheveux sont une extension des m\u00e8ches de cheveux d&rsquo;une personne par la fixation de cheveux d&rsquo;un donneur, qu&rsquo;ils soient artificiels ou naturels.<\/h2>\n\n<p>La principale diff\u00e9rence entre les extensions de cheveux et les perruques, les postiches et les extensions amovibles est la fixation s\u00fbre des m\u00e8ches et le r\u00e9sultat durable &#8211; sans correction, les extensions de cheveux sont port\u00e9es pendant 2 \u00e0 4 mois.<\/p>\n\n<h3 class=\"wp-block-heading\">Extensions de cheveux en capsules<\/h3>\n\n<p>Le renforcement implique l&rsquo;utilisation de g\u00e9lules. Il s&rsquo;agit d&rsquo;une capsule discr\u00e8te, de petite taille, qui se pr\u00e9sente sous la forme d&rsquo;une vari\u00e9t\u00e9 de mat\u00e9riaux \u00e0 base de k\u00e9ratine, de gel, de r\u00e9sine et de colle. Il existe \u00e9galement des micro-capsules, qui sont encore plus l\u00e9g\u00e8res. Toutes les techniques de capsules sont divis\u00e9es en m\u00e9thodes d&rsquo;extension \u00e0 chaud et \u00e0 froid.<\/p>\n\n<ul class=\"wp-block-list\">\n<li>Extension \u00e0 chaud  <\/li>\n<\/ul>\n\n<p>Une extension \u00e0 chaud utilise des pinces \u00e0 90-180 degr\u00e9s, qui font fondre la capsule qui relie le cheveu natif au cheveu donneur. La m\u00e9thode \u00e0 chaud est divis\u00e9e en deux styles :<\/p>\n\n<ul class=\"wp-block-list\">\n<li><strong>Extensions italiennes<\/strong> &#8211; La capsule est constitu\u00e9e de k\u00e9ratine et, apr\u00e8s durcissement, ressemble \u00e0 une plaque plate, qui est presque insensible. Une correction est n\u00e9cessaire apr\u00e8s 3 mois.  <\/li>\n\n\n\n<li><strong>Extension anglaise<\/strong> &#8211; La r\u00e9sine de k\u00e9ratine est utilis\u00e9e comme \u00ab\u00a0colle\u00a0\u00bb &#8211; apr\u00e8s avoir \u00e9t\u00e9 chauff\u00e9e avec une pince, elle prend la forme d&rsquo;un grain arrondi. Une correction est n\u00e9cessaire apr\u00e8s 3 mois.  <\/li>\n<\/ul>\n\n<p>Un gros inconv\u00e9nient de l&rsquo;extension \u00e0 chaud est que les capsules ne peuvent pas \u00eatre chauff\u00e9es : il ne faut pas se laver les cheveux \u00e0 l&rsquo;eau tr\u00e8s chaude, aller au sauna, utiliser un fer \u00e0 friser ou d&rsquo;autres appareils thermiques, car les capsules fondraient et les m\u00e8ches tomberaient.<\/p>\n\n<ul class=\"wp-block-list\">\n<li>Extension \u00e0 froid  <\/li>\n<\/ul>\n\n<p>L&rsquo;extension \u00e0 froid n&rsquo;implique pas de stress thermique sur les cheveux et est donc consid\u00e9r\u00e9e comme plus s\u00fbre pour la sant\u00e9 de vos cheveux. L&rsquo;extension \u00e0 froid est disponible dans les types suivants :<\/p>\n\n<ul class=\"wp-block-list\">\n<li><strong>Extension espagnole<\/strong> &#8211; de la colle chirurgicale est utilis\u00e9e pour fixer les m\u00e8ches. Une correction est n\u00e9cessaire apr\u00e8s 3 mois.<\/li>\n\n\n\n<li><strong>Extension de cheveux par ultrasons ou Hollywood<\/strong> &#8211; les m\u00e8ches du donneur sont fix\u00e9es \u00e0 l&rsquo;aide de capsules de k\u00e9ratine et d&rsquo;une machine \u00e0 ultrasons. Une correction est n\u00e9cessaire apr\u00e8s 2 ou 3 mois.<\/li>\n\n\n\n<li><strong>Extension japonaise<\/strong>: des pinces m\u00e9talliques de 2 \u00e0 3 mm sont utilis\u00e9es pour allonger les cheveux et fixer les cheveux artificiels aux cheveux naturels. Une correction est n\u00e9cessaire apr\u00e8s 2 mois.<\/li>\n\n\n\n<li><strong>Extension de cheveux br\u00e9siliens<\/strong> &#8211; des m\u00e8ches de cheveux sont attach\u00e9es \u00e0 la tige du cheveu en tressant des cheveux de donneuses avec des m\u00e8ches naturelles et en fixant la connexion avec des fibres synth\u00e9tiques, ce qui est techniquement similaire aux dreadlocks et aux tissages avec des Kanekalons. Une correction est n\u00e9cessaire apr\u00e8s 3 mois.<\/li>\n\n\n\n<li><strong>Extension de <a href=\"https:\/\/en.wikipedia.org\/wiki\/Artificial_hair_integrations\" target=\"_blank\" rel=\"noopener\">cheveux en gel<\/a><\/strong> &#8211; les m\u00e8ches superpos\u00e9es sont fix\u00e9es par les coiffeurs sur les cheveux dans un gel sp\u00e9cial, et la capsule de fixation est form\u00e9e. Une correction est n\u00e9cessaire apr\u00e8s 2 \u00e0 4 mois.<\/li>\n<\/ul>\n\n<h3 class=\"wp-block-heading\">Extensions de cheveux sans capsule<\/h3>\n\n<p>Cette extension de cheveux sans capsule se distingue de la m\u00e9thode pr\u00e9c\u00e9dente par le fait qu&rsquo;elle ne n\u00e9cessite pas l&rsquo;utilisation de colle ou de capsules ; les m\u00e8ches sont maintenues par des manchons thermosensibles, qui retiennent les cheveux natifs et les cheveux \u00e0 \u00e9tendre, puis les manchons sont maintenus en place par des pinces chauff\u00e9es \u00e0 120 degr\u00e9s. L&rsquo;avantage de cette m\u00e9thode est que les points d&rsquo;attache sont situ\u00e9s \u00e0 l&rsquo;arri\u00e8re de la t\u00eate et sont totalement invisibles \u00e0 l&rsquo;\u0153il et au toucher. Mais il y a un inconv\u00e9nient : vous ne devez pas chauffer vos cheveux \u00e0 plus de 100 degr\u00e9s, car les temp\u00e9ratures \u00e9lev\u00e9es peuvent faire fondre les gaines. Une correction est n\u00e9cessaire apr\u00e8s plusieurs mois.<\/p>\n\n<h3 class=\"wp-block-heading\">Extensions de cheveux en ruban<\/h3>\n\n<p>Les extensions de ruban sont une mani\u00e8re douce d&rsquo;allonger les m\u00e8ches de vos cheveux en prenant en sandwich les m\u00e8ches d&rsquo;origine entre deux bandes adh\u00e9sives de m\u00e8ches donneuses. Les extensions \u00e0 ruban sont souvent utilis\u00e9es pour \u00e9paissir les cheveux clairsem\u00e9s, allonger les franges et les m\u00e8ches tr\u00e8s courtes, ainsi que pour les m\u00e8ches clairsem\u00e9es et affaiblies en raison du poids ultra-l\u00e9ger du ruban. La correction des extensions de ruban est tr\u00e8s courte et s&rsquo;effectue toutes les 6 \u00e0 8 semaines.<\/p>\n\n<h3 class=\"wp-block-heading\">Extension de la coiffure<\/h3>\n\n<p>Une autre fa\u00e7on douce d&rsquo;obtenir la longueur convoit\u00e9e est d&rsquo;utiliser des extensions de cheveux en tresses. Les tresses sont des m\u00e8ches de cheveux qui sont maintenues en place par une seule bande de tissu. Elles peuvent \u00eatre amovibles (elles sont attach\u00e9es par des micro-\u00e9pingles et peuvent \u00eatre enlev\u00e9es \u00e0 tout moment) ou fixes (les tresses sont fix\u00e9es sur des tresses ou des m\u00e8ches de cheveux par une colle sp\u00e9ciale ou des fils \u00e0 coudre). Une correction est n\u00e9cessaire apr\u00e8s 2 ou 3 mois.<\/p>\n\n<h3 class=\"wp-block-heading\">L&rsquo;extension de cheveux n&rsquo;est pas faite pour :<\/h3>\n\n<ul class=\"wp-block-list\">\n<li>Longueur des cheveux inf\u00e9rieure \u00e0 5 cm<\/li>\n\n\n\n<li>Vous avez moins de 16 ans<\/li>\n\n\n\n<li>Migraines ou maux de t\u00eate s\u00e9v\u00e8res<\/li>\n\n\n\n<li>Cuir chevelu sensible<\/li>\n\n\n\n<li>\u00c9raflures, abrasions, cicatrices fra\u00eeches et autres blessures, ou perte importante de cheveux.<\/li>\n\n\n\n<li>Cheveux affaiblis  <\/li>\n\n\n\n<li>Sujet aux allergies<\/li>\n\n\n\n<li>Affections du cuir chevelu telles que l&rsquo;ecz\u00e9ma, la s\u00e9borrh\u00e9e, le psoriasis, la p\u00e9diculose, l&rsquo;alop\u00e9cie et diverses maladies fongiques.<\/li>\n\n\n\n<li>Prise d&rsquo;antibiotiques puissants, de m\u00e9dicaments hormonaux, traitement par chimioth\u00e9rapie<\/li>\n<\/ul>\n\n<h3 class=\"wp-block-heading\">Soins de suivi :<\/h3>\n\n<ul class=\"wp-block-list\">\n<li>Il est recommand\u00e9 de se laver les cheveux avec un shampooing au pH neutre.  <\/li>\n\n\n\n<li>Apr\u00e8s le lavage, s\u00e9chez vos cheveux en les \u00e9pongeant doucement avec une serviette, sans les enrouler.<\/li>\n\n\n\n<li>Lors du s\u00e9chage, utilisez le moins possible le s\u00e8che-cheveux et les autres appareils thermiques.  <\/li>\n\n\n\n<li>Ne vous couchez pas avec la t\u00eate mouill\u00e9e. Les cheveux doivent \u00eatre bien s\u00e9ch\u00e9s avant d&rsquo;aller se coucher et les m\u00e8ches doivent \u00eatre rassembl\u00e9es en une queue de cheval l\u00e2che ou tress\u00e9es.<\/li>\n\n\n\n<li>Lorsque vous vous rendez dans un sauna, un bain ou un solarium, prot\u00e9gez vos cheveux et vos extensions capillaires de la surchauffe en portant un bonnet.  <\/li>\n\n\n\n<li>Vous pouvez faire colorer vos cheveux par un sp\u00e9cialiste exp\u00e9riment\u00e9, qui les colorera uniform\u00e9ment sur toute leur longueur.<\/li>\n\n\n\n<li>Il est pr\u00e9f\u00e9rable de se faire coiffer dans un salon de coiffure.<\/li>\n\n\n\n<li>Il est n\u00e9cessaire de proc\u00e9der \u00e0 des ajustements p\u00e9riodiques de la croissance de vos propres cheveux apr\u00e8s les extensions de cheveux.<\/li>\n\n\n\n<li>Afin de pr\u00e9server le repos de vos propres cheveux, il est conseill\u00e9 de retirer vos extensions de cheveux une fois tous les 3 mois. Cela se fait exclusivement dans les salons de coiffure.  <\/li>\n<\/ul>\n\n<div class=\"wp-block-columns is-layout-flex wp-container-core-columns-is-layout-28f84493 wp-block-columns-is-layout-flex\">\n<div class=\"wp-block-column is-layout-flow wp-block-column-is-layout-flow\" style=\"flex-basis:33.33%\">\n<figure class=\"wp-block-image alignright size-full is-resized\"><img fetchpriority=\"high\" decoding=\"async\" width=\"280\" height=\"210\" src=\"https:\/\/medclinics.com\/wp-content\/uploads\/2023\/12\/luxus-logo-1.webp\" alt=\"\" class=\"wp-image-119607\" style=\"width:193px;height:auto\" srcset=\"https:\/\/medclinics.com\/wp-content\/uploads\/2023\/12\/luxus-logo-1.webp 280w, https:\/\/medclinics.com\/wp-content\/uploads\/2023\/12\/luxus-logo-1-24x18.webp 24w, https:\/\/medclinics.com\/wp-content\/uploads\/2023\/12\/luxus-logo-1-36x27.webp 36w, https:\/\/medclinics.com\/wp-content\/uploads\/2023\/12\/luxus-logo-1-48x36.webp 48w\" sizes=\"(max-width: 280px) 100vw, 280px\" \/><\/figure>\n<\/div>\n\n\n\n<div class=\"wp-block-column is-vertically-aligned-center is-layout-flow wp-block-column-is-layout-flow\" style=\"flex-basis:66.66%\">\n<h3 class=\"wp-block-heading has-text-align-center\"><strong>Obtenez votre extension de cheveux avec  <\/strong><br\/><strong>\u00ab\u00a0Luxus Hair Group\u00a0\u00bb<\/strong><\/h3>\n\n\n\n<p class=\"has-text-align-center\"><em><strong>\u00a0\u00bb Soins capillaires et de beaut\u00e9, le luxe \u00e0 la port\u00e9e de tous ! \u00ab\u00a0<\/strong><\/em><\/p>\n<\/div>\n<\/div>\n\n<div class=\"wp-block-columns is-layout-flex wp-container-core-columns-is-layout-28f84493 wp-block-columns-is-layout-flex\">\n<div class=\"wp-block-column is-layout-flow wp-block-column-is-layout-flow\">\n<div class=\"wp-block-buttons is-content-justification-center is-layout-flex wp-container-core-buttons-is-layout-a89b3969 wp-block-buttons-is-layout-flex\">\n<div class=\"wp-block-button\"><a class=\"wp-block-button__link has-vivid-green-cyan-background-color has-background wp-element-button\" href=\"https:\/\/wa.me\/905322662716?text=From%20MedClinics\" target=\"_blank\" rel=\"noreferrer noopener nofollow\">R\u00e9server en ligne via WhatsApp<\/a><\/div>\n<\/div>\n<\/div>\n<\/div>\n\n<h3 class=\"wp-block-heading\" style=\"font-size:18px\">Tout ce que vous devez savoir sur les <a href=\"https:\/\/medclinics.com\/fr\/operations-non-chirurgicales\/\" target=\"_blank\" rel=\"noreferrer noopener\">op\u00e9rations non chirurgicales<\/a>, y compris le prix et plus encore, ou <a href=\"#requestform\">contactez-nous<\/a>!<\/h3>\n\n<h2 class=\"wp-block-heading\">FAQ <\/h2>\n<div id=\"rank-math-faq\" class=\"rank-math-block\">\n<div class=\"rank-math-list \">\n<div id=\"faq-question-1685005867417\" class=\"rank-math-list-item\">\n<h3 class=\"rank-math-question \">L&rsquo;extension de cheveux est-elle permanente ?<\/h3>\n<div class=\"rank-math-answer \">\n\n<p>Les extensions de cheveux ne sont pas consid\u00e9r\u00e9es comme permanentes, car il s&rsquo;agit d&rsquo;ajouts temporaires aux cheveux naturels. Ils sont g\u00e9n\u00e9ralement fix\u00e9s aux cheveux existants \u00e0 l&rsquo;aide de diff\u00e9rentes m\u00e9thodes, telles que des clips, des rubans, des agents de liaison ou des techniques de tissage. La m\u00e9thode de fixation d\u00e9termine la dur\u00e9e pendant laquelle les extensions de cheveux resteront en place. Si certaines m\u00e9thodes permettent une usure \u00e0 plus long terme, elles n\u00e9cessitent n\u00e9anmoins un entretien r\u00e9gulier et un retrait \u00e9ventuel. La dur\u00e9e de vie des extensions de cheveux peut varier en fonction de facteurs tels que la qualit\u00e9 des extensions, les soins apport\u00e9s et le taux de croissance naturelle des cheveux. En fin de compte, les extensions de cheveux offrent une solution temporaire pour ajouter de la longueur, du volume ou le style d\u00e9sir\u00e9 aux cheveux, offrant ainsi une certaine polyvalence et la possibilit\u00e9 de changer de look \u00e0 volont\u00e9.<\/p>\n\n<\/div>\n<\/div>\n<div id=\"faq-question-1685005876240\" class=\"rank-math-list-item\">\n<h3 class=\"rank-math-question \">Peut-on se laver les cheveux avec des extensions ?<\/h3>\n<div class=\"rank-math-answer \">\n\n<p>Oui, vous pouvez laver vos cheveux avec des extensions. Toutefois, la m\u00e9thode et la fr\u00e9quence peuvent varier en fonction du type d&rsquo;extension. Les extensions \u00e0 clipser doivent \u00eatre retir\u00e9es avant le lavage, tandis que les autres types d&rsquo;extensions peuvent \u00eatre lav\u00e9s avec les extensions en place. Utilisez des produits doux et \u00e9vitez d&rsquo;appliquer des produits lourds directement sur les extensions. Un bon s\u00e9chage est important pour \u00e9viter les probl\u00e8mes li\u00e9s \u00e0 l&rsquo;humidit\u00e9. Suivez les instructions d&rsquo;entretien fournies par votre styliste ou le fabricant pour obtenir les meilleurs r\u00e9sultats.<\/p>\n\n<\/div>\n<\/div>\n<div id=\"faq-question-1685005948999\" class=\"rank-math-list-item\">\n<h3 class=\"rank-math-question \">Les extensions de cheveux peuvent-elles endommager vos cheveux ?<\/h3>\n<div class=\"rank-math-answer \">\n\n<p>Les extensions de cheveux peuvent potentiellement endommager vos cheveux naturels si elles ne sont pas pos\u00e9es ou entretenues correctement. Une mauvaise application, un mauvais retrait et une tension excessive peuvent entra\u00eener des cassures et la perte de cheveux. Des soins inad\u00e9quats, tels que l&rsquo;utilisation de produits incompatibles ou la n\u00e9gligence d&rsquo;un lavage et d&rsquo;un conditionnement ad\u00e9quats, peuvent entra\u00eener la formation de n\u0153uds, l&#8217;emm\u00ealement et le dess\u00e8chement. Pour minimiser les risques de dommages, il est essentiel de consulter un coiffeur r\u00e9put\u00e9 sp\u00e9cialis\u00e9 dans les extensions, de suivre ses conseils sur les m\u00e9thodes de fixation et d&rsquo;entretien, et d&rsquo;utiliser des produits appropri\u00e9s \u00e0 la fois pour vos cheveux naturels et pour les extensions. Des rendez-vous d&rsquo;entretien r\u00e9guliers et une manipulation d\u00e9licate des extensions permettent de pr\u00e9server la sant\u00e9 de vos cheveux naturels tout en profitant des avantages des extensions de cheveux.<\/p>\n\n<\/div>\n<\/div>\n<div id=\"faq-question-1685006019098\" class=\"rank-math-list-item\">\n<h3 class=\"rank-math-question \">Les extensions de cheveux en valent-elles la peine ?<\/h3>\n<div class=\"rank-math-answer \">\n\n<p>La valeur des extensions de cheveux est subjective et d\u00e9pend des pr\u00e9f\u00e9rences et des circonstances individuelles. Pour ceux qui recherchent des cheveux plus longs ou plus volumineux, les extensions de cheveux peuvent \u00eatre un investissement pr\u00e9cieux, car elles apportent instantan\u00e9ment longueur et volume. Ils offrent une grande souplesse d&rsquo;utilisation, permettant de r\u00e9aliser diff\u00e9rentes coiffures et de rehausser l&rsquo;apparence g\u00e9n\u00e9rale. Les extensions de cheveux peuvent \u00eatre particuli\u00e8rement b\u00e9n\u00e9fiques pour les personnes ayant des cheveux fins ou peu \u00e9pais, car elles donnent l&rsquo;impression de cheveux plus \u00e9pais et plus volumineux. Ils offrent \u00e9galement un changement temporaire sans modifier les cheveux de fa\u00e7on permanente.<\/p>\n\n<\/div>\n<\/div>\n<div id=\"faq-question-1685006098473\" class=\"rank-math-list-item\">\n<h3 class=\"rank-math-question \">Les extensions de cheveux sont-elles s\u00fbres ?<\/h3>\n<div class=\"rank-math-answer \">\n\n<p>Lorsqu&rsquo;elles sont pos\u00e9es et entretenues correctement, les extensions de cheveux sont g\u00e9n\u00e9ralement s\u00fbres. Il est essentiel de les faire poser par un styliste professionnel sp\u00e9cialis\u00e9 dans les extensions afin de garantir une bonne fixation et de minimiser le risque d&rsquo;endommager vos cheveux naturels. L&rsquo;utilisation d&rsquo;extensions de haute qualit\u00e9, fabriqu\u00e9es \u00e0 partir de cheveux humains naturels ou de mat\u00e9riaux synth\u00e9tiques de qualit\u00e9 sup\u00e9rieure, contribue \u00e9galement \u00e0 leur s\u00e9curit\u00e9 et \u00e0 leur long\u00e9vit\u00e9. Il est important de suivre les instructions de maintenance et d&rsquo;entretien recommand\u00e9es par votre styliste, et d&rsquo;\u00e9viter d&rsquo;utiliser des produits agressifs ou une chaleur excessive sur les extensions.<\/p>\n\n<\/div>\n<\/div>\n<div id=\"faq-question-1685008015061\" class=\"rank-math-list-item\">\n<h3 class=\"rank-math-question \">Puis-je laver ou colorer mes cheveux imm\u00e9diatement apr\u00e8s la pose d&rsquo;extensions ?<\/h3>\n<div class=\"rank-math-answer \">\n\n<p>Non, vous ne pouvez pas faire cela imm\u00e9diatement apr\u00e8s les extensions de cheveux. Vous ne pouvez le faire que deux jours apr\u00e8s l&rsquo;intervention.<\/p>\n\n<\/div>\n<\/div>\n<div id=\"faq-question-1685008879124\" class=\"rank-math-list-item\">\n<h3 class=\"rank-math-question \">Pourquoi tressez-vous vos cheveux le soir ?<\/h3>\n<div class=\"rank-math-answer \">\n\n<p>La raison en est que les cheveux s&#8217;emm\u00ealent la nuit. C&rsquo;est pourquoi les experts sugg\u00e8rent de tresser vos m\u00e8ches en une tresse ou une queue de cheval l\u00e2che. Cette m\u00e9thode permet non seulement de maintenir les cheveux en place, mais aussi de leur donner une belle ondulation.<\/p>\n\n<\/div>\n<\/div>\n<div id=\"faq-question-1685008907059\" class=\"rank-math-list-item\">\n<h3 class=\"rank-math-question \">Y aura-t-il une g\u00eane, une lourdeur ou des maux de t\u00eate ?<\/h3>\n<div class=\"rank-math-answer \">\n\n<p>Si les extensions de cheveux sont r\u00e9alis\u00e9es correctement d&rsquo;un point de vue technologique, il n&rsquo;y aura pas d&rsquo;inconfort. Par exemple, il est important de ne pas fixer les m\u00e8ches contre le cuir chevelu, et de reculer d&rsquo;environ 0,5 \u00e0 1 cm. La sensation de lourdeur est tout \u00e0 fait naturelle si vous avez port\u00e9 une coiffure l\u00e9g\u00e8re et courte pendant de nombreuses ann\u00e9es et que vous avez d\u00e9cid\u00e9 d&rsquo;allonger vos cheveux.<\/p>\n\n<\/div>\n<\/div>\n<div id=\"faq-question-1685008943857\" class=\"rank-math-list-item\">\n<h3 class=\"rank-math-question \">Puis-je teindre mes extensions de cheveux ?<\/h3>\n<div class=\"rank-math-answer \">\n\n<p>Vous pouvez. Il existe des teintures et des shampooings sp\u00e9ciaux qui peuvent \u00eatre utilis\u00e9s pour donner \u00e0 vos cheveux la bonne teinte. La coloration des racines doit \u00eatre effectu\u00e9e avec soin et doit \u00eatre confi\u00e9e \u00e0 un professionnel. En revanche, il faut \u00e9viter de colorer les fixations pour les brins suppl\u00e9mentaires. Dans le cas des extensions en ruban, par exemple, une mauvaise technique de coloration des racines peut entra\u00eener un ramollissement de la bande de polym\u00e8re.<\/p>\n\n<\/div>\n<\/div>\n<div id=\"faq-question-1685008978182\" class=\"rank-math-list-item\">\n<h3 class=\"rank-math-question \">Quelle est la longueur des extensions de cheveux ?<\/h3>\n<div class=\"rank-math-answer \">\n\n<p>Certaines technologies permettent d&rsquo;allonger les cheveux jusqu&rsquo;\u00e0 70 cm. La longueur minimale des brins suppl\u00e9mentaires est de 15 cm. La longueur optimale des extensions est bas\u00e9e sur la longueur de vos propres cheveux.<\/p>\n\n<\/div>\n<\/div>\n<div id=\"faq-question-1685009008316\" class=\"rank-math-list-item\">\n<h3 class=\"rank-math-question \">Quelle doit \u00eatre la longueur de mes cheveux ?<\/h3>\n<div class=\"rank-math-answer \">\n\n<p>Les cheveux ne doivent pas \u00eatre plus courts que 7 \u00e0 10 cm. Si vos cheveux d&rsquo;origine sont de longueur moyenne (10-15 cm), vous opterez pour une coiffure \u00e0 volume progressif de 50 cm de long avec des extensions. Si vos cheveux d&rsquo;origine sont suffisamment longs (20 cm, par exemple), vous pouvez ajouter des m\u00e8ches suppl\u00e9mentaires de n&rsquo;importe quelle longueur.<\/p>\n\n<\/div>\n<\/div>\n<div id=\"faq-question-1685009036754\" class=\"rank-math-list-item\">\n<h3 class=\"rank-math-question \">Les extensions sont-elles bien fix\u00e9es \u00e0 ma t\u00eate ?<\/h3>\n<div class=\"rank-math-answer \">\n\n<p>Les extensions de cheveux sont fix\u00e9es \u00e0 la t\u00eate d&rsquo;une mani\u00e8re particuli\u00e8re : avec des bandes, des capsules, etc. en fonction de la technologie. La fixation est s\u00fbre et la charge exerc\u00e9e sur vos cheveux est r\u00e9partie de mani\u00e8re \u00e0 ne pas les traumatiser et \u00e0 ne pas sursolliciter les racines. Si vous suivez quelques r\u00e8gles simples, vous pouvez porter vos extensions de cheveux pendant une longue p\u00e9riode, quelques mois, puis les faire corriger et continuer \u00e0 les porter.<\/p>\n\n<\/div>\n<\/div>\n<div id=\"faq-question-1685009064784\" class=\"rank-math-list-item\">\n<h3 class=\"rank-math-question \">Puis-je partir en vacances en mer avec des extensions ?<\/h3>\n<div class=\"rank-math-answer \">\n\n<p>Oui, c&rsquo;est possible. Vous pouvez \u00e9galement vous rendre au sauna et \u00e0 la piscine.<\/p>\n\n<\/div>\n<\/div>\n<div id=\"faq-question-1685009090629\" class=\"rank-math-list-item\">\n<h3 class=\"rank-math-question \">De combien de m\u00e8ches ou de bandes ai-je besoin pour mes extensions de cheveux ?<\/h3>\n<div class=\"rank-math-answer \">\n\n<p>Pour les extensions, les cheveux sont choisis en fonction de la couleur, de la structure, de la longueur souhait\u00e9e et bien s\u00fbr du volume. Chacun d&rsquo;entre nous a son propre volume, son propre nombre et sa propre structure de cheveux. En moyenne, 125 \u00e0 150 m\u00e8ches de cheveux sont n\u00e9cessaires.<\/p>\n\n<\/div>\n<\/div>\n<div id=\"faq-question-1685009120132\" class=\"rank-math-list-item\">\n<h3 class=\"rank-math-question \">Les capsules ou les rubans seront-ils visibles sur la t\u00eate ?<\/h3>\n<div class=\"rank-math-answer \">\n\n<p>Si vous avez des cheveux tr\u00e8s fins et peu abondants, dans une queue de cheval haute, les capsules lat\u00e9rales appara\u00eetront. Mais dans ce cas, il existe de petites astuces pour \u00e9viter cela, par exemple en pla\u00e7ant les capsules de mani\u00e8re \u00e0 ce qu&rsquo;elles ne soient pas visibles. Un ma\u00eetre exp\u00e9riment\u00e9 conna\u00eet ces secrets. Mais si vos cheveux sont courts, vous pouvez renoncer \u00e0 la queue de cheval haute. Mais vous pouvez toujours faire une queue de cheval basse.<\/p>\n\n<\/div>\n<\/div>\n<\/div>\n<\/div>\n<p><\/p>\n\n<h3 class=\"wp-block-heading\">Contactez-nous d\u00e8s maintenant si vous avez des questions !<\/h3>\n","protected":false},"excerpt":{"rendered":"<p>Les extensions de cheveux sont une extension des m\u00e8ches de cheveux d&rsquo;une personne par la fixation de cheveux d&rsquo;un donneur, [&hellip;]<\/p>\n","protected":false},"author":4,"featured_media":92643,"parent":0,"menu_order":0,"comment_status":"closed","ping_status":"closed","template":"","meta":{"site-sidebar-layout":"default","site-content-layout":"","ast-site-content-layout":"default","site-content-style":"default","site-sidebar-style":"default","ast-global-header-display":"","ast-banner-title-visibility":"","ast-main-header-display":"","ast-hfb-above-header-display":"","ast-hfb-below-header-display":"","ast-hfb-mobile-header-display":"","site-post-title":"","ast-breadcrumbs-content":"","ast-featured-img":"","footer-sml-layout":"","ast-disable-related-posts":"","theme-transparent-header-meta":"","adv-header-id-meta":"","stick-header-meta":"","header-above-stick-meta":"","header-main-stick-meta":"","header-below-stick-meta":"","astra-migrate-meta-layouts":"default","ast-page-background-enabled":"default","ast-page-background-meta":{"desktop":{"background-color":"var(--ast-global-color-4)","background-image":"","background-repeat":"repeat","background-position":"center center","background-size":"auto","background-attachment":"scroll","background-type":"","background-media":"","overlay-type":"","overlay-color":"","overlay-opacity":"","overlay-gradient":""},"tablet":{"background-color":"","background-image":"","background-repeat":"repeat","background-position":"center center","background-size":"auto","background-attachment":"scroll","background-type":"","background-media":"","overlay-type":"","overlay-color":"","overlay-opacity":"","overlay-gradient":""},"mobile":{"background-color":"","background-image":"","background-repeat":"repeat","background-position":"center center","background-size":"auto","background-attachment":"scroll","background-type":"","background-media":"","overlay-type":"","overlay-color":"","overlay-opacity":"","overlay-gradient":""}},"ast-content-background-meta":{"desktop":{"background-color":"var(--ast-global-color-5)","background-image":"","background-repeat":"repeat","background-position":"center center","background-size":"auto","background-attachment":"scroll","background-type":"","background-media":"","overlay-type":"","overlay-color":"","overlay-opacity":"","overlay-gradient":""},"tablet":{"background-color":"var(--ast-global-color-5)","background-image":"","background-repeat":"repeat","background-position":"center center","background-size":"auto","background-attachment":"scroll","background-type":"","background-media":"","overlay-type":"","overlay-color":"","overlay-opacity":"","overlay-gradient":""},"mobile":{"background-color":"var(--ast-global-color-5)","background-image":"","background-repeat":"repeat","background-position":"center center","background-size":"auto","background-attachment":"scroll","background-type":"","background-media":"","overlay-type":"","overlay-color":"","overlay-opacity":"","overlay-gradient":""}},"footnotes":""},"class_list":["post-146737","page","type-page","status-publish","has-post-thumbnail","hentry"],"_links":{"self":[{"href":"https:\/\/medclinics.com\/fr\/wp-json\/wp\/v2\/pages\/146737","targetHints":{"allow":["GET"]}}],"collection":[{"href":"https:\/\/medclinics.com\/fr\/wp-json\/wp\/v2\/pages"}],"about":[{"href":"https:\/\/medclinics.com\/fr\/wp-json\/wp\/v2\/types\/page"}],"author":[{"embeddable":true,"href":"https:\/\/medclinics.com\/fr\/wp-json\/wp\/v2\/users\/4"}],"replies":[{"embeddable":true,"href":"https:\/\/medclinics.com\/fr\/wp-json\/wp\/v2\/comments?post=146737"}],"version-history":[{"count":0,"href":"https:\/\/medclinics.com\/fr\/wp-json\/wp\/v2\/pages\/146737\/revisions"}],"wp:featuredmedia":[{"embeddable":true,"href":"https:\/\/medclinics.com\/fr\/wp-json\/wp\/v2\/media\/92643"}],"wp:attachment":[{"href":"https:\/\/medclinics.com\/fr\/wp-json\/wp\/v2\/media?parent=146737"}],"curies":[{"name":"wp","href":"https:\/\/api.w.org\/{rel}","templated":true}]}}