{"id":146711,"date":"2023-05-22T08:44:17","date_gmt":"2023-05-22T05:44:17","guid":{"rendered":"https:\/\/medclinics.com\/la-therapie-par-cellules-souches-en-medecine-regenerative\/"},"modified":"2025-01-24T21:43:44","modified_gmt":"2025-01-24T18:43:44","slug":"la-therapie-par-cellules-souches-en-medecine-regenerative","status":"publish","type":"page","link":"https:\/\/medclinics.com\/fr\/la-therapie-par-cellules-souches-en-medecine-regenerative\/","title":{"rendered":"La th\u00e9rapie par cellules souches en m\u00e9decine r\u00e9g\u00e9n\u00e9rative"},"content":{"rendered":"\n<h2 class=\"wp-block-heading\">Si vous \u00eates \u00e0 la recherche d&rsquo;une avanc\u00e9e r\u00e9volutionnaire dans le domaine des traitements m\u00e9dicaux, la th\u00e9rapie par les cellules souches en m\u00e9decine r\u00e9g\u00e9n\u00e9rative est tr\u00e8s prometteuse.<\/h2>\n\n<p>Bien que la recherche dans le domaine de la th\u00e9rapie par les cellules souches soit encore en cours, ce traitement r\u00e9volutionnaire fait d\u00e9j\u00e0 des progr\u00e8s significatifs dans le domaine de la m\u00e9decine r\u00e9g\u00e9n\u00e9rative.<\/p>\n\n<p>La th\u00e9rapie par cellules souches implique l&rsquo;extraction et la purification de cellules souches, soit \u00e0 partir du corps du patient, soit \u00e0 partir d&rsquo;un donneur. Ces cellules puissantes sont ensuite transplant\u00e9es dans la zone affect\u00e9e, dans le but de restaurer les tissus, les organes ou les cellules endommag\u00e9s.<\/p>\n\n<p>Le potentiel de la th\u00e9rapie par cellules souches s&rsquo;\u00e9tend \u00e0 un large \u00e9ventail de maladies et d&rsquo;affections, y compris, mais sans s&rsquo;y limiter, la leuc\u00e9mie, les l\u00e9sions de la moelle \u00e9pini\u00e8re, le diab\u00e8te, la scl\u00e9rose en plaques, la maladie de Parkinson et le lupus.<\/p>\n\n<p>Gr\u00e2ce \u00e0 sa capacit\u00e9 \u00e0 cibler les causes profondes de ces affections, la <a href=\"https:\/\/en.wikipedia.org\/wiki\/Stem_cell\" target=\"_blank\" rel=\"noreferrer noopener\">th\u00e9rapie par les cellules souches<\/a> promet de transformer le paysage des traitements m\u00e9dicaux et d&rsquo;offrir de l&rsquo;espoir \u00e0 d&rsquo;innombrables personnes qui ont besoin de gu\u00e9rir et de se r\u00e9tablir.<\/p>\n\n<h3 class=\"wp-block-heading\">Tout ce que vous devez savoir sur la <a href=\"https:\/\/medclinics.com\/fr\/stem-cell-therapy-2\/\" target=\"_blank\" rel=\"noreferrer noopener\">th\u00e9rapie \u00e0 base de cellules souches<\/a> est ici, <a href=\"#requestform\">contactez-nous<\/a>!<\/h3>\n\n<figure class=\"wp-block-image size-full\"><img fetchpriority=\"high\" decoding=\"async\" width=\"960\" height=\"540\" class=\"wp-image-97456\" src=\"https:\/\/medclinics.com\/wp-content\/uploads\/2023\/07\/stem-cell-therapy-in-regenerative-medicine-near-me-1.jpg\" alt=\"Th&#xE9;rapie par cellules souches en m&#xE9;decine r&#xE9;g&#xE9;n&#xE9;rative pr&#xE8;s de chez moi\" srcset=\"https:\/\/medclinics.com\/wp-content\/uploads\/2023\/07\/stem-cell-therapy-in-regenerative-medicine-near-me-1.jpg 960w, https:\/\/medclinics.com\/wp-content\/uploads\/2023\/07\/stem-cell-therapy-in-regenerative-medicine-near-me-1-500x281.jpg 500w, https:\/\/medclinics.com\/wp-content\/uploads\/2023\/07\/stem-cell-therapy-in-regenerative-medicine-near-me-1-768x432.jpg 768w, https:\/\/medclinics.com\/wp-content\/uploads\/2023\/07\/stem-cell-therapy-in-regenerative-medicine-near-me-1-24x14.jpg 24w, https:\/\/medclinics.com\/wp-content\/uploads\/2023\/07\/stem-cell-therapy-in-regenerative-medicine-near-me-1-36x20.jpg 36w, https:\/\/medclinics.com\/wp-content\/uploads\/2023\/07\/stem-cell-therapy-in-regenerative-medicine-near-me-1-48x27.jpg 48w\" sizes=\"(max-width: 960px) 100vw, 960px\" \/><\/figure>\n\n<h2 class=\"wp-block-heading\">FAQ<\/h2>\n<div id=\"rank-math-faq\" class=\"rank-math-block\">\n<div class=\"rank-math-list \">\n<div id=\"faq-question-1685003707204\" class=\"rank-math-list-item\">\n<h3 class=\"rank-math-question \">Qu&rsquo;est-ce que la th\u00e9rapie par cellules souches en m\u00e9decine r\u00e9g\u00e9n\u00e9rative ?<\/h3>\n<div class=\"rank-math-answer \">\n\n<p>La th\u00e9rapie par cellules souches en m\u00e9decine r\u00e9g\u00e9n\u00e9rative utilise les cellules souches pour favoriser la r\u00e9paration et la r\u00e9g\u00e9n\u00e9ration des tissus. Les cellules souches, obtenues \u00e0 partir du patient ou d&rsquo;un donneur, sont transplant\u00e9es dans les tissus ou organes endommag\u00e9s. Elles ont la capacit\u00e9 de se diff\u00e9rencier en divers types de cellules, contribuant ainsi au processus de gu\u00e9rison. La th\u00e9rapie par cellules souches en m\u00e9decine r\u00e9g\u00e9n\u00e9rative est prometteuse pour le traitement des blessures, des maladies d\u00e9g\u00e9n\u00e9ratives, des troubles auto-immuns et des l\u00e9sions organiques. Les recherches en cours visent \u00e0 am\u00e9liorer le potentiel th\u00e9rapeutique des cellules souches et \u00e0 \u00e9tendre leurs applications en m\u00e9decine r\u00e9g\u00e9n\u00e9rative.<\/p>\n\n<\/div>\n<\/div>\n<div id=\"faq-question-1685003892451\" class=\"rank-math-list-item\">\n<h3 class=\"rank-math-question \">Comment fonctionne la th\u00e9rapie par cellules souches en m\u00e9decine r\u00e9g\u00e9n\u00e9rative ?<\/h3>\n<div class=\"rank-math-answer \">\n\n<p>La th\u00e9rapie par cellules souches en m\u00e9decine r\u00e9g\u00e9n\u00e9rative utilise les caract\u00e9ristiques uniques des cellules souches pour faciliter la r\u00e9paration et la r\u00e9g\u00e9n\u00e9ration des tissus dans l&rsquo;organisme. Le processus consiste \u00e0 obtenir des cellules souches \u00e0 partir de sources telles que la moelle osseuse, le tissu adipeux ou le tissu embryonnaire, soit du patient, soit d&rsquo;un donneur. Une fois r\u00e9colt\u00e9es, les cellules souches sont soigneusement trait\u00e9es et purifi\u00e9es pour garantir leur qualit\u00e9 et \u00e9liminer les impuret\u00e9s. Ils sont ensuite transplant\u00e9s dans la zone du corps cibl\u00e9e, soit par des injections, des perfusions ou des proc\u00e9dures chirurgicales. Une fois transplant\u00e9es, les cellules souches ont la remarquable capacit\u00e9 de migrer vers la zone endommag\u00e9e ou affect\u00e9e. L\u00e0, elles peuvent se diff\u00e9rencier en types de cellules sp\u00e9cifiques et s&rsquo;int\u00e9grer au tissu existant. Ce processus stimule la croissance de nouvelles cellules, favorise la r\u00e9paration des tissus et r\u00e9duit l&rsquo;inflammation. Les effets r\u00e9g\u00e9n\u00e9rateurs des cellules souches transplant\u00e9es aident \u00e0 restaurer la fonctionnalit\u00e9, \u00e0 am\u00e9liorer l&rsquo;\u00e9tat g\u00e9n\u00e9ral et \u00e0 soutenir les processus naturels de gu\u00e9rison de l&rsquo;organisme. Les recherches en cours et les progr\u00e8s r\u00e9alis\u00e9s dans le domaine de la th\u00e9rapie par les cellules souches continuent d&rsquo;affiner les techniques et d&rsquo;optimiser les r\u00e9sultats, \u00e9largissant ainsi les possibilit\u00e9s de la m\u00e9decine r\u00e9g\u00e9n\u00e9ratrice.<\/p>\n\n<\/div>\n<\/div>\n<\/div>\n<\/div>\n<p>\u00a0<\/p>\n\n<h3 class=\"wp-block-heading\">Contactez-nous d\u00e8s maintenant si vous avez des questions !<\/h3>\n","protected":false},"excerpt":{"rendered":"<p>Si vous \u00eates \u00e0 la recherche d&rsquo;une avanc\u00e9e r\u00e9volutionnaire dans le domaine des traitements m\u00e9dicaux, la th\u00e9rapie par les cellules [&hellip;]<\/p>\n","protected":false},"author":4,"featured_media":91998,"parent":0,"menu_order":0,"comment_status":"closed","ping_status":"closed","template":"","meta":{"site-sidebar-layout":"default","site-content-layout":"","ast-site-content-layout":"default","site-content-style":"default","site-sidebar-style":"default","ast-global-header-display":"","ast-banner-title-visibility":"","ast-main-header-display":"","ast-hfb-above-header-display":"","ast-hfb-below-header-display":"","ast-hfb-mobile-header-display":"","site-post-title":"","ast-breadcrumbs-content":"","ast-featured-img":"","footer-sml-layout":"","ast-disable-related-posts":"","theme-transparent-header-meta":"","adv-header-id-meta":"","stick-header-meta":"","header-above-stick-meta":"","header-main-stick-meta":"","header-below-stick-meta":"","astra-migrate-meta-layouts":"default","ast-page-background-enabled":"default","ast-page-background-meta":{"desktop":{"background-color":"var(--ast-global-color-4)","background-image":"","background-repeat":"repeat","background-position":"center center","background-size":"auto","background-attachment":"scroll","background-type":"","background-media":"","overlay-type":"","overlay-color":"","overlay-opacity":"","overlay-gradient":""},"tablet":{"background-color":"","background-image":"","background-repeat":"repeat","background-position":"center center","background-size":"auto","background-attachment":"scroll","background-type":"","background-media":"","overlay-type":"","overlay-color":"","overlay-opacity":"","overlay-gradient":""},"mobile":{"background-color":"","background-image":"","background-repeat":"repeat","background-position":"center center","background-size":"auto","background-attachment":"scroll","background-type":"","background-media":"","overlay-type":"","overlay-color":"","overlay-opacity":"","overlay-gradient":""}},"ast-content-background-meta":{"desktop":{"background-color":"var(--ast-global-color-5)","background-image":"","background-repeat":"repeat","background-position":"center center","background-size":"auto","background-attachment":"scroll","background-type":"","background-media":"","overlay-type":"","overlay-color":"","overlay-opacity":"","overlay-gradient":""},"tablet":{"background-color":"var(--ast-global-color-5)","background-image":"","background-repeat":"repeat","background-position":"center center","background-size":"auto","background-attachment":"scroll","background-type":"","background-media":"","overlay-type":"","overlay-color":"","overlay-opacity":"","overlay-gradient":""},"mobile":{"background-color":"var(--ast-global-color-5)","background-image":"","background-repeat":"repeat","background-position":"center center","background-size":"auto","background-attachment":"scroll","background-type":"","background-media":"","overlay-type":"","overlay-color":"","overlay-opacity":"","overlay-gradient":""}},"footnotes":""},"class_list":["post-146711","page","type-page","status-publish","has-post-thumbnail","hentry"],"_links":{"self":[{"href":"https:\/\/medclinics.com\/fr\/wp-json\/wp\/v2\/pages\/146711","targetHints":{"allow":["GET"]}}],"collection":[{"href":"https:\/\/medclinics.com\/fr\/wp-json\/wp\/v2\/pages"}],"about":[{"href":"https:\/\/medclinics.com\/fr\/wp-json\/wp\/v2\/types\/page"}],"author":[{"embeddable":true,"href":"https:\/\/medclinics.com\/fr\/wp-json\/wp\/v2\/users\/4"}],"replies":[{"embeddable":true,"href":"https:\/\/medclinics.com\/fr\/wp-json\/wp\/v2\/comments?post=146711"}],"version-history":[{"count":0,"href":"https:\/\/medclinics.com\/fr\/wp-json\/wp\/v2\/pages\/146711\/revisions"}],"wp:featuredmedia":[{"embeddable":true,"href":"https:\/\/medclinics.com\/fr\/wp-json\/wp\/v2\/media\/91998"}],"wp:attachment":[{"href":"https:\/\/medclinics.com\/fr\/wp-json\/wp\/v2\/media?parent=146711"}],"curies":[{"name":"wp","href":"https:\/\/api.w.org\/{rel}","templated":true}]}}