{"id":146699,"date":"2023-05-23T08:24:33","date_gmt":"2023-05-23T05:24:33","guid":{"rendered":"https:\/\/medclinics.com\/la-therapie-par-les-cellules-souches-dans-les-cosmetiques\/"},"modified":"2025-01-03T01:45:03","modified_gmt":"2025-01-02T22:45:03","slug":"la-therapie-par-les-cellules-souches-dans-les-cosmetiques","status":"publish","type":"page","link":"https:\/\/medclinics.com\/fr\/la-therapie-par-les-cellules-souches-dans-les-cosmetiques\/","title":{"rendered":"La th\u00e9rapie par les cellules souches dans les cosm\u00e9tiques"},"content":{"rendered":"\n<h2 class=\"wp-block-heading\">Si vous \u00eates \u00e0 la recherche des possibilit\u00e9s illimit\u00e9es de la th\u00e9rapie par les cellules souches dans le domaine de la cosm\u00e9tique, vous \u00eates au bon endroit.<\/h2>\n\n<p>La th\u00e9rapie par les cellules souches en cosm\u00e9tique constitue une solution remarquable pour am\u00e9liorer l&rsquo;hydratation, la tonicit\u00e9 et l&rsquo;\u00e9lasticit\u00e9 de la peau. En s&rsquo;appuyant sur les propri\u00e9t\u00e9s r\u00e9g\u00e9n\u00e9ratrices des cellules souches, cette th\u00e9rapie de pointe peut revitaliser les peaux vieillissantes ou ab\u00eem\u00e9es, en les r\u00e9hydratant et en leur donnant un teint souple et \u00e9clatant.  <\/p>\n\n<p>En outre, les <a href=\"https:\/\/en.wikipedia.org\/wiki\/Stem_cell\" target=\"_blank\" rel=\"noreferrer noopener\">cellules souches<\/a> stimulent la production de collag\u00e8ne et d&rsquo;\u00e9lastine, am\u00e9liorant ainsi la tonicit\u00e9 et la fermet\u00e9 de la peau pour une apparence plus jeune et plus r\u00e9sistante. Avec des potentiels inexploit\u00e9s qui attendent d&rsquo;\u00eatre explor\u00e9s, la th\u00e9rapie par les cellules souches dans les cosm\u00e9tiques ouvre la voie \u00e0 des avanc\u00e9es transformatrices.<\/p>\n\n<p>Alors que les chercheurs continuent de d\u00e9couvrir tous les avantages, les possibilit\u00e9s de la th\u00e9rapie par les cellules souches en cosm\u00e9tique sont illimit\u00e9es. Profitez de cette incroyable avanc\u00e9e et n&rsquo;oubliez pas de consulter nos experts pour les d\u00e9veloppements extraordinaires \u00e0 venir !<\/p>\n\n<h3 class=\"wp-block-heading\">Tout ce que vous devez savoir sur la <a href=\"https:\/\/medclinics.com\/fr\/stem-cell-therapy-2\/\" target=\"_blank\" rel=\"noreferrer noopener\">th\u00e9rapie par les cellules souches<\/a> se trouve ici, <a href=\"#requestform\">contactez-nous<\/a> maintenant !<\/h3>\n\n<figure class=\"wp-block-image size-full\"><img fetchpriority=\"high\" decoding=\"async\" width=\"960\" height=\"540\" src=\"https:\/\/medclinics.com\/wp-content\/uploads\/2023\/07\/stem-cell-therapy-in-cosmetics-near-me.jpg\" alt=\"La th&#xE9;rapie par les cellules souches dans les cosm&#xE9;tiques pr&#xE8;s de chez moi\" class=\"wp-image-97414\" srcset=\"https:\/\/medclinics.com\/wp-content\/uploads\/2023\/07\/stem-cell-therapy-in-cosmetics-near-me.jpg 960w, https:\/\/medclinics.com\/wp-content\/uploads\/2023\/07\/stem-cell-therapy-in-cosmetics-near-me-500x281.jpg 500w, https:\/\/medclinics.com\/wp-content\/uploads\/2023\/07\/stem-cell-therapy-in-cosmetics-near-me-768x432.jpg 768w, https:\/\/medclinics.com\/wp-content\/uploads\/2023\/07\/stem-cell-therapy-in-cosmetics-near-me-24x14.jpg 24w, https:\/\/medclinics.com\/wp-content\/uploads\/2023\/07\/stem-cell-therapy-in-cosmetics-near-me-36x20.jpg 36w, https:\/\/medclinics.com\/wp-content\/uploads\/2023\/07\/stem-cell-therapy-in-cosmetics-near-me-48x27.jpg 48w\" sizes=\"(max-width: 960px) 100vw, 960px\" \/><\/figure>\n\n<h2 class=\"wp-block-heading\">FAQ  <\/h2>\n<div id=\"rank-math-faq\" class=\"rank-math-block\">\n<div class=\"rank-math-list \">\n<div id=\"faq-question-1685002520472\" class=\"rank-math-list-item\">\n<h3 class=\"rank-math-question \">Les cellules souches sont-elles utilis\u00e9es dans les cosm\u00e9tiques ?<\/h3>\n<div class=\"rank-math-answer \">\n\n<p>Oui, les cellules souches sont effectivement utilis\u00e9es dans les produits cosm\u00e9tiques. La technologie des cellules souches a attir\u00e9 l&rsquo;attention de l&rsquo;industrie cosm\u00e9tique en raison de ses propri\u00e9t\u00e9s r\u00e9g\u00e9n\u00e9ratrices potentielles. Les cellules souches v\u00e9g\u00e9tales d\u00e9riv\u00e9es de sources telles que la pomme, le raisin ou l&rsquo;edelweiss sont couramment utilis\u00e9es dans les produits de soins de la peau. Ces cellules souches sont cens\u00e9es poss\u00e9der des propri\u00e9t\u00e9s antioxydantes et ont la capacit\u00e9 de prot\u00e9ger et de r\u00e9parer la peau des dommages caus\u00e9s par l&rsquo;environnement. En incorporant des cellules souches dans des formules cosm\u00e9tiques, les fabricants cherchent \u00e0 stimuler la production de collag\u00e8ne, \u00e0 r\u00e9duire l&rsquo;apparence des rides et ridules et \u00e0 am\u00e9liorer la texture et le teint de la peau.<\/p>\n\n<\/div>\n<\/div>\n<div id=\"faq-question-1685002653278\" class=\"rank-math-list-item\">\n<h3 class=\"rank-math-question \">Les cellules souches sont-elles s\u00fbres pour les soins de la peau ?<\/h3>\n<div class=\"rank-math-answer \">\n\n<p>La s\u00e9curit\u00e9 de l&rsquo;utilisation des cellules souches dans les soins de la peau est encore \u00e0 l&rsquo;\u00e9tude. Les cellules souches d&rsquo;origine v\u00e9g\u00e9tale utilis\u00e9es dans les produits de soin de la peau sont g\u00e9n\u00e9ralement consid\u00e9r\u00e9es comme s\u00fbres, mais la s\u00e9curit\u00e9 d&rsquo;autres types de cellules souches, telles que les cellules souches d&rsquo;origine humaine, fait encore l&rsquo;objet d&rsquo;\u00e9tudes. Les agences de r\u00e9glementation contr\u00f4lent les all\u00e9gations des fabricants de cosm\u00e9tiques et il est important de rechercher des produits qui ont \u00e9t\u00e9 soumis \u00e0 des tests de s\u00e9curit\u00e9 et qui r\u00e9pondent aux lignes directrices.  <\/p>\n\n<\/div>\n<\/div>\n<\/div>\n<\/div>\n<p><\/p>\n\n<h3 class=\"wp-block-heading\">Contactez-nous d\u00e8s maintenant si vous avez des questions !<\/h3>\n","protected":false},"excerpt":{"rendered":"<p>Si vous \u00eates \u00e0 la recherche des possibilit\u00e9s illimit\u00e9es de la th\u00e9rapie par les cellules souches dans le domaine de [&hellip;]<\/p>\n","protected":false},"author":4,"featured_media":91967,"parent":0,"menu_order":0,"comment_status":"closed","ping_status":"closed","template":"","meta":{"site-sidebar-layout":"default","site-content-layout":"","ast-site-content-layout":"default","site-content-style":"default","site-sidebar-style":"default","ast-global-header-display":"","ast-banner-title-visibility":"","ast-main-header-display":"","ast-hfb-above-header-display":"","ast-hfb-below-header-display":"","ast-hfb-mobile-header-display":"","site-post-title":"","ast-breadcrumbs-content":"","ast-featured-img":"","footer-sml-layout":"","ast-disable-related-posts":"","theme-transparent-header-meta":"","adv-header-id-meta":"","stick-header-meta":"","header-above-stick-meta":"","header-main-stick-meta":"","header-below-stick-meta":"","astra-migrate-meta-layouts":"default","ast-page-background-enabled":"default","ast-page-background-meta":{"desktop":{"background-color":"var(--ast-global-color-4)","background-image":"","background-repeat":"repeat","background-position":"center center","background-size":"auto","background-attachment":"scroll","background-type":"","background-media":"","overlay-type":"","overlay-color":"","overlay-opacity":"","overlay-gradient":""},"tablet":{"background-color":"","background-image":"","background-repeat":"repeat","background-position":"center center","background-size":"auto","background-attachment":"scroll","background-type":"","background-media":"","overlay-type":"","overlay-color":"","overlay-opacity":"","overlay-gradient":""},"mobile":{"background-color":"","background-image":"","background-repeat":"repeat","background-position":"center center","background-size":"auto","background-attachment":"scroll","background-type":"","background-media":"","overlay-type":"","overlay-color":"","overlay-opacity":"","overlay-gradient":""}},"ast-content-background-meta":{"desktop":{"background-color":"var(--ast-global-color-5)","background-image":"","background-repeat":"repeat","background-position":"center center","background-size":"auto","background-attachment":"scroll","background-type":"","background-media":"","overlay-type":"","overlay-color":"","overlay-opacity":"","overlay-gradient":""},"tablet":{"background-color":"var(--ast-global-color-5)","background-image":"","background-repeat":"repeat","background-position":"center center","background-size":"auto","background-attachment":"scroll","background-type":"","background-media":"","overlay-type":"","overlay-color":"","overlay-opacity":"","overlay-gradient":""},"mobile":{"background-color":"var(--ast-global-color-5)","background-image":"","background-repeat":"repeat","background-position":"center center","background-size":"auto","background-attachment":"scroll","background-type":"","background-media":"","overlay-type":"","overlay-color":"","overlay-opacity":"","overlay-gradient":""}},"footnotes":""},"class_list":["post-146699","page","type-page","status-publish","has-post-thumbnail","hentry"],"_links":{"self":[{"href":"https:\/\/medclinics.com\/fr\/wp-json\/wp\/v2\/pages\/146699","targetHints":{"allow":["GET"]}}],"collection":[{"href":"https:\/\/medclinics.com\/fr\/wp-json\/wp\/v2\/pages"}],"about":[{"href":"https:\/\/medclinics.com\/fr\/wp-json\/wp\/v2\/types\/page"}],"author":[{"embeddable":true,"href":"https:\/\/medclinics.com\/fr\/wp-json\/wp\/v2\/users\/4"}],"replies":[{"embeddable":true,"href":"https:\/\/medclinics.com\/fr\/wp-json\/wp\/v2\/comments?post=146699"}],"version-history":[{"count":0,"href":"https:\/\/medclinics.com\/fr\/wp-json\/wp\/v2\/pages\/146699\/revisions"}],"wp:featuredmedia":[{"embeddable":true,"href":"https:\/\/medclinics.com\/fr\/wp-json\/wp\/v2\/media\/91967"}],"wp:attachment":[{"href":"https:\/\/medclinics.com\/fr\/wp-json\/wp\/v2\/media?parent=146699"}],"curies":[{"name":"wp","href":"https:\/\/api.w.org\/{rel}","templated":true}]}}