{"id":146687,"date":"2023-05-23T07:38:19","date_gmt":"2023-05-23T04:38:19","guid":{"rendered":"https:\/\/medclinics.com\/transfert-intratubaire-de-gametes-gift\/"},"modified":"2025-01-02T16:23:36","modified_gmt":"2025-01-02T13:23:36","slug":"transfert-intratubaire-de-gametes-gift","status":"publish","type":"page","link":"https:\/\/medclinics.com\/fr\/transfert-intratubaire-de-gametes-gift\/","title":{"rendered":"Transfert intratubaire de gam\u00e8tes (GIFT)"},"content":{"rendered":"\n<h2 class=\"wp-block-heading\">Poursuivez votre lecture pour d\u00e9couvrir tout ce que vous devez savoir sur GIFT.<\/h2>\n\n<p>GIFT est l&rsquo;abr\u00e9viation de transfert intratubaire de gam\u00e8tes. Il s&rsquo;agit d&rsquo;un m\u00e9lange d&rsquo;ins\u00e9mination et de <a href=\"https:\/\/en.wikipedia.org\/wiki\/In_vitro_fertilisation\" target=\"_blank\" rel=\"noreferrer noopener\">f\u00e9condation in vitro<\/a>.<\/p>\n\n<p>Cette m\u00e9thode est souvent utilis\u00e9e lorsque la cause de l&rsquo;infertilit\u00e9 ne peut \u00eatre d\u00e9termin\u00e9e. Cette m\u00e9thode convient \u00e9galement lorsque des tissus semblables \u00e0 l&rsquo;endom\u00e8tre se sont d\u00e9pos\u00e9s \u00e0 l&rsquo;ext\u00e9rieur de l&rsquo;ut\u00e9rus.<\/p>\n\n<p>L&rsquo;ovulation de la femme est \u00e9galement d\u00e9clench\u00e9e \u00e0 ce stade \u00e0 l&rsquo;aide d&rsquo;hormones.<br\/>Le sperme est pr\u00e9lev\u00e9 sur le partenaire masculin.<br\/>Le sperme et les ovules sont ensuite transf\u00e9r\u00e9s s\u00e9par\u00e9ment dans les trompes de Fallope.<br\/>La f\u00e9condation proprement dite des ovules a lieu dans les trompes de Fallope. L&rsquo;\u0153uf migre ensuite naturellement vers l&rsquo;ut\u00e9rus et s&rsquo;y nidifie.<\/p>\n\n<p><strong>Le taux de r\u00e9ussite est d&rsquo;environ 20 %.<\/strong><\/p>\n\n<h3 class=\"wp-block-heading\">Tout ce que vous devez savoir sur la <a href=\"https:\/\/medclinics.com\/fr\/fiv\/\" target=\"_blank\" rel=\"noreferrer noopener\">f\u00e9condation in vitro<\/a>, y compris les soins et le processus de gu\u00e9rison, ou <a href=\"#requestform\">contactez-nous<\/a>!<\/h3>\n\n<figure class=\"wp-block-image size-full\"><img fetchpriority=\"high\" decoding=\"async\" width=\"960\" height=\"540\" src=\"https:\/\/medclinics.com\/wp-content\/uploads\/2023\/07\/intratubal-gamete-transfer-near-me.jpg\" alt=\"Transfert intratubaire de gam&#xE8;tes (GIFT) pr&#xE8;s de chez moi Istanbul\" class=\"wp-image-97432\" srcset=\"https:\/\/medclinics.com\/wp-content\/uploads\/2023\/07\/intratubal-gamete-transfer-near-me.jpg 960w, https:\/\/medclinics.com\/wp-content\/uploads\/2023\/07\/intratubal-gamete-transfer-near-me-500x281.jpg 500w, https:\/\/medclinics.com\/wp-content\/uploads\/2023\/07\/intratubal-gamete-transfer-near-me-768x432.jpg 768w, https:\/\/medclinics.com\/wp-content\/uploads\/2023\/07\/intratubal-gamete-transfer-near-me-24x14.jpg 24w, https:\/\/medclinics.com\/wp-content\/uploads\/2023\/07\/intratubal-gamete-transfer-near-me-36x20.jpg 36w, https:\/\/medclinics.com\/wp-content\/uploads\/2023\/07\/intratubal-gamete-transfer-near-me-48x27.jpg 48w\" sizes=\"(max-width: 960px) 100vw, 960px\" \/><\/figure>\n\n<h2 class=\"wp-block-heading\">FAQ<\/h2>\n<div id=\"rank-math-faq\" class=\"rank-math-block\">\n<div class=\"rank-math-list \">\n<div id=\"faq-question-1684999618844\" class=\"rank-math-list-item\">\n<h3 class=\"rank-math-question \">Qu&rsquo;est-ce qu&rsquo;un transfert de gam\u00e8tes ?<\/h3>\n<div class=\"rank-math-answer \">\n\n<p>Le transfert de gam\u00e8tes d\u00e9signe le processus de transfert d&rsquo;ovules ou de spermatozo\u00efdes d&rsquo;un individu \u00e0 un autre \u00e0 des fins de reproduction. Il est couramment utilis\u00e9 dans les techniques de procr\u00e9ation assist\u00e9e pour faciliter la f\u00e9condation et la grossesse. Le transfert d&rsquo;ovocytes consiste \u00e0 transf\u00e9rer des ovules dans l&rsquo;ut\u00e9rus d&rsquo;une autre femme, tandis que le transfert de spermatozo\u00efdes consiste \u00e0 transf\u00e9rer des spermatozo\u00efdes \u00e0 une receveuse en vue d&rsquo;une ins\u00e9mination ou d&rsquo;une proc\u00e9dure de procr\u00e9ation assist\u00e9e. Ces techniques offrent des options aux personnes et aux couples confront\u00e9s \u00e0 l&rsquo;infertilit\u00e9 ou \u00e0 des probl\u00e8mes de reproduction.<\/p>\n\n<\/div>\n<\/div>\n<div id=\"faq-question-1684999620877\" class=\"rank-math-list-item\">\n<h3 class=\"rank-math-question \">Qu&rsquo;est-ce que le transfert intrafallopien de gam\u00e8tes (GIFT) ?<\/h3>\n<div class=\"rank-math-answer \">\n\n<p>Le transfert intrafallopien de gam\u00e8tes est une technique de traitement de la fertilit\u00e9 qui implique le transfert d&rsquo;ovules et de spermatozo\u00efdes dans les trompes de Fallope, ce qui permet \u00e0 la f\u00e9condation de se produire naturellement \u00e0 l&rsquo;int\u00e9rieur du corps de la femme. Il s&rsquo;agit d&rsquo;une alternative \u00e0 la f\u00e9condation in vitro (FIV), o\u00f9 la f\u00e9condation a lieu en dehors du corps dans un laboratoire.<\/p>\n\n<\/div>\n<\/div>\n<div id=\"faq-question-1684999746357\" class=\"rank-math-list-item\">\n<h3 class=\"rank-math-question \">Qu&rsquo;est-ce que le GIFT par rapport \u00e0 la FIV ?<\/h3>\n<div class=\"rank-math-answer \">\n\n<p>Le GIFT et la FIV sont tous deux des options de traitement de la fertilit\u00e9, mais ils diff\u00e8rent par la mani\u00e8re dont la f\u00e9condation a lieu et par l&rsquo;endroit o\u00f9 elle a lieu. Dans le cadre du GIFT, les ovules et les spermatozo\u00efdes sont combin\u00e9s en laboratoire, puis transf\u00e9r\u00e9s dans les trompes de Fallope de la femme, ce qui permet \u00e0 la f\u00e9condation de se produire naturellement dans l&rsquo;organisme. D&rsquo;autre part, la FIV consiste \u00e0 f\u00e9conder des ovules avec des spermatozo\u00efdes en laboratoire. Les embryons qui en r\u00e9sultent sont ensuite cultiv\u00e9s avant d&rsquo;\u00eatre transf\u00e9r\u00e9s dans l&rsquo;ut\u00e9rus de la femme. Le GIFT convient aux couples dont la fonction spermatique est normale et dont les trompes de Fallope sont perm\u00e9ables, tandis que la FIV est une option plus polyvalente pour divers probl\u00e8mes de fertilit\u00e9, notamment l&rsquo;obstruction des trompes de Fallope, le faible nombre de spermatozo\u00efdes ou l&rsquo;\u00e2ge maternel avanc\u00e9. Le choix entre le GIFT et la FIV d\u00e9pend des circonstances individuelles et des recommandations d&rsquo;un sp\u00e9cialiste de la fertilit\u00e9.<\/p>\n\n<\/div>\n<\/div>\n<\/div>\n<\/div>\n<p>\u00a0<\/p>\n\n<h3 class=\"wp-block-heading\">Contactez-nous d\u00e8s maintenant si vous avez des questions !<\/h3>\n","protected":false},"excerpt":{"rendered":"<p>Poursuivez votre lecture pour d\u00e9couvrir tout ce que vous devez savoir sur GIFT. GIFT est l&rsquo;abr\u00e9viation de transfert intratubaire de [&hellip;]<\/p>\n","protected":false},"author":4,"featured_media":91627,"parent":0,"menu_order":0,"comment_status":"closed","ping_status":"closed","template":"","meta":{"site-sidebar-layout":"default","site-content-layout":"","ast-site-content-layout":"default","site-content-style":"default","site-sidebar-style":"default","ast-global-header-display":"","ast-banner-title-visibility":"","ast-main-header-display":"","ast-hfb-above-header-display":"","ast-hfb-below-header-display":"","ast-hfb-mobile-header-display":"","site-post-title":"","ast-breadcrumbs-content":"","ast-featured-img":"","footer-sml-layout":"","ast-disable-related-posts":"","theme-transparent-header-meta":"","adv-header-id-meta":"","stick-header-meta":"","header-above-stick-meta":"","header-main-stick-meta":"","header-below-stick-meta":"","astra-migrate-meta-layouts":"default","ast-page-background-enabled":"default","ast-page-background-meta":{"desktop":{"background-color":"var(--ast-global-color-4)","background-image":"","background-repeat":"repeat","background-position":"center center","background-size":"auto","background-attachment":"scroll","background-type":"","background-media":"","overlay-type":"","overlay-color":"","overlay-opacity":"","overlay-gradient":""},"tablet":{"background-color":"","background-image":"","background-repeat":"repeat","background-position":"center center","background-size":"auto","background-attachment":"scroll","background-type":"","background-media":"","overlay-type":"","overlay-color":"","overlay-opacity":"","overlay-gradient":""},"mobile":{"background-color":"","background-image":"","background-repeat":"repeat","background-position":"center center","background-size":"auto","background-attachment":"scroll","background-type":"","background-media":"","overlay-type":"","overlay-color":"","overlay-opacity":"","overlay-gradient":""}},"ast-content-background-meta":{"desktop":{"background-color":"var(--ast-global-color-5)","background-image":"","background-repeat":"repeat","background-position":"center center","background-size":"auto","background-attachment":"scroll","background-type":"","background-media":"","overlay-type":"","overlay-color":"","overlay-opacity":"","overlay-gradient":""},"tablet":{"background-color":"var(--ast-global-color-5)","background-image":"","background-repeat":"repeat","background-position":"center center","background-size":"auto","background-attachment":"scroll","background-type":"","background-media":"","overlay-type":"","overlay-color":"","overlay-opacity":"","overlay-gradient":""},"mobile":{"background-color":"var(--ast-global-color-5)","background-image":"","background-repeat":"repeat","background-position":"center center","background-size":"auto","background-attachment":"scroll","background-type":"","background-media":"","overlay-type":"","overlay-color":"","overlay-opacity":"","overlay-gradient":""}},"footnotes":""},"class_list":["post-146687","page","type-page","status-publish","has-post-thumbnail","hentry"],"_links":{"self":[{"href":"https:\/\/medclinics.com\/fr\/wp-json\/wp\/v2\/pages\/146687","targetHints":{"allow":["GET"]}}],"collection":[{"href":"https:\/\/medclinics.com\/fr\/wp-json\/wp\/v2\/pages"}],"about":[{"href":"https:\/\/medclinics.com\/fr\/wp-json\/wp\/v2\/types\/page"}],"author":[{"embeddable":true,"href":"https:\/\/medclinics.com\/fr\/wp-json\/wp\/v2\/users\/4"}],"replies":[{"embeddable":true,"href":"https:\/\/medclinics.com\/fr\/wp-json\/wp\/v2\/comments?post=146687"}],"version-history":[{"count":0,"href":"https:\/\/medclinics.com\/fr\/wp-json\/wp\/v2\/pages\/146687\/revisions"}],"wp:featuredmedia":[{"embeddable":true,"href":"https:\/\/medclinics.com\/fr\/wp-json\/wp\/v2\/media\/91627"}],"wp:attachment":[{"href":"https:\/\/medclinics.com\/fr\/wp-json\/wp\/v2\/media?parent=146687"}],"curies":[{"name":"wp","href":"https:\/\/api.w.org\/{rel}","templated":true}]}}