{"id":146675,"date":"2023-05-21T07:19:26","date_gmt":"2023-05-21T04:19:26","guid":{"rendered":"https:\/\/medclinics.com\/injection-intracytoplasmique-de-spermatozoides-icsi\/"},"modified":"2025-01-02T16:23:33","modified_gmt":"2025-01-02T13:23:33","slug":"injection-intracytoplasmique-de-spermatozoides-icsi","status":"publish","type":"page","link":"https:\/\/medclinics.com\/fr\/injection-intracytoplasmique-de-spermatozoides-icsi\/","title":{"rendered":"Injection intracytoplasmique de spermatozo\u00efdes (ICSI)"},"content":{"rendered":"\n<h2 class=\"wp-block-heading\">Tout ce qui concerne l&rsquo;injection intracytoplasmique de spermatozo\u00efdes se trouve ici.<\/h2>\n\n<p>Cette m\u00e9thode est consid\u00e9r\u00e9e comme une variante de la FIV. Les ovules et les spermatozo\u00efdes sont pr\u00e9lev\u00e9s sur les deux partenaires et la f\u00e9condation a lieu en laboratoire dans une \u00e9prouvette.<\/p>\n\n<p>La seule diff\u00e9rence r\u00e9side dans la m\u00e9thode de f\u00e9condation de l&rsquo;ovule.<\/p>\n\n<p>Dans ce cas, la femme est \u00e9galement pr\u00e9par\u00e9e au traitement avec la m\u00eame th\u00e9rapie hormonale.<br\/>Le sperme du partenaire est recueilli soit dans l&rsquo;\u00e9jaculat, soit chirurgicalement dans les testicules ou l&rsquo;\u00e9pididyme.<\/p>\n\n<p>Un spermatozo\u00efde est ensuite inject\u00e9 directement dans l&rsquo;ovule de la femme dans des conditions de laboratoire.<\/p>\n\n<p><a href=\"https:\/\/en.wikipedia.org\/wiki\/In_vitro_fertilisation\" target=\"_blank\" rel=\"noopener\">Apr\u00e8s 16<\/a> \u00e0 20 heures, il est possible de voir si la f\u00e9condation a eu lieu.<\/p>\n\n<p>Cette m\u00e9thode est principalement utilis\u00e9e lorsque l&rsquo;homme a trop peu de spermatozo\u00efdes dans l&rsquo;\u00e9jaculat ou qu&rsquo;ils ne sont pas assez mobiles. La f\u00e9condation peut \u00e9galement \u00eatre r\u00e9alis\u00e9e par cette m\u00e9thode si les trompes de Fallope sont malades.<\/p>\n\n<p><strong>Le taux de r\u00e9ussite de l&rsquo;ICSI est d&rsquo;environ 25 %.<\/strong><\/p>\n\n<h3 class=\"wp-block-heading\">Tout ce que vous devez savoir sur la <a href=\"https:\/\/medclinics.com\/ivf-in-vitro-fertilisation-2\/\" target=\"_blank\" rel=\"noreferrer noopener\">f\u00e9condation in vitro<\/a>, y compris le prix, les soins et le processus de gu\u00e9rison, ou <a href=\"#requestform\">contactez-nous<\/a>!<\/h3>\n\n<figure class=\"wp-block-image size-full\"><img fetchpriority=\"high\" decoding=\"async\" width=\"960\" height=\"540\" src=\"https:\/\/medclinics.com\/wp-content\/uploads\/2023\/07\/intracytoplasmic-sperm-injection-icsi-near-me-in-istanbul.jpg\" alt=\"Injection intracytoplasmique de spermatozo&#xEF;des (ICSI) Istanbul Turquie\" class=\"wp-image-97472\" srcset=\"https:\/\/medclinics.com\/wp-content\/uploads\/2023\/07\/intracytoplasmic-sperm-injection-icsi-near-me-in-istanbul.jpg 960w, https:\/\/medclinics.com\/wp-content\/uploads\/2023\/07\/intracytoplasmic-sperm-injection-icsi-near-me-in-istanbul-500x281.jpg 500w, https:\/\/medclinics.com\/wp-content\/uploads\/2023\/07\/intracytoplasmic-sperm-injection-icsi-near-me-in-istanbul-768x432.jpg 768w, https:\/\/medclinics.com\/wp-content\/uploads\/2023\/07\/intracytoplasmic-sperm-injection-icsi-near-me-in-istanbul-24x14.jpg 24w, https:\/\/medclinics.com\/wp-content\/uploads\/2023\/07\/intracytoplasmic-sperm-injection-icsi-near-me-in-istanbul-36x20.jpg 36w, https:\/\/medclinics.com\/wp-content\/uploads\/2023\/07\/intracytoplasmic-sperm-injection-icsi-near-me-in-istanbul-48x27.jpg 48w\" sizes=\"(max-width: 960px) 100vw, 960px\" \/><\/figure>\n\n<h2 class=\"wp-block-heading\">FAQ<\/h2>\n<div id=\"rank-math-faq\" class=\"rank-math-block\">\n<div class=\"rank-math-list \">\n<div id=\"faq-question-1684998543223\" class=\"rank-math-list-item\">\n<h3 class=\"rank-math-question \">Qu&rsquo;est-ce que la grossesse ICSI ?<\/h3>\n<div class=\"rank-math-answer \">\n\n<p>Une grossesse ICSI est une grossesse qui r\u00e9sulte de la proc\u00e9dure d&rsquo;injection intracytoplasmique de spermatozo\u00efdes. Il est couramment utilis\u00e9 dans les techniques de procr\u00e9ation assist\u00e9e, en particulier dans les cas d&rsquo;infertilit\u00e9 masculine grave. Au cours de la proc\u00e9dure, un seul spermatozo\u00efde est s\u00e9lectionn\u00e9 et directement inject\u00e9 dans l&rsquo;ovule, ce qui augmente les chances de r\u00e9ussite de la f\u00e9condation.<\/p>\n\n<\/div>\n<\/div>\n<div id=\"faq-question-1684998539975\" class=\"rank-math-list-item\">\n<h3 class=\"rank-math-question \">Comment se d\u00e9roule l&rsquo;ICSI ?<\/h3>\n<div class=\"rank-math-answer \">\n\n<p>L&rsquo;ICSI est une proc\u00e9dure utilis\u00e9e parall\u00e8lement \u00e0 la f\u00e9condation in vitro (FIV) pour rem\u00e9dier \u00e0 l&rsquo;infertilit\u00e9 masculine. Tout d&rsquo;abord, les ovules sont pr\u00e9lev\u00e9s dans les ovaires de la femme au moyen d&rsquo;une proc\u00e9dure peu invasive. Pendant ce temps, le partenaire masculin fournit un \u00e9chantillon de sperme, qui est trait\u00e9 en laboratoire pour obtenir des spermatozo\u00efdes viables. Dans cette m\u00e9thode, un seul spermatozo\u00efde sain est s\u00e9lectionn\u00e9 et immobilis\u00e9 \u00e0 l&rsquo;aide d&rsquo;une aiguille fine. Le sperme est alors inject\u00e9 directement dans le cytoplasme de l&rsquo;ovule, contournant ainsi les obstacles \u00e0 la f\u00e9condation. Apr\u00e8s l&rsquo;injection, la f\u00e9condation des ovules est surveill\u00e9e et les embryons qui en r\u00e9sultent sont cultiv\u00e9s en laboratoire pendant quelques jours. Enfin, un ou plusieurs embryons de haute qualit\u00e9 sont transf\u00e9r\u00e9s dans l&rsquo;ut\u00e9rus de la femme. Elle est particuli\u00e8rement b\u00e9n\u00e9fique pour les probl\u00e8mes graves d&rsquo;infertilit\u00e9 masculine, tels qu&rsquo;un faible nombre de spermatozo\u00efdes ou une mauvaise qualit\u00e9 du sperme, car elle permet une f\u00e9condation r\u00e9ussie avec un minimum de spermatozo\u00efdes.<\/p>\n\n<\/div>\n<\/div>\n<div id=\"faq-question-1684998682015\" class=\"rank-math-list-item\">\n<h3 class=\"rank-math-question \">L&rsquo;ICSI est-elle plus efficace que la FIV ?<\/h3>\n<div class=\"rank-math-answer \">\n\n<p>Son succ\u00e8s d\u00e9pend de plusieurs facteurs, notamment de la cause de l&rsquo;infertilit\u00e9 et de la sant\u00e9 reproductive globale du couple. Si l&rsquo;ICSI peut \u00eatre tr\u00e8s efficace en cas d&rsquo;infertilit\u00e9 masculine grave, les taux de r\u00e9ussite de la FIV et de l&rsquo;ICSI sont g\u00e9n\u00e9ralement comparables lorsque la sant\u00e9 reproductive de la partenaire f\u00e9minine est normale.<\/p>\n\n<\/div>\n<\/div>\n<\/div>\n<\/div>\n<p>\u00a0<\/p>\n\n<h3 class=\"wp-block-heading\">Contactez-nous d\u00e8s maintenant si vous avez des questions !<\/h3>\n","protected":false},"excerpt":{"rendered":"<p>Tout ce qui concerne l&rsquo;injection intracytoplasmique de spermatozo\u00efdes se trouve ici. Cette m\u00e9thode est consid\u00e9r\u00e9e comme une variante de la [&hellip;]<\/p>\n","protected":false},"author":4,"featured_media":91612,"parent":0,"menu_order":0,"comment_status":"closed","ping_status":"closed","template":"","meta":{"site-sidebar-layout":"default","site-content-layout":"","ast-site-content-layout":"default","site-content-style":"default","site-sidebar-style":"default","ast-global-header-display":"","ast-banner-title-visibility":"","ast-main-header-display":"","ast-hfb-above-header-display":"","ast-hfb-below-header-display":"","ast-hfb-mobile-header-display":"","site-post-title":"","ast-breadcrumbs-content":"","ast-featured-img":"","footer-sml-layout":"","ast-disable-related-posts":"","theme-transparent-header-meta":"","adv-header-id-meta":"","stick-header-meta":"","header-above-stick-meta":"","header-main-stick-meta":"","header-below-stick-meta":"","astra-migrate-meta-layouts":"default","ast-page-background-enabled":"default","ast-page-background-meta":{"desktop":{"background-color":"var(--ast-global-color-4)","background-image":"","background-repeat":"repeat","background-position":"center center","background-size":"auto","background-attachment":"scroll","background-type":"","background-media":"","overlay-type":"","overlay-color":"","overlay-opacity":"","overlay-gradient":""},"tablet":{"background-color":"","background-image":"","background-repeat":"repeat","background-position":"center center","background-size":"auto","background-attachment":"scroll","background-type":"","background-media":"","overlay-type":"","overlay-color":"","overlay-opacity":"","overlay-gradient":""},"mobile":{"background-color":"","background-image":"","background-repeat":"repeat","background-position":"center center","background-size":"auto","background-attachment":"scroll","background-type":"","background-media":"","overlay-type":"","overlay-color":"","overlay-opacity":"","overlay-gradient":""}},"ast-content-background-meta":{"desktop":{"background-color":"var(--ast-global-color-5)","background-image":"","background-repeat":"repeat","background-position":"center center","background-size":"auto","background-attachment":"scroll","background-type":"","background-media":"","overlay-type":"","overlay-color":"","overlay-opacity":"","overlay-gradient":""},"tablet":{"background-color":"var(--ast-global-color-5)","background-image":"","background-repeat":"repeat","background-position":"center center","background-size":"auto","background-attachment":"scroll","background-type":"","background-media":"","overlay-type":"","overlay-color":"","overlay-opacity":"","overlay-gradient":""},"mobile":{"background-color":"var(--ast-global-color-5)","background-image":"","background-repeat":"repeat","background-position":"center center","background-size":"auto","background-attachment":"scroll","background-type":"","background-media":"","overlay-type":"","overlay-color":"","overlay-opacity":"","overlay-gradient":""}},"footnotes":""},"class_list":["post-146675","page","type-page","status-publish","has-post-thumbnail","hentry"],"_links":{"self":[{"href":"https:\/\/medclinics.com\/fr\/wp-json\/wp\/v2\/pages\/146675","targetHints":{"allow":["GET"]}}],"collection":[{"href":"https:\/\/medclinics.com\/fr\/wp-json\/wp\/v2\/pages"}],"about":[{"href":"https:\/\/medclinics.com\/fr\/wp-json\/wp\/v2\/types\/page"}],"author":[{"embeddable":true,"href":"https:\/\/medclinics.com\/fr\/wp-json\/wp\/v2\/users\/4"}],"replies":[{"embeddable":true,"href":"https:\/\/medclinics.com\/fr\/wp-json\/wp\/v2\/comments?post=146675"}],"version-history":[{"count":0,"href":"https:\/\/medclinics.com\/fr\/wp-json\/wp\/v2\/pages\/146675\/revisions"}],"wp:featuredmedia":[{"embeddable":true,"href":"https:\/\/medclinics.com\/fr\/wp-json\/wp\/v2\/media\/91612"}],"wp:attachment":[{"href":"https:\/\/medclinics.com\/fr\/wp-json\/wp\/v2\/media?parent=146675"}],"curies":[{"name":"wp","href":"https:\/\/api.w.org\/{rel}","templated":true}]}}