{"id":146665,"date":"2023-05-23T07:00:06","date_gmt":"2023-05-23T04:00:06","guid":{"rendered":"https:\/\/medclinics.com\/fiv\/"},"modified":"2025-01-02T16:23:33","modified_gmt":"2025-01-02T13:23:33","slug":"fiv","status":"publish","type":"page","link":"https:\/\/medclinics.com\/fr\/fiv\/","title":{"rendered":"FIV"},"content":{"rendered":"\n<h2 class=\"wp-block-heading\">La m\u00e9thode d&rsquo;ins\u00e9mination artificielle la plus connue et la plus discut\u00e9e est la f\u00e9condation in vitro (FIV).<\/h2>\n\n<p>Dans ce cas, la f\u00e9condation a lieu en dehors du corps, en laboratoire, dans une \u00e9prouvette sp\u00e9ciale.<\/p>\n\n<p>Au pr\u00e9alable, la femme doit suivre un traitement hormonal qui consiste \u00e0 supprimer l&rsquo;ovulation, puis \u00e0 la stimuler \u00e0 nouveau apr\u00e8s 14 jours. Il s&rsquo;agit de parvenir \u00e0 la maturation de plusieurs ovules.<br\/>Pendant cette p\u00e9riode, les valeurs sanguines ainsi que le d\u00e9veloppement des ovules sont r\u00e9guli\u00e8rement contr\u00f4l\u00e9s par \u00e9chographie.<\/p>\n\n<p>L&rsquo;ovulation est d\u00e9clench\u00e9e par l&rsquo;administration d&rsquo;hormones. Les ovules sont ensuite pr\u00e9lev\u00e9s par le vagin de la femme. Cette proc\u00e9dure est r\u00e9alis\u00e9e en ambulatoire.<\/p>\n\n<p>Les spermatozo\u00efdes du partenaire sont plac\u00e9s dans un tube \u00e0 essai avec une solution nutritive en m\u00eame temps que les ovules. Il faut attendre environ 16 \u00e0 20 heures pour savoir si la <a href=\"https:\/\/de.wikipedia.org\/wiki\/In-vitro-Fertilisation\" target=\"_blank\" rel=\"noopener\">f\u00e9condation<\/a> a r\u00e9ussi.<\/p>\n\n<p>Les embryons f\u00e9cond\u00e9s sont transf\u00e9r\u00e9s dans l&rsquo;ut\u00e9rus par le vagin 3 \u00e0 5 jours apr\u00e8s le pr\u00e9l\u00e8vement des ovules. Le nombre d&#8217;embryons pouvant \u00eatre transf\u00e9r\u00e9s en m\u00eame temps est r\u00e9glement\u00e9 par la loi.<\/p>\n\n<p>Lorsque l&#8217;embryon s&rsquo;implante dans l&rsquo;ut\u00e9rus, la femme est enceinte. Ceci peut \u00eatre d\u00e9termin\u00e9 14 jours apr\u00e8s le transfert d&#8217;embryons en mesurant l&rsquo;hormone de grossesse HCG dans le sang.<\/p>\n\n<p>Apr\u00e8s un mois, une \u00e9chographie est r\u00e9alis\u00e9e. Il s&rsquo;agit de v\u00e9rifier si l&#8217;embryon est vivant et s&rsquo;il s&rsquo;agit d&rsquo;une grossesse unique ou multiple.<\/p>\n\n<p><strong>Le taux de r\u00e9ussite de la FIV est de 30 \u00e0 40 %.<\/strong><\/p>\n\n<h3 class=\"wp-block-heading\">Tout ce que vous devez savoir sur la <a href=\"https:\/\/medclinics.com\/ivf-in-vitro-fertilisation-2\/\" target=\"_blank\" rel=\"noreferrer noopener\">f\u00e9condation<\/a> in f\u00e9condation est ici, <a href=\"#requestform\">contactez-nous<\/a> maintenant !<\/h3>\n\n<figure class=\"wp-block-image size-full\"><img fetchpriority=\"high\" decoding=\"async\" width=\"960\" height=\"540\" src=\"https:\/\/medclinics.com\/wp-content\/uploads\/2023\/07\/ivf-in-vitro-fertilisation-near-me-in-istanbul-1.jpg\" alt=\"F&#xE9;condation in vitro \/ FIV pr&#xE8;s de chez moi Istanbul Turquie\" class=\"wp-image-97480\" srcset=\"https:\/\/medclinics.com\/wp-content\/uploads\/2023\/07\/ivf-in-vitro-fertilisation-near-me-in-istanbul-1.jpg 960w, https:\/\/medclinics.com\/wp-content\/uploads\/2023\/07\/ivf-in-vitro-fertilisation-near-me-in-istanbul-1-500x281.jpg 500w, https:\/\/medclinics.com\/wp-content\/uploads\/2023\/07\/ivf-in-vitro-fertilisation-near-me-in-istanbul-1-768x432.jpg 768w, https:\/\/medclinics.com\/wp-content\/uploads\/2023\/07\/ivf-in-vitro-fertilisation-near-me-in-istanbul-1-24x14.jpg 24w, https:\/\/medclinics.com\/wp-content\/uploads\/2023\/07\/ivf-in-vitro-fertilisation-near-me-in-istanbul-1-36x20.jpg 36w, https:\/\/medclinics.com\/wp-content\/uploads\/2023\/07\/ivf-in-vitro-fertilisation-near-me-in-istanbul-1-48x27.jpg 48w\" sizes=\"(max-width: 960px) 100vw, 960px\" \/><\/figure>\n\n<h2 class=\"wp-block-heading\">FAQ<\/h2>\n<div id=\"rank-math-faq\" class=\"rank-math-block\">\n<div class=\"rank-math-list \">\n<div id=\"faq-question-1684996659059\" class=\"rank-math-list-item\">\n<h3 class=\"rank-math-question \">La f\u00e9condation in vitro fonctionnera-t-elle ?<\/h3>\n<div class=\"rank-math-answer \">\n\n<p>Le succ\u00e8s de la f\u00e9condation in vitro peut varier en fonction de plusieurs facteurs, notamment l&rsquo;\u00e2ge de la femme, la qualit\u00e9 des ovules et des spermatozo\u00efdes, la cause sous-jacente de l&rsquo;infertilit\u00e9 et l&rsquo;expertise de la clinique de fertilit\u00e9. Bien qu&rsquo;elle aide de nombreux couples \u00e0 concevoir, il est important de se rappeler qu&rsquo;elle n&rsquo;est pas une garantie de succ\u00e8s. Le taux de r\u00e9ussite moyen de la FIV varie consid\u00e9rablement et est influenc\u00e9 par des facteurs tels que l&rsquo;\u00e2ge de la femme et le nombre de cycles de FIV ant\u00e9rieurs. Les jeunes femmes ont g\u00e9n\u00e9ralement des taux de r\u00e9ussite plus \u00e9lev\u00e9s que les femmes plus \u00e2g\u00e9es car la qualit\u00e9 de leurs ovules est g\u00e9n\u00e9ralement meilleure. Les progr\u00e8s des technologies et des techniques de reproduction ont permis d&rsquo;augmenter les taux de r\u00e9ussite au fil des ans. Toutefois, il est tr\u00e8s important de comprendre que son succ\u00e8s n&rsquo;est pas garanti et que plusieurs tentatives peuvent \u00eatre n\u00e9cessaires pour obtenir un r\u00e9sultat positif.<\/p>\n\n<\/div>\n<\/div>\n<div id=\"faq-question-1684997161248\" class=\"rank-math-list-item\">\n<h3 class=\"rank-math-question \">La f\u00e9condation in vitro est-elle s\u00fbre ?<\/h3>\n<div class=\"rank-math-answer \">\n\n<p>En g\u00e9n\u00e9ral, la f\u00e9condation in vitro (FIV) est consid\u00e9r\u00e9e comme une proc\u00e9dure m\u00e9dicale s\u00fbre et bien \u00e9tablie. Cependant, comme pour toute intervention m\u00e9dicale, il existe des risques potentiels et des consid\u00e9rations \u00e0 prendre en compte. Il est important de consulter un sp\u00e9cialiste de la fertilit\u00e9 qualifi\u00e9 pour conna\u00eetre les risques et les avantages potentiels en fonction de votre situation personnelle.<\/p>\n\n<\/div>\n<\/div>\n<div id=\"faq-question-1684997648315\" class=\"rank-math-list-item\">\n<h3 class=\"rank-math-question \">Qui ne peut pas b\u00e9n\u00e9ficier de la FIV ?<\/h3>\n<div class=\"rank-math-answer \">\n\n<p>La FIV peut ne pas convenir \u00e0 tout le monde, car certains facteurs ou conditions peuvent affecter son efficacit\u00e9 ou pr\u00e9senter des risques suppl\u00e9mentaires. L&rsquo;\u00e2ge avanc\u00e9, g\u00e9n\u00e9ralement au-del\u00e0 de 40 ans, peut r\u00e9duire les taux de r\u00e9ussite en raison d&rsquo;une r\u00e9serve ovarienne r\u00e9duite et d&rsquo;ovules de mauvaise qualit\u00e9. Un dysfonctionnement ovarien grave ou des r\u00e9serves d&rsquo;ovules tr\u00e8s faibles peuvent rendre la FIV impossible et n\u00e9cessiter l&rsquo;\u00e9valuation d&rsquo;ovules de donneuses. Dans les cas graves d&rsquo;infertilit\u00e9 masculine, des techniques suppl\u00e9mentaires telles que l&rsquo;ICSI ou des proc\u00e9dures de pr\u00e9l\u00e8vement de sperme peuvent \u00eatre n\u00e9cessaires. Les anomalies structurelles de l&rsquo;ut\u00e9rus, telles que les gros fibromes ou les malformations, peuvent entraver la r\u00e9ussite de la FIV et n\u00e9cessiter une correction chirurgicale. Certaines conditions m\u00e9dicales, telles qu&rsquo;un diab\u00e8te non contr\u00f4l\u00e9, une maladie cardiaque ou r\u00e9nale grave ou un cancer actif, peuvent rendre la FIV inappropri\u00e9e ou risqu\u00e9e. Les troubles de la reproduction non trait\u00e9s, tels que l&rsquo;endom\u00e9triose ou la maladie inflammatoire pelvienne, doivent \u00eatre pris en charge ou trait\u00e9s avant d&rsquo;envisager une FIV.<\/p>\n\n<\/div>\n<\/div>\n<\/div>\n<\/div>\n<p>\u00a0<\/p>\n\n<h3 class=\"wp-block-heading\">Contactez-nous d\u00e8s maintenant si vous avez des questions !<\/h3>\n","protected":false},"excerpt":{"rendered":"<p>La m\u00e9thode d&rsquo;ins\u00e9mination artificielle la plus connue et la plus discut\u00e9e est la f\u00e9condation in vitro (FIV). Dans ce cas, [&hellip;]<\/p>\n","protected":false},"author":4,"featured_media":91656,"parent":0,"menu_order":0,"comment_status":"closed","ping_status":"closed","template":"","meta":{"site-sidebar-layout":"default","site-content-layout":"","ast-site-content-layout":"default","site-content-style":"default","site-sidebar-style":"default","ast-global-header-display":"","ast-banner-title-visibility":"","ast-main-header-display":"","ast-hfb-above-header-display":"","ast-hfb-below-header-display":"","ast-hfb-mobile-header-display":"","site-post-title":"","ast-breadcrumbs-content":"","ast-featured-img":"","footer-sml-layout":"","ast-disable-related-posts":"","theme-transparent-header-meta":"","adv-header-id-meta":"","stick-header-meta":"","header-above-stick-meta":"","header-main-stick-meta":"","header-below-stick-meta":"","astra-migrate-meta-layouts":"default","ast-page-background-enabled":"default","ast-page-background-meta":{"desktop":{"background-color":"var(--ast-global-color-4)","background-image":"","background-repeat":"repeat","background-position":"center center","background-size":"auto","background-attachment":"scroll","background-type":"","background-media":"","overlay-type":"","overlay-color":"","overlay-opacity":"","overlay-gradient":""},"tablet":{"background-color":"","background-image":"","background-repeat":"repeat","background-position":"center center","background-size":"auto","background-attachment":"scroll","background-type":"","background-media":"","overlay-type":"","overlay-color":"","overlay-opacity":"","overlay-gradient":""},"mobile":{"background-color":"","background-image":"","background-repeat":"repeat","background-position":"center center","background-size":"auto","background-attachment":"scroll","background-type":"","background-media":"","overlay-type":"","overlay-color":"","overlay-opacity":"","overlay-gradient":""}},"ast-content-background-meta":{"desktop":{"background-color":"var(--ast-global-color-5)","background-image":"","background-repeat":"repeat","background-position":"center center","background-size":"auto","background-attachment":"scroll","background-type":"","background-media":"","overlay-type":"","overlay-color":"","overlay-opacity":"","overlay-gradient":""},"tablet":{"background-color":"var(--ast-global-color-5)","background-image":"","background-repeat":"repeat","background-position":"center center","background-size":"auto","background-attachment":"scroll","background-type":"","background-media":"","overlay-type":"","overlay-color":"","overlay-opacity":"","overlay-gradient":""},"mobile":{"background-color":"var(--ast-global-color-5)","background-image":"","background-repeat":"repeat","background-position":"center center","background-size":"auto","background-attachment":"scroll","background-type":"","background-media":"","overlay-type":"","overlay-color":"","overlay-opacity":"","overlay-gradient":""}},"footnotes":""},"class_list":["post-146665","page","type-page","status-publish","has-post-thumbnail","hentry"],"_links":{"self":[{"href":"https:\/\/medclinics.com\/fr\/wp-json\/wp\/v2\/pages\/146665","targetHints":{"allow":["GET"]}}],"collection":[{"href":"https:\/\/medclinics.com\/fr\/wp-json\/wp\/v2\/pages"}],"about":[{"href":"https:\/\/medclinics.com\/fr\/wp-json\/wp\/v2\/types\/page"}],"author":[{"embeddable":true,"href":"https:\/\/medclinics.com\/fr\/wp-json\/wp\/v2\/users\/4"}],"replies":[{"embeddable":true,"href":"https:\/\/medclinics.com\/fr\/wp-json\/wp\/v2\/comments?post=146665"}],"version-history":[{"count":0,"href":"https:\/\/medclinics.com\/fr\/wp-json\/wp\/v2\/pages\/146665\/revisions"}],"wp:featuredmedia":[{"embeddable":true,"href":"https:\/\/medclinics.com\/fr\/wp-json\/wp\/v2\/media\/91656"}],"wp:attachment":[{"href":"https:\/\/medclinics.com\/fr\/wp-json\/wp\/v2\/media?parent=146665"}],"curies":[{"name":"wp","href":"https:\/\/api.w.org\/{rel}","templated":true}]}}