{"id":146629,"date":"2023-05-24T13:42:41","date_gmt":"2023-05-24T13:42:41","guid":{"rendered":"https:\/\/medclinics.com\/mesotherapie-des-cicatrices\/"},"modified":"2024-04-01T16:22:02","modified_gmt":"2024-04-01T13:22:02","slug":"mesotherapie-des-cicatrices","status":"publish","type":"page","link":"https:\/\/medclinics.com\/fr\/mesotherapie-des-cicatrices\/","title":{"rendered":"M\u00e9soth\u00e9rapie des cicatrices"},"content":{"rendered":"\n<h2 class=\"wp-block-heading\">Vous souhaitez r\u00e9duire l&rsquo;apparence des cicatrices ? La m\u00e9soth\u00e9rapie des cicatrices est peut-\u00eatre ce qu&rsquo;il vous faut !<\/h2>\n\n<p>Cette proc\u00e9dure cosm\u00e9tique innovante consiste \u00e0 injecter un m\u00e9lange personnalis\u00e9 de vitamines, de min\u00e9raux, d&rsquo;enzymes et d&rsquo;autres substances dans la couche m\u00e9sodermique de votre peau. En favorisant la production de collag\u00e8ne et la r\u00e9g\u00e9n\u00e9ration cellulaire tout en am\u00e9liorant la sant\u00e9 g\u00e9n\u00e9rale de la peau, la <a href=\"https:\/\/en.wikipedia.org\/wiki\/Mesotherapy\" target=\"_blank\" rel=\"noreferrer noopener\">m\u00e9soth\u00e9rapie<\/a> cicatricielle peut aider \u00e0 am\u00e9liorer l&rsquo;apparence des cicatrices, m\u00eame les plus tenaces.<\/p>\n\n<p>Au cours de s\u00e9ances de traitement avec un professionnel m\u00e9dical ou un dermatologue qualifi\u00e9, utilisant de fines aiguilles pour les injections \u00e0 plusieurs intervalles au fil du temps en fonction des besoins individuels &#8211; y compris l&rsquo;acide hyaluronique, les peptides, les facteurs de croissance et les vitamines, entre autres &#8211; les patients ont constat\u00e9 d&rsquo;excellents r\u00e9sultats dans la r\u00e9duction de leurs cicatrices !<\/p>\n\n<p>Il est important de consulter un expert qui \u00e9valuera votre situation unique avant de d\u00e9cider si cette technique vous convient le mieux. Ne laissez plus les marques disgracieuses vous emp\u00eacher d&rsquo;avoir confiance en vous &#8211; essayez la m\u00e9soth\u00e9rapie des cicatrices d\u00e8s aujourd&rsquo;hui !<\/p>\n\n<h3 class=\"wp-block-heading\">Tout ce que vous devez savoir sur les <a href=\"https:\/\/medclinics.com\/fr\/beaute\/\" target=\"_blank\" rel=\"noreferrer noopener\">traitements de beaut\u00e9<\/a>, y compris les soins, le processus de gu\u00e9rison, et plus encore, est ici, <a href=\"#requestform\">contactez-nous<\/a>!<\/h3>\n\n<h3 class=\"wp-block-heading\">FAQ<\/h3>\n<div id=\"rank-math-faq\" class=\"rank-math-block\">\n<div class=\"rank-math-list \">\n<div id=\"faq-question-1684935536581\" class=\"rank-math-list-item\">\n<h3 class=\"rank-math-question \">La m\u00e9soth\u00e9rapie est-elle sans danger pour le visage ?<\/h3>\n<div class=\"rank-math-answer \">\n\n<p>La m\u00e9soth\u00e9rapie pour le visage peut \u00eatre consid\u00e9r\u00e9e comme s\u00fbre lorsqu&rsquo;elle est pratiqu\u00e9e par un professionnel de sant\u00e9 qualifi\u00e9 et exp\u00e9riment\u00e9. La proc\u00e9dure consiste \u00e0 injecter dans la peau un m\u00e9lange personnalis\u00e9 de vitamines, de min\u00e9raux, d&rsquo;acides amin\u00e9s et d&rsquo;autres substances afin de r\u00e9pondre \u00e0 des probl\u00e8mes cutan\u00e9s sp\u00e9cifiques.<\/p>\n\n<\/div>\n<\/div>\n<div id=\"faq-question-1684935615740\" class=\"rank-math-list-item\">\n<h3 class=\"rank-math-question \">Que fait la m\u00e9soth\u00e9rapie pour le visage ?<\/h3>\n<div class=\"rank-math-answer \">\n\n<p>La m\u00e9soth\u00e9rapie pour le visage est une proc\u00e9dure cosm\u00e9tique qui consiste \u00e0 injecter dans la peau un m\u00e9lange personnalis\u00e9 de vitamines, de min\u00e9raux, d&rsquo;acides amin\u00e9s, d&rsquo;acide hyaluronique et d&rsquo;autres substances. L&rsquo;objectif de la m\u00e9soth\u00e9rapie est de r\u00e9pondre \u00e0 divers probl\u00e8mes de peau et d&rsquo;am\u00e9liorer l&rsquo;aspect g\u00e9n\u00e9ral du visage.<\/p>\n\n<\/div>\n<\/div>\n<div id=\"faq-question-1684935616789\" class=\"rank-math-list-item\">\n<h3 class=\"rank-math-question \">La m\u00e9soth\u00e9rapie est-elle s\u00fbre ?<\/h3>\n<div class=\"rank-math-answer \">\n\n<p>Lorsqu&rsquo;elle est pratiqu\u00e9e par un professionnel de sant\u00e9 qualifi\u00e9 et exp\u00e9riment\u00e9, la m\u00e9soth\u00e9rapie, ou m\u00e9soth\u00e9rapie cicatricielle, est g\u00e9n\u00e9ralement consid\u00e9r\u00e9e comme s\u00fbre. Cependant, comme pour toute proc\u00e9dure m\u00e9dicale, il existe des risques potentiels et des effets secondaires dont il faut \u00eatre conscient.<\/p>\n\n<\/div>\n<\/div>\n<\/div>\n<\/div>\n<p><\/p>\n\n<h3 class=\"wp-block-heading\">Contactez-nous d\u00e8s maintenant si vous avez des questions !<\/h3>\n","protected":false},"excerpt":{"rendered":"<p>Vous souhaitez r\u00e9duire l&rsquo;apparence des cicatrices ? La m\u00e9soth\u00e9rapie des cicatrices est peut-\u00eatre ce qu&rsquo;il vous faut ! Cette proc\u00e9dure [&hellip;]<\/p>\n","protected":false},"author":4,"featured_media":93005,"parent":0,"menu_order":0,"comment_status":"closed","ping_status":"closed","template":"","meta":{"site-sidebar-layout":"default","site-content-layout":"","ast-site-content-layout":"default","site-content-style":"default","site-sidebar-style":"default","ast-global-header-display":"","ast-banner-title-visibility":"","ast-main-header-display":"","ast-hfb-above-header-display":"","ast-hfb-below-header-display":"","ast-hfb-mobile-header-display":"","site-post-title":"","ast-breadcrumbs-content":"","ast-featured-img":"","footer-sml-layout":"","ast-disable-related-posts":"","theme-transparent-header-meta":"","adv-header-id-meta":"","stick-header-meta":"","header-above-stick-meta":"","header-main-stick-meta":"","header-below-stick-meta":"","astra-migrate-meta-layouts":"default","ast-page-background-enabled":"default","ast-page-background-meta":{"desktop":{"background-color":"var(--ast-global-color-4)","background-image":"","background-repeat":"repeat","background-position":"center center","background-size":"auto","background-attachment":"scroll","background-type":"","background-media":"","overlay-type":"","overlay-color":"","overlay-opacity":"","overlay-gradient":""},"tablet":{"background-color":"","background-image":"","background-repeat":"repeat","background-position":"center center","background-size":"auto","background-attachment":"scroll","background-type":"","background-media":"","overlay-type":"","overlay-color":"","overlay-opacity":"","overlay-gradient":""},"mobile":{"background-color":"","background-image":"","background-repeat":"repeat","background-position":"center center","background-size":"auto","background-attachment":"scroll","background-type":"","background-media":"","overlay-type":"","overlay-color":"","overlay-opacity":"","overlay-gradient":""}},"ast-content-background-meta":{"desktop":{"background-color":"var(--ast-global-color-5)","background-image":"","background-repeat":"repeat","background-position":"center center","background-size":"auto","background-attachment":"scroll","background-type":"","background-media":"","overlay-type":"","overlay-color":"","overlay-opacity":"","overlay-gradient":""},"tablet":{"background-color":"var(--ast-global-color-5)","background-image":"","background-repeat":"repeat","background-position":"center center","background-size":"auto","background-attachment":"scroll","background-type":"","background-media":"","overlay-type":"","overlay-color":"","overlay-opacity":"","overlay-gradient":""},"mobile":{"background-color":"var(--ast-global-color-5)","background-image":"","background-repeat":"repeat","background-position":"center center","background-size":"auto","background-attachment":"scroll","background-type":"","background-media":"","overlay-type":"","overlay-color":"","overlay-opacity":"","overlay-gradient":""}},"footnotes":""},"class_list":["post-146629","page","type-page","status-publish","has-post-thumbnail","hentry"],"_links":{"self":[{"href":"https:\/\/medclinics.com\/fr\/wp-json\/wp\/v2\/pages\/146629","targetHints":{"allow":["GET"]}}],"collection":[{"href":"https:\/\/medclinics.com\/fr\/wp-json\/wp\/v2\/pages"}],"about":[{"href":"https:\/\/medclinics.com\/fr\/wp-json\/wp\/v2\/types\/page"}],"author":[{"embeddable":true,"href":"https:\/\/medclinics.com\/fr\/wp-json\/wp\/v2\/users\/4"}],"replies":[{"embeddable":true,"href":"https:\/\/medclinics.com\/fr\/wp-json\/wp\/v2\/comments?post=146629"}],"version-history":[{"count":0,"href":"https:\/\/medclinics.com\/fr\/wp-json\/wp\/v2\/pages\/146629\/revisions"}],"wp:featuredmedia":[{"embeddable":true,"href":"https:\/\/medclinics.com\/fr\/wp-json\/wp\/v2\/media\/93005"}],"wp:attachment":[{"href":"https:\/\/medclinics.com\/fr\/wp-json\/wp\/v2\/media?parent=146629"}],"curies":[{"name":"wp","href":"https:\/\/api.w.org\/{rel}","templated":true}]}}