{"id":146615,"date":"2023-05-24T13:33:21","date_gmt":"2023-05-24T10:33:21","guid":{"rendered":"https:\/\/medclinics.com\/traitement-au-plasma\/"},"modified":"2024-04-01T16:03:35","modified_gmt":"2024-04-01T13:03:35","slug":"traitement-au-plasma","status":"publish","type":"page","link":"https:\/\/medclinics.com\/fr\/traitement-au-plasma\/","title":{"rendered":"Traitement au plasma"},"content":{"rendered":"\n<h2 class=\"wp-block-heading\">Ne laissez pas la douleur chronique vous freiner plus longtemps. Essayez le traitement au plasma d\u00e8s aujourd&rsquo;hui !<\/h2>\n\n<p>Vous en avez assez de souffrir de douleurs chroniques ou d&rsquo;affections cutan\u00e9es inesth\u00e9tiques ? Ne cherchez pas plus loin que le traitement au plasma, la proc\u00e9dure m\u00e9dicale r\u00e9volutionnaire qui utilise les plaquettes de votre corps pour favoriser la cicatrisation et la r\u00e9g\u00e9n\u00e9ration des tissus.<\/p>\n\n<p>Au cours d&rsquo;un processus simple appel\u00e9 centrifugation, un petit \u00e9chantillon de votre sang est trait\u00e9 pour en extraire les plaquettes concentr\u00e9es ainsi que le plasma. Cette puissante combinaison est ensuite inject\u00e9e dans des zones cibl\u00e9es telles que les articulations, les tendons, les muscles ou m\u00eame \u00e0 des fins esth\u00e9tiques sur le visage.<\/p>\n\n<p>Les facteurs de croissance et les prot\u00e9ines de ce <a href=\"https:\/\/en.wikipedia.org\/wiki\/Platelet-rich_plasma\" target=\"_blank\" rel=\"noreferrer noopener\">plasma riche en plaquettes<\/a> aident \u00e0 stimuler la r\u00e9paration des tissus tout en r\u00e9duisant l&rsquo;inflammation et en favorisant la croissance de nouvelles cellules. Il a \u00e9t\u00e9 utilis\u00e9 avec succ\u00e8s dans le traitement de l&rsquo;arthrose, des tendinites et des l\u00e9sions ligamentaires, ainsi que dans les traitements de rajeunissement du visage visant \u00e0 att\u00e9nuer les rides et les cicatrices, sans oublier les proc\u00e9dures de restauration des cheveux !<\/p>\n\n<h3 class=\"wp-block-heading\">Tout ce que vous voulez savoir sur les <a href=\"https:\/\/medclinics.com\/fr\/beaute\/\" target=\"_blank\" rel=\"noreferrer noopener\">soins de beaut\u00e9<\/a>, y compris les prix et plus encore, <a href=\"#requestform\">contactez-nous<\/a> maintenant !<\/h3>\n\n<h3 class=\"wp-block-heading\">FAQ<\/h3>\n<div id=\"rank-math-faq\" class=\"rank-math-block\">\n<div class=\"rank-math-list \">\n<div id=\"faq-question-1684934878835\" class=\"rank-math-list-item\">\n<h3 class=\"rank-math-question \">Le traitement au plasma favorise-t-il la croissance des cheveux ?<\/h3>\n<div class=\"rank-math-answer \">\n\n<p>La th\u00e9rapie par plasma riche en plaquettes (PRP) pour les cheveux a montr\u00e9 des r\u00e9sultats prometteurs en favorisant la croissance des cheveux et en am\u00e9liorant leur densit\u00e9. Elle consiste \u00e0 extraire une petite quantit\u00e9 de sang du patient, \u00e0 la traiter pour s\u00e9parer le plasma riche en plaquettes, puis \u00e0 injecter le plasma concentr\u00e9 dans le cuir chevelu.<\/p>\n\n<\/div>\n<\/div>\n<div id=\"faq-question-1684934871151\" class=\"rank-math-list-item\">\n<h3 class=\"rank-math-question \">Le traitement au plasma est-il bon pour les cheveux ?<\/h3>\n<div class=\"rank-math-answer \">\n\n<p>Oui, le traitement au plasma peut \u00eatre b\u00e9n\u00e9fique pour les cheveux.<\/p>\n\n<\/div>\n<\/div>\n<div id=\"faq-question-1684934961677\" class=\"rank-math-list-item\">\n<h3 class=\"rank-math-question \">Le traitement au plasma est-il efficace ?<\/h3>\n<div class=\"rank-math-answer \">\n\n<p>Oui, le traitement au plasma, en particulier le traitement au plasma riche en plaquettes (PRP), s&rsquo;est r\u00e9v\u00e9l\u00e9 efficace pour favoriser la croissance des cheveux et am\u00e9liorer leur densit\u00e9 dans certains cas. Toutefois, les r\u00e9sultats peuvent varier d&rsquo;un individu \u00e0 l&rsquo;autre. Il est recommand\u00e9 de consulter un professionnel de la sant\u00e9 qualifi\u00e9 pour d\u00e9terminer si cette th\u00e9rapie est adapt\u00e9e \u00e0 vos probl\u00e8mes capillaires sp\u00e9cifiques.<\/p>\n\n<\/div>\n<\/div>\n<div id=\"faq-question-1684935038005\" class=\"rank-math-list-item\">\n<h3 class=\"rank-math-question \">La PRP vaut-elle la peine pour la croissance des cheveux ?<\/h3>\n<div class=\"rank-math-answer \">\n\n<p>La valeur de la th\u00e9rapie PRP pour la croissance des cheveux varie en fonction des facteurs individuels et des attentes. Il est recommand\u00e9 de consulter un professionnel de la sant\u00e9 sp\u00e9cialis\u00e9 dans la restauration capillaire afin de d\u00e9terminer si cette th\u00e9rapie est adapt\u00e9e \u00e0 vos besoins sp\u00e9cifiques.<\/p>\n\n<\/div>\n<\/div>\n<\/div>\n<\/div>\n<p><\/p>\n\n<h3 class=\"wp-block-heading\">Contactez-nous d\u00e8s maintenant si vous avez des questions !<\/h3>\n","protected":false},"excerpt":{"rendered":"<p>Ne laissez pas la douleur chronique vous freiner plus longtemps. Essayez le traitement au plasma d\u00e8s aujourd&rsquo;hui ! Vous en [&hellip;]<\/p>\n","protected":false},"author":4,"featured_media":52953,"parent":0,"menu_order":0,"comment_status":"closed","ping_status":"closed","template":"","meta":{"site-sidebar-layout":"default","site-content-layout":"","ast-site-content-layout":"default","site-content-style":"default","site-sidebar-style":"default","ast-global-header-display":"","ast-banner-title-visibility":"","ast-main-header-display":"","ast-hfb-above-header-display":"","ast-hfb-below-header-display":"","ast-hfb-mobile-header-display":"","site-post-title":"","ast-breadcrumbs-content":"","ast-featured-img":"","footer-sml-layout":"","ast-disable-related-posts":"","theme-transparent-header-meta":"","adv-header-id-meta":"","stick-header-meta":"","header-above-stick-meta":"","header-main-stick-meta":"","header-below-stick-meta":"","astra-migrate-meta-layouts":"default","ast-page-background-enabled":"default","ast-page-background-meta":{"desktop":{"background-color":"var(--ast-global-color-4)","background-image":"","background-repeat":"repeat","background-position":"center center","background-size":"auto","background-attachment":"scroll","background-type":"","background-media":"","overlay-type":"","overlay-color":"","overlay-opacity":"","overlay-gradient":""},"tablet":{"background-color":"","background-image":"","background-repeat":"repeat","background-position":"center center","background-size":"auto","background-attachment":"scroll","background-type":"","background-media":"","overlay-type":"","overlay-color":"","overlay-opacity":"","overlay-gradient":""},"mobile":{"background-color":"","background-image":"","background-repeat":"repeat","background-position":"center center","background-size":"auto","background-attachment":"scroll","background-type":"","background-media":"","overlay-type":"","overlay-color":"","overlay-opacity":"","overlay-gradient":""}},"ast-content-background-meta":{"desktop":{"background-color":"var(--ast-global-color-5)","background-image":"","background-repeat":"repeat","background-position":"center center","background-size":"auto","background-attachment":"scroll","background-type":"","background-media":"","overlay-type":"","overlay-color":"","overlay-opacity":"","overlay-gradient":""},"tablet":{"background-color":"var(--ast-global-color-5)","background-image":"","background-repeat":"repeat","background-position":"center center","background-size":"auto","background-attachment":"scroll","background-type":"","background-media":"","overlay-type":"","overlay-color":"","overlay-opacity":"","overlay-gradient":""},"mobile":{"background-color":"var(--ast-global-color-5)","background-image":"","background-repeat":"repeat","background-position":"center center","background-size":"auto","background-attachment":"scroll","background-type":"","background-media":"","overlay-type":"","overlay-color":"","overlay-opacity":"","overlay-gradient":""}},"footnotes":""},"class_list":["post-146615","page","type-page","status-publish","has-post-thumbnail","hentry"],"_links":{"self":[{"href":"https:\/\/medclinics.com\/fr\/wp-json\/wp\/v2\/pages\/146615","targetHints":{"allow":["GET"]}}],"collection":[{"href":"https:\/\/medclinics.com\/fr\/wp-json\/wp\/v2\/pages"}],"about":[{"href":"https:\/\/medclinics.com\/fr\/wp-json\/wp\/v2\/types\/page"}],"author":[{"embeddable":true,"href":"https:\/\/medclinics.com\/fr\/wp-json\/wp\/v2\/users\/4"}],"replies":[{"embeddable":true,"href":"https:\/\/medclinics.com\/fr\/wp-json\/wp\/v2\/comments?post=146615"}],"version-history":[{"count":0,"href":"https:\/\/medclinics.com\/fr\/wp-json\/wp\/v2\/pages\/146615\/revisions"}],"wp:featuredmedia":[{"embeddable":true,"href":"https:\/\/medclinics.com\/fr\/wp-json\/wp\/v2\/media\/52953"}],"wp:attachment":[{"href":"https:\/\/medclinics.com\/fr\/wp-json\/wp\/v2\/media?parent=146615"}],"curies":[{"name":"wp","href":"https:\/\/api.w.org\/{rel}","templated":true}]}}