{"id":146603,"date":"2023-05-24T13:17:52","date_gmt":"2023-05-24T10:17:52","guid":{"rendered":"https:\/\/medclinics.com\/comblement-de-nez\/"},"modified":"2024-04-14T23:04:57","modified_gmt":"2024-04-14T20:04:57","slug":"comblement-de-nez","status":"publish","type":"page","link":"https:\/\/medclinics.com\/fr\/comblement-de-nez\/","title":{"rendered":"Comblement de nez"},"content":{"rendered":"\n<h2 class=\"wp-block-heading\">Vous n&rsquo;\u00eates pas satisfait de la forme ou de l&rsquo;apparence de votre nez ?<\/h2>\n\n<h3 class=\"wp-block-heading\">Envisagez une intervention non chirurgicale sur le nez, \u00e9galement connue sous le nom de comblement de nez !<\/h3>\n\n<p>Cette proc\u00e9dure cosm\u00e9tique consiste \u00e0 injecter des produits de comblement dermique \u00e0 base d&rsquo;acide hyaluronique dans le nez afin de modifier sa forme et d&rsquo;am\u00e9liorer son aspect g\u00e9n\u00e9ral.<\/p>\n\n<p>R\u00e9alis\u00e9e par un professionnel m\u00e9dical qualifi\u00e9 sous anesth\u00e9sie locale ou avec une cr\u00e8me anesth\u00e9siante pour un minimum d&rsquo;inconfort, cette intervention de 15 \u00e0 30 minutes peut r\u00e9pondre \u00e0 divers probl\u00e8mes tels que les bosses, l&rsquo;asym\u00e9trie, le rel\u00e8vement des pointes nasales et l&rsquo;ajout de volume dans les zones enfonc\u00e9es.<\/p>\n\n<p>Les r\u00e9sultats sont imm\u00e9diats ! Vous verrez des changements imm\u00e9diatement apr\u00e8s le traitement, qui dureront de six mois \u00e0 deux ans, en fonction des facteurs individuels. Le comblement de nez est consid\u00e9r\u00e9 comme temporaire car il se d\u00e9grade progressivement avec le temps, ce qui permet de proc\u00e9der \u00e0 des injections suppl\u00e9mentaires si n\u00e9cessaire ou d&rsquo;envisager d&rsquo;autres options comme la chirurgie.<\/p>\n\n<p>Ne laissez pas l&rsquo;insatisfaction de votre apparence vous freiner plus longtemps &#8211; envisagez la rhinoplastie non chirurgicale d\u00e8s aujourd&rsquo;hui !<\/p>\n\n<figure class=\"wp-block-image size-full\"><img fetchpriority=\"high\" decoding=\"async\" width=\"780\" height=\"488\" src=\"https:\/\/medclinics.com\/wp-content\/uploads\/2024\/04\/nose-filler-beauty-salon-turkey.jpg\" alt=\"Salon de beaut&#xE9; pour le comblement du nez Turquie Istanbul\" class=\"wp-image-161573\" srcset=\"https:\/\/medclinics.com\/wp-content\/uploads\/2024\/04\/nose-filler-beauty-salon-turkey.jpg 780w, https:\/\/medclinics.com\/wp-content\/uploads\/2024\/04\/nose-filler-beauty-salon-turkey-300x188.jpg 300w, https:\/\/medclinics.com\/wp-content\/uploads\/2024\/04\/nose-filler-beauty-salon-turkey-768x480.jpg 768w\" sizes=\"(max-width: 780px) 100vw, 780px\" \/><\/figure>\n\n<h3 class=\"wp-block-heading\">Tout ce que vous devez savoir sur les <a href=\"https:\/\/medclinics.com\/fr\/beaute\/\" target=\"_blank\" rel=\"noreferrer noopener\">traitements de beaut\u00e9<\/a>, y compris le prix, les soins et le processus de gu\u00e9rison, est ici, <a href=\"#requestform\">contactez-nous<\/a> maintenant !<\/h3>\n\n<h3 class=\"wp-block-heading\">FAQ<\/h3>\n<div id=\"rank-math-faq\" class=\"rank-math-block\">\n<div class=\"rank-math-list \">\n<div id=\"faq-question-1684933972371\" class=\"rank-math-list-item\">\n<h3 class=\"rank-math-question \">Comment fonctionne le comblement de nez ?<\/h3>\n<div class=\"rank-math-answer \">\n\n<p>Les produits de comblement du nez, \u00e9galement connus sous le nom de produits de comblement dermique, permettent d&rsquo;ajouter du volume et de remodeler le nez. Les produits de comblement contiennent g\u00e9n\u00e9ralement de l&rsquo;acide hyaluronique, une substance naturellement pr\u00e9sente dans le corps. Au cours de l&rsquo;intervention, le produit de comblement est inject\u00e9 dans des zones sp\u00e9cifiques du nez afin d&rsquo;en adoucir les contours, de corriger les imperfections mineures et d&rsquo;am\u00e9liorer l&rsquo;apparence g\u00e9n\u00e9rale. Le produit de comblement ajoute du volume et de la structure, ce qui permet d&rsquo;obtenir une forme de nez plus \u00e9quilibr\u00e9e et plus esth\u00e9tique. Les effets des produits de comblement nasal sont visibles imm\u00e9diatement et les r\u00e9sultats peuvent durer de quelques mois \u00e0 un an, en fonction du type de produit de comblement utilis\u00e9 et de facteurs individuels.<\/p>\n\n<\/div>\n<\/div>\n<div id=\"faq-question-1684933938508\" class=\"rank-math-list-item\">\n<h3 class=\"rank-math-question \">Les produits de comblement du nez sont-ils s\u00fbrs ?<\/h3>\n<div class=\"rank-math-answer \">\n\n<p>Lorsqu&rsquo;ils sont administr\u00e9s par un professionnel qualifi\u00e9, les produits de comblement du nez sont g\u00e9n\u00e9ralement consid\u00e9r\u00e9s comme s\u00fbrs. Cependant, comme pour toute proc\u00e9dure m\u00e9dicale, il existe des risques potentiels et des effets secondaires dont il faut \u00eatre conscient. Il peut s&rsquo;agir d&rsquo;un gonflement temporaire, d&rsquo;une rougeur, d&rsquo;une ecchymose et d&rsquo;une g\u00eane.  <\/p>\n\n<\/div>\n<\/div>\n<div id=\"faq-question-1684934082824\" class=\"rank-math-list-item\">\n<h3 class=\"rank-math-question \">Les produits de comblement du nez sont-ils permanents ?<\/h3>\n<div class=\"rank-math-answer \">\n\n<p>Les effets des produits de comblement du nez sont temporaires et la dur\u00e9e des r\u00e9sultats peut varier en fonction de facteurs tels que le type de produit de comblement utilis\u00e9, le m\u00e9tabolisme individuel et les habitudes de vie. En g\u00e9n\u00e9ral, les produits de comblement du nez peuvent durer de quelques mois \u00e0 un an ou plus. Avec le temps, le produit de comblement se d\u00e9compose progressivement et est naturellement absorb\u00e9 par le corps. Pour conserver les r\u00e9sultats souhait\u00e9s, des traitements r\u00e9p\u00e9t\u00e9s ou des retouches peuvent \u00eatre n\u00e9cessaires.<\/p>\n\n<\/div>\n<\/div>\n<div id=\"faq-question-1684934083903\" class=\"rank-math-list-item\">\n<h3 class=\"rank-math-question \">Les produits de comblement du nez en valent-ils la peine ?<\/h3>\n<div class=\"rank-math-answer \">\n\n<p>La question de savoir si les produits de comblement du nez valent la peine est une d\u00e9cision subjective bas\u00e9e sur les pr\u00e9f\u00e9rences et les objectifs de chacun. Les produits de comblement du nez peuvent \u00eatre une option non chirurgicale pour am\u00e9liorer l&rsquo;apparence du nez, corriger les imperfections mineures et obtenir une apparence plus \u00e9quilibr\u00e9e. Cependant, il est important de prendre en compte des facteurs tels que le co\u00fbt, la nature temporaire des r\u00e9sultats et les \u00e9ventuels risques ou effets secondaires. Consulter un professionnel de la sant\u00e9 qualifi\u00e9 peut vous aider \u00e0 d\u00e9terminer si les produits de comblement du nez correspondent \u00e0 vos attentes et s&rsquo;ils valent la peine d&rsquo;\u00eatre utilis\u00e9s pour obtenir le r\u00e9sultat souhait\u00e9.<\/p>\n\n<\/div>\n<\/div>\n<div id=\"faq-question-1684934211227\" class=\"rank-math-list-item\">\n<h3 class=\"rank-math-question \">Les produits de comblement du nez sont-ils douloureux ?<\/h3>\n<div class=\"rank-math-answer \">\n\n<p>Le niveau d&rsquo;inconfort ressenti lors d&rsquo;une proc\u00e9dure de comblement du nez peut varier d&rsquo;une personne \u00e0 l&rsquo;autre. Toutefois, de nombreuses personnes font \u00e9tat d&rsquo;une douleur ou d&rsquo;une g\u00eane minime pendant le traitement. Avant l&rsquo;intervention, une cr\u00e8me anesth\u00e9siante topique ou une anesth\u00e9sie locale peut \u00eatre appliqu\u00e9e sur le nez afin de minimiser toute g\u00eane potentielle. En outre, la plupart des produits de comblement du nez contiennent de la lidoca\u00efne, un agent anesth\u00e9siant, qui peut am\u00e9liorer le confort pendant le processus d&rsquo;injection. Bien que certaines personnes puissent ressentir une l\u00e9g\u00e8re sensation de pincement ou de pression pendant les injections, celles-ci sont g\u00e9n\u00e9ralement bien tol\u00e9r\u00e9es.<\/p>\n\n<\/div>\n<\/div>\n<\/div>\n<\/div>\n<h3 class=\"wp-block-heading\">Contactez-nous d\u00e8s maintenant si vous avez des questions !<\/h3>\n","protected":false},"excerpt":{"rendered":"<p>Vous n&rsquo;\u00eates pas satisfait de la forme ou de l&rsquo;apparence de votre nez ? Envisagez une intervention non chirurgicale sur [&hellip;]<\/p>\n","protected":false},"author":4,"featured_media":161575,"parent":0,"menu_order":0,"comment_status":"closed","ping_status":"closed","template":"","meta":{"site-sidebar-layout":"default","site-content-layout":"","ast-site-content-layout":"default","site-content-style":"default","site-sidebar-style":"default","ast-global-header-display":"","ast-banner-title-visibility":"","ast-main-header-display":"","ast-hfb-above-header-display":"","ast-hfb-below-header-display":"","ast-hfb-mobile-header-display":"","site-post-title":"","ast-breadcrumbs-content":"","ast-featured-img":"","footer-sml-layout":"","ast-disable-related-posts":"","theme-transparent-header-meta":"","adv-header-id-meta":"","stick-header-meta":"","header-above-stick-meta":"","header-main-stick-meta":"","header-below-stick-meta":"","astra-migrate-meta-layouts":"default","ast-page-background-enabled":"default","ast-page-background-meta":{"desktop":{"background-color":"var(--ast-global-color-4)","background-image":"","background-repeat":"repeat","background-position":"center center","background-size":"auto","background-attachment":"scroll","background-type":"","background-media":"","overlay-type":"","overlay-color":"","overlay-opacity":"","overlay-gradient":""},"tablet":{"background-color":"","background-image":"","background-repeat":"repeat","background-position":"center center","background-size":"auto","background-attachment":"scroll","background-type":"","background-media":"","overlay-type":"","overlay-color":"","overlay-opacity":"","overlay-gradient":""},"mobile":{"background-color":"","background-image":"","background-repeat":"repeat","background-position":"center center","background-size":"auto","background-attachment":"scroll","background-type":"","background-media":"","overlay-type":"","overlay-color":"","overlay-opacity":"","overlay-gradient":""}},"ast-content-background-meta":{"desktop":{"background-color":"var(--ast-global-color-5)","background-image":"","background-repeat":"repeat","background-position":"center center","background-size":"auto","background-attachment":"scroll","background-type":"","background-media":"","overlay-type":"","overlay-color":"","overlay-opacity":"","overlay-gradient":""},"tablet":{"background-color":"var(--ast-global-color-5)","background-image":"","background-repeat":"repeat","background-position":"center center","background-size":"auto","background-attachment":"scroll","background-type":"","background-media":"","overlay-type":"","overlay-color":"","overlay-opacity":"","overlay-gradient":""},"mobile":{"background-color":"var(--ast-global-color-5)","background-image":"","background-repeat":"repeat","background-position":"center center","background-size":"auto","background-attachment":"scroll","background-type":"","background-media":"","overlay-type":"","overlay-color":"","overlay-opacity":"","overlay-gradient":""}},"footnotes":""},"class_list":["post-146603","page","type-page","status-publish","has-post-thumbnail","hentry"],"_links":{"self":[{"href":"https:\/\/medclinics.com\/fr\/wp-json\/wp\/v2\/pages\/146603","targetHints":{"allow":["GET"]}}],"collection":[{"href":"https:\/\/medclinics.com\/fr\/wp-json\/wp\/v2\/pages"}],"about":[{"href":"https:\/\/medclinics.com\/fr\/wp-json\/wp\/v2\/types\/page"}],"author":[{"embeddable":true,"href":"https:\/\/medclinics.com\/fr\/wp-json\/wp\/v2\/users\/4"}],"replies":[{"embeddable":true,"href":"https:\/\/medclinics.com\/fr\/wp-json\/wp\/v2\/comments?post=146603"}],"version-history":[{"count":0,"href":"https:\/\/medclinics.com\/fr\/wp-json\/wp\/v2\/pages\/146603\/revisions"}],"wp:featuredmedia":[{"embeddable":true,"href":"https:\/\/medclinics.com\/fr\/wp-json\/wp\/v2\/media\/161575"}],"wp:attachment":[{"href":"https:\/\/medclinics.com\/fr\/wp-json\/wp\/v2\/media?parent=146603"}],"curies":[{"name":"wp","href":"https:\/\/api.w.org\/{rel}","templated":true}]}}