{"id":146593,"date":"2023-05-24T13:05:30","date_gmt":"2023-05-24T13:05:30","guid":{"rendered":"https:\/\/medclinics.com\/morpheus8-3\/"},"modified":"2024-04-04T19:32:33","modified_gmt":"2024-04-04T16:32:33","slug":"morpheus8-3","status":"publish","type":"page","link":"https:\/\/medclinics.com\/fr\/morpheus8-3\/","title":{"rendered":"Morpheus8"},"content":{"rendered":"\n<h2 class=\"wp-block-heading\">N&rsquo;h\u00e9sitez pas aujourd&rsquo;hui si vous souhaitez obtenir des am\u00e9liorations durables et visibles rapidement gr\u00e2ce \u00e0 la technologie Morpheus 8 !<\/h2>\n\n<p>Morpheus8 est la solution ultime pour ceux qui recherchent un traitement <a href=\"https:\/\/en.wikipedia.org\/wiki\/Aesthetic_medicine\" target=\"_blank\" rel=\"noreferrer noopener\">cosm\u00e9tique<\/a> peu invasif capable de transformer leur peau. Cette proc\u00e9dure r\u00e9volutionnaire associe le microneedling \u00e0 l&rsquo;\u00e9nergie de la radiofr\u00e9quence (RF) pour traiter des probl\u00e8mes courants tels que les rides, les ridules, les cicatrices d&rsquo;acn\u00e9, l&rsquo;hyperpigmentation et le rel\u00e2chement de la peau.<\/p>\n\n<p>Le dispositif Morpheus8 utilise de minuscules micro-aiguilles pour cr\u00e9er des micro-canaux dans votre peau tout en d\u00e9livrant de l&rsquo;\u00e9nergie RF dans les couches plus profondes du tissu. Le r\u00e9sultat ? L&rsquo;augmentation de la production et du remodelage du collag\u00e8ne permet d&rsquo;obtenir une peau plus ferme et d&rsquo;apparence plus rajeunie, ce qui vous donne une allure jeune et rafra\u00eechie !<\/p>\n\n<p>L&rsquo;un des principaux avantages de ce traitement est qu&rsquo;il est personnalisable ; nos experts ajusteront la profondeur des aiguilles utilis\u00e9es ainsi que les niveaux d&rsquo;intensit\u00e9 en fonction des besoins individuels ou des conditions sp\u00e9cifiques pr\u00e9sentes dans la situation unique de chaque patient.<\/p>\n\n<p>Autre avantage : il stimule \u00e9galement la formation de nouvelles fibres d&rsquo;\u00e9lastine ! Avec des zones polyvalentes telles que le visage, le cou, les bras et les cuisses disponibles pour l&rsquo;application, pourquoi attendre plus longtemps ?<\/p>\n\n<p>Le temps de r\u00e9cup\u00e9ration minimal signifie que la plupart des personnes sont en mesure de reprendre leurs activit\u00e9s r\u00e9guli\u00e8res peu de temps apr\u00e8s avoir re\u00e7u les traitements sans ressentir d&rsquo;inconfort significatif. La p\u00e9riode post-traitement ne dure que quelques jours plut\u00f4t que des semaines\/mois comme d&rsquo;autres proc\u00e9dures peuvent n\u00e9cessiter avant de voir des r\u00e9sultats graduels s&rsquo;installer sur plusieurs s\u00e9ances en fonction des objectifs de r\u00e9sultats souhait\u00e9s par les patients eux-m\u00eames.<\/p>\n\n<h3 class=\"wp-block-heading\">Tout ce que vous devez savoir sur les <a href=\"https:\/\/medclinics.com\/fr\/beaute\/\" target=\"_blank\" rel=\"noreferrer noopener\">traitements de beaut\u00e9<\/a>, y compris le prix, les soins et le processus de gu\u00e9rison, se trouve ici, <a href=\"#requestform\">contactez-nous<\/a>!<\/h3>\n\n<h3 class=\"wp-block-heading\">FAQ<\/h3>\n<div id=\"rank-math-faq\" class=\"rank-math-block\">\n<div class=\"rank-math-list \">\n<div id=\"faq-question-1684933255901\" class=\"rank-math-list-item\">\n<h3 class=\"rank-math-question \">Comment fonctionne morpheus8 ?<\/h3>\n<div class=\"rank-math-answer \">\n\n<p>Morpheus8 est un traitement de rajeunissement cutan\u00e9 de pointe qui associe le microneedling et l&rsquo;\u00e9nergie de radiofr\u00e9quence (RF) pour stimuler la production de collag\u00e8ne et remodeler la peau. La proc\u00e9dure fait appel \u00e0 un appareil manuel dot\u00e9 de minuscules aiguilles qui cr\u00e9ent des microcanaux dans la peau tout en d\u00e9livrant de l&rsquo;\u00e9nergie par radiofr\u00e9quence. Cette double action d\u00e9clenche une blessure thermique contr\u00f4l\u00e9e dans les couches profondes de la peau, favorisant la production de nouveau collag\u00e8ne et d&rsquo;\u00e9lastine. Au fil du temps, il en r\u00e9sulte une peau plus ferme, plus lisse et d&rsquo;apparence plus jeune. Morpheus8 peut \u00eatre adapt\u00e9 pour r\u00e9pondre \u00e0 divers probl\u00e8mes tels que les rides, les cicatrices d&rsquo;acn\u00e9 et la laxit\u00e9 de la peau, et il offre des niveaux de profondeur et d&rsquo;\u00e9nergie personnalisables pour un traitement individualis\u00e9.<\/p>\n\n<\/div>\n<\/div>\n<div id=\"faq-question-1684933389832\" class=\"rank-math-list-item\">\n<h3 class=\"rank-math-question \">Morpheus8 est-il s\u00fbr ?<\/h3>\n<div class=\"rank-math-answer \">\n\n<p>Morpheus8 est g\u00e9n\u00e9ralement consid\u00e9r\u00e9 comme s\u00fbr lorsqu&rsquo;il est pratiqu\u00e9 par un professionnel de sant\u00e9 qualifi\u00e9 et exp\u00e9riment\u00e9. Il s&rsquo;agit d&rsquo;une proc\u00e9dure approuv\u00e9e par la FDA qui associe le microneedling et l&rsquo;\u00e9nergie de radiofr\u00e9quence (RF) pour rajeunir la peau. Cependant, comme pour toute proc\u00e9dure esth\u00e9tique, il existe des risques potentiels et des effets secondaires dont il faut \u00eatre conscient. Il peut s&rsquo;agir d&rsquo;une rougeur temporaire, d&rsquo;un gonflement, d&rsquo;une ecchymose et d&rsquo;une l\u00e9g\u00e8re g\u00eane dans la zone trait\u00e9e. Dans de rares cas, il peut y avoir un risque d&rsquo;infection ou d&rsquo;irritation de la peau.<\/p>\n\n<\/div>\n<\/div>\n<div id=\"faq-question-1684933317297\" class=\"rank-math-list-item\">\n<h3 class=\"rank-math-question \">Est-ce que morpheus8 en vaut la peine ?<\/h3>\n<div class=\"rank-math-answer \">\n\n<p>La d\u00e9cision de savoir si Morpheus8 est int\u00e9ressant pour vous d\u00e9pend de vos besoins et de vos attentes. Ce traitement innovant de rajeunissement de la peau a montr\u00e9 des r\u00e9sultats prometteurs dans l&rsquo;am\u00e9lioration de divers probl\u00e8mes de peau. Il peut \u00eatre particuli\u00e8rement b\u00e9n\u00e9fique pour les personnes qui souhaitent \u00e9liminer les rides, les cicatrices d&rsquo;acn\u00e9 et la laxit\u00e9 de la peau. Cependant, la valeur du traitement est subjective et les r\u00e9sultats que vous souhaitez obtenir d\u00e9pendent de facteurs tels que votre budget et votre volont\u00e9 de subir la proc\u00e9dure. Il est conseill\u00e9 de consulter un professionnel de la sant\u00e9 qualifi\u00e9 pour d\u00e9terminer si Morpheus8 en vaut la peine. Ils peuvent \u00e9valuer l&rsquo;\u00e9tat de votre peau, discuter de vos objectifs et vous fournir des recommandations personnalis\u00e9es. Avec une compr\u00e9hension approfondie des avantages potentiels, des co\u00fbts et des temps d&rsquo;arr\u00eat associ\u00e9s, vous pouvez d\u00e9cider en toute connaissance de cause si Morpheus8 est compatible avec vos attentes et s&rsquo;il vaut la peine de poursuivre votre voyage de rajeunissement de la peau.<\/p>\n\n<\/div>\n<\/div>\n<div id=\"faq-question-1684933441203\" class=\"rank-math-list-item\">\n<h3 class=\"rank-math-question \">Morpheus8 Quelle est la dur\u00e9e de vie du produit ?<\/h3>\n<div class=\"rank-math-answer \">\n\n<p>La dur\u00e9e des r\u00e9sultats de Morpheus8 varie g\u00e9n\u00e9ralement de 9 mois \u00e0 2 ans, en fonction de divers facteurs tels que les caract\u00e9ristiques individuelles de la peau, l&rsquo;\u00e2ge, le mode de vie et l&rsquo;entretien ad\u00e9quat de la peau. Bien que certaines personnes puissent obtenir des r\u00e9sultats plus durables, il est important de noter que la long\u00e9vit\u00e9 des effets peut varier d&rsquo;une personne \u00e0 l&rsquo;autre.<\/p>\n\n<\/div>\n<\/div>\n<\/div>\n<\/div>\n<p><\/p>\n\n<h3 class=\"wp-block-heading\">Contactez-nous d\u00e8s maintenant si vous avez des questions !<\/h3>\n","protected":false},"excerpt":{"rendered":"<p>N&rsquo;h\u00e9sitez pas aujourd&rsquo;hui si vous souhaitez obtenir des am\u00e9liorations durables et visibles rapidement gr\u00e2ce \u00e0 la technologie Morpheus 8 ! [&hellip;]<\/p>\n","protected":false},"author":4,"featured_media":98793,"parent":0,"menu_order":0,"comment_status":"closed","ping_status":"closed","template":"","meta":{"site-sidebar-layout":"default","site-content-layout":"","ast-site-content-layout":"default","site-content-style":"default","site-sidebar-style":"default","ast-global-header-display":"","ast-banner-title-visibility":"","ast-main-header-display":"","ast-hfb-above-header-display":"","ast-hfb-below-header-display":"","ast-hfb-mobile-header-display":"","site-post-title":"","ast-breadcrumbs-content":"","ast-featured-img":"","footer-sml-layout":"","ast-disable-related-posts":"","theme-transparent-header-meta":"","adv-header-id-meta":"","stick-header-meta":"","header-above-stick-meta":"","header-main-stick-meta":"","header-below-stick-meta":"","astra-migrate-meta-layouts":"default","ast-page-background-enabled":"default","ast-page-background-meta":{"desktop":{"background-color":"var(--ast-global-color-4)","background-image":"","background-repeat":"repeat","background-position":"center center","background-size":"auto","background-attachment":"scroll","background-type":"","background-media":"","overlay-type":"","overlay-color":"","overlay-opacity":"","overlay-gradient":""},"tablet":{"background-color":"","background-image":"","background-repeat":"repeat","background-position":"center center","background-size":"auto","background-attachment":"scroll","background-type":"","background-media":"","overlay-type":"","overlay-color":"","overlay-opacity":"","overlay-gradient":""},"mobile":{"background-color":"","background-image":"","background-repeat":"repeat","background-position":"center center","background-size":"auto","background-attachment":"scroll","background-type":"","background-media":"","overlay-type":"","overlay-color":"","overlay-opacity":"","overlay-gradient":""}},"ast-content-background-meta":{"desktop":{"background-color":"var(--ast-global-color-5)","background-image":"","background-repeat":"repeat","background-position":"center center","background-size":"auto","background-attachment":"scroll","background-type":"","background-media":"","overlay-type":"","overlay-color":"","overlay-opacity":"","overlay-gradient":""},"tablet":{"background-color":"var(--ast-global-color-5)","background-image":"","background-repeat":"repeat","background-position":"center center","background-size":"auto","background-attachment":"scroll","background-type":"","background-media":"","overlay-type":"","overlay-color":"","overlay-opacity":"","overlay-gradient":""},"mobile":{"background-color":"var(--ast-global-color-5)","background-image":"","background-repeat":"repeat","background-position":"center center","background-size":"auto","background-attachment":"scroll","background-type":"","background-media":"","overlay-type":"","overlay-color":"","overlay-opacity":"","overlay-gradient":""}},"footnotes":""},"class_list":["post-146593","page","type-page","status-publish","has-post-thumbnail","hentry"],"_links":{"self":[{"href":"https:\/\/medclinics.com\/fr\/wp-json\/wp\/v2\/pages\/146593","targetHints":{"allow":["GET"]}}],"collection":[{"href":"https:\/\/medclinics.com\/fr\/wp-json\/wp\/v2\/pages"}],"about":[{"href":"https:\/\/medclinics.com\/fr\/wp-json\/wp\/v2\/types\/page"}],"author":[{"embeddable":true,"href":"https:\/\/medclinics.com\/fr\/wp-json\/wp\/v2\/users\/4"}],"replies":[{"embeddable":true,"href":"https:\/\/medclinics.com\/fr\/wp-json\/wp\/v2\/comments?post=146593"}],"version-history":[{"count":0,"href":"https:\/\/medclinics.com\/fr\/wp-json\/wp\/v2\/pages\/146593\/revisions"}],"wp:featuredmedia":[{"embeddable":true,"href":"https:\/\/medclinics.com\/fr\/wp-json\/wp\/v2\/media\/98793"}],"wp:attachment":[{"href":"https:\/\/medclinics.com\/fr\/wp-json\/wp\/v2\/media?parent=146593"}],"curies":[{"name":"wp","href":"https:\/\/api.w.org\/{rel}","templated":true}]}}