{"id":146579,"date":"2023-05-24T12:54:53","date_gmt":"2023-05-24T09:54:53","guid":{"rendered":"https:\/\/medclinics.com\/lumecca-2\/"},"modified":"2024-04-04T19:32:38","modified_gmt":"2024-04-04T16:32:38","slug":"lumecca-2","status":"publish","type":"page","link":"https:\/\/medclinics.com\/fr\/lumecca-2\/","title":{"rendered":"Lumecca"},"content":{"rendered":"\n<h2 class=\"wp-block-heading\">Si vous souhaitez rajeunir votre teint ou r\u00e9duire l&rsquo;apparence des irr\u00e9gularit\u00e9s de la pigmentation, Lumecca pourrait \u00eatre la solution qu&rsquo;il vous faut !<\/h2>\n\n<p>Lumecca est une m\u00e9thode exceptionnelle de traitement par lumi\u00e8re <a href=\"https:\/\/en.wikipedia.org\/wiki\/Intense_pulsed_light\" target=\"_blank\" rel=\"noreferrer noopener\">puls\u00e9e intense<\/a> (IPL) qui peut r\u00e9pondre \u00e0 divers probl\u00e8mes de peau. Cette proc\u00e9dure non invasive utilise des impulsions de haute intensit\u00e9 de lumi\u00e8re \u00e0 large spectre pour cibler efficacement des probl\u00e8mes de peau sp\u00e9cifiques, ce qui en fait un choix populaire pour ceux qui recherchent une peau \u00e9clatante et jeune.<\/p>\n\n<p>Au cours d&rsquo;une s\u00e9ance avec cet appareil portatif, des flashs de lumi\u00e8re sont \u00e9mis sur des zones cibl\u00e9es de votre visage ou de votre corps. Ils p\u00e9n\u00e8trent profond\u00e9ment dans les cellules et les chauffent, ce qui entra\u00eene leur d\u00e9sint\u00e9gration progressive au fil du temps, stimulant ainsi les r\u00e9actions naturelles de gu\u00e9rison et permettant d&rsquo;obtenir de meilleurs r\u00e9sultats sur les zones trait\u00e9es.<\/p>\n\n<p>Il est important de noter que si certaines personnes peuvent atteindre le r\u00e9sultat souhait\u00e9 apr\u00e8s un seul traitement, d&rsquo;autres peuvent avoir besoin de plusieurs s\u00e9ances espac\u00e9es de quelques semaines en fonction des besoins individuels. Il convient toujours d&rsquo;en discuter au pr\u00e9alable avec des professionnels qualifi\u00e9s qui peuvent \u00e9valuer les risques par rapport aux b\u00e9n\u00e9fices avant de recommander des plans adapt\u00e9s sp\u00e9cifiquement aux besoins uniques de chaque personne.<\/p>\n\n<h3 class=\"wp-block-heading\">Tout ce que vous devez savoir sur les <a href=\"https:\/\/medclinics.com\/fr\/beaute\/\" target=\"_blank\" rel=\"noreferrer noopener\">traitements de beaut\u00e9<\/a>, y compris le prix, les soins et le processus de gu\u00e9rison, ou <a href=\"#requestform\">contactez-nous<\/a>!<\/h3>\n\n<h3 class=\"wp-block-heading\">FAQ<\/h3>\n<div id=\"rank-math-faq\" class=\"rank-math-block\">\n<div class=\"rank-math-list \">\n<div id=\"faq-question-1684932444387\" class=\"rank-math-list-item\">\n<h3 class=\"rank-math-question \">Lumecca est-il s\u00fbr ?<\/h3>\n<div class=\"rank-math-answer \">\n\n<p>Lumecca, un traitement \u00e0 la lumi\u00e8re puls\u00e9e intense (IPL), est g\u00e9n\u00e9ralement consid\u00e9r\u00e9 comme s\u00fbr lorsqu&rsquo;il est effectu\u00e9 par un professionnel qualifi\u00e9. Les effets secondaires les plus courants sont des rougeurs temporaires, des gonflements ou une l\u00e9g\u00e8re g\u00eane, qui disparaissent g\u00e9n\u00e9ralement au bout de quelques jours. Les complications graves sont rares mais peuvent inclure des br\u00fblures ou des modifications de la pigmentation de la peau.<\/p>\n\n<\/div>\n<\/div>\n<div id=\"faq-question-1684932547476\" class=\"rank-math-list-item\">\n<h3 class=\"rank-math-question \">Lumecca est-il permanent ?<\/h3>\n<div class=\"rank-math-answer \">\n\n<p>Lumecca n&rsquo;est pas consid\u00e9r\u00e9 comme un traitement permanent. Bien qu&rsquo;il puisse apporter des am\u00e9liorations significatives \u00e0 l&rsquo;apparence de la peau, la long\u00e9vit\u00e9 des r\u00e9sultats peut varier d&rsquo;une personne \u00e0 l&rsquo;autre. Des facteurs tels que les caract\u00e9ristiques individuelles de la peau, les choix de mode de vie et l&rsquo;exposition permanente au soleil peuvent influencer la dur\u00e9e des r\u00e9sultats de Lumecca. Lumecca peut aider \u00e0 traiter des probl\u00e8mes tels que les dommages caus\u00e9s par le soleil, les taches de vieillesse, les l\u00e9sions vasculaires et les irr\u00e9gularit\u00e9s du teint. Toutefois, de nouvelles l\u00e9sions ou d\u00e9colorations de la peau peuvent appara\u00eetre au fil du temps en raison de facteurs tels que l&rsquo;exposition au soleil, le vieillissement ou les habitudes de vie. Pour conserver les r\u00e9sultats et maximiser les avantages de Lumecca, il est important de suivre une routine de soins de la peau appropri\u00e9e, de prot\u00e9ger la peau du soleil et d&rsquo;envisager les traitements d&rsquo;entretien recommand\u00e9s par votre professionnel de la sant\u00e9.<\/p>\n\n<\/div>\n<\/div>\n<div id=\"faq-question-1684932548821\" class=\"rank-math-list-item\">\n<h3 class=\"rank-math-question \">Quelle est la dur\u00e9e des r\u00e9sultats de Lumecca ?<\/h3>\n<div class=\"rank-math-answer \">\n\n<p>En moyenne, les r\u00e9sultats de Lumecca peuvent durer de quelques mois \u00e0 un an ou plus. Toutefois, il est important de noter que les exp\u00e9riences individuelles peuvent varier. Des facteurs tels que le type de peau, le mode de vie et l&rsquo;exposition permanente au soleil peuvent influencer la long\u00e9vit\u00e9 des r\u00e9sultats.<\/p>\n\n<\/div>\n<\/div>\n<div id=\"faq-question-1684932825426\" class=\"rank-math-list-item\">\n<h3 class=\"rank-math-question \">Qu&rsquo;arrive-t-il \u00e0 la peau apr\u00e8s Lumecca ?<\/h3>\n<div class=\"rank-math-answer \">\n\n<p>Apr\u00e8s un traitement Lumecca, vous pouvez vous attendre \u00e0 des effets imm\u00e9diats et ult\u00e9rieurs sur la peau. Imm\u00e9diatement apr\u00e8s l&rsquo;intervention, la zone trait\u00e9e pr\u00e9sente une rougeur temporaire qui dispara\u00eet g\u00e9n\u00e9ralement en quelques heures ou en quelques jours. Dans les jours qui suivent, vous pouvez constater un assombrissement des zones trait\u00e9es, ce qui indique la disparition des l\u00e9sions pigmentaires cibl\u00e9es. La peau peut s&rsquo;\u00e9cailler ou se d\u00e9tacher, car elle subit un processus naturel d&rsquo;exfoliation. Il est important d&rsquo;\u00e9viter de se piquer ou de se gratter la peau pendant cette p\u00e9riode. Des am\u00e9liorations progressives des probl\u00e8mes de peau cibl\u00e9s, tels que les dommages caus\u00e9s par le soleil et les taches de vieillesse, peuvent \u00eatre observ\u00e9es dans les semaines qui suivent le traitement, ce qui donne un teint plus uniforme et rajeuni.<\/p>\n\n<\/div>\n<\/div>\n<\/div>\n<\/div>\n<p><\/p>\n\n<h3 class=\"wp-block-heading\">Contactez-nous d\u00e8s maintenant si vous avez des questions !<\/h3>\n","protected":false},"excerpt":{"rendered":"<p>Si vous souhaitez rajeunir votre teint ou r\u00e9duire l&rsquo;apparence des irr\u00e9gularit\u00e9s de la pigmentation, Lumecca pourrait \u00eatre la solution qu&rsquo;il [&hellip;]<\/p>\n","protected":false},"author":4,"featured_media":92920,"parent":0,"menu_order":0,"comment_status":"closed","ping_status":"closed","template":"","meta":{"site-sidebar-layout":"default","site-content-layout":"","ast-site-content-layout":"default","site-content-style":"default","site-sidebar-style":"default","ast-global-header-display":"","ast-banner-title-visibility":"","ast-main-header-display":"","ast-hfb-above-header-display":"","ast-hfb-below-header-display":"","ast-hfb-mobile-header-display":"","site-post-title":"","ast-breadcrumbs-content":"","ast-featured-img":"","footer-sml-layout":"","ast-disable-related-posts":"","theme-transparent-header-meta":"","adv-header-id-meta":"","stick-header-meta":"","header-above-stick-meta":"","header-main-stick-meta":"","header-below-stick-meta":"","astra-migrate-meta-layouts":"default","ast-page-background-enabled":"default","ast-page-background-meta":{"desktop":{"background-color":"var(--ast-global-color-4)","background-image":"","background-repeat":"repeat","background-position":"center center","background-size":"auto","background-attachment":"scroll","background-type":"","background-media":"","overlay-type":"","overlay-color":"","overlay-opacity":"","overlay-gradient":""},"tablet":{"background-color":"","background-image":"","background-repeat":"repeat","background-position":"center center","background-size":"auto","background-attachment":"scroll","background-type":"","background-media":"","overlay-type":"","overlay-color":"","overlay-opacity":"","overlay-gradient":""},"mobile":{"background-color":"","background-image":"","background-repeat":"repeat","background-position":"center center","background-size":"auto","background-attachment":"scroll","background-type":"","background-media":"","overlay-type":"","overlay-color":"","overlay-opacity":"","overlay-gradient":""}},"ast-content-background-meta":{"desktop":{"background-color":"var(--ast-global-color-5)","background-image":"","background-repeat":"repeat","background-position":"center center","background-size":"auto","background-attachment":"scroll","background-type":"","background-media":"","overlay-type":"","overlay-color":"","overlay-opacity":"","overlay-gradient":""},"tablet":{"background-color":"var(--ast-global-color-5)","background-image":"","background-repeat":"repeat","background-position":"center center","background-size":"auto","background-attachment":"scroll","background-type":"","background-media":"","overlay-type":"","overlay-color":"","overlay-opacity":"","overlay-gradient":""},"mobile":{"background-color":"var(--ast-global-color-5)","background-image":"","background-repeat":"repeat","background-position":"center center","background-size":"auto","background-attachment":"scroll","background-type":"","background-media":"","overlay-type":"","overlay-color":"","overlay-opacity":"","overlay-gradient":""}},"footnotes":""},"class_list":["post-146579","page","type-page","status-publish","has-post-thumbnail","hentry"],"_links":{"self":[{"href":"https:\/\/medclinics.com\/fr\/wp-json\/wp\/v2\/pages\/146579","targetHints":{"allow":["GET"]}}],"collection":[{"href":"https:\/\/medclinics.com\/fr\/wp-json\/wp\/v2\/pages"}],"about":[{"href":"https:\/\/medclinics.com\/fr\/wp-json\/wp\/v2\/types\/page"}],"author":[{"embeddable":true,"href":"https:\/\/medclinics.com\/fr\/wp-json\/wp\/v2\/users\/4"}],"replies":[{"embeddable":true,"href":"https:\/\/medclinics.com\/fr\/wp-json\/wp\/v2\/comments?post=146579"}],"version-history":[{"count":0,"href":"https:\/\/medclinics.com\/fr\/wp-json\/wp\/v2\/pages\/146579\/revisions"}],"wp:featuredmedia":[{"embeddable":true,"href":"https:\/\/medclinics.com\/fr\/wp-json\/wp\/v2\/media\/92920"}],"wp:attachment":[{"href":"https:\/\/medclinics.com\/fr\/wp-json\/wp\/v2\/media?parent=146579"}],"curies":[{"name":"wp","href":"https:\/\/api.w.org\/{rel}","templated":true}]}}