{"id":146567,"date":"2023-05-24T12:42:23","date_gmt":"2023-05-24T09:42:23","guid":{"rendered":"https:\/\/medclinics.com\/traitements-de-lipolyse\/"},"modified":"2024-04-01T15:28:22","modified_gmt":"2024-04-01T12:28:22","slug":"traitements-de-lipolyse","status":"publish","type":"page","link":"https:\/\/medclinics.com\/fr\/traitements-de-lipolyse\/","title":{"rendered":"Traitements de lipolyse"},"content":{"rendered":"\n<h2 class=\"wp-block-heading\">Vous avez du mal \u00e0 vous d\u00e9barrasser des graisses tenaces dans certaines zones malgr\u00e9 un r\u00e9gime et de l&rsquo;exercice ? Les traitements de lipolyse peuvent \u00eatre la solution pour vous.<\/h2>\n\n<p>Ces proc\u00e9dures m\u00e9dicales ou cosm\u00e9tiques sont con\u00e7ues pour cibler les d\u00e9p\u00f4ts de graisse localis\u00e9s, qui r\u00e9sistent souvent aux m\u00e9thodes traditionnelles de perte de poids.<\/p>\n\n<p>Il existe plusieurs types de traitements de <a href=\"https:\/\/en.wikipedia.org\/wiki\/Lipolysis\" target=\"_blank\" rel=\"noreferrer noopener\">lipolyse<\/a>, chacun ayant sa propre approche. La lipolyse par injection consiste \u00e0 injecter directement dans le tissu adipeux des substances qui d\u00e9composent les cellules graisseuses au fil du temps. La lipolyse laser utilise l&rsquo;\u00e9nergie laser pour liqu\u00e9fier et \u00e9liminer la graisse ind\u00e9sirable par une petite incision ou par \u00e9limination naturelle par le corps. La lipolyse par ultrasons perturbe les cellules graisseuses cibl\u00e9es \u00e0 l&rsquo;aide d&rsquo;ondes ultrasoniques afin qu&rsquo;elles se rompent et lib\u00e8rent leur contenu avant d&rsquo;\u00eatre m\u00e9tabolis\u00e9es et \u00e9limin\u00e9es de votre syst\u00e8me.<\/p>\n\n<p>Il est important de ne pas confondre ces options de traitement efficaces avec une strat\u00e9gie globale de perte de poids, mais plut\u00f4t de les consid\u00e9rer comme faisant partie d&rsquo;un plan complet visant \u00e0 remodeler esth\u00e9tiquement des parties sp\u00e9cifiques de votre corps tout en r\u00e9duisant l&rsquo;exc\u00e8s de graisse l\u00e0 o\u00f9 c&rsquo;est n\u00e9cessaire. Il est fortement recommand\u00e9 que seuls des professionnels qualifi\u00e9s effectuent de telles proc\u00e9dures apr\u00e8s avoir consult\u00e9 des prestataires de soins de sant\u00e9 qui d\u00e9termineront si elles conviennent le mieux aux besoins individuels.<\/p>\n\n<h3 class=\"wp-block-heading\">Tout ce que vous devez savoir sur les <a href=\"https:\/\/medclinics.com\/fr\/beaute\/\" target=\"_blank\" rel=\"noreferrer noopener\">traitements de beaut\u00e9<\/a>, y compris les prix et plus encore, est ici, <a href=\"#requestform\">contactez-nous<\/a>!<\/h3>\n\n<h2 class=\"wp-block-heading\">FAQ <\/h2>\n<div id=\"rank-math-faq\" class=\"rank-math-block\">\n<div class=\"rank-math-list \">\n<div id=\"faq-question-1684931785598\" class=\"rank-math-list-item\">\n<h3 class=\"rank-math-question \">Qu&rsquo;est-ce que la lipolyse ?<\/h3>\n<div class=\"rank-math-answer \">\n\n<p>Il s&rsquo;agit d&rsquo;un traitement cosm\u00e9tique qui consiste \u00e0 injecter une solution dans des zones sp\u00e9cifiques du corps afin de dissoudre et de r\u00e9duire les d\u00e9p\u00f4ts de graisse localis\u00e9s. La solution contient g\u00e9n\u00e9ralement des substances telles que la phosphatidylcholine et l&rsquo;acide d\u00e9soxycholique, qui agissent sur les cellules graisseuses. La proc\u00e9dure est g\u00e9n\u00e9ralement utilis\u00e9e pour cibler des zones telles que l&rsquo;abdomen, les cuisses, les hanches et le menton. Les injections de lipolyse sont destin\u00e9es \u00e0 modeler et sculpter le corps en r\u00e9duisant l&rsquo;apparence des poches de graisse tenaces.  <\/p>\n\n<\/div>\n<\/div>\n<div id=\"faq-question-1684931739942\" class=\"rank-math-list-item\">\n<h3 class=\"rank-math-question \">Les injections de lipolyse sont-elles s\u00fbres ?<\/h3>\n<div class=\"rank-math-answer \">\n\n<p>La lipolyse, ou injection de dissolution de la graisse, peut \u00eatre s\u00fbre lorsqu&rsquo;elle est effectu\u00e9e par un professionnel qualifi\u00e9. Cependant, il existe des risques et des effets secondaires potentiels, notamment un gonflement temporaire, des ecchymoses et des complications rares telles qu&rsquo;une infection ou des irr\u00e9gularit\u00e9s de la peau. Il est important de choisir un prestataire r\u00e9put\u00e9 et de r\u00e9v\u00e9ler toute condition m\u00e9dicale ou allergie avant l&rsquo;intervention.<\/p>\n\n<\/div>\n<\/div>\n<div id=\"faq-question-1684931856598\" class=\"rank-math-list-item\">\n<h3 class=\"rank-math-question \">Comment fonctionne la lipolyse ?<\/h3>\n<div class=\"rank-math-answer \">\n\n<p>Il s&rsquo;agit d&rsquo;injecter une solution dans des zones sp\u00e9cifiques du corps pour d\u00e9composer et dissoudre les cellules graisseuses. La solution perturbe les membranes des cellules adipeuses, ce qui les am\u00e8ne \u00e0 lib\u00e9rer les graisses stock\u00e9es. Cette graisse lib\u00e9r\u00e9e est ensuite m\u00e9tabolis\u00e9e et \u00e9limin\u00e9e du corps. Le r\u00e9sultat est un amincissement et un remodelage de la zone trait\u00e9e. Il est important de maintenir un mode de vie sain pour maximiser l&rsquo;efficacit\u00e9 et les r\u00e9sultats \u00e0 long terme de la lipolyse.<\/p>\n\n<\/div>\n<\/div>\n<div id=\"faq-question-1684931955241\" class=\"rank-math-list-item\">\n<h3 class=\"rank-math-question \">La lipolyse est-elle permanente ?<\/h3>\n<div class=\"rank-math-answer \">\n\n<p>Les traitements par lipolyse sont g\u00e9n\u00e9ralement consid\u00e9r\u00e9s comme semi-permanents. La proc\u00e9dure fonctionne en d\u00e9composant et en \u00e9liminant les cellules graisseuses dans la zone cibl\u00e9e. Une fois ces cellules graisseuses \u00e9limin\u00e9es, elles ne se r\u00e9g\u00e9n\u00e8rent pas et ne reviennent pas. Toutefois, il est important de noter que de nouvelles cellules graisseuses peuvent encore se former dans le corps si une personne prend du poids \u00e0 l&rsquo;avenir. Pour maintenir les r\u00e9sultats, il est essentiel d&rsquo;adopter un mode de vie sain, comprenant une activit\u00e9 physique r\u00e9guli\u00e8re et une alimentation \u00e9quilibr\u00e9e, afin d&rsquo;\u00e9viter l&rsquo;accumulation de nouvelles graisses dans les zones trait\u00e9es. En outre, les r\u00e9sultats individuels peuvent varier et plusieurs s\u00e9ances de traitement peuvent \u00eatre n\u00e9cessaires pour obtenir le r\u00e9sultat souhait\u00e9.<\/p>\n\n<\/div>\n<\/div>\n<\/div>\n<\/div>\n<p><\/p>\n\n<h3 class=\"wp-block-heading\">Contactez-nous d\u00e8s maintenant si vous avez des questions !<\/h3>\n","protected":false},"excerpt":{"rendered":"<p>Vous avez du mal \u00e0 vous d\u00e9barrasser des graisses tenaces dans certaines zones malgr\u00e9 un r\u00e9gime et de l&rsquo;exercice ? [&hellip;]<\/p>\n","protected":false},"author":4,"featured_media":92906,"parent":0,"menu_order":0,"comment_status":"closed","ping_status":"closed","template":"","meta":{"site-sidebar-layout":"default","site-content-layout":"","ast-site-content-layout":"default","site-content-style":"default","site-sidebar-style":"default","ast-global-header-display":"","ast-banner-title-visibility":"","ast-main-header-display":"","ast-hfb-above-header-display":"","ast-hfb-below-header-display":"","ast-hfb-mobile-header-display":"","site-post-title":"","ast-breadcrumbs-content":"","ast-featured-img":"","footer-sml-layout":"","ast-disable-related-posts":"","theme-transparent-header-meta":"","adv-header-id-meta":"","stick-header-meta":"","header-above-stick-meta":"","header-main-stick-meta":"","header-below-stick-meta":"","astra-migrate-meta-layouts":"default","ast-page-background-enabled":"default","ast-page-background-meta":{"desktop":{"background-color":"var(--ast-global-color-4)","background-image":"","background-repeat":"repeat","background-position":"center center","background-size":"auto","background-attachment":"scroll","background-type":"","background-media":"","overlay-type":"","overlay-color":"","overlay-opacity":"","overlay-gradient":""},"tablet":{"background-color":"","background-image":"","background-repeat":"repeat","background-position":"center center","background-size":"auto","background-attachment":"scroll","background-type":"","background-media":"","overlay-type":"","overlay-color":"","overlay-opacity":"","overlay-gradient":""},"mobile":{"background-color":"","background-image":"","background-repeat":"repeat","background-position":"center center","background-size":"auto","background-attachment":"scroll","background-type":"","background-media":"","overlay-type":"","overlay-color":"","overlay-opacity":"","overlay-gradient":""}},"ast-content-background-meta":{"desktop":{"background-color":"var(--ast-global-color-5)","background-image":"","background-repeat":"repeat","background-position":"center center","background-size":"auto","background-attachment":"scroll","background-type":"","background-media":"","overlay-type":"","overlay-color":"","overlay-opacity":"","overlay-gradient":""},"tablet":{"background-color":"var(--ast-global-color-5)","background-image":"","background-repeat":"repeat","background-position":"center center","background-size":"auto","background-attachment":"scroll","background-type":"","background-media":"","overlay-type":"","overlay-color":"","overlay-opacity":"","overlay-gradient":""},"mobile":{"background-color":"var(--ast-global-color-5)","background-image":"","background-repeat":"repeat","background-position":"center center","background-size":"auto","background-attachment":"scroll","background-type":"","background-media":"","overlay-type":"","overlay-color":"","overlay-opacity":"","overlay-gradient":""}},"footnotes":""},"class_list":["post-146567","page","type-page","status-publish","has-post-thumbnail","hentry"],"_links":{"self":[{"href":"https:\/\/medclinics.com\/fr\/wp-json\/wp\/v2\/pages\/146567","targetHints":{"allow":["GET"]}}],"collection":[{"href":"https:\/\/medclinics.com\/fr\/wp-json\/wp\/v2\/pages"}],"about":[{"href":"https:\/\/medclinics.com\/fr\/wp-json\/wp\/v2\/types\/page"}],"author":[{"embeddable":true,"href":"https:\/\/medclinics.com\/fr\/wp-json\/wp\/v2\/users\/4"}],"replies":[{"embeddable":true,"href":"https:\/\/medclinics.com\/fr\/wp-json\/wp\/v2\/comments?post=146567"}],"version-history":[{"count":0,"href":"https:\/\/medclinics.com\/fr\/wp-json\/wp\/v2\/pages\/146567\/revisions"}],"wp:featuredmedia":[{"embeddable":true,"href":"https:\/\/medclinics.com\/fr\/wp-json\/wp\/v2\/media\/92906"}],"wp:attachment":[{"href":"https:\/\/medclinics.com\/fr\/wp-json\/wp\/v2\/media?parent=146567"}],"curies":[{"name":"wp","href":"https:\/\/api.w.org\/{rel}","templated":true}]}}