{"id":146545,"date":"2023-05-24T12:15:13","date_gmt":"2023-05-24T09:15:13","guid":{"rendered":"https:\/\/medclinics.com\/comblement-des-levres\/"},"modified":"2024-04-04T19:21:37","modified_gmt":"2024-04-04T16:21:37","slug":"comblement-des-levres","status":"publish","type":"page","link":"https:\/\/medclinics.com\/fr\/comblement-des-levres\/","title":{"rendered":"Comblement des l\u00e8vres"},"content":{"rendered":"\n<h2 class=\"wp-block-heading\">Si vous cherchez un moyen d&rsquo;am\u00e9liorer l&rsquo;apparence de vos l\u00e8vres et d&rsquo;obtenir un aspect plus naturel, les produits de comblement des l\u00e8vres peuvent \u00eatre une excellente solution.<\/h2>\n\n<p>Les produits de comblement des l\u00e8vres sont une excellente option cosm\u00e9tique pour les personnes qui souhaitent am\u00e9liorer l&rsquo;apparence de leurs l\u00e8vres en leur donnant du volume et de la forme. Ces proc\u00e9dures impliquent g\u00e9n\u00e9ralement l&rsquo;utilisation d&rsquo;acide hyaluronique, une substance naturelle de notre corps qui aide \u00e0 maintenir l&rsquo;hydratation et l&rsquo;\u00e9lasticit\u00e9 de la peau.<\/p>\n\n<p>Le processus consiste \u00e0 <a href=\"https:\/\/en.wikipedia.org\/wiki\/Injectable_filler\" target=\"_blank\" rel=\"noreferrer noopener\">injecter du produit de comblement<\/a> dans des zones sp\u00e9cifiques de vos l\u00e8vres avec la pr\u00e9cision de professionnels m\u00e9dicaux qualifi\u00e9s qui peuvent vous aider \u00e0 obtenir l&rsquo;effet d\u00e9sir\u00e9. Ce traitement est id\u00e9al si vous souhaitez des l\u00e8vres plus charnues et plus pulpeuses, tout en d\u00e9finissant les contours des l\u00e8vres ou en r\u00e9duisant les ridules autour de la bouche.<\/p>\n\n<p>Bien que temporaires, ces traitements durent plusieurs mois avant de n\u00e9cessiter des s\u00e9ances d&rsquo;entretien suppl\u00e9mentaires qui sont relativement rapides (15-30 minutes). Il se peut que vous ressentiez une l\u00e9g\u00e8re g\u00eane pendant cette p\u00e9riode, mais il existe des options d&rsquo;anesth\u00e9sie topique\/injectable pour minimiser les niveaux de douleur autant que possible.<\/p>\n\n<p>Comme pour toute proc\u00e9dure impliquant la p\u00e9n\u00e9tration d&rsquo;aiguilles dans le corps, il existe des risques potentiels tels que gonflement, ecchymoses, rougeur, asym\u00e9trie temporaire. Toutefois, les complications graves telles que les infections, les r\u00e9actions allergiques et les probl\u00e8mes vasculaires restent rares, d&rsquo;o\u00f9 l&rsquo;importance de toujours consulter au pr\u00e9alable des professionnels de la sant\u00e9 qualifi\u00e9s et exp\u00e9riment\u00e9s dans l&rsquo;administration de proc\u00e9dures de comblement des l\u00e8vres.<\/p>\n\n<h3 class=\"wp-block-heading\">Tout ce que vous devez savoir sur les <a href=\"https:\/\/medclinics.com\/fr\/beaute\/\" target=\"_blank\" rel=\"noreferrer noopener\">traitements de beaut\u00e9<\/a>, y compris le prix, les soins et le processus de gu\u00e9rison, ou <a href=\"#requestform\">contactez-nous<\/a>!<\/h3>\n\n<h2 class=\"wp-block-heading\">FAQ <\/h2>\n<div id=\"rank-math-faq\" class=\"rank-math-block\">\n<div class=\"rank-math-list \">\n<div id=\"faq-question-1684929939394\" class=\"rank-math-list-item\">\n<h3 class=\"rank-math-question \">Les injections de produit de comblement des l\u00e8vres sont-elles douloureuses ?<\/h3>\n<div class=\"rank-math-answer \">\n\n<p>Bien que les injections de comblement des l\u00e8vres puissent provoquer une certaine g\u00eane, les professionnels de la sant\u00e9 utilisent souvent des techniques telles que les cr\u00e8mes anesth\u00e9siantes et l&rsquo;anesth\u00e9sie locale pour minimiser la douleur. Le niveau d&rsquo;inconfort varie d&rsquo;un individu \u00e0 l&rsquo;autre, mais il est g\u00e9n\u00e9ralement tol\u00e9rable et temporaire. En discutant \u00e0 l&rsquo;avance de vos pr\u00e9occupations avec votre professionnel de la sant\u00e9, vous vous sentirez plus \u00e0 l&rsquo;aise pendant l&rsquo;intervention.<\/p>\n\n<\/div>\n<\/div>\n<div id=\"faq-question-1684930064994\" class=\"rank-math-list-item\">\n<h3 class=\"rank-math-question \">Les produits de comblement des l\u00e8vres sont-ils s\u00fbrs ?<\/h3>\n<div class=\"rank-math-answer \">\n\n<p>Les injections de comblement des l\u00e8vres \u00e0 l&rsquo;acide hyaluronique sont g\u00e9n\u00e9ralement consid\u00e9r\u00e9es comme s\u00fbres lorsqu&rsquo;elles sont r\u00e9alis\u00e9es par un professionnel de sant\u00e9 exp\u00e9riment\u00e9. Cependant, il y a des risques et des effets secondaires \u00e0 prendre en compte, comme un gonflement transitoire, des ecchymoses ou des probl\u00e8mes peu courants. Avant le traitement, il est important de choisir un sp\u00e9cialiste fiable et d&rsquo;expliquer tout probl\u00e8me m\u00e9dical ou toute allergie.<\/p>\n\n<\/div>\n<\/div>\n<div id=\"faq-question-1684930245700\" class=\"rank-math-list-item\">\n<h3 class=\"rank-math-question \">Les produits de comblement des l\u00e8vres sont-ils permanents ?<\/h3>\n<div class=\"rank-math-answer \">\n\n<p>Les effets des injections de comblement des l\u00e8vres durent g\u00e9n\u00e9ralement plusieurs mois, les r\u00e9sultats variant en fonction de facteurs tels que le type de comblement utilis\u00e9, le m\u00e9tabolisme individuel et le mode de vie. Pour maintenir les r\u00e9sultats souhait\u00e9s, des traitements de suivi sont g\u00e9n\u00e9ralement recommand\u00e9s. En tant que fournisseur commercial, nous proposons des traitements de comblement des l\u00e8vres pour am\u00e9liorer le volume et la forme des l\u00e8vres, offrant des r\u00e9sultats d&rsquo;apparence naturelle qui peuvent \u00eatre personnalis\u00e9s selon vos pr\u00e9f\u00e9rences. Nos professionnels exp\u00e9riment\u00e9s peuvent vous guider tout au long du processus et vous aider \u00e0 atteindre vos objectifs en mati\u00e8re d&rsquo;am\u00e9lioration des l\u00e8vres.<\/p>\n\n<\/div>\n<\/div>\n<div id=\"faq-question-1684930382950\" class=\"rank-math-list-item\">\n<h3 class=\"rank-math-question \">Quelle est la dur\u00e9e de vie des produits de comblement des l\u00e8vres ?<\/h3>\n<div class=\"rank-math-answer \">\n\n<p>Les injections de comblement des l\u00e8vres durent g\u00e9n\u00e9ralement entre 6 et 12 mois, mais les r\u00e9sultats individuels peuvent varier. Des traitements de retouche r\u00e9guliers sont recommand\u00e9s pour maintenir les r\u00e9sultats souhait\u00e9s.<\/p>\n\n<\/div>\n<\/div>\n<\/div>\n<\/div>\n<p><\/p>\n\n<h3 class=\"wp-block-heading\">Contactez-nous d\u00e8s maintenant si vous avez des questions !<\/h3>\n","protected":false},"excerpt":{"rendered":"<p>Si vous cherchez un moyen d&rsquo;am\u00e9liorer l&rsquo;apparence de vos l\u00e8vres et d&rsquo;obtenir un aspect plus naturel, les produits de comblement [&hellip;]<\/p>\n","protected":false},"author":4,"featured_media":92875,"parent":0,"menu_order":0,"comment_status":"closed","ping_status":"closed","template":"","meta":{"site-sidebar-layout":"default","site-content-layout":"","ast-site-content-layout":"default","site-content-style":"default","site-sidebar-style":"default","ast-global-header-display":"","ast-banner-title-visibility":"","ast-main-header-display":"","ast-hfb-above-header-display":"","ast-hfb-below-header-display":"","ast-hfb-mobile-header-display":"","site-post-title":"","ast-breadcrumbs-content":"","ast-featured-img":"","footer-sml-layout":"","ast-disable-related-posts":"","theme-transparent-header-meta":"","adv-header-id-meta":"","stick-header-meta":"","header-above-stick-meta":"","header-main-stick-meta":"","header-below-stick-meta":"","astra-migrate-meta-layouts":"default","ast-page-background-enabled":"default","ast-page-background-meta":{"desktop":{"background-color":"var(--ast-global-color-4)","background-image":"","background-repeat":"repeat","background-position":"center center","background-size":"auto","background-attachment":"scroll","background-type":"","background-media":"","overlay-type":"","overlay-color":"","overlay-opacity":"","overlay-gradient":""},"tablet":{"background-color":"","background-image":"","background-repeat":"repeat","background-position":"center center","background-size":"auto","background-attachment":"scroll","background-type":"","background-media":"","overlay-type":"","overlay-color":"","overlay-opacity":"","overlay-gradient":""},"mobile":{"background-color":"","background-image":"","background-repeat":"repeat","background-position":"center center","background-size":"auto","background-attachment":"scroll","background-type":"","background-media":"","overlay-type":"","overlay-color":"","overlay-opacity":"","overlay-gradient":""}},"ast-content-background-meta":{"desktop":{"background-color":"var(--ast-global-color-5)","background-image":"","background-repeat":"repeat","background-position":"center center","background-size":"auto","background-attachment":"scroll","background-type":"","background-media":"","overlay-type":"","overlay-color":"","overlay-opacity":"","overlay-gradient":""},"tablet":{"background-color":"var(--ast-global-color-5)","background-image":"","background-repeat":"repeat","background-position":"center center","background-size":"auto","background-attachment":"scroll","background-type":"","background-media":"","overlay-type":"","overlay-color":"","overlay-opacity":"","overlay-gradient":""},"mobile":{"background-color":"var(--ast-global-color-5)","background-image":"","background-repeat":"repeat","background-position":"center center","background-size":"auto","background-attachment":"scroll","background-type":"","background-media":"","overlay-type":"","overlay-color":"","overlay-opacity":"","overlay-gradient":""}},"footnotes":""},"class_list":["post-146545","page","type-page","status-publish","has-post-thumbnail","hentry"],"_links":{"self":[{"href":"https:\/\/medclinics.com\/fr\/wp-json\/wp\/v2\/pages\/146545","targetHints":{"allow":["GET"]}}],"collection":[{"href":"https:\/\/medclinics.com\/fr\/wp-json\/wp\/v2\/pages"}],"about":[{"href":"https:\/\/medclinics.com\/fr\/wp-json\/wp\/v2\/types\/page"}],"author":[{"embeddable":true,"href":"https:\/\/medclinics.com\/fr\/wp-json\/wp\/v2\/users\/4"}],"replies":[{"embeddable":true,"href":"https:\/\/medclinics.com\/fr\/wp-json\/wp\/v2\/comments?post=146545"}],"version-history":[{"count":0,"href":"https:\/\/medclinics.com\/fr\/wp-json\/wp\/v2\/pages\/146545\/revisions"}],"wp:featuredmedia":[{"embeddable":true,"href":"https:\/\/medclinics.com\/fr\/wp-json\/wp\/v2\/media\/92875"}],"wp:attachment":[{"href":"https:\/\/medclinics.com\/fr\/wp-json\/wp\/v2\/media?parent=146545"}],"curies":[{"name":"wp","href":"https:\/\/api.w.org\/{rel}","templated":true}]}}