{"id":146519,"date":"2023-05-24T10:42:18","date_gmt":"2023-05-24T10:42:18","guid":{"rendered":"https:\/\/medclinics.com\/traitement-hydrafacial\/"},"modified":"2024-04-04T19:32:43","modified_gmt":"2024-04-04T16:32:43","slug":"traitement-hydrafacial","status":"publish","type":"page","link":"https:\/\/medclinics.com\/fr\/traitement-hydrafacial\/","title":{"rendered":"Traitement Hydrafacial"},"content":{"rendered":"\n<h2 class=\"wp-block-heading\">Si vous cherchez un moyen de vous sentir plus jeune, le traitement Hydrafacial peut \u00eatre la solution parfaite.<\/h2>\n\n<p>Le <a href=\"https:\/\/istanbul-tourist-information.com\/en\/beauty-salon-treatments\/\" target=\"_blank\" rel=\"noreferrer noopener\">traitement Hydrafacial<\/a> est la solution ultime pour ceux qui souhaitent am\u00e9liorer l&rsquo;apparence et la sant\u00e9 de leur peau sans subir de proc\u00e9dures invasives. Ce traitement facial non invasif combine nettoyage, exfoliation, extraction, hydratation et protection antioxydante en une seule s\u00e9ance.<\/p>\n\n<p>En utilisant un appareil sp\u00e9cialis\u00e9 qui \u00e9limine en douceur les cellules mortes de la peau tout en extrayant les impuret\u00e9s des pores gr\u00e2ce \u00e0 une technologie d&rsquo;aspiration semblable \u00e0 celle du vide, cette proc\u00e9dure innovante d\u00e9livre des ingr\u00e9dients nourrissants tels que des peptides antioxydants et de l&rsquo;acide hyaluronique dans votre peau, ce qui lui conf\u00e8re un \u00e9clat de jeunesse.<\/p>\n\n<p>Adapt\u00e9 \u00e0 tous les types de peau, il r\u00e9pond \u00e0 divers probl\u00e8mes tels que les rides et ridules, la texture irr\u00e9guli\u00e8re, les pores congestionn\u00e9s, les points noirs, les peaux grasses sujettes \u00e0 l&rsquo;acn\u00e9, les peaux s\u00e8ches et d\u00e9shydrat\u00e9es, l&rsquo;hyperpigmentation et les dommages caus\u00e9s par le soleil. Il peut \u00eatre effectu\u00e9 sur plusieurs s\u00e9ances et les r\u00e9sultats sont perceptibles d\u00e8s la premi\u00e8re !<\/p>\n\n<p>Ce processus doux ne n\u00e9cessite pas de temps d&rsquo;arr\u00eat, ce qui vous permet de reprendre vos activit\u00e9s normales imm\u00e9diatement apr\u00e8s chaque rendez-vous ! Cependant, les r\u00e9sultats peuvent varier d&rsquo;une personne \u00e0 l&rsquo;autre, c&rsquo;est pourquoi nous recommandons de consulter des professionnels de la peau ou des dermatologues qualifi\u00e9s au pr\u00e9alable.  <\/p>\n\n<h3 class=\"wp-block-heading\">Tout ce que vous devez savoir sur les <a href=\"https:\/\/medclinics.com\/fr\/beaute\/\" target=\"_blank\" rel=\"noreferrer noopener\">traitements de beaut\u00e9<\/a>, y compris les soins et le processus de gu\u00e9rison, ou <a href=\"#requestform\">contactez-nous<\/a>!<\/h3>\n\n<h2 class=\"wp-block-heading\">FAQ <\/h2>\n<div id=\"rank-math-faq\" class=\"rank-math-block\">\n<div class=\"rank-math-list \">\n<div id=\"faq-question-1684924402238\" class=\"rank-math-list-item\">\n<h3 class=\"rank-math-question \">Combien de temps dure un Hydrafacial ?<\/h3>\n<div class=\"rank-math-answer \">\n\n<p>Le traitement Hydrafacial dure g\u00e9n\u00e9ralement entre 30 minutes et 1 heure. La dur\u00e9e peut varier en fonction du plan de traitement sp\u00e9cifique, des zones trait\u00e9es et des services suppl\u00e9mentaires inclus. Les effets et les b\u00e9n\u00e9fices peuvent durer plusieurs semaines, mais des traitements r\u00e9guliers sont recommand\u00e9s pour maintenir des r\u00e9sultats optimaux. La r\u00e9gularit\u00e9 et le suivi des traitements sont essentiels pour une am\u00e9lioration \u00e0 long terme de la sant\u00e9 et de l&rsquo;apparence de la peau. Il est pr\u00e9f\u00e9rable de consulter une esth\u00e9ticienne agr\u00e9\u00e9e ou un sp\u00e9cialiste des soins de la peau afin de d\u00e9terminer le meilleur plan de traitement pour vos besoins sp\u00e9cifiques.<\/p>\n\n<\/div>\n<\/div>\n<div id=\"faq-question-1684924464809\" class=\"rank-math-list-item\">\n<h3 class=\"rank-math-question \">Les traitements Hydrafacials sont-ils bons pour l&rsquo;acn\u00e9 ?<\/h3>\n<div class=\"rank-math-answer \">\n\n<p>L&rsquo;hydrafacial peut \u00eatre un traitement b\u00e9n\u00e9fique pour les personnes ayant une peau \u00e0 tendance acn\u00e9ique. Le processus en plusieurs \u00e9tapes de nettoyage, d&rsquo;exfoliation, d&rsquo;extraction et de nutrition de la peau peut aider \u00e0 traiter les causes sous-jacentes de l&rsquo;acn\u00e9. En nettoyant la peau en profondeur et en \u00e9liminant l&rsquo;exc\u00e8s de s\u00e9bum, la salet\u00e9 et les bact\u00e9ries, ils peuvent minimiser l&rsquo;obstruction des pores et r\u00e9duire les pouss\u00e9es d&rsquo;acn\u00e9. L&rsquo;\u00e9tape d&rsquo;exfoliation favorise le renouvellement cellulaire et att\u00e9nue les cicatrices d&rsquo;acn\u00e9 et les irr\u00e9gularit\u00e9s de texture. Le processus d&rsquo;extraction en douceur permet d&rsquo;\u00e9liminer les points noirs et les points blancs sans traumatiser la peau. En outre, l&rsquo;infusion de s\u00e9rums hydratants et nourrissants pendant le traitement permet d&rsquo;\u00e9quilibrer les niveaux d&rsquo;hydratation, de favoriser la cicatrisation et de soutenir la sant\u00e9 g\u00e9n\u00e9rale de la peau.<\/p>\n\n<\/div>\n<\/div>\n<div id=\"faq-question-1684924551755\" class=\"rank-math-list-item\">\n<h3 class=\"rank-math-question \">Quel est le meilleur type d&rsquo;Hydrafacial ?<\/h3>\n<div class=\"rank-math-answer \">\n\n<p>Le meilleur type de traitement hydrafacial varie en fonction des pr\u00e9occupations et des objectifs individuels de la peau. Il offre une gamme d&rsquo;options qui peuvent \u00eatre adapt\u00e9es \u00e0 des besoins sp\u00e9cifiques. En outre, l&rsquo;Hydrafacial avec facteurs de croissance peut stimuler la production de collag\u00e8ne et am\u00e9liorer la vitalit\u00e9 de la peau. Pour d\u00e9terminer le type d&rsquo;hydrafacial qui vous convient le mieux, il est recommand\u00e9 de consulter un professionnel des soins de la peau.<\/p>\n\n<\/div>\n<\/div>\n<div id=\"faq-question-1684924582308\" class=\"rank-math-list-item\">\n<h3 class=\"rank-math-question \">Les traitements Hydrafacials sont-ils s\u00fbrs ?<\/h3>\n<div class=\"rank-math-answer \">\n\n<p>Oui, les HydraFacials sont g\u00e9n\u00e9ralement consid\u00e9r\u00e9s comme s\u00fbrs lorsqu&rsquo;ils sont pratiqu\u00e9s par des professionnels qualifi\u00e9s. Il est important de s&rsquo;assurer que le mat\u00e9riel et les produits utilis\u00e9s sont de haute qualit\u00e9 et correctement d\u00e9sinfect\u00e9s. Les r\u00e9actions individuelles peuvent varier, mais les \u00e9ventuels effets secondaires sont g\u00e9n\u00e9ralement l\u00e9gers et temporaires. Pour garantir la s\u00e9curit\u00e9 et l&rsquo;efficacit\u00e9 du traitement, il est recommand\u00e9 de le faire effectuer par un professionnel agr\u00e9\u00e9 qui suit les protocoles appropri\u00e9s.<\/p>\n\n<\/div>\n<\/div>\n<\/div>\n<\/div>\n<p><\/p>\n\n<h3 class=\"wp-block-heading\">Contactez-nous d\u00e8s maintenant si vous avez des questions !<\/h3>\n","protected":false},"excerpt":{"rendered":"<p>Si vous cherchez un moyen de vous sentir plus jeune, le traitement Hydrafacial peut \u00eatre la solution parfaite. Le traitement [&hellip;]<\/p>\n","protected":false},"author":4,"featured_media":92832,"parent":0,"menu_order":0,"comment_status":"closed","ping_status":"closed","template":"","meta":{"site-sidebar-layout":"default","site-content-layout":"","ast-site-content-layout":"default","site-content-style":"default","site-sidebar-style":"default","ast-global-header-display":"","ast-banner-title-visibility":"","ast-main-header-display":"","ast-hfb-above-header-display":"","ast-hfb-below-header-display":"","ast-hfb-mobile-header-display":"","site-post-title":"","ast-breadcrumbs-content":"","ast-featured-img":"","footer-sml-layout":"","ast-disable-related-posts":"","theme-transparent-header-meta":"","adv-header-id-meta":"","stick-header-meta":"","header-above-stick-meta":"","header-main-stick-meta":"","header-below-stick-meta":"","astra-migrate-meta-layouts":"default","ast-page-background-enabled":"default","ast-page-background-meta":{"desktop":{"background-color":"var(--ast-global-color-4)","background-image":"","background-repeat":"repeat","background-position":"center center","background-size":"auto","background-attachment":"scroll","background-type":"","background-media":"","overlay-type":"","overlay-color":"","overlay-opacity":"","overlay-gradient":""},"tablet":{"background-color":"","background-image":"","background-repeat":"repeat","background-position":"center center","background-size":"auto","background-attachment":"scroll","background-type":"","background-media":"","overlay-type":"","overlay-color":"","overlay-opacity":"","overlay-gradient":""},"mobile":{"background-color":"","background-image":"","background-repeat":"repeat","background-position":"center center","background-size":"auto","background-attachment":"scroll","background-type":"","background-media":"","overlay-type":"","overlay-color":"","overlay-opacity":"","overlay-gradient":""}},"ast-content-background-meta":{"desktop":{"background-color":"var(--ast-global-color-5)","background-image":"","background-repeat":"repeat","background-position":"center center","background-size":"auto","background-attachment":"scroll","background-type":"","background-media":"","overlay-type":"","overlay-color":"","overlay-opacity":"","overlay-gradient":""},"tablet":{"background-color":"var(--ast-global-color-5)","background-image":"","background-repeat":"repeat","background-position":"center center","background-size":"auto","background-attachment":"scroll","background-type":"","background-media":"","overlay-type":"","overlay-color":"","overlay-opacity":"","overlay-gradient":""},"mobile":{"background-color":"var(--ast-global-color-5)","background-image":"","background-repeat":"repeat","background-position":"center center","background-size":"auto","background-attachment":"scroll","background-type":"","background-media":"","overlay-type":"","overlay-color":"","overlay-opacity":"","overlay-gradient":""}},"footnotes":""},"class_list":["post-146519","page","type-page","status-publish","has-post-thumbnail","hentry"],"_links":{"self":[{"href":"https:\/\/medclinics.com\/fr\/wp-json\/wp\/v2\/pages\/146519","targetHints":{"allow":["GET"]}}],"collection":[{"href":"https:\/\/medclinics.com\/fr\/wp-json\/wp\/v2\/pages"}],"about":[{"href":"https:\/\/medclinics.com\/fr\/wp-json\/wp\/v2\/types\/page"}],"author":[{"embeddable":true,"href":"https:\/\/medclinics.com\/fr\/wp-json\/wp\/v2\/users\/4"}],"replies":[{"embeddable":true,"href":"https:\/\/medclinics.com\/fr\/wp-json\/wp\/v2\/comments?post=146519"}],"version-history":[{"count":0,"href":"https:\/\/medclinics.com\/fr\/wp-json\/wp\/v2\/pages\/146519\/revisions"}],"wp:featuredmedia":[{"embeddable":true,"href":"https:\/\/medclinics.com\/fr\/wp-json\/wp\/v2\/media\/92832"}],"wp:attachment":[{"href":"https:\/\/medclinics.com\/fr\/wp-json\/wp\/v2\/media?parent=146519"}],"curies":[{"name":"wp","href":"https:\/\/api.w.org\/{rel}","templated":true}]}}