{"id":146507,"date":"2023-07-24T09:06:17","date_gmt":"2023-07-24T06:06:17","guid":{"rendered":"https:\/\/medclinics.com\/indice-de-masse-corporelle-imc\/"},"modified":"2025-01-25T14:29:55","modified_gmt":"2025-01-25T11:29:55","slug":"indice-de-masse-corporelle-imc","status":"publish","type":"page","link":"https:\/\/medclinics.com\/fr\/indice-de-masse-corporelle-imc\/","title":{"rendered":"Indice de masse corporelle (IMC)"},"content":{"rendered":"\n<h2 class=\"wp-block-heading\">Le calcul de votre IMC est la premi\u00e8re \u00e9tape pour atteindre votre poids id\u00e9al !<\/h2>\n\n<p>L&rsquo;<a href=\"https:\/\/en.wikipedia.org\/wiki\/Body_mass_index\" target=\"_blank\" rel=\"noreferrer noopener\">indice de masse corporelle (IMC)<\/a> est un outil pr\u00e9cieux pour \u00e9valuer votre poids par rapport \u00e0 votre taille. Il fournit des informations sur votre \u00e9tat de sant\u00e9 g\u00e9n\u00e9ral et peut vous guider vers un mode de vie \u00e9quilibr\u00e9 et \u00e9panouissant. Voyons ce qu&rsquo;est l&rsquo;IMC, comment il est calcul\u00e9 et comment vous pouvez l&rsquo;utiliser pour am\u00e9liorer votre sant\u00e9.<\/p>\n\n<ul class=\"wp-block-list\">\n<li>Elle se calcule en divisant votre poids en kilogrammes par le carr\u00e9 de votre taille en m\u00e8tres.<\/li>\n\n\n\n<li>Il propose une s\u00e9rie de cat\u00e9gories, dont le poids insuffisant, le poids normal, le surpoids et l&rsquo;ob\u00e9sit\u00e9, qui permettent de classer votre statut pond\u00e9ral.<\/li>\n<\/ul>\n\n<p>Voici comment calculer l&rsquo;IMC :<\/p>\n\n<ul class=\"wp-block-list\">\n<li><strong>Mesurez votre poids : <\/strong>Utilisez une balance pour mesurer votre poids avec pr\u00e9cision. Enregistrez le poids en kilogrammes (kg) pour le calcul.<\/li>\n\n\n\n<li><strong>Mesurez votre taille : <\/strong>Utilisez un m\u00e8tre ruban ou une toise pour mesurer votre taille en m\u00e8tres (m). Si votre taille est exprim\u00e9e en centim\u00e8tres (cm), divisez-la par 100 pour la convertir en m\u00e8tres.<\/li>\n\n\n\n<li><strong>\u00c9valuez votre taille au carr\u00e9 :<\/strong> Multipliez votre taille par elle-m\u00eame pour obtenir la valeur au carr\u00e9. Cette \u00e9tape est n\u00e9cessaire pour le calcul de l&rsquo;IMC.<\/li>\n\n\n\n<li><strong>Calculez votre IMC :<\/strong> Divisez votre poids en kilogrammes par le carr\u00e9 de votre taille en m\u00e8tres. La formule est la suivante IMC = poids (kg) \/ <sup>taille2<\/sup> (<sup>m2<\/sup>)<\/li>\n<\/ul>\n\n<figure class=\"wp-block-image size-full\"><img fetchpriority=\"high\" decoding=\"async\" width=\"960\" height=\"540\" src=\"https:\/\/medclinics.com\/wp-content\/uploads\/2023\/07\/body-mass-index-bmi-near-me.jpg\" alt=\"Indice de masse corporelle \/ Calcul de l'IMC &#xE0; Istanbul\" class=\"wp-image-97816\" srcset=\"https:\/\/medclinics.com\/wp-content\/uploads\/2023\/07\/body-mass-index-bmi-near-me.jpg 960w, https:\/\/medclinics.com\/wp-content\/uploads\/2023\/07\/body-mass-index-bmi-near-me-500x281.jpg 500w, https:\/\/medclinics.com\/wp-content\/uploads\/2023\/07\/body-mass-index-bmi-near-me-768x432.jpg 768w, https:\/\/medclinics.com\/wp-content\/uploads\/2023\/07\/body-mass-index-bmi-near-me-24x14.jpg 24w, https:\/\/medclinics.com\/wp-content\/uploads\/2023\/07\/body-mass-index-bmi-near-me-36x20.jpg 36w, https:\/\/medclinics.com\/wp-content\/uploads\/2023\/07\/body-mass-index-bmi-near-me-48x27.jpg 48w\" sizes=\"(max-width: 960px) 100vw, 960px\" \/><\/figure>\n\n<p>Exemple de calcul : Supposons que votre poids est de 80 kilogrammes (kg) et que votre taille est de 1,70 m\u00e8tre (m).<\/p>\n\n<p>Indice de masse corporelle (IMC) = 80 kg \/ (1,70 m x 1,70 m) = 80 kg \/ 2,89<sup>m2<\/sup> \u2248 27,68<\/p>\n\n<p><\/p>\n\n<ul class=\"wp-block-list\">\n<li>Insuffisance pond\u00e9rale : IMC inf\u00e9rieur \u00e0 18,5<\/li>\n\n\n\n<li>Poids normal : IMC compris entre 18,5 et 24,9<\/li>\n\n\n\n<li>Surcharge pond\u00e9rale : IMC compris entre 25 et 29,9<\/li>\n\n\n\n<li>Ob\u00e8se : IMC de 30 ou plus<\/li>\n<\/ul>\n\n<p><\/p>\n\n<h3 class=\"wp-block-heading\">All you need to know about <a href=\"https:\/\/medclinics.com\/fr\/obesity-treatment-2\/\" target=\"_blank\" rel=\"noreferrer noopener\">obesity trea<\/a><a href=\"https:\/\/medclinics.com\/fr\/obesity-treatment\/\" target=\"_blank\" rel=\"noreferrer noopener\">t<\/a><a href=\"https:\/\/medclinics.com\/fr\/obesity-treatment-2\/\" target=\"_blank\" rel=\"noreferrer noopener\">ment<\/a>, including price and more is here, <a href=\"#requestform\">contact us<\/a> now!<\/h3>\n\n<h2 class=\"wp-block-heading\">FAQ<\/h2>\n<div id=\"rank-math-faq\" class=\"rank-math-block\">\n<div class=\"rank-math-list \">\n<div id=\"faq-question-1684918733545\" class=\"rank-math-list-item\">\n<h3 class=\"rank-math-question \">Pourquoi l&rsquo;indice de masse corporelle est-il important ?<\/h3>\n<div class=\"rank-math-answer \">\n\n<p>L&rsquo;indice de masse corporelle (IMC) rev\u00eat une grande importance en tant qu&rsquo;indicateur de sant\u00e9 et outil de d\u00e9pistage. Il permet d&rsquo;\u00e9valuer le statut pond\u00e9ral et d&rsquo;identifier les risques potentiels pour la sant\u00e9 associ\u00e9s \u00e0 des pathologies telles que les maladies cardiaques, le diab\u00e8te et certains cancers. En fournissant une indication globale sur le fait qu&rsquo;un individu se situe dans une fourchette de poids saine ou qu&rsquo;il est en sous-poids, en surpoids ou ob\u00e8se, l&rsquo;IMC permet de fixer des objectifs en mati\u00e8re de gestion du poids. Il permet \u00e9galement de surveiller la sant\u00e9 publique, ce qui permet aux d\u00e9cideurs politiques d&rsquo;aborder les probl\u00e8mes li\u00e9s au poids au niveau de la population. En outre, l&rsquo;IMC est pr\u00e9cieux pour la recherche et l&rsquo;\u00e9pid\u00e9miologie, car il facilite l&rsquo;\u00e9tude des associations entre le poids, les effets sur la sant\u00e9 et divers facteurs. Bien que l&rsquo;IMC pr\u00e9sente des limites, notamment parce qu&rsquo;il ne tient pas compte des diff\u00e9rences de composition corporelle, la consultation de professionnels de la sant\u00e9 permet d&rsquo;obtenir des conseils personnalis\u00e9s et une \u00e9valuation compl\u00e8te.<\/p>\n\n<\/div>\n<\/div>\n<div id=\"faq-question-1684918735614\" class=\"rank-math-list-item\">\n<h3 class=\"rank-math-question \">L&rsquo;IMC est-il une mesure utile de la sant\u00e9 ?<\/h3>\n<div class=\"rank-math-answer \">\n\n<p>L&rsquo;utilit\u00e9 de l&rsquo;indice de masse corporelle (IMC) en tant que mesure de la sant\u00e9 fait l&rsquo;objet d&rsquo;un d\u00e9bat permanent et pr\u00e9sente certaines limites. Si l&rsquo;IMC constitue un moyen simple et rapide d&rsquo;\u00e9valuer le statut pond\u00e9ral et les risques potentiels pour la sant\u00e9 li\u00e9s aux probl\u00e8mes de poids, il ne prend pas en compte des facteurs tels que la masse musculaire, la composition corporelle ou la r\u00e9partition des graisses.<\/p>\n\n<\/div>\n<\/div>\n<div id=\"faq-question-1684918736566\" class=\"rank-math-list-item\">\n<h3 class=\"rank-math-question \">Comment l&rsquo;indice de masse corporelle est-il calcul\u00e9 ?<\/h3>\n<div class=\"rank-math-answer \">\n\n<p>L&rsquo;IMC est calcul\u00e9 en divisant le poids d&rsquo;une personne en kilogrammes par le carr\u00e9 de sa taille en m\u00e8tres.<\/p>\n\n<\/div>\n<\/div>\n<div id=\"faq-question-1684918737595\" class=\"rank-math-list-item\">\n<h3 class=\"rank-math-question \">L&rsquo;indice de masse corporelle est-il exact ?<\/h3>\n<div class=\"rank-math-answer \">\n\n<p>La pr\u00e9cision de l&rsquo;indice de masse corporelle (IMC) en tant que mesure de la sant\u00e9 est controvers\u00e9e. Bien que l&rsquo;IMC fournisse une \u00e9valuation globale de l&rsquo;\u00e9tat pond\u00e9ral, il pr\u00e9sente des limites et peut ne pas refl\u00e9ter avec pr\u00e9cision l&rsquo;\u00e9tat de sant\u00e9 g\u00e9n\u00e9ral d&rsquo;un individu. L&rsquo;IMC ne tient pas compte de facteurs tels que la masse musculaire, la composition corporelle ou la r\u00e9partition des graisses. Par cons\u00e9quent, les personnes ayant une masse musculaire plus importante ou une structure osseuse plus dense peuvent avoir un IMC plus \u00e9lev\u00e9 sans pour autant \u00eatre en surpoids ou pr\u00e9senter un risque de probl\u00e8mes de sant\u00e9 li\u00e9s au poids. De m\u00eame, les personnes dont l&rsquo;IMC est normal peuvent n\u00e9anmoins pr\u00e9senter un pourcentage plus \u00e9lev\u00e9 de graisse corporelle et les risques de sant\u00e9 qui y sont associ\u00e9s. Pour obtenir une \u00e9valuation plus pr\u00e9cise de la sant\u00e9, il est recommand\u00e9 d&rsquo;envisager des mesures suppl\u00e9mentaires telles que l&rsquo;analyse de la composition corporelle et la consultation de professionnels de la sant\u00e9 qui peuvent fournir des \u00e9valuations et des conseils personnalis\u00e9s.<\/p>\n\n<\/div>\n<\/div>\n<\/div>\n<\/div>\n<p><\/p>\n\n<h3 class=\"wp-block-heading\">Contactez-nous d\u00e8s maintenant si vous avez des questions !<\/h3>\n<\/p>\n","protected":false},"excerpt":{"rendered":"<p>Le calcul de votre IMC est la premi\u00e8re \u00e9tape pour atteindre votre poids id\u00e9al ! L&rsquo;indice de masse corporelle (IMC) [&hellip;]<\/p>\n","protected":false},"author":4,"featured_media":91533,"parent":0,"menu_order":0,"comment_status":"closed","ping_status":"closed","template":"","meta":{"site-sidebar-layout":"default","site-content-layout":"","ast-site-content-layout":"default","site-content-style":"default","site-sidebar-style":"default","ast-global-header-display":"","ast-banner-title-visibility":"","ast-main-header-display":"","ast-hfb-above-header-display":"","ast-hfb-below-header-display":"","ast-hfb-mobile-header-display":"","site-post-title":"","ast-breadcrumbs-content":"","ast-featured-img":"","footer-sml-layout":"","ast-disable-related-posts":"","theme-transparent-header-meta":"","adv-header-id-meta":"","stick-header-meta":"","header-above-stick-meta":"","header-main-stick-meta":"","header-below-stick-meta":"","astra-migrate-meta-layouts":"default","ast-page-background-enabled":"default","ast-page-background-meta":{"desktop":{"background-color":"var(--ast-global-color-4)","background-image":"","background-repeat":"repeat","background-position":"center center","background-size":"auto","background-attachment":"scroll","background-type":"","background-media":"","overlay-type":"","overlay-color":"","overlay-opacity":"","overlay-gradient":""},"tablet":{"background-color":"","background-image":"","background-repeat":"repeat","background-position":"center center","background-size":"auto","background-attachment":"scroll","background-type":"","background-media":"","overlay-type":"","overlay-color":"","overlay-opacity":"","overlay-gradient":""},"mobile":{"background-color":"","background-image":"","background-repeat":"repeat","background-position":"center center","background-size":"auto","background-attachment":"scroll","background-type":"","background-media":"","overlay-type":"","overlay-color":"","overlay-opacity":"","overlay-gradient":""}},"ast-content-background-meta":{"desktop":{"background-color":"var(--ast-global-color-5)","background-image":"","background-repeat":"repeat","background-position":"center center","background-size":"auto","background-attachment":"scroll","background-type":"","background-media":"","overlay-type":"","overlay-color":"","overlay-opacity":"","overlay-gradient":""},"tablet":{"background-color":"var(--ast-global-color-5)","background-image":"","background-repeat":"repeat","background-position":"center center","background-size":"auto","background-attachment":"scroll","background-type":"","background-media":"","overlay-type":"","overlay-color":"","overlay-opacity":"","overlay-gradient":""},"mobile":{"background-color":"var(--ast-global-color-5)","background-image":"","background-repeat":"repeat","background-position":"center center","background-size":"auto","background-attachment":"scroll","background-type":"","background-media":"","overlay-type":"","overlay-color":"","overlay-opacity":"","overlay-gradient":""}},"footnotes":""},"class_list":["post-146507","page","type-page","status-publish","has-post-thumbnail","hentry"],"_links":{"self":[{"href":"https:\/\/medclinics.com\/fr\/wp-json\/wp\/v2\/pages\/146507","targetHints":{"allow":["GET"]}}],"collection":[{"href":"https:\/\/medclinics.com\/fr\/wp-json\/wp\/v2\/pages"}],"about":[{"href":"https:\/\/medclinics.com\/fr\/wp-json\/wp\/v2\/types\/page"}],"author":[{"embeddable":true,"href":"https:\/\/medclinics.com\/fr\/wp-json\/wp\/v2\/users\/4"}],"replies":[{"embeddable":true,"href":"https:\/\/medclinics.com\/fr\/wp-json\/wp\/v2\/comments?post=146507"}],"version-history":[{"count":0,"href":"https:\/\/medclinics.com\/fr\/wp-json\/wp\/v2\/pages\/146507\/revisions"}],"wp:featuredmedia":[{"embeddable":true,"href":"https:\/\/medclinics.com\/fr\/wp-json\/wp\/v2\/media\/91533"}],"wp:attachment":[{"href":"https:\/\/medclinics.com\/fr\/wp-json\/wp\/v2\/media?parent=146507"}],"curies":[{"name":"wp","href":"https:\/\/api.w.org\/{rel}","templated":true}]}}